{"id":67980,"date":"2013-06-21T02:02:41","date_gmt":"2013-06-21T07:02:41","guid":{"rendered":"https:\/\/www.bjultrasonic.com\/shop\/80khz-60w-ultrasonic-transducer-80khz-60w-ultrasonic-pcb-generator\/"},"modified":"2026-03-28T20:33:36","modified_gmt":"2026-03-29T01:33:36","slug":"80khz-60w-ultrasonic-transducer-80khz-60w-ultrasonic-pcb-generator","status":"publish","type":"product","link":"https:\/\/www.bjultrasonic.com\/pl\/shop\/80khz-60w-ultrasonic-transducer-80khz-60w-ultrasonic-pcb-generator\/","title":{"rendered":"80kHz 60W Przetwornik Ultrad\u017awi\u0119kowy &#038; 80kHz 60W Sterownik Przetwornika Ultrad\u017awi\u0119kowego"},"content":{"rendered":"<p><strong>Uwaga: Podczas sk\u0142adania zam\u00f3wienia.<\/strong><\/p>\n<ol>\n<li>Prosz\u0119 zostawi\u0107 wiadomo\u015b\u0107 o dok\u0142adnym standardzie napi\u0119cia<\/li>\n<li>Prosz\u0119 poda\u0107 nam dok\u0142adny adres dostawy i numer telefonu kontaktowego<\/li>\n<li>Prosz\u0119 poinformowa\u0107 nas, czy chcecie Pa\u0144stwo, aby\u015bmy zadeklarowali celnikom nisk\u0105 warto\u015b\u0107.<\/li>\n<li>Prosz\u0119 zostawi\u0107 nam wa\u017cny adres e-mail. Prze\u015blemy Pa\u0144stwu numer \u015bledzenia e-mailem zaraz po wys\u0142aniu towaru.<\/li>\n<\/ol>\n<p><strong>Specyfikacja:<\/strong><\/p>\n<table class=\"table table-striped table-bordered\">\n<tbody>\n<tr>\n<td colspan=\"2\" width=\"568\">Jeden generator PCB ultrad\u017awi\u0119kowy 80kHz 60W nap\u0119dza jeden przetwornik ultrad\u017awi\u0119kowy 80kHz 60W<\/td>\n<\/tr>\n<tr>\n<td colspan=\"2\" width=\"568\"><strong>Przetwornik ultrad\u017awi\u0119kowy:<\/strong><\/td>\n<\/tr>\n<tr>\n<td width=\"163\">Cz\u0119stotliwo\u015b\u0107<\/td>\n<td width=\"405\">80kHz \u00b11 kHz<\/td>\n<\/tr>\n<tr>\n<td width=\"163\">Moc<\/td>\n<td width=\"405\">60W<\/td>\n<\/tr>\n<tr>\n<td width=\"163\">Pojemno\u015b\u0107<\/td>\n<td width=\"405\">5400 pF (PZT4)<\/td>\n<\/tr>\n<tr>\n<td width=\"163\">Powierzchnia promieniowania<\/td>\n<td width=\"405\">40 mm<\/td>\n<\/tr>\n<tr>\n<td width=\"163\">Rezystancja rezonansowa<\/td>\n<td width=\"405\">10-20 \u03a9<\/td>\n<\/tr>\n<tr>\n<td width=\"163\">Rozmiar ceramiki piezoelektrycznej<\/td>\n<td width=\"405\">38*15*5 mm<\/td>\n<\/tr>\n<tr>\n<td width=\"163\">D\u0142ugo\u015b\u0107<\/td>\n<td width=\"405\">60 mm<\/td>\n<\/tr>\n<tr>\n<td colspan=\"2\" width=\"568\"><strong>Generator PCB ultrad\u017awi\u0119kowy<\/strong><\/td>\n<\/tr>\n<tr>\n<td width=\"163\">Zasilanie<\/td>\n<td width=\"405\">Wej\u015bcie: 200V-240V \/ 100V-120V<\/td>\n<\/tr>\n<tr>\n<td width=\"163\">Cz\u0119stotliwo\u015b\u0107<\/td>\n<td width=\"405\">80kHz \u00b11 kHz<\/td>\n<\/tr>\n<tr>\n<td width=\"163\">Moc<\/td>\n<td width=\"405\">60W<\/td>\n<\/tr>\n<tr>\n<td width=\"163\">Pojemno\u015b\u0107<\/td>\n<td width=\"405\">5400 pF<\/td>\n<\/tr>\n<tr>\n<td width=\"163\">Wymiary<\/td>\n<td width=\"405\">18 cm * 13 cm * 6 cm (d\u0142ugo\u015b\u0107 * szeroko\u015b\u0107 * wysoko\u015b\u0107)<\/td>\n<\/tr>\n<tr>\n<td colspan=\"2\" width=\"568\">Ca\u0142kowita waga brutto: 4 kg<\/td>\n<\/tr>\n<\/tbody>\n<\/table>\n<p>Poni\u017csze zdj\u0119cia pokazuj\u0105, jak je po\u0142\u0105czy\u0107:<\/p>\n<p><a href=\"https:\/\/www.bjultrasonic.com\/wp-content\/uploads\/2013\/06\/80kHz-60W-Ultrasonic-Transducer-80kHz-60W-Ultrasonic-PCB-Generator-1.jpg\"><img loading=\"lazy\" decoding=\"async\" class=\"alignnone wp-image-5613\" src=\"\/\/www.bjultrasonic.com\/wp-content\/uploads\/2013\/06\/80kHz-60W-Ultrasonic-Transducer-80kHz-60W-Ultrasonic-PCB-Generator-1.jpg\" alt=\"Przetwornik ultrad\u017awi\u0119kowy 80kHz 60W &amp; Generator PCB ultrad\u017awi\u0119kowy 80kHz 60W (1)\" width=\"593\" height=\"299\" \/><\/a> <a href=\"https:\/\/www.bjultrasonic.com\/wp-content\/uploads\/2013\/06\/80kHz-60W-Ultrasonic-Transducer-80kHz-60W-Ultrasonic-PCB-Generator-2.jpg\"><img loading=\"lazy\" decoding=\"async\" class=\"alignnone wp-image-5614\" src=\"\/\/www.bjultrasonic.com\/wp-content\/uploads\/2013\/06\/80kHz-60W-Ultrasonic-Transducer-80kHz-60W-Ultrasonic-PCB-Generator-2.jpg\" alt=\"Przetwornik ultrad\u017awi\u0119kowy 80kHz 60W &amp; Generator PCB ultrad\u017awi\u0119kowy 80kHz 60W (2)\" width=\"592\" height=\"328\" \/><\/a> <a href=\"https:\/\/www.bjultrasonic.com\/wp-content\/uploads\/2013\/06\/80kHz-60W-Ultrasonic-Transducer-80kHz-60W-Ultrasonic-PCB-Generator-3.jpg\"><img loading=\"lazy\" decoding=\"async\" class=\"alignnone wp-image-5615\" src=\"\/\/www.bjultrasonic.com\/wp-content\/uploads\/2013\/06\/80kHz-60W-Ultrasonic-Transducer-80kHz-60W-Ultrasonic-PCB-Generator-3.jpg\" alt=\"Przetwornik ultrad\u017awi\u0119kowy 80kHz 60W &amp; Generator PCB ultrad\u017awi\u0119kowy 80kHz 60W (3)\" width=\"587\" height=\"325\" \/><\/a> <a href=\"https:\/\/www.bjultrasonic.com\/wp-content\/uploads\/2013\/06\/80kHz-60W-Ultrasonic-Transducer-80kHz-60W-Ultrasonic-PCB-Generator-4.jpg\"><img loading=\"lazy\" decoding=\"async\" class=\"alignnone wp-image-5616\" src=\"\/\/www.bjultrasonic.com\/wp-content\/uploads\/2013\/06\/80kHz-60W-Ultrasonic-Transducer-80kHz-60W-Ultrasonic-PCB-Generator-4.jpg\" alt=\"Przetwornik ultrad\u017awi\u0119kowy 80kHz 60W &amp; Generator PCB ultrad\u017awi\u0119kowy 80kHz 60W (4)\" width=\"585\" height=\"433\" \/><\/a> <a href=\"https:\/\/www.bjultrasonic.com\/wp-content\/uploads\/2013\/06\/80kHz-60W-Ultrasonic-Transducer-80kHz-60W-Ultrasonic-PCB-Generator-5.jpg\"><img loading=\"lazy\" decoding=\"async\" class=\"alignnone wp-image-5617\" src=\"\/\/www.bjultrasonic.com\/wp-content\/uploads\/2013\/06\/80kHz-60W-Ultrasonic-Transducer-80kHz-60W-Ultrasonic-PCB-Generator-5.jpg\" alt=\"Przetwornik ultrad\u017awi\u0119kowy 80kHz 60W &amp; Generator PCB ultrad\u017awi\u0119kowy 80kHz 60W (5)\" width=\"585\" height=\"534\" \/><\/a><\/p>\n","protected":false},"excerpt":{"rendered":"<p>Zestawy wysokiej jako\u015bci p\u0142yt nap\u0119dowych zasilaczy <a href=\"https:\/\/www.bjultrasonic.com\/pl\/category\/ultrasonic-generator-pl\/ultrasonic-generator-circuits-pl\/\">do czyszczenia ultrad\u017awi\u0119kowego<\/a> [100-120V\/200-240V] oraz <a href=\"https:\/\/www.bjultrasonic.com\/pl\/category\/ultrasonic-transducer-pl\/\">przetwornik\u00f3w ultrad\u017awi\u0119kowych do czyszczenia<\/a>.<\/p>\n","protected":false},"featured_media":42287,"comment_status":"open","ping_status":"closed","template":"","meta":[],"product_brand":[],"product_cat":[6126],"product_tag":[],"class_list":{"0":"post-67980","1":"product","2":"type-product","3":"status-publish","4":"has-post-thumbnail","6":"product_cat-100-120v-200-240v-ultrasonic-generator-transducer-pl","8":"first","9":"instock","10":"shipping-taxable","11":"purchasable","12":"product-type-simple","13":"prodpage-classic"},"aioseo_notices":[],"_links":{"self":[{"href":"https:\/\/www.bjultrasonic.com\/pl\/wp-json\/wp\/v2\/product\/67980","targetHints":{"allow":["GET"]}}],"collection":[{"href":"https:\/\/www.bjultrasonic.com\/pl\/wp-json\/wp\/v2\/product"}],"about":[{"href":"https:\/\/www.bjultrasonic.com\/pl\/wp-json\/wp\/v2\/types\/product"}],"replies":[{"embeddable":true,"href":"https:\/\/www.bjultrasonic.com\/pl\/wp-json\/wp\/v2\/comments?post=67980"}],"wp:featuredmedia":[{"embeddable":true,"href":"https:\/\/www.bjultrasonic.com\/pl\/wp-json\/wp\/v2\/media\/42287"}],"wp:attachment":[{"href":"https:\/\/www.bjultrasonic.com\/pl\/wp-json\/wp\/v2\/media?parent=67980"}],"wp:term":[{"taxonomy":"product_brand","embeddable":true,"href":"https:\/\/www.bjultrasonic.com\/pl\/wp-json\/wp\/v2\/product_brand?post=67980"},{"taxonomy":"product_cat","embeddable":true,"href":"https:\/\/www.bjultrasonic.com\/pl\/wp-json\/wp\/v2\/product_cat?post=67980"},{"taxonomy":"product_tag","embeddable":true,"href":"https:\/\/www.bjultrasonic.com\/pl\/wp-json\/wp\/v2\/product_tag?post=67980"}],"curies":[{"name":"wp","href":"https:\/\/api.w.org\/{rel}","templated":true}]}}