{"id":68040,"date":"2013-06-21T02:00:57","date_gmt":"2013-06-21T07:00:57","guid":{"rendered":"https:\/\/www.bjultrasonic.com\/shop\/30khz-100w-ultrasonic-transducer-30khz-100w-ultrasonic-pcb-generator\/"},"modified":"2026-03-28T20:33:09","modified_gmt":"2026-03-29T01:33:09","slug":"30khz-100w-ultrasonic-transducer-30khz-100w-ultrasonic-pcb-generator","status":"publish","type":"product","link":"https:\/\/www.bjultrasonic.com\/pl\/shop\/30khz-100w-ultrasonic-transducer-30khz-100w-ultrasonic-pcb-generator\/","title":{"rendered":"30kHz 100W Przetwornik Ultrad\u017awi\u0119kowy &#038; 30kHz 100W Sterownik Przetwornika Ultrad\u017awi\u0119kowego"},"content":{"rendered":"<p><strong>Uwaga: Przy sk\u0142adaniu zam\u00f3wienia.<\/strong><\/p>\n<ol>\n<li>Prosimy o podanie dok\u0142adnego standardu napi\u0119cia.<\/li>\n<li>Prosimy o podanie dok\u0142adnego adresu dostawy i numeru telefonu kontaktowego.<\/li>\n<li>Prosimy o poinformowanie, czy mamy zadeklarowa\u0107 nisk\u0105 warto\u015b\u0107 dla cel\u00f3w celnych.<\/li>\n<li>Prosimy o podanie wa\u017cnego adresu e-mail. Prze\u015blemy numer \u015bledzenia przesy\u0142ki e-mailem zaraz po wys\u0142aniu towaru.<\/li>\n<\/ol>\n<p><strong>Specyfikacja:<\/strong><\/p>\n<table class=\"table table-striped table-bordered\">\n<tbody>\n<tr>\n<td colspan=\"2\" width=\"568\">Jeden generator ultrad\u017awi\u0119kowy PCB 30kHz 100W zasila jeden przetwornik ultrad\u017awi\u0119kowy 30kHz 100W<\/td>\n<\/tr>\n<tr>\n<td colspan=\"2\" width=\"568\"><strong>Przetwornik ultrad\u017awi\u0119kowy:<\/strong><\/td>\n<\/tr>\n<tr>\n<td width=\"163\">Cz\u0119stotliwo\u015b\u0107<\/td>\n<td width=\"405\">30kHz \u00b11 kHz<\/td>\n<\/tr>\n<tr>\n<td width=\"163\">Moc<\/td>\n<td width=\"405\">100W<\/td>\n<\/tr>\n<tr>\n<td width=\"163\">Pojemno\u015b\u0107<\/td>\n<td width=\"405\">5200pF (PZT8)<\/td>\n<\/tr>\n<tr>\n<td width=\"163\">Powierzchnia promieniowania<\/td>\n<td width=\"405\">68mm<\/td>\n<\/tr>\n<tr>\n<td width=\"163\">Rezystancja rezonansowa<\/td>\n<td width=\"405\">10-20 \u03a9<\/td>\n<\/tr>\n<tr>\n<td width=\"163\">Rozmiar ceramiki piezoelektrycznej<\/td>\n<td width=\"405\">45*15*5 mm<\/td>\n<\/tr>\n<tr>\n<td width=\"163\">D\u0142ugo\u015b\u0107<\/td>\n<td width=\"405\">61mm<\/td>\n<\/tr>\n<tr>\n<td colspan=\"2\" width=\"568\"><strong>Generator ultrad\u017awi\u0119kowy PCB<\/strong><\/td>\n<\/tr>\n<tr>\n<td width=\"163\">Zasilanie<\/td>\n<td width=\"405\">Wej\u015bcie: 200V-240V \/ 100V-120V<\/td>\n<\/tr>\n<tr>\n<td width=\"163\">Cz\u0119stotliwo\u015b\u0107<\/td>\n<td width=\"405\">30kHz \u00b11 kHz<\/td>\n<\/tr>\n<tr>\n<td width=\"163\">Moc<\/td>\n<td width=\"405\">100W<\/td>\n<\/tr>\n<tr>\n<td width=\"163\">Pojemno\u015b\u0107<\/td>\n<td width=\"405\">5200pF<\/td>\n<\/tr>\n<tr>\n<td width=\"163\">Wymiary<\/td>\n<td width=\"405\">18cm*13cm*6cm (d\u0142ugo\u015b\u0107*szeroko\u015b\u0107*wysoko\u015b\u0107)<\/td>\n<\/tr>\n<tr>\n<td colspan=\"2\" width=\"568\">Ca\u0142kowita waga brutto: 4kg<\/td>\n<\/tr>\n<\/tbody>\n<\/table>\n<p>Poni\u017csze zdj\u0119cia pokazuj\u0105, jak je po\u0142\u0105czy\u0107:<\/p>\n<p><a href=\"https:\/\/www.bjultrasonic.com\/wp-content\/uploads\/2013\/06\/30kHz-100W-Ultrasonic-Transducer-30kHz-100W-Ultrasonic-PCB-Generator-4.jpg\"><img loading=\"lazy\" decoding=\"async\" class=\"alignnone  wp-image-5601\" src=\"\/\/www.bjultrasonic.com\/wp-content\/uploads\/2013\/06\/30kHz-100W-Ultrasonic-Transducer-30kHz-100W-Ultrasonic-PCB-Generator-4.jpg\" alt=\"Przetwornik ultrad\u017awi\u0119kowy 30kHz 100W &#038; Generator ultrad\u017awi\u0119kowy PCB 30kHz 100W (4)\" width=\"587\" height=\"325\" \/><\/a> <a href=\"https:\/\/www.bjultrasonic.com\/wp-content\/uploads\/2013\/06\/30kHz-100W-Ultrasonic-Transducer-30kHz-100W-Ultrasonic-PCB-Generator-3.jpg\"><img loading=\"lazy\" decoding=\"async\" class=\"alignnone  wp-image-5600\" src=\"\/\/www.bjultrasonic.com\/wp-content\/uploads\/2013\/06\/30kHz-100W-Ultrasonic-Transducer-30kHz-100W-Ultrasonic-PCB-Generator-3.jpg\" alt=\"Przetwornik ultrad\u017awi\u0119kowy 30kHz 100W &#038; Generator ultrad\u017awi\u0119kowy PCB 30kHz 100W (3)\" width=\"582\" height=\"455\" \/><\/a> <a href=\"https:\/\/www.bjultrasonic.com\/wp-content\/uploads\/2013\/06\/30kHz-100W-Ultrasonic-Transducer-30kHz-100W-Ultrasonic-PCB-Generator-2.jpg\"><img loading=\"lazy\" decoding=\"async\" class=\"alignnone  wp-image-5599\" src=\"\/\/www.bjultrasonic.com\/wp-content\/uploads\/2013\/06\/30kHz-100W-Ultrasonic-Transducer-30kHz-100W-Ultrasonic-PCB-Generator-2.jpg\" alt=\"Przetwornik ultrad\u017awi\u0119kowy 30kHz 100W &#038; Generator ultrad\u017awi\u0119kowy PCB 30kHz 100W (2)\" width=\"582\" height=\"322\" \/><\/a> <a href=\"https:\/\/www.bjultrasonic.com\/wp-content\/uploads\/2013\/06\/30kHz-100W-Ultrasonic-Transducer-30kHz-100W-Ultrasonic-PCB-Generator-1.jpg\"><img loading=\"lazy\" decoding=\"async\" class=\"alignnone  wp-image-5598\" src=\"\/\/www.bjultrasonic.com\/wp-content\/uploads\/2013\/06\/30kHz-100W-Ultrasonic-Transducer-30kHz-100W-Ultrasonic-PCB-Generator-1.jpg\" alt=\"Przetwornik ultrad\u017awi\u0119kowy 30kHz 100W &#038; Generator ultrad\u017awi\u0119kowy PCB 30kHz 100W (1)\" width=\"578\" height=\"449\" \/><\/a><\/p>\n","protected":false},"excerpt":{"rendered":"<p>Pakiety wysokiej jako\u015bci [100-120V\/200-240V] <a href=\"https:\/\/www.bjultrasonic.com\/pl\/category\/ultrasonic-generator-pl\/ultrasonic-generator-circuits-pl\/\">p\u0142yty sterownika mocy do czyszczenia ultrad\u017awi\u0119kowego<\/a> &amp; <a href=\"https:\/\/www.bjultrasonic.com\/pl\/category\/ultrasonic-transducer-pl\/\">przetworniki do czyszczenia ultrad\u017awi\u0119kowego<\/a>.<\/p>\n","protected":false},"featured_media":42289,"comment_status":"open","ping_status":"closed","template":"","meta":[],"product_brand":[],"product_cat":[6126],"product_tag":[],"class_list":{"0":"post-68040","1":"product","2":"type-product","3":"status-publish","4":"has-post-thumbnail","6":"product_cat-100-120v-200-240v-ultrasonic-generator-transducer-pl","8":"first","9":"instock","10":"shipping-taxable","11":"purchasable","12":"product-type-simple","13":"prodpage-classic"},"aioseo_notices":[],"_links":{"self":[{"href":"https:\/\/www.bjultrasonic.com\/pl\/wp-json\/wp\/v2\/product\/68040","targetHints":{"allow":["GET"]}}],"collection":[{"href":"https:\/\/www.bjultrasonic.com\/pl\/wp-json\/wp\/v2\/product"}],"about":[{"href":"https:\/\/www.bjultrasonic.com\/pl\/wp-json\/wp\/v2\/types\/product"}],"replies":[{"embeddable":true,"href":"https:\/\/www.bjultrasonic.com\/pl\/wp-json\/wp\/v2\/comments?post=68040"}],"wp:featuredmedia":[{"embeddable":true,"href":"https:\/\/www.bjultrasonic.com\/pl\/wp-json\/wp\/v2\/media\/42289"}],"wp:attachment":[{"href":"https:\/\/www.bjultrasonic.com\/pl\/wp-json\/wp\/v2\/media?parent=68040"}],"wp:term":[{"taxonomy":"product_brand","embeddable":true,"href":"https:\/\/www.bjultrasonic.com\/pl\/wp-json\/wp\/v2\/product_brand?post=68040"},{"taxonomy":"product_cat","embeddable":true,"href":"https:\/\/www.bjultrasonic.com\/pl\/wp-json\/wp\/v2\/product_cat?post=68040"},{"taxonomy":"product_tag","embeddable":true,"href":"https:\/\/www.bjultrasonic.com\/pl\/wp-json\/wp\/v2\/product_tag?post=68040"}],"curies":[{"name":"wp","href":"https:\/\/api.w.org\/{rel}","templated":true}]}}