{"id":68080,"date":"2013-05-20T09:52:01","date_gmt":"2013-05-20T14:52:01","guid":{"rendered":"https:\/\/www.bjultrasonic.com\/shop\/200-240v-28khz-60w-ultrasonic-transducer-28khz-60w-ultrasonic-generator\/"},"modified":"2026-03-28T20:32:42","modified_gmt":"2026-03-29T01:32:42","slug":"200-240v-28khz-60w-ultrasonic-transducer-28khz-60w-ultrasonic-generator","status":"publish","type":"product","link":"https:\/\/www.bjultrasonic.com\/pl\/shop\/200-240v-28khz-60w-ultrasonic-transducer-28khz-60w-ultrasonic-generator\/","title":{"rendered":"[200-240 V] 28 kHz 60 W Przetwornik ultrad\u017awi\u0119kowy i obw\u00f3d steruj\u0105cy przetwornika piezoelektrycznego 28 kHz 60 W"},"content":{"rendered":"<p><strong>Uwaga: Podczas sk\u0142adania zam\u00f3wienia.<\/strong><\/p>\n<ol>\n<li>Prosz\u0119 zostawi\u0107 wiadomo\u015b\u0107 dotycz\u0105c\u0105 dok\u0142adnego standardu napi\u0119cia<\/li>\n<li>Prosz\u0119 poda\u0107 nam dok\u0142adny adres dostawy i numer telefonu kontaktowego.<\/li>\n<li>Prosz\u0119 poinformowa\u0107 nas, czy chce Pan\/Pani, aby\u015bmy zadeklarowali celnikom nisk\u0105 warto\u015b\u0107.<\/li>\n<li>Prosz\u0119 zostawi\u0107 nam wa\u017cny adres e-mail. Prze\u015blemy Panu\/Pani numer przesy\u0142ki e-mailem, jak tylko wy\u015blemy towar.<\/li>\n<\/ol>\n<p><strong>Specyfikacja:<\/strong><\/p>\n<table class=\"table table-striped table-bordered\">\n<tbody>\n<tr>\n<td colspan=\"2\" width=\"568\">Jeden generator ultrad\u017awi\u0119kowy PCB 60W zasila jeden przetwornik ultrad\u017awi\u0119kowy 28kHz 60W<\/td>\n<\/tr>\n<tr>\n<td colspan=\"2\" width=\"568\">Przetwornik ultrad\u017awi\u0119kowy:<\/td>\n<\/tr>\n<tr>\n<td width=\"163\">Cz\u0119stotliwo\u015b\u0107<\/td>\n<td width=\"405\">28kHz \u00b11 kHz<\/td>\n<\/tr>\n<tr>\n<td width=\"163\">Moc<\/td>\n<td width=\"405\">60W<\/td>\n<\/tr>\n<tr>\n<td width=\"163\">Pojemno\u015b\u0107<\/td>\n<td width=\"405\">4100pF (PZT4)<\/td>\n<\/tr>\n<tr>\n<td width=\"163\">Powierzchnia promieniowania<\/td>\n<td width=\"405\">45mm<\/td>\n<\/tr>\n<tr>\n<td width=\"163\">Rezystancja rezonansowa<\/td>\n<td width=\"405\">10-20 \u03a9<\/td>\n<\/tr>\n<tr>\n<td width=\"163\">Rozmiar piezoceramiki<\/td>\n<td width=\"405\">35*15*5 mm<\/td>\n<\/tr>\n<tr>\n<td width=\"163\">D\u0142ugo\u015b\u0107<\/td>\n<td width=\"405\">82mm<\/td>\n<\/tr>\n<tr>\n<td colspan=\"2\" width=\"568\">Generator ultrad\u017awi\u0119kowy PCB:<\/td>\n<\/tr>\n<tr>\n<td width=\"163\">Zasilanie<\/td>\n<td width=\"405\">Wej\u015bcie: 200V-240V<\/td>\n<\/tr>\n<tr>\n<td width=\"163\">Cz\u0119stotliwo\u015b\u0107<\/td>\n<td width=\"405\">28kHz \u00b11 kHz<\/td>\n<\/tr>\n<tr>\n<td width=\"163\">Moc<\/td>\n<td width=\"405\">60W<\/td>\n<\/tr>\n<tr>\n<td width=\"163\">Pojemno\u015b\u0107<\/td>\n<td width=\"405\">4100pF (PZT4)<\/td>\n<\/tr>\n<tr>\n<td width=\"163\">Wymiary<\/td>\n<td width=\"405\">52cm*34.5cm*17cm (d\u0142.*szer.*wys.)<\/td>\n<\/tr>\n<tr>\n<td colspan=\"2\" width=\"568\">Ca\u0142kowita waga brutto: 1.5kg<\/td>\n<\/tr>\n<\/tbody>\n<\/table>\n<p><strong>Poni\u017csze zdj\u0119cia pokazuj\u0105, jak je po\u0142\u0105czy\u0107.<\/strong><\/p>\n<p><a href=\"https:\/\/www.bjultrasonic.com\/wp-content\/uploads\/2013\/05\/Connection-Method-200V-240V-Ultrasonic-Transducer-Ultrasonic-Generator-1.jpg\"><img loading=\"lazy\" decoding=\"async\" class=\"alignnone wp-image-5581\" src=\"\/\/www.bjultrasonic.com\/wp-content\/uploads\/2013\/05\/Connection-Method-200V-240V-Ultrasonic-Transducer-Ultrasonic-Generator-1.jpg\" alt=\"200V 240V Ultrasonic Transducer &amp; Ultrasonic Generator (1)\" width=\"588\" height=\"373\" \/><\/a><\/p>\n<p><a href=\"https:\/\/www.bjultrasonic.com\/wp-content\/uploads\/2013\/05\/Connection-Method-200V-240V-Ultrasonic-Transducer-Ultrasonic-Generator-2.jpg\"><img loading=\"lazy\" decoding=\"async\" class=\"alignnone wp-image-5582\" src=\"\/\/www.bjultrasonic.com\/wp-content\/uploads\/2013\/05\/Connection-Method-200V-240V-Ultrasonic-Transducer-Ultrasonic-Generator-2.jpg\" alt=\"200V 240V Ultrasonic Transducer &amp; Ultrasonic Generator (2)\" width=\"592\" height=\"344\" \/><\/a><\/p>\n<p><a href=\"https:\/\/www.bjultrasonic.com\/wp-content\/uploads\/2013\/05\/Connection-Method-200V-240V-Ultrasonic-Transducer-Ultrasonic-Generator-3.jpg\"><img loading=\"lazy\" decoding=\"async\" class=\"alignnone wp-image-5583\" src=\"\/\/www.bjultrasonic.com\/wp-content\/uploads\/2013\/05\/Connection-Method-200V-240V-Ultrasonic-Transducer-Ultrasonic-Generator-3.jpg\" alt=\"200V 240V Ultrasonic Transducer &amp; Ultrasonic Generator (3)\" width=\"591\" height=\"388\" \/><\/a><\/p>\n","protected":false},"excerpt":{"rendered":"<p>Pakiety wysokiej jako\u015bci p\u0142yty sterownika mocy <a href=\"https:\/\/www.bjultrasonic.com\/pl\/category\/ultrasonic-generator-pl\/ultrasonic-generator-circuits-pl\/\">czyszczarki ultrad\u017awi\u0119kowej<\/a> 200-240V oraz <a href=\"https:\/\/www.bjultrasonic.com\/pl\/category\/ultrasonic-transducer-pl\/\">przetwornik\u00f3w ultrad\u017awi\u0119kowych do czyszczenia<\/a>.<\/p>\n","protected":false},"featured_media":5583,"comment_status":"open","ping_status":"closed","template":"","meta":[],"product_brand":[],"product_cat":[6171],"product_tag":[],"class_list":{"0":"post-68080","1":"product","2":"type-product","3":"status-publish","4":"has-post-thumbnail","6":"product_cat-200-240v-ultrasonic-generator-transducer-pl","8":"first","9":"instock","10":"shipping-taxable","11":"purchasable","12":"product-type-simple","13":"prodpage-classic"},"aioseo_notices":[],"_links":{"self":[{"href":"https:\/\/www.bjultrasonic.com\/pl\/wp-json\/wp\/v2\/product\/68080","targetHints":{"allow":["GET"]}}],"collection":[{"href":"https:\/\/www.bjultrasonic.com\/pl\/wp-json\/wp\/v2\/product"}],"about":[{"href":"https:\/\/www.bjultrasonic.com\/pl\/wp-json\/wp\/v2\/types\/product"}],"replies":[{"embeddable":true,"href":"https:\/\/www.bjultrasonic.com\/pl\/wp-json\/wp\/v2\/comments?post=68080"}],"wp:featuredmedia":[{"embeddable":true,"href":"https:\/\/www.bjultrasonic.com\/pl\/wp-json\/wp\/v2\/media\/5583"}],"wp:attachment":[{"href":"https:\/\/www.bjultrasonic.com\/pl\/wp-json\/wp\/v2\/media?parent=68080"}],"wp:term":[{"taxonomy":"product_brand","embeddable":true,"href":"https:\/\/www.bjultrasonic.com\/pl\/wp-json\/wp\/v2\/product_brand?post=68080"},{"taxonomy":"product_cat","embeddable":true,"href":"https:\/\/www.bjultrasonic.com\/pl\/wp-json\/wp\/v2\/product_cat?post=68080"},{"taxonomy":"product_tag","embeddable":true,"href":"https:\/\/www.bjultrasonic.com\/pl\/wp-json\/wp\/v2\/product_tag?post=68080"}],"curies":[{"name":"wp","href":"https:\/\/api.w.org\/{rel}","templated":true}]}}