{"id":68340,"date":"2013-05-14T17:09:47","date_gmt":"2013-05-14T22:09:47","guid":{"rendered":"https:\/\/www.bjultrasonic.com\/shop\/ultrasonic-horn\/"},"modified":"2026-03-28T20:30:23","modified_gmt":"2026-03-29T01:30:23","slug":"ultrasonic-horn","status":"publish","type":"product","link":"https:\/\/www.bjultrasonic.com\/pl\/shop\/ultrasonic-horn\/","title":{"rendered":"Czo\u0142o spawarki ultrad\u017awi\u0119kowej"},"content":{"rendered":"<p>Prz\u0119s\u0142o ultrad\u017awi\u0119kowe \/ Sonotroda ultrad\u017awi\u0119kowa \/ Forma spawania ultrad\u017awi\u0119kowego jest szeroko stosowana w <a href=\"https:\/\/www.bjultrasonic.com\/pl\/shop\/ultrasonic-welding-machine\/\">spawarce ultrad\u017awi\u0119kowej<\/a>. Jest to kluczowy element do spawania r\u00f3\u017cnych produkt\u00f3w z tworzyw sztucznych, metali lub tkanin. Jednocze\u015bnie, spawarka ultrad\u017awi\u0119kowa to urz\u0105dzenie zaprojektowane do spawania r\u00f3\u017cnych tworzyw sztucznych (ABS, PVC, PP, PE, PC, PS, HDPE, LDPE, PET, PMMA, acetal itp.) i tkanin (poliester, w\u0142\u00f3knina, nylon itp.). Mo\u017cemy produkowa\u0107 g\u0142owice i ko\u0144c\u00f3wki spawalnicze ze stali i tytanu o dowolnej cz\u0119stotliwo\u015bci, kt\u00f3re mog\u0105 by\u0107 dopasowane do produkt\u00f3w innych firm. Mo\u017cemy dostarczy\u0107 formy wykonane na zam\u00f3wienie zgodnie z Pa\u0144stwa wymaganiami.<\/p>\n<p><img loading=\"lazy\" decoding=\"async\" class=\"alignnone size-full wp-image-24647\" src=\"https:\/\/www.bjultrasonic.com\/wp-content\/uploads\/2013\/05\/Ultrasonic-Welding-Horn-4.jpg\" alt=\"Prz\u0119s\u0142o ultrad\u017awi\u0119kowe (4)\" width=\"559\" height=\"578\" \/><\/p>\n<h3>Nasze zalety<\/h3>\n<ul>\n<li>R\u00f3\u017cne specyfikacje dla r\u00f3\u017cnych typ\u00f3w urz\u0105dze\u0144 do spawania ultrad\u017awi\u0119kowego.<\/li>\n<li>Wi\u0119ksza precyzja spawania<\/li>\n<li>Lepsze do\u015bwiadczenia u\u017cytkownika<\/li>\n<li>Stabilna wydajno\u015b\u0107<\/li>\n<li>Wi\u0119ksza zdolno\u015b\u0107 produkcyjna<\/li>\n<li>Wydajne i stabilne, d\u0142ugi okres gwarancji i szybka dostawa<\/li>\n<\/ul>\n<p>&nbsp;<\/p>\n<p><iframe loading=\"lazy\" title=\"Ultrasonic Welding Machine for Face Mask Manufacturing\" width=\"500\" height=\"375\" src=\"https:\/\/www.youtube.com\/embed\/6luA2gpAZdU?feature=oembed\" frameborder=\"0\" allow=\"accelerometer; autoplay; clipboard-write; encrypted-media; gyroscope; picture-in-picture; web-share\" referrerpolicy=\"strict-origin-when-cross-origin\" allowfullscreen><\/iframe><\/p>\n<p><iframe loading=\"lazy\" title=\"Ultrasonic Plastic Welder | Ultrasonic Plastic Welding\" width=\"500\" height=\"281\" src=\"https:\/\/www.youtube.com\/embed\/3H2GRdGeOGM?feature=oembed\" frameborder=\"0\" allow=\"accelerometer; autoplay; clipboard-write; encrypted-media; gyroscope; picture-in-picture; web-share\" referrerpolicy=\"strict-origin-when-cross-origin\" allowfullscreen><\/iframe><\/p>\n<h3>Zasady obr\u00f3bki ultrad\u017awi\u0119kowej<\/h3>\n<p>Obr\u00f3bka ultrad\u017awi\u0119kowa to technika obr\u00f3bki wykorzystuj\u0105ca zawiesin\u0119 \u015bciern\u0105 dostarczan\u0105 do przestrzeni mi\u0119dzy obrabianym przedmiotem a narz\u0119dziem wibruj\u0105cym z cz\u0119stotliwo\u015bci\u0105 ultrad\u017awi\u0119kow\u0105. Sprz\u0119t do obr\u00f3bki ultrad\u017awi\u0119kowej sk\u0142ada si\u0119 z <a href=\"https:\/\/www.bjultrasonic.com\/pl\/shop\/ultrasonic-welding-generator\/\" target=\"_blank\" rel=\"noopener noreferrer\">generatora spawania ultrad\u017awi\u0119kowego<\/a>, <a href=\"https:\/\/www.bjultrasonic.com\/pl\/category\/ultrasonic-transducer-pl\/\" target=\"_blank\" rel=\"noopener noreferrer\">przetwornik\u00f3w ultrad\u017awi\u0119kowych<\/a> i <strong>prz\u0119s\u0142a ultrad\u017awi\u0119kowego<\/strong>.<\/p>\n<p><img loading=\"lazy\" decoding=\"async\" class=\"size-full wp-image-1577 alignnone\" title=\"Zasady obr\u00f3bki ultrad\u017awi\u0119kowej\" src=\"\/\/www.bjultrasonic.com\/wp-content\/uploads\/2013\/05\/Principles-of-Ultrasonic-Machining.jpg\" alt=\"Zasady obr\u00f3bki ultrad\u017awi\u0119kowej\" width=\"650\" height=\"371\" \/><\/p>\n<h3>P\u0142atno\u015bci<\/h3>\n<p>Przyjmujemy obecnie Paypal, przelew bankowy (T\/T) i Western Union.<\/p>\n<h3 class=\"shipping-methods\">Wysy\u0142ka<\/h3>\n<p>Towar zostanie wys\u0142any w ci\u0105gu 48 godzin od otrzymania pe\u0142nej p\u0142atno\u015bci.<\/p>\n<ul>\n<li>Wysy\u0142amy towar na adres podany w p\u0142atno\u015bci PayPal. Prosimy o upewnienie si\u0119, \u017ce adres w PayPal jest poprawny.<\/li>\n<li>Podamy numer \u015bledzenia przesy\u0142ki po jej wys\u0142aniu; og\u00f3lnie rzecz bior\u0105c, otrzymaj\u0105 Pa\u0144stwo towar w ci\u0105gu pi\u0119ciu dni.<\/li>\n<li>W przypadku jakichkolwiek pyta\u0144 prosimy o kontakt mailowy (nasz adres e-mail to <a href=\"mailto:support@bjultrasonic.com\">support@bjultrasonic.com<\/a>)<\/li>\n<\/ul>\n<h3 align=\"left\">Gwarancja na produkt<\/h3>\n<p>Okres gwarancji na produkt wynosi jeden rok. W okresie gwarancyjnym zakupione produkty mog\u0105 korzysta\u0107 z bezp\u0142atnej naprawy lub wymiany.<\/p>\n","protected":false},"excerpt":{"rendered":"<p>R\u00f3g ultrad\u017awi\u0119kowy (znany r\u00f3wnie\u017c jako r\u00f3g akustyczny, sonotroda, falow\u00f3d akustyczny, sonda ultrad\u017awi\u0119kowa) to zw\u0119\u017caj\u0105ca si\u0119 metalowa sztaba, kt\u00f3ra zazwyczaj s\u0142u\u017cy do <strong>zwi\u0119kszania amplitudy drga\u0144<\/strong> w <strong>spawaniu ultrad\u017awi\u0119kowym<\/strong> i <strong>obr\u00f3bce ultrad\u017awi\u0119kowej<\/strong>.<\/p>\n<p>Mo\u017cemy dostosowa\u0107 r\u00f3\u017cne rozmiary i cz\u0119stotliwo\u015bci rog\u00f3w ultrad\u017awi\u0119kowych zgodnie z wymaganiami.<\/p>\n","protected":false},"featured_media":42269,"comment_status":"open","ping_status":"closed","template":"","meta":[],"product_brand":[],"product_cat":[5629],"product_tag":[],"class_list":{"0":"post-68340","1":"product","2":"type-product","3":"status-publish","4":"has-post-thumbnail","6":"product_cat-ultrasonic-welding-equipment-pl","8":"first","9":"instock","10":"shipping-taxable","11":"product-type-external","12":"prodpage-classic"},"aioseo_notices":[],"_links":{"self":[{"href":"https:\/\/www.bjultrasonic.com\/pl\/wp-json\/wp\/v2\/product\/68340","targetHints":{"allow":["GET"]}}],"collection":[{"href":"https:\/\/www.bjultrasonic.com\/pl\/wp-json\/wp\/v2\/product"}],"about":[{"href":"https:\/\/www.bjultrasonic.com\/pl\/wp-json\/wp\/v2\/types\/product"}],"replies":[{"embeddable":true,"href":"https:\/\/www.bjultrasonic.com\/pl\/wp-json\/wp\/v2\/comments?post=68340"}],"wp:featuredmedia":[{"embeddable":true,"href":"https:\/\/www.bjultrasonic.com\/pl\/wp-json\/wp\/v2\/media\/42269"}],"wp:attachment":[{"href":"https:\/\/www.bjultrasonic.com\/pl\/wp-json\/wp\/v2\/media?parent=68340"}],"wp:term":[{"taxonomy":"product_brand","embeddable":true,"href":"https:\/\/www.bjultrasonic.com\/pl\/wp-json\/wp\/v2\/product_brand?post=68340"},{"taxonomy":"product_cat","embeddable":true,"href":"https:\/\/www.bjultrasonic.com\/pl\/wp-json\/wp\/v2\/product_cat?post=68340"},{"taxonomy":"product_tag","embeddable":true,"href":"https:\/\/www.bjultrasonic.com\/pl\/wp-json\/wp\/v2\/product_tag?post=68340"}],"curies":[{"name":"wp","href":"https:\/\/api.w.org\/{rel}","templated":true}]}}