{"id":68360,"date":"2013-05-14T02:32:29","date_gmt":"2013-05-14T07:32:29","guid":{"rendered":"https:\/\/www.bjultrasonic.com\/shop\/ultrasonic-welding-generator\/"},"modified":"2026-03-28T20:30:22","modified_gmt":"2026-03-29T01:30:22","slug":"ultrasonic-welding-generator","status":"publish","type":"product","link":"https:\/\/www.bjultrasonic.com\/pl\/shop\/ultrasonic-welding-generator\/","title":{"rendered":"Generator do spawania ultrad\u017awi\u0119kowego"},"content":{"rendered":"<p><iframe loading=\"lazy\" title=\"Ultrasonic Welding Generator\" width=\"500\" height=\"281\" src=\"https:\/\/www.youtube.com\/embed\/AieAouAI6i4?feature=oembed\" frameborder=\"0\" allow=\"accelerometer; autoplay; clipboard-write; encrypted-media; gyroscope; picture-in-picture; web-share\" referrerpolicy=\"strict-origin-when-cross-origin\" allowfullscreen><\/iframe><\/p>\n<p><iframe loading=\"lazy\" title=\"Ultrasonic Welding Machine for Face Mask Manufacturing\" width=\"500\" height=\"375\" src=\"https:\/\/www.youtube.com\/embed\/6luA2gpAZdU?feature=oembed\" frameborder=\"0\" allow=\"accelerometer; autoplay; clipboard-write; encrypted-media; gyroscope; picture-in-picture; web-share\" referrerpolicy=\"strict-origin-when-cross-origin\" allowfullscreen><\/iframe><\/p>\n<p><strong>Generator Ultrad\u017awi\u0119kowy do Spawania<\/strong> jest stosowany w r\u00f3\u017cnorodnych produktach wysokiej jako\u015bci, na przyk\u0142ad w <strong>maszynach do spawania termoplastycznego, spawaniu punktowym, maszynach do mozaikowania cz\u0119\u015bci metalowych i plastikowych, maszynach ultrad\u017awi\u0119kowych, szlifierkach ultrad\u017awi\u0119kowych i procesorach plastiku ultrad\u017awi\u0119kowego.<\/strong><\/p>\n<h3>Specyfikacja Generatora Ultrad\u017awi\u0119kowego do Spawania<\/h3>\n<table class=\"table table-striped table-bordered\">\n<tbody>\n<tr>\n<td valign=\"top\" width=\"194\">Standardowa Moc Wyj\u015bciowa<\/td>\n<td valign=\"top\" width=\"420\">500W, 1000W, 1400W, 1800W, 2200W, 2600W<\/td>\n<\/tr>\n<tr>\n<td valign=\"top\" width=\"194\">Napi\u0119cie Wej\u015bciowe<\/td>\n<td valign=\"top\" width=\"420\">220V ~ 230Vac \u00b110% \/ 110V ~ 130Vac \u00b110%<\/td>\n<\/tr>\n<tr>\n<td valign=\"top\" width=\"194\">Cz\u0119stotliwo\u015b\u0107 Robocza<\/td>\n<td valign=\"top\" width=\"420\">15KHz, 20KHz, 30KHZ, 35KHZ, 38KHZ<\/td>\n<\/tr>\n<tr>\n<td valign=\"top\" width=\"194\">Wska\u017aniki<\/td>\n<td valign=\"top\" width=\"420\">\n<ul>\n<li>Wska\u017anik utraty amplitudy mocy. Wska\u017anik przeci\u0105\u017cenia amplitudy.<\/li>\n<li>Wska\u017anik W\u0141\u0104CZ\/WY\u0141\u0104CZ zasilania.<\/li>\n<\/ul>\n<\/td>\n<\/tr>\n<tr>\n<td valign=\"top\" width=\"194\">Zabezpieczenie przed Przeci\u0105\u017ceniem<\/td>\n<td valign=\"top\" width=\"420\">\n<ul>\n<li>Przeci\u0105\u017cenie termiczne<\/li>\n<li>Przeci\u0105\u017cenie pr\u0105dowe<\/li>\n<li>Przeci\u0105\u017cenie napi\u0119ciowe<\/li>\n<\/ul>\n<\/td>\n<\/tr>\n<tr>\n<td valign=\"top\" width=\"194\">Ustawienia Sterowania<\/td>\n<td valign=\"top\" width=\"420\">\n<ul>\n<li>Cyfrowy timer do kontroli czasu spawania. Cyfrowy timer do kontroli czasu docisku.<\/li>\n<li>Cyfrowy timer do kontroli czasu op\u00f3\u017anienia. Przycisk sprawdzania cz\u0119stotliwo\u015bci.<\/li>\n<li>Pokr\u0119t\u0142o regulacji strojenia cz\u0119stotliwo\u015bci.<\/li>\n<\/ul>\n<\/td>\n<\/tr>\n<tr>\n<td valign=\"top\" width=\"194\">Temperatura Robocza<\/td>\n<td valign=\"top\" width=\"420\">0 ~ 50\u2103<\/td>\n<\/tr>\n<tr>\n<td valign=\"top\" width=\"194\">Wilgotno\u015b\u0107 Robocza<\/td>\n<td valign=\"top\" width=\"420\">0 ~ 80%<\/td>\n<\/tr>\n<tr>\n<td valign=\"top\" width=\"194\">Waga<\/td>\n<td valign=\"top\" width=\"420\">32kg<\/td>\n<\/tr>\n<\/tbody>\n<\/table>\n<p><img loading=\"lazy\" decoding=\"async\" class=\"alignnone size-full wp-image-5271\" src=\"\/\/www.bjultrasonic.com\/wp-content\/uploads\/2013\/05\/Ultrasonic-Welding-Generator1.jpg\" alt=\"Generator Ultrad\u017awi\u0119kowy do Spawania\" width=\"558\" height=\"334\" \/><\/p>\n<p>Jedn\u0105 ze znanych technik na poziomie przemys\u0142owym jest spawanie ultrad\u017awi\u0119kowe, w kt\u00f3rym wysokocz\u0119stotliwo\u015bciowe wibracje s\u0105 przyk\u0142adane, pod wysokim ci\u015bnieniem, do kawa\u0142k\u00f3w materia\u0142u, kt\u00f3re maj\u0105 si\u0119 po\u0142\u0105czy\u0107 razem lub \u015bci\u015ble. W ten spos\u00f3b powstaje nowa spoina. Ta metoda jest stosowana dla tworzyw sztucznych i materia\u0142\u00f3w o r\u00f3\u017cnej naturze. W tej nowoczesnej technice nie potrzeba nakr\u0119tek, \u015brub ani materia\u0142\u00f3w lutowniczych do \u0142\u0105czenia element\u00f3w.<\/p>\n<p><iframe loading=\"lazy\" title=\"Ultrasonic Metal Welding - Beijing Ultrasonic\" width=\"500\" height=\"281\" src=\"https:\/\/www.youtube.com\/embed\/vjeLMI_nqdA?feature=oembed\" frameborder=\"0\" allow=\"accelerometer; autoplay; clipboard-write; encrypted-media; gyroscope; picture-in-picture; web-share\" referrerpolicy=\"strict-origin-when-cross-origin\" allowfullscreen><\/iframe><\/p>\n<p>Umiej\u0119tno\u015b\u0107 spawania ultrad\u017awi\u0119kowego jest szeroko stosowana w r\u00f3\u017cnych dziedzinach. Jednym z g\u0142\u00f3wnych zastosowa\u0144 jest spawanie termoplast\u00f3w w przemy\u015ble spo\u017cywczym, tekstylnym, chemicznym, naftowym i wodnym. Ma r\u00f3wnie\u017c szerokie zastosowanie w odpadach materia\u0142owych oraz w spawaniu i wierceniu metali. Urz\u0105dzenia mocy ultrad\u017awi\u0119kowej s\u0105 r\u00f3wnie\u017c u\u017cywane w falownikach. Obecnie ulepszono projekty obwod\u00f3w, opracowano nowe topologie, a urz\u0105dzenia mocy ultrad\u017awi\u0119kowej sta\u0142y si\u0119 bardziej niezawodne. Dostosowalno\u015b\u0107 do obci\u0105\u017cenia zosta\u0142a poprawiona, a sp\u00f3jno\u015b\u0107 produktu r\u00f3wnie\u017c jest lepsza. Wydajno\u015b\u0107 energetyczna jest r\u00f3wnie\u017c niezapomnianym osi\u0105gni\u0119ciem, wraz z redukcj\u0105 obj\u0119to\u015bci urz\u0105dze\u0144. Osi\u0105gni\u0119to r\u00f3wnie\u017c automatyczne skanowanie, wykrywanie i \u015bledzenie cz\u0119stotliwo\u015bci. Ochrona i wykrywanie usterek r\u00f3wnie\u017c zosta\u0142y zautomatyzowane. Mo\u017cliwe sta\u0142o si\u0119 r\u00f3wnie\u017c regulowanie mocy i impedancji. Rozwini\u0119to r\u00f3wnie\u017c dialog cz\u0142owiek-maszyna, aktualizacje oprogramowania i inne funkcje.<\/p>\n<h3>Zasady Spawania Ultrad\u017awi\u0119kowego<\/h3>\n<p><img loading=\"lazy\" decoding=\"async\" class=\"size-full wp-image-1578 alignnone\" title=\"Zasady Spawania Ultrad\u017awi\u0119kowego\" src=\"\/\/www.bjultrasonic.com\/wp-content\/uploads\/2012\/08\/Principles-of-Ultrasonic-Welding.jpg\" alt=\"Zasady Spawania Ultrad\u017awi\u0119kowego\" width=\"573\" height=\"266\" \/><\/p>\n<p><strong>Wyposa\u017cenie do spawania ultrad\u017awi\u0119kowego<\/strong> sk\u0142ada si\u0119 z prasy, <strong>Generatora Ultrad\u017awi\u0119kowego do Spawania<\/strong>, <a href=\"https:\/\/www.bjultrasonic.com\/pl\/shop\/ultrasonic-welding-transducer\/\" target=\"_blank\" rel=\"noopener\">Przetwornika Ultrad\u017awi\u0119kowego do Spawania<\/a>, <a href=\"https:\/\/www.bjultrasonic.com\/pl\/shop\/ultrasonic-horn\/\" target=\"_blank\" rel=\"noopener\">Rogu Ultrad\u017awi\u0119kowego<\/a> oraz oprzyrz\u0105dowania wsporczego komponent\u00f3w i wzmacniacza.<\/p>\n<h3>Cechy Generatora Ultrad\u017awi\u0119kowego do Spawania:<\/h3>\n<ul>\n<li>Automatyczne \u015bledzenie cz\u0119stotliwo\u015bci (dost\u0119pna r\u00f3wnie\u017c regulacja r\u0119czna)<\/li>\n<li>Podw\u00f3jna funkcja ochrony przed nadmiernym obci\u0105\u017ceniem, z zabezpieczeniem przetwornika.<\/li>\n<li>Moc wyj\u015bciowa jest regulowana zgodnie z obci\u0105\u017ceniem<\/li>\n<li>Mo\u017cliwo\u015b\u0107 zastosowania przetwornik\u00f3w o r\u00f3\u017cnych parametrach<\/li>\n<li>Podw\u00f3jne smarowanie i organizacja pionowa<\/li>\n<\/ul>\n<h3>P\u0142atno\u015b\u0107<\/h3>\n<p>Przyjmujemy p\u0142atno\u015bci Paypal, przelew bankowy (T\/T) oraz Western Union.<\/p>\n<h3 class=\"shipping-methods\">Wysy\u0142ka<\/h3>\n<p>Towar zostanie wys\u0142any w ci\u0105gu 48 godzin od otrzymania pe\u0142nej zap\u0142aty.<\/p>\n<ul>\n<li>Wysy\u0142amy towar na adres podany w p\u0142atno\u015bci PayPal. Prosimy upewni\u0107 si\u0119, \u017ce adres w PayPal jest poprawny.<\/li>\n<li>Prze\u015blemy numer przesy\u0142ki po wys\u0142aniu towaru; zazwyczaj otrzymasz towar w ci\u0105gu pi\u0119ciu dni.<\/li>\n<li>Je\u015bli masz jakiekolwiek pytania, skontaktuj si\u0119 z nami drog\u0105 mailow\u0105 (nasz adres e-mail to <a href=\"mailto:support@bjultrasonic.com\">support@bjultrasonic.com<\/a>)<\/li>\n<\/ul>\n<h3 align=\"left\">Gwarancja na Produkt<\/h3>\n<p>Okres gwarancyjny produktu wynosi jeden rok. W okresie gwarancji zakupione produkty mog\u0105 korzysta\u0107 z bezp\u0142atnej naprawy lub wymiany.<\/p>\n","protected":false},"excerpt":{"rendered":"<p>Generator Ultrad\u017awi\u0119kowy do Spawania jest stosowany w r\u00f3\u017cnorodnych produktach wysokiej jako\u015bci, na przyk\u0142ad w maszynach do spawania termoplastycznego, spawaniu punktowym, maszynach do mozaikowania cz\u0119\u015bci metalowych i plastikowych, maszynach ultrad\u017awi\u0119kowych, szlifierkach ultrad\u017awi\u0119kowych i procesorach plastiku ultrad\u017awi\u0119kowego. Specyfikacja Generatora Ultrad\u017awi\u0119kowego do Spawania Standardowa Moc Wyj\u015bciowa 500W, 1000W, 1400W, 1800W, 2200W, 2600W Napi\u0119cie Wej\u015bciowe 220V ~ 230Vac \u00b110%<\/p>\n","protected":false},"featured_media":42271,"comment_status":"open","ping_status":"closed","template":"","meta":[],"product_brand":[],"product_cat":[5629],"product_tag":[],"class_list":{"0":"post-68360","1":"product","2":"type-product","3":"status-publish","4":"has-post-thumbnail","6":"product_cat-ultrasonic-welding-equipment-pl","8":"first","9":"instock","10":"shipping-taxable","11":"product-type-external","12":"prodpage-classic"},"aioseo_notices":[],"_links":{"self":[{"href":"https:\/\/www.bjultrasonic.com\/pl\/wp-json\/wp\/v2\/product\/68360","targetHints":{"allow":["GET"]}}],"collection":[{"href":"https:\/\/www.bjultrasonic.com\/pl\/wp-json\/wp\/v2\/product"}],"about":[{"href":"https:\/\/www.bjultrasonic.com\/pl\/wp-json\/wp\/v2\/types\/product"}],"replies":[{"embeddable":true,"href":"https:\/\/www.bjultrasonic.com\/pl\/wp-json\/wp\/v2\/comments?post=68360"}],"wp:featuredmedia":[{"embeddable":true,"href":"https:\/\/www.bjultrasonic.com\/pl\/wp-json\/wp\/v2\/media\/42271"}],"wp:attachment":[{"href":"https:\/\/www.bjultrasonic.com\/pl\/wp-json\/wp\/v2\/media?parent=68360"}],"wp:term":[{"taxonomy":"product_brand","embeddable":true,"href":"https:\/\/www.bjultrasonic.com\/pl\/wp-json\/wp\/v2\/product_brand?post=68360"},{"taxonomy":"product_cat","embeddable":true,"href":"https:\/\/www.bjultrasonic.com\/pl\/wp-json\/wp\/v2\/product_cat?post=68360"},{"taxonomy":"product_tag","embeddable":true,"href":"https:\/\/www.bjultrasonic.com\/pl\/wp-json\/wp\/v2\/product_tag?post=68360"}],"curies":[{"name":"wp","href":"https:\/\/api.w.org\/{rel}","templated":true}]}}