{"id":68800,"date":"2013-03-27T01:21:38","date_gmt":"2013-03-27T06:21:38","guid":{"rendered":"https:\/\/www.bjultrasonic.com\/shop\/5pcs-703010-piezoceramic-rings\/"},"modified":"2026-03-28T20:26:18","modified_gmt":"2026-03-29T01:26:18","slug":"5pcs-703010-piezoceramic-rings","status":"publish","type":"product","link":"https:\/\/www.bjultrasonic.com\/pl\/shop\/5pcs-703010-piezoceramic-rings\/","title":{"rendered":"10 SZTUK 70*30*10 Pier\u015bcienie piezoceramiczne"},"content":{"rendered":"<p><iframe loading=\"lazy\" title=\"Piezoelectric Ceramics | Piezoceramics\" width=\"500\" height=\"281\" src=\"https:\/\/www.youtube.com\/embed\/1Z8-9WdJKhQ?feature=oembed\" frameborder=\"0\" allow=\"accelerometer; autoplay; clipboard-write; encrypted-media; gyroscope; picture-in-picture; web-share\" referrerpolicy=\"strict-origin-when-cross-origin\" allowfullscreen><\/iframe><\/p>\n<h3>Mo\u017cemy dostosowa\u0107 r\u00f3\u017cne ceramiki piezoelektryczne zgodnie z wymaganiami.<\/h3>\n<p>Materia\u0142 ceramiki piezoelektrycznej: PZT8<\/p>\n<h2>Specyfikacja 5 szt. Pier\u015bcieni Ceramicznych Piezoelektrycznych 70*30*10<\/h2>\n<table class=\"table table-striped table-bordered\"   id=\"wp-table-reloaded-id-51-no-1\">\n<tbody>\n<tr>\n<td>Rozmiar (\u015aw. zewn.*\u015aw. wew.*Gr.)<\/td>\n<td>70*30*10<\/td>\n<\/tr>\n<tr>\n<td>Pojemno\u015b\u0107 (pF)<\/td>\n<td>2640\u00b110%<\/td>\n<\/tr>\n<tr>\n<td>Cz\u0119stotliwo\u015b\u0107 rezonansowa promieniowa fr (kHz)<\/td>\n<td>24.5\u00b15%<\/td>\n<\/tr>\n<tr>\n<td>Impedancja rezonansowa Zm<\/td>\n<td>\u226415<\/td>\n<\/tr>\n<tr>\n<td>Wsp\u00f3\u0142czynnik strat dielektrycznych tan\u03b4 (%)<\/td>\n<td>0.3<\/td>\n<\/tr>\n<tr>\n<td>Wsp\u00f3\u0142czynnik sprz\u0119\u017cenia Kr (%)<\/td>\n<td>\u226555<\/td>\n<\/tr>\n<tr>\n<td>Wsp\u00f3\u0142czynnik dobroci (Qm)<\/td>\n<td>\u2265800<\/td>\n<\/tr>\n<tr>\n<td>Waga 5 szt.<\/td>\n<td>2kg<\/td>\n<\/tr>\n<\/tbody>\n<\/table>\n<h3>Zastosowanie ceramiki piezoelektrycznej:<\/h3>\n<ul>\n<li>Czujnik ultrad\u017awi\u0119kowy<\/li>\n<li>Przetwornik ultrad\u017awi\u0119kowy<\/li>\n<li>Czujnik medyczny<\/li>\n<li>Czujnik wibracji<\/li>\n<li>Czujnik ci\u015bnienia<\/li>\n<li>Czujnik nacisku i inne<\/li>\n<\/ul>\n<h3>Zastosowanie pier\u015bcienia ceramicznego piezoelektrycznego do generowania energii elektrycznej<\/h3>\n<p><iframe loading=\"lazy\" title=\"Piezoelectric Ceramics\" src=\"https:\/\/player.vimeo.com\/video\/48632857?dnt=1&amp;app_id=122963\" width=\"500\" height=\"333\" frameborder=\"0\" allow=\"autoplay; fullscreen; picture-in-picture; clipboard-write; encrypted-media\"><\/iframe><\/p>\n<p><strong>Uwaga: Wy\u015blij nam e-mail, aby uzyska\u0107 porad\u0119, je\u015bli nie znajdziesz odpowiedniego rozmiaru dla swojego zapytania.<\/strong><\/p>\n<h3>P\u0142atno\u015b\u0107<\/h3>\n<p>Akceptujemy p\u0142atno\u015bci PayPal, przelew bankowy (T\/T) i Western Union.<\/p>\n<h3 class=\"shipping-methods\">Wysy\u0142ka<\/h3>\n<p>Towar zostanie wys\u0142any w ci\u0105gu 48 godzin po otrzymaniu pe\u0142nej p\u0142atno\u015bci.<\/p>\n<ul>\n<li>Wysy\u0142amy towar na adres podany w p\u0142atno\u015bci PayPal. Prosimy upewni\u0107 si\u0119, \u017ce adres w PayPal jest prawid\u0142owy.<\/li>\n<li>Prze\u015blemy numer \u015bledzenia przesy\u0142ki po jej wys\u0142aniu; zazwyczaj otrzymasz towar w ci\u0105gu pi\u0119ciu dni.<\/li>\n<li>Je\u015bli masz jakiekolwiek pytania, skontaktuj si\u0119 z nami drog\u0105 mailow\u0105 (nasz adres e-mail to <a href=\"mailto:support@bjultrasonic.com\">support@bjultrasonic.com<\/a>).<\/li>\n<\/ul>\n<h3 align=\"left\">Gwarancja produktu<\/h3>\n<p>Okres gwarancyjny produktu wynosi jeden rok. W okresie gwarancji zakupione produkty podlegaj\u0105 bezp\u0142atnej naprawie lub wymianie.<\/p>\n","protected":false},"excerpt":{"rendered":"<p><a href=\"https:\/\/www.bjultrasonic.com\/pl\/category\/piezoelectric-ceramic-pl\/ring-piezoelectric-ceramics-pl\/\">Pier\u015bcie\u0144 ceramiki piezoelektrycznej<\/a> (pier\u015bcie\u0144 piezoceramiczny) produkowany przez Beijing Ultrasonic \u2013 profesjonalny <a href=\"https:\/\/www.bjultrasonic.com\/pl\/category\/piezoelectric-ceramic-pl\/\">dostawca i producent ceramiki piezoelektrycznej<\/a>.<\/p>\n","protected":false},"featured_media":23765,"comment_status":"open","ping_status":"closed","template":"","meta":[],"product_brand":[],"product_cat":[5751,5656],"product_tag":[],"class_list":{"0":"post-68800","1":"product","2":"type-product","3":"status-publish","4":"has-post-thumbnail","6":"product_cat-ring-piezoelectric-ceramics-pl","7":"product_cat-piezoelectric-ceramic-pl","9":"first","10":"instock","11":"shipping-taxable","12":"purchasable","13":"product-type-simple","14":"prodpage-classic"},"aioseo_notices":[],"_links":{"self":[{"href":"https:\/\/www.bjultrasonic.com\/pl\/wp-json\/wp\/v2\/product\/68800","targetHints":{"allow":["GET"]}}],"collection":[{"href":"https:\/\/www.bjultrasonic.com\/pl\/wp-json\/wp\/v2\/product"}],"about":[{"href":"https:\/\/www.bjultrasonic.com\/pl\/wp-json\/wp\/v2\/types\/product"}],"replies":[{"embeddable":true,"href":"https:\/\/www.bjultrasonic.com\/pl\/wp-json\/wp\/v2\/comments?post=68800"}],"wp:featuredmedia":[{"embeddable":true,"href":"https:\/\/www.bjultrasonic.com\/pl\/wp-json\/wp\/v2\/media\/23765"}],"wp:attachment":[{"href":"https:\/\/www.bjultrasonic.com\/pl\/wp-json\/wp\/v2\/media?parent=68800"}],"wp:term":[{"taxonomy":"product_brand","embeddable":true,"href":"https:\/\/www.bjultrasonic.com\/pl\/wp-json\/wp\/v2\/product_brand?post=68800"},{"taxonomy":"product_cat","embeddable":true,"href":"https:\/\/www.bjultrasonic.com\/pl\/wp-json\/wp\/v2\/product_cat?post=68800"},{"taxonomy":"product_tag","embeddable":true,"href":"https:\/\/www.bjultrasonic.com\/pl\/wp-json\/wp\/v2\/product_tag?post=68800"}],"curies":[{"name":"wp","href":"https:\/\/api.w.org\/{rel}","templated":true}]}}