{"id":68860,"date":"2013-02-18T00:25:15","date_gmt":"2013-02-18T05:25:15","guid":{"rendered":"https:\/\/www.bjultrasonic.com\/shop\/ultrasonic-atomizing-transducer-bja-3000\/"},"modified":"2026-03-28T20:25:49","modified_gmt":"2026-03-29T01:25:49","slug":"ultrasonic-atomizing-transducer-bja-3000","status":"publish","type":"product","link":"https:\/\/www.bjultrasonic.com\/pl\/shop\/ultrasonic-atomizing-transducer-bja-3000\/","title":{"rendered":"3000ML Ultrad\u017awi\u0119kowy Generator Mg\u0142y Nawil\u017cacz Ch\u0142odnej Mg\u0142y"},"content":{"rendered":"<table class=\"table table-striped table-bordered\">\n<tbody>\n<tr>\n<td width=\"284\">Typ<\/td>\n<td width=\"284\">BJA3000<\/td>\n<\/tr>\n<tr>\n<td width=\"284\">Wydajno\u015b\u0107 rozpylania<\/td>\n<td width=\"284\">&gt;3000ML<\/td>\n<\/tr>\n<tr>\n<td width=\"284\">Wymiary<\/td>\n<td width=\"284\">254*88*29mm (d\u0142ugo\u015b\u0107*szeroko\u015b\u0107*wysoko\u015b\u0107)<\/td>\n<\/tr>\n<tr>\n<td width=\"284\">Cz\u0119stotliwo\u015b\u0107 pracy<\/td>\n<td width=\"284\">1700\u00b150(KHZ)<\/td>\n<\/tr>\n<tr>\n<td width=\"284\">\u015arednica ceramiki piezoelektrycznej<\/td>\n<td width=\"284\">20mm<\/td>\n<\/tr>\n<tr>\n<td width=\"284\">Temperatura pracy<\/td>\n<td width=\"284\">5\uff5e45\u2103<\/td>\n<\/tr>\n<tr>\n<td width=\"284\">Ochrona przed przegrzaniem<\/td>\n<td width=\"284\">50\u2103<\/td>\n<\/tr>\n<tr>\n<td width=\"284\">Poziom wody<\/td>\n<td width=\"284\">40mm-80mm<\/td>\n<\/tr>\n<tr>\n<td width=\"284\">Napi\u0119cie pracy<\/td>\n<td width=\"284\">36V AC<\/td>\n<\/tr>\n<tr>\n<td width=\"284\">Moc:<\/td>\n<td width=\"284\">300W<\/td>\n<\/tr>\n<tr>\n<td width=\"284\">Pr\u0105d<\/td>\n<td width=\"284\">1.5A<\/td>\n<\/tr>\n<tr>\n<td width=\"284\">Materia\u0142<\/td>\n<td width=\"284\">Mied\u017a<\/td>\n<\/tr>\n<tr>\n<td width=\"284\">LED<\/td>\n<td width=\"284\">Tak<\/td>\n<\/tr>\n<tr>\n<td width=\"284\">Czujnik poziomu wody<\/td>\n<td width=\"284\">Wysoko\u015b\u0107 12mm<\/td>\n<\/tr>\n<tr>\n<td width=\"284\">D\u0142ugo\u015b\u0107 kabla<\/td>\n<td width=\"284\">2M lub na \u017cyczenie<\/td>\n<\/tr>\n<tr>\n<td width=\"284\">Powierzchnia u\u017cytkowa<\/td>\n<td width=\"284\">&gt;60M2<\/td>\n<\/tr>\n<tr>\n<td width=\"284\">Napi\u0119cie<\/td>\n<td width=\"284\">220v\/50hz\u00a0 230v\/50hz<\/p>\n<p>120v\/60hz\u00a0\u00a0 110v\/60hz<\/td>\n<\/tr>\n<\/tbody>\n<\/table>\n<h3>G\u0142\u00f3wne funkcje<\/h3>\n<ul>\n<li>G\u0142owica rozpylacza jest szczelna i ma dobr\u0105 wydajno\u015b\u0107 odprowadzania ciep\u0142a<\/li>\n<li>Obw\u00f3d ma stabilny pr\u0105d i ci\u015bnienie, ochron\u0119 przed przegrzaniem, ochron\u0119 przed brakiem wody, obr\u00f3bk\u0119 redukcji ha\u0142asu,<\/li>\n<li>Cicha konstrukcja produktu, wysoka wilgotno\u015b\u0107 mg\u0142y, wysoka wydajno\u015b\u0107.<\/li>\n<li>W pe\u0142ni zamkni\u0119ta konstrukcja z wysok\u0105 funkcj\u0105 wodoodporno\u015bci i py\u0142oszczelno\u015bci, bardzo wygodna w kontroli przed produkcj\u0105 nawil\u017cacza.<\/li>\n<li>Wbudowany prze\u0142\u0105cznik ochrony temperatury zapewnia bezpieczn\u0105 i niezawodn\u0105 prac\u0119. Solidna konstrukcja i wygodny monta\u017c.<\/li>\n<li>Konstrukcja odporna na osady, u\u017cytkownicy mog\u0105 \u0142atwo wymieni\u0107 ceramik\u0119 piezoelektryczn\u0105 do rozpylania,<\/li>\n<li>Obudowa ze stali nierdzewnej, pow\u0142oka niklowo-kadmowa, dobre odprowadzanie ciep\u0142a.<\/li>\n<li>Wbudowana funkcja ochrony przed brakiem wody.<\/li>\n<li>Nadaje si\u0119 do nawil\u017cania przemys\u0142owego, rolnictwa, mg\u0142y krajobrazowej itp.<\/li>\n<\/ul>\n<h3>Wideo<\/h3>\n<p><iframe loading=\"lazy\" title=\"Ultrasonic Humidifier\" width=\"500\" height=\"281\" src=\"https:\/\/www.youtube.com\/embed\/videoseries?list=PLLrjMYkO0_NEpofnqW3MnsGQ-KMwpBJul\" frameborder=\"0\" allow=\"accelerometer; autoplay; clipboard-write; encrypted-media; gyroscope; picture-in-picture; web-share\" referrerpolicy=\"strict-origin-when-cross-origin\" allowfullscreen><\/iframe><\/p>\n<h3>Najcz\u0119\u015bciej zadawane pytania<\/h3>\n<p><strong>1. Czy mo\u017cemy regulowa\u0107 wydajno\u015b\u0107 rozpylania?<\/strong><\/p>\n<p>Nie, mo\u017cna j\u0105 zmieni\u0107 tylko poprzez poziom wody.<\/p>\n<p><strong>2. Czy mo\u017cemy wy\u0142\u0105czy\u0107 diod\u0119 LED (je\u015bli jest)?<\/strong><\/p>\n<p>Nie. W pomieszczeniach lepiej wybra\u0107 rozpylacz ultrad\u017awi\u0119kowy bez diody LED.<\/p>\n<p><strong>3. Czy generuje ha\u0142as?<\/strong><\/p>\n<p>Nie. Wi\u0119kszo\u015b\u0107 <a href=\"https:\/\/www.bjultrasonic.com\/pl\/category\/ultrasonic-atomizer-pl\/\">nawil\u017caczy ultrad\u017awi\u0119kowych<\/a> dzia\u0142a ciszej ni\u017c inne modele. Dzieje si\u0119 tak, poniewa\u017c nie maj\u0105 wentylatora, jak zwykle maj\u0105 nawil\u017cacze ewaporacyjne. To utrzymuje niski poziom ha\u0142asu.<\/p>\n<p><strong>4. Czy mo\u017ce doj\u015b\u0107 do wycieku pr\u0105du?<\/strong><\/p>\n<p>Zasada dzia\u0142ania rozpylacza ultrad\u017awi\u0119kowego polega na tym, \u017ce drgania ultrad\u017awi\u0119kowe wytwarzaj\u0105 mg\u0142\u0119, nie dotykaj rozpylacza r\u0119k\u0105 podczas pracy, mo\u017ce pojawi\u0107 si\u0119 uczucie mrowienia, ale to nie jest pr\u0105d.<\/p>\n<h3>Og\u00f3lne uwagi<\/h3>\n<ol>\n<li>Prosimy nie obraca\u0107 rozpylacza do g\u00f3ry nogami po w\u0142\u0105czeniu zasilania, poniewa\u017c mo\u017ce to uszkodzi\u0107 rozpylacz.<\/li>\n<li>Prosimy nie u\u017cywa\u0107 go przez d\u0142ugi czas lub d\u0142u\u017cej ni\u017c 10 godzin.<\/li>\n<li>Nie dotykaj p\u0142yty rozpylaj\u0105cej, gdy rozpylacz jest w\u0142\u0105czony.<\/li>\n<li>Zapewnij jako\u015b\u0107 wody. Prosimy u\u017cywa\u0107 czystej wody wodoci\u0105gowej. (pogorszenie jako\u015bci wody wp\u0142ynie na \u017cywotno\u015b\u0107)<\/li>\n<li>Prosimy od\u0142\u0105czy\u0107 zasilanie przed przeniesieniem lub napraw\u0105.<\/li>\n<li>Rozpylone <a href=\"https:\/\/www.bjultrasonic.com\/pl\/category\/piezoelectric-ceramic-pl\/\">ceramiki piezoelektryczne<\/a> nale\u017c\u0105 do materia\u0142\u00f3w eksploatacyjnych, kt\u00f3rych \u017cywotno\u015b\u0107 wynosi ponad 3600 godzin. Je\u015bli wydajno\u015b\u0107 mg\u0142owania rozpylacza znacznie si\u0119 zmniejszy, prosimy wyczy\u015bci\u0107 rozpylon\u0105 ceramik\u0119 piezoelektryczn\u0105 (bez \u017cadnych detergent\u00f3w) patyczkiem kosmetycznym, aby utrzyma\u0107 j\u0105 w czysto\u015bci. Je\u015bli ilo\u015b\u0107 rozpylania nadal jest ma\u0142a po czyszczeniu, prosimy wymieni\u0107 ceramik\u0119 rozpylaj\u0105c\u0105. (sugerujemy zakup ceramiki rozpylaj\u0105cej razem)<\/li>\n<\/ol>\n<p><img loading=\"lazy\" decoding=\"async\" src=\"https:\/\/www.bjultrasonic.com\/wp-content\/uploads\/2018\/08\/Ultrasonic-Humidifier-with-LED.jpg\" alt=\"Ultrasonic-Humidifier-with-LED\" width=\"670\" height=\"925\"\/><\/p>\n","protected":false},"excerpt":{"rendered":"<p><a href=\"https:\/\/www.bjultrasonic.com\/pl\/category\/ultrasonic-atomizer-pl\/\">Nawil\u017cacz ultrad\u017awi\u0119kowy<\/a> wykorzystuje energi\u0119 ultrad\u017awi\u0119kow\u0105 do przekszta\u0142cania cieczy w cz\u0105steczki przypominaj\u0105ce chmury. Nawil\u017cacz ultrad\u017awi\u0119kowy jest r\u00f3wnie\u017c nazywany <a href=\"https:\/\/www.bjultrasonic.com\/pl\/shop\/ultrasonic-atomizing-transducer\/\">atomizerem ultrad\u017awi\u0119kowym<\/a>, generatorem mg\u0142y ultrad\u017awi\u0119kowej, zamg\u0142awiaczem ultrad\u017awi\u0119kowym.<\/p>\n","protected":false},"featured_media":19525,"comment_status":"open","ping_status":"closed","template":"","meta":[],"product_brand":[],"product_cat":[6189],"product_tag":[],"class_list":{"0":"post-68860","1":"product","2":"type-product","3":"status-publish","4":"has-post-thumbnail","6":"product_cat-ultrasonic-atomizer-pl","8":"first","9":"instock","10":"shipping-taxable","11":"purchasable","12":"product-type-simple","13":"prodpage-classic"},"aioseo_notices":[],"_links":{"self":[{"href":"https:\/\/www.bjultrasonic.com\/pl\/wp-json\/wp\/v2\/product\/68860","targetHints":{"allow":["GET"]}}],"collection":[{"href":"https:\/\/www.bjultrasonic.com\/pl\/wp-json\/wp\/v2\/product"}],"about":[{"href":"https:\/\/www.bjultrasonic.com\/pl\/wp-json\/wp\/v2\/types\/product"}],"replies":[{"embeddable":true,"href":"https:\/\/www.bjultrasonic.com\/pl\/wp-json\/wp\/v2\/comments?post=68860"}],"wp:featuredmedia":[{"embeddable":true,"href":"https:\/\/www.bjultrasonic.com\/pl\/wp-json\/wp\/v2\/media\/19525"}],"wp:attachment":[{"href":"https:\/\/www.bjultrasonic.com\/pl\/wp-json\/wp\/v2\/media?parent=68860"}],"wp:term":[{"taxonomy":"product_brand","embeddable":true,"href":"https:\/\/www.bjultrasonic.com\/pl\/wp-json\/wp\/v2\/product_brand?post=68860"},{"taxonomy":"product_cat","embeddable":true,"href":"https:\/\/www.bjultrasonic.com\/pl\/wp-json\/wp\/v2\/product_cat?post=68860"},{"taxonomy":"product_tag","embeddable":true,"href":"https:\/\/www.bjultrasonic.com\/pl\/wp-json\/wp\/v2\/product_tag?post=68860"}],"curies":[{"name":"wp","href":"https:\/\/api.w.org\/{rel}","templated":true}]}}