{"id":68880,"date":"2013-02-18T00:25:13","date_gmt":"2013-02-18T05:25:13","guid":{"rendered":"https:\/\/www.bjultrasonic.com\/shop\/ultrasonic-atomizing-transducer-bja-2000\/"},"modified":"2026-03-28T20:25:20","modified_gmt":"2026-03-29T01:25:20","slug":"ultrasonic-atomizing-transducer-bja-2000","status":"publish","type":"product","link":"https:\/\/www.bjultrasonic.com\/pl\/shop\/ultrasonic-atomizing-transducer-bja-2000\/","title":{"rendered":"2000ML Ultrad\u017awi\u0119kowy Rozpylacz Mglewki Wodnej"},"content":{"rendered":"<p><iframe loading=\"lazy\" title=\"2000mL Ultrasonic Atomizer Water Mister\" width=\"500\" height=\"281\" src=\"https:\/\/www.youtube.com\/embed\/NMoJFMlfeA8?feature=oembed\" frameborder=\"0\" allow=\"accelerometer; autoplay; clipboard-write; encrypted-media; gyroscope; picture-in-picture; web-share\" referrerpolicy=\"strict-origin-when-cross-origin\" allowfullscreen><\/iframe><\/p>\n<table class=\"table table-striped table-bordered\">\n<tbody>\n<tr>\n<td width=\"284\">Typ<\/td>\n<td width=\"284\">BJA2000<\/td>\n<\/tr>\n<tr>\n<td width=\"284\">Wydajno\u015b\u0107 rozpylania<\/td>\n<td width=\"284\">&gt;2000 ml<\/td>\n<\/tr>\n<tr>\n<td width=\"284\">Wymiary<\/td>\n<td width=\"284\">150*90*30 mm (d\u0142*szer*wys)<\/td>\n<\/tr>\n<tr>\n<td width=\"284\">Cz\u0119stotliwo\u015b\u0107 pracy<\/td>\n<td width=\"284\">1700\u00b150 (kHz)<\/td>\n<\/tr>\n<tr>\n<td width=\"284\">\u015arednica ceramiki piezoelektrycznej<\/td>\n<td width=\"284\">20 mm<\/td>\n<\/tr>\n<tr>\n<td width=\"284\">Temperatura pracy<\/td>\n<td width=\"284\">5\uff5e45\u2103<\/td>\n<\/tr>\n<tr>\n<td width=\"284\">Zabezpieczenie przed przegrzaniem<\/td>\n<td width=\"284\">50\u2103<\/td>\n<\/tr>\n<tr>\n<td width=\"284\">Poziom wody<\/td>\n<td width=\"284\">40 mm &#8211; 80 mm<\/td>\n<\/tr>\n<tr>\n<td width=\"284\">Napi\u0119cie pracy<\/td>\n<td width=\"284\">DC 36 V<\/td>\n<\/tr>\n<tr>\n<td width=\"284\">Moc:<\/td>\n<td width=\"284\">170 W<\/td>\n<\/tr>\n<tr>\n<td width=\"284\">Pr\u0105d<\/td>\n<td width=\"284\">3-3.5 A<\/td>\n<\/tr>\n<tr>\n<td width=\"284\">Materia\u0142<\/td>\n<td width=\"284\">Mied\u017a i stal nierdzewna<\/td>\n<\/tr>\n<tr>\n<td width=\"284\">LED<\/td>\n<td width=\"284\">Tak<\/td>\n<\/tr>\n<tr>\n<td width=\"284\">Czujnik poziomu wody<\/td>\n<td width=\"284\">Wysoko\u015b\u0107 40 mm<\/td>\n<\/tr>\n<tr>\n<td width=\"284\">Powierzchnia zastosowania<\/td>\n<td width=\"284\">41-60 m\u00b2<\/td>\n<\/tr>\n<tr>\n<td width=\"284\">Pojemno\u015b\u0107 zbiornika na wod\u0119<\/td>\n<td width=\"284\">6-10 l<\/td>\n<\/tr>\n<tr>\n<td width=\"284\">Napi\u0119cie zasilania<\/td>\n<td width=\"284\">220 V\/50 Hz 230 V\/50 Hz<br \/>\n120 V\/60 Hz 110 V\/60 Hz<\/td>\n<\/tr>\n<\/tbody>\n<\/table>\n<h3>G\u0142\u00f3wne funkcje<\/h3>\n<ul>\n<li>G\u0142owica rozpylacza jest szczelna i ma dobr\u0105 wydajno\u015b\u0107 odprowadzania ciep\u0142a.<\/li>\n<li>Obw\u00f3d zapewnia stabilny pr\u0105d i ci\u015bnienie, posiada zabezpieczenie przed przegrzaniem i brakiem wody, obni\u017con\u0105 emisj\u0119 ha\u0142asu.<\/li>\n<li>Cicha konstrukcja produktu, wysoka wilgotno\u015b\u0107 mg\u0142y, wysoka wydajno\u015b\u0107.<\/li>\n<li>W pe\u0142ni zamkni\u0119ta konstrukcja z wysok\u0105 odporno\u015bci\u0105 na wod\u0119 i py\u0142, bardzo wygodna w inspekcji przed produkcj\u0105 nawil\u017cacza.<\/li>\n<li>Wbudowany czujnik temperatury zapewnia bezpieczn\u0105 i niezawodn\u0105 prac\u0119. Solidna konstrukcja i \u0142atwy monta\u017c.<\/li>\n<li>Konstrukcja odporna na osadzanie si\u0119 kamienia, u\u017cytkownicy mog\u0105 \u0142atwo wymieni\u0107 ceramik\u0119 piezoelektryczn\u0105 do rozpylania.<\/li>\n<li>Obudowa ze stali nierdzewnej, niklowano-kadmowana, dobre odprowadzanie ciep\u0142a.<\/li>\n<li>Wbudowana funkcja zabezpieczenia przed brakiem wody.<\/li>\n<li>Nadaje si\u0119 do nawil\u017cania przemys\u0142owego, rolnictwa, mg\u0142y do krajobrazu itp.<\/li>\n<\/ul>\n<h3>Wideo<\/h3>\n<p><iframe loading=\"lazy\" title=\"2000mL Ultrasonic Atomizer Water Mister\" width=\"500\" height=\"281\" src=\"https:\/\/www.youtube.com\/embed\/tZdWCKcKb6A?feature=oembed\" frameborder=\"0\" allow=\"accelerometer; autoplay; clipboard-write; encrypted-media; gyroscope; picture-in-picture; web-share\" referrerpolicy=\"strict-origin-when-cross-origin\" allowfullscreen><\/iframe><\/p>\n<p><iframe loading=\"lazy\" title=\"Ultrasonic Humidifier\" width=\"500\" height=\"281\" src=\"https:\/\/www.youtube.com\/embed\/videoseries?list=PLLrjMYkO0_NEpofnqW3MnsGQ-KMwpBJul\" frameborder=\"0\" allow=\"accelerometer; autoplay; clipboard-write; encrypted-media; gyroscope; picture-in-picture; web-share\" referrerpolicy=\"strict-origin-when-cross-origin\" allowfullscreen><\/iframe><\/p>\n<h3>Cz\u0119sto zadawane pytania (FAQ)<\/h3>\n<p><strong>1. Czy mo\u017cna regulowa\u0107 wydajno\u015b\u0107 rozpylania?<\/strong><\/p>\n<p>Nie, mo\u017cna j\u0105 zmieni\u0107 jedynie poprzez zmian\u0119 poziomu wody.<\/p>\n<p><strong>2. Czy mo\u017cna wy\u0142\u0105czy\u0107 diod\u0119 LED (je\u015bli jest)?<\/strong><\/p>\n<p>Nie. W pomieszczeniach lepiej wybra\u0107 nawil\u017cacz ultrad\u017awi\u0119kowy bez diody LED.<\/p>\n<p><strong>3. Czy jest g\u0142o\u015bny?<\/strong><\/p>\n<p>Nie. Wi\u0119kszo\u015b\u0107 <a href=\"https:\/\/www.bjultrasonic.com\/pl\/category\/ultrasonic-atomizer-pl\/\">nawil\u017caczy ultrad\u017awi\u0119kowych<\/a> dzia\u0142a ciszej ni\u017c inne modele. Dzieje si\u0119 tak, poniewa\u017c nie maj\u0105 wentylatora, jak zwykle maj\u0105 nawil\u017cacze ewaporacyjne. To utrzymuje niski poziom ha\u0142asu.<\/p>\n<p><strong>4. Czy mo\u017ce porazi\u0107 pr\u0105dem?<\/strong><\/p>\n<p>Zasada dzia\u0142ania nawil\u017cacza ultrad\u017awi\u0119kowego polega na tym, \u017ce drgania ultrad\u017awi\u0119kowe wytwarzaj\u0105 mgie\u0142k\u0119. Nie dotykaj rozpylacza r\u0119k\u0105 podczas pracy, mo\u017ce pojawi\u0107 si\u0119 uczucie mrowienia, ale to nie jest pora\u017cenie pr\u0105dem.<\/p>\n<h3>Og\u00f3lne uwagi<\/h3>\n<ol>\n<li>Prosimy nie obraca\u0107 rozpylacza do g\u00f3ry nogami po w\u0142\u0105czeniu zasilania, poniewa\u017c mo\u017ce to uszkodzi\u0107 rozpylacz.<\/li>\n<li>Prosimy nie u\u017cywa\u0107 go przez d\u0142ugi czas lub d\u0142u\u017cej ni\u017c 10 godzin.<\/li>\n<li>Nie dotykaj p\u0142yty rozpylaj\u0105cej, gdy rozpylacz pracuje.<\/li>\n<li>Zapewnij odpowiedni\u0105 jako\u015b\u0107 wody. Prosz\u0119 u\u017cywa\u0107 czystej wody z kranu. (pogorszenie jako\u015bci wody wp\u0142ynie na \u017cywotno\u015b\u0107)<\/li>\n<li>Prosz\u0119 od\u0142\u0105czy\u0107 zasilanie przed przeniesieniem lub napraw\u0105.<\/li>\n<li><a href=\"https:\/\/www.bjultrasonic.com\/pl\/category\/piezoelectric-ceramic-pl\/\">Ceramiki piezoelektryczne<\/a> do rozpylania nale\u017c\u0105 do materia\u0142\u00f3w eksploatacyjnych, kt\u00f3rych \u017cywotno\u015b\u0107 wynosi ponad 3600 godzin. Je\u015bli wydajno\u015b\u0107 wytwarzania mg\u0142y przez rozpylacz znacznie si\u0119 zmniejszy, prosz\u0119 oczy\u015bci\u0107 ceramik\u0119 piezoelektryczn\u0105 (bez \u017cadnych detergent\u00f3w) patyczkiem kosmetycznym, aby utrzyma\u0107 j\u0105 w czysto\u015bci. Je\u015bli ilo\u015b\u0107 rozpylanej mg\u0142y jest nadal ma\u0142a po czyszczeniu, prosz\u0119 wymieni\u0107 ceramik\u0119 piezoelektryczn\u0105. (sugerujemy zakup zapasowej ceramiki razem z urz\u0105dzeniem)<\/li>\n<\/ol>\n<p><img loading=\"lazy\" decoding=\"async\" src=\"https:\/\/www.bjultrasonic.com\/wp-content\/uploads\/2018\/08\/Ultrasonic-Humidifier-with-LED.jpg\" alt=\"Ultrasonic-Humidifier-with-LED\" width=\"670\" height=\"925\" \/><\/p>\n","protected":false},"excerpt":{"rendered":"<p><a href=\"https:\/\/www.bjultrasonic.com\/pl\/category\/ultrasonic-atomizer-pl\/\">Nawil\u017cacz ultrad\u017awi\u0119kowy<\/a> wykorzystuje energi\u0119 ultrad\u017awi\u0119kow\u0105 do przekszta\u0142cania cieczy w cz\u0105steczki podobne do chmur. Nawil\u017cacz ultrad\u017awi\u0119kowy nazywany jest r\u00f3wnie\u017c <a href=\"https:\/\/www.bjultrasonic.com\/pl\/shop\/ultrasonic-atomizing-transducer\/\">atomizerem ultrad\u017awi\u0119kowym<\/a>, generatorem mg\u0142y ultrad\u017awi\u0119kowej, wytwornic\u0105 mg\u0142y ultrad\u017awi\u0119kowej.<\/p>\n","protected":false},"featured_media":19521,"comment_status":"open","ping_status":"closed","template":"","meta":[],"product_brand":[],"product_cat":[6189],"product_tag":[],"class_list":{"0":"post-68880","1":"product","2":"type-product","3":"status-publish","4":"has-post-thumbnail","6":"product_cat-ultrasonic-atomizer-pl","8":"first","9":"instock","10":"shipping-taxable","11":"purchasable","12":"product-type-simple","13":"prodpage-classic"},"aioseo_notices":[],"_links":{"self":[{"href":"https:\/\/www.bjultrasonic.com\/pl\/wp-json\/wp\/v2\/product\/68880","targetHints":{"allow":["GET"]}}],"collection":[{"href":"https:\/\/www.bjultrasonic.com\/pl\/wp-json\/wp\/v2\/product"}],"about":[{"href":"https:\/\/www.bjultrasonic.com\/pl\/wp-json\/wp\/v2\/types\/product"}],"replies":[{"embeddable":true,"href":"https:\/\/www.bjultrasonic.com\/pl\/wp-json\/wp\/v2\/comments?post=68880"}],"wp:featuredmedia":[{"embeddable":true,"href":"https:\/\/www.bjultrasonic.com\/pl\/wp-json\/wp\/v2\/media\/19521"}],"wp:attachment":[{"href":"https:\/\/www.bjultrasonic.com\/pl\/wp-json\/wp\/v2\/media?parent=68880"}],"wp:term":[{"taxonomy":"product_brand","embeddable":true,"href":"https:\/\/www.bjultrasonic.com\/pl\/wp-json\/wp\/v2\/product_brand?post=68880"},{"taxonomy":"product_cat","embeddable":true,"href":"https:\/\/www.bjultrasonic.com\/pl\/wp-json\/wp\/v2\/product_cat?post=68880"},{"taxonomy":"product_tag","embeddable":true,"href":"https:\/\/www.bjultrasonic.com\/pl\/wp-json\/wp\/v2\/product_tag?post=68880"}],"curies":[{"name":"wp","href":"https:\/\/api.w.org\/{rel}","templated":true}]}}