{"id":68900,"date":"2013-02-18T00:25:07","date_gmt":"2013-02-18T05:25:07","guid":{"rendered":"https:\/\/www.bjultrasonic.com\/shop\/ultrasonic-atomizing-transducer-bja-350\/"},"modified":"2026-03-28T20:25:19","modified_gmt":"2026-03-29T01:25:19","slug":"ultrasonic-atomizing-transducer-bja-350","status":"publish","type":"product","link":"https:\/\/www.bjultrasonic.com\/pl\/shop\/ultrasonic-atomizing-transducer-bja-350\/","title":{"rendered":"350ML Ultrasoniczny Wytwornica Mg\u0142y Nawil\u017cacz Bez LED"},"content":{"rendered":"<table class=\"table table-striped table-bordered\">\n<tbody>\n<tr>\n<td width=\"273\">Typ<\/td>\n<td width=\"273\">BJA350-0<\/td>\n<\/tr>\n<tr>\n<td width=\"273\">Ilo\u015b\u0107 atomizacji<\/td>\n<td width=\"273\">&gt;350ML<\/td>\n<\/tr>\n<tr>\n<td width=\"273\">Wymiary<\/td>\n<td width=\"273\">\u015arednica 45mm\u00a0\u00a0 Wysoko\u015b\u0107 35mm<\/td>\n<\/tr>\n<tr>\n<td width=\"273\">Cz\u0119stotliwo\u015b\u0107 pracy<\/td>\n<td width=\"273\">1700\u00b150(KHZ)<\/td>\n<\/tr>\n<tr>\n<td width=\"273\">Temperatura pracy<\/td>\n<td width=\"273\">5\uff5e45\u2103<\/td>\n<\/tr>\n<tr>\n<td width=\"273\">Poziom wody<\/td>\n<td width=\"273\">40mm&#8211;90mm<\/td>\n<\/tr>\n<tr>\n<td width=\"273\">Moc:<\/td>\n<td width=\"273\">20W<\/td>\n<\/tr>\n<tr>\n<td width=\"273\">LED<\/td>\n<td width=\"273\">0<\/td>\n<\/tr>\n<tr>\n<td width=\"273\">Czujnik poziomu wody<\/td>\n<td width=\"273\">Wysoko\u015b\u0107 12mm<\/td>\n<\/tr>\n<tr>\n<td width=\"273\">Kabel<\/td>\n<td width=\"273\">Czarny PVC 3.8mm\u00a0 D\u0142ugo\u015b\u0107 1400\u00b120mm<\/td>\n<\/tr>\n<tr>\n<td width=\"273\">\u015arednica ceramiki piezoelektrycznej<\/td>\n<td width=\"273\">20MM<\/td>\n<\/tr>\n<tr>\n<td width=\"273\">Napi\u0119cie pracy<\/td>\n<td width=\"273\">24V AC\/DC 700MA<\/td>\n<\/tr>\n<tr>\n<td width=\"273\">Wtyczka<\/td>\n<td width=\"273\">Gniazdo 5.5*2.5mm<\/td>\n<\/tr>\n<\/tbody>\n<\/table>\n<h3>Wideo<\/h3>\n<p><iframe loading=\"lazy\" title=\"350ML Ultrasonic Mist Maker Fogger Humidifier Working Video\" width=\"500\" height=\"281\" src=\"https:\/\/www.youtube.com\/embed\/0lOOppw7CfI?feature=oembed\" frameborder=\"0\" allow=\"accelerometer; autoplay; clipboard-write; encrypted-media; gyroscope; picture-in-picture; web-share\" referrerpolicy=\"strict-origin-when-cross-origin\" allowfullscreen><\/iframe><\/p>\n<p><iframe loading=\"lazy\" title=\"350ML Ultrasonic Mist Maker Fogger Humidifier Without LED\" width=\"500\" height=\"281\" src=\"https:\/\/www.youtube.com\/embed\/iuCKwd_tImI?feature=oembed\" frameborder=\"0\" allow=\"accelerometer; autoplay; clipboard-write; encrypted-media; gyroscope; picture-in-picture; web-share\" referrerpolicy=\"strict-origin-when-cross-origin\" allowfullscreen><\/iframe><\/p>\n<p><iframe loading=\"lazy\" title=\"Ultrasonic Humidifier\" width=\"500\" height=\"281\" src=\"https:\/\/www.youtube.com\/embed\/videoseries?list=PLLrjMYkO0_NEpofnqW3MnsGQ-KMwpBJul\" frameborder=\"0\" allow=\"accelerometer; autoplay; clipboard-write; encrypted-media; gyroscope; picture-in-picture; web-share\" referrerpolicy=\"strict-origin-when-cross-origin\" allowfullscreen><\/iframe><\/p>\n<h3>FAQ<\/h3>\n<p><strong>1. Czy mo\u017cna regulowa\u0107 ilo\u015b\u0107 atomizacji?<\/strong><\/p>\n<p>Nie, mo\u017cna j\u0105 zmieni\u0107 tylko poprzez poziom wody.<\/p>\n<p><strong>2. Czy mo\u017cna wy\u0142\u0105czy\u0107 diod\u0119 LED (je\u015bli jest)?<\/strong><\/p>\n<p>Nie. Lepiej wybra\u0107 atomizer ultrad\u017awi\u0119kowy bez diody LED do u\u017cytku wewn\u0119trznego.<\/p>\n<p><strong>3. Czy generuje ha\u0142as?<\/strong><\/p>\n<p>Nie. Wi\u0119kszo\u015b\u0107 <a href=\"https:\/\/www.bjultrasonic.com\/pl\/category\/ultrasonic-atomizer-pl\/\">nawil\u017caczy ultrad\u017awi\u0119kowych<\/a> dzia\u0142a ciszej ni\u017c inne modele. Dzieje si\u0119 tak dlatego, \u017ce nie maj\u0105 wentylatora, kt\u00f3ry zazwyczaj posiadaj\u0105 nawil\u017cacze ewaporacyjne. To utrzymuje niski poziom ha\u0142asu.<\/p>\n<p><strong>4. Czy mo\u017ce doj\u015b\u0107 do wycieku pr\u0105du?<\/strong><\/p>\n<p>Zasada dzia\u0142ania atomizera ultrad\u017awi\u0119kowego polega na tym, \u017ce wibracje ultrad\u017awi\u0119kowe generuj\u0105 mgie\u0142k\u0119. Podczas pracy nie nale\u017cy dotyka\u0107 atomizera r\u0119k\u0105, poniewa\u017c mo\u017ce pojawi\u0107 si\u0119 uczucie mrowienia, ale nie jest to pr\u0105d.<\/p>\n<h3>Og\u00f3lne zalecenia<\/h3>\n<ol>\n<li>Prosimy nie odwraca\u0107 atomizera do g\u00f3ry nogami po w\u0142\u0105czeniu zasilania, poniewa\u017c mo\u017ce to uszkodzi\u0107 atomizer.<\/li>\n<li>Prosimy nie u\u017cywa\u0107 go przez d\u0142ugi czas lub d\u0142u\u017cej ni\u017c 10 godzin.<\/li>\n<li>Nie dotyka\u0107 p\u0142yty atomizuj\u0105cej podczas pracy atomizera.<\/li>\n<li>Zapewni\u0107 odpowiedni\u0105 jako\u015b\u0107 wody. Prosimy u\u017cywa\u0107 czystej wody z kranu. (pogorszenie jako\u015bci wody wp\u0142ynie na \u017cywotno\u015b\u0107)<\/li>\n<li>Prosimy od\u0142\u0105czy\u0107 zasilanie przed przemieszczeniem lub napraw\u0105.<\/li>\n<li>Atomizowane <a href=\"https:\/\/www.bjultrasonic.com\/pl\/category\/piezoelectric-ceramic-pl\/\">elementy ceramiki piezoelektrycznej<\/a> s\u0105 materia\u0142ami eksploatacyjnymi o \u017cywotno\u015bci powy\u017cej 3600 godzin. Je\u015bli wydajno\u015b\u0107 mg\u0142owania atomizera znacz\u0105co spadnie, prosimy wyczy\u015bci\u0107 atomizowany element piezoelektryczny (bez u\u017cycia detergent\u00f3w) patyczkiem kosmetycznym, aby utrzyma\u0107 go w czysto\u015bci. Je\u015bli ilo\u015b\u0107 atomizacji nadal jest ma\u0142a po czyszczeniu, prosimy wymieni\u0107 element atomizuj\u0105cy. (sugerujemy zakup elementu atomizuj\u0105cego razem z urz\u0105dzeniem)<\/li>\n<\/ol>\n<p><img loading=\"lazy\" decoding=\"async\" src=\"https:\/\/www.bjultrasonic.com\/wp-content\/uploads\/2018\/08\/Ultrasonic-Humidifier-without-LED.jpg\" alt=\"Ultrasonic-Humidifier-without-LED\" width=\"670\" height=\"925\" \/><\/p>\n","protected":false},"excerpt":{"rendered":"<p><a href=\"https:\/\/www.bjultrasonic.com\/pl\/category\/ultrasonic-atomizer-pl\/\">Nawil\u017cacz ultrad\u017awi\u0119kowy<\/a> wykorzystuje energi\u0119 ultrad\u017awi\u0119kow\u0105 do przekszta\u0142cania p\u0142yn\u00f3w w cz\u0105steczki przypominaj\u0105ce chmur\u0119. Nawil\u017cacz ultrad\u017awi\u0119kowy jest r\u00f3wnie\u017c nazywany <a href=\"https:\/\/www.bjultrasonic.com\/pl\/shop\/ultrasonic-atomizing-transducer\/\">atomizerem ultrad\u017awi\u0119kowym<\/a>, wytwornic\u0105 mg\u0142y ultrad\u017awi\u0119kowej, generatorem mg\u0142y ultrad\u017awi\u0119kowej.<\/p>\n","protected":false},"featured_media":19490,"comment_status":"open","ping_status":"closed","template":"","meta":[],"product_brand":[],"product_cat":[6189],"product_tag":[],"class_list":{"0":"post-68900","1":"product","2":"type-product","3":"status-publish","4":"has-post-thumbnail","6":"product_cat-ultrasonic-atomizer-pl","8":"first","9":"instock","10":"shipping-taxable","11":"purchasable","12":"product-type-simple","13":"prodpage-classic"},"aioseo_notices":[],"_links":{"self":[{"href":"https:\/\/www.bjultrasonic.com\/pl\/wp-json\/wp\/v2\/product\/68900","targetHints":{"allow":["GET"]}}],"collection":[{"href":"https:\/\/www.bjultrasonic.com\/pl\/wp-json\/wp\/v2\/product"}],"about":[{"href":"https:\/\/www.bjultrasonic.com\/pl\/wp-json\/wp\/v2\/types\/product"}],"replies":[{"embeddable":true,"href":"https:\/\/www.bjultrasonic.com\/pl\/wp-json\/wp\/v2\/comments?post=68900"}],"wp:featuredmedia":[{"embeddable":true,"href":"https:\/\/www.bjultrasonic.com\/pl\/wp-json\/wp\/v2\/media\/19490"}],"wp:attachment":[{"href":"https:\/\/www.bjultrasonic.com\/pl\/wp-json\/wp\/v2\/media?parent=68900"}],"wp:term":[{"taxonomy":"product_brand","embeddable":true,"href":"https:\/\/www.bjultrasonic.com\/pl\/wp-json\/wp\/v2\/product_brand?post=68900"},{"taxonomy":"product_cat","embeddable":true,"href":"https:\/\/www.bjultrasonic.com\/pl\/wp-json\/wp\/v2\/product_cat?post=68900"},{"taxonomy":"product_tag","embeddable":true,"href":"https:\/\/www.bjultrasonic.com\/pl\/wp-json\/wp\/v2\/product_tag?post=68900"}],"curies":[{"name":"wp","href":"https:\/\/api.w.org\/{rel}","templated":true}]}}