{"id":69000,"date":"2013-02-17T23:02:59","date_gmt":"2013-02-18T04:02:59","guid":{"rendered":"https:\/\/www.bjultrasonic.com\/shop\/biologics-ultrasonic-homogenizer-bjed-20250\/"},"modified":"2026-03-28T20:24:26","modified_gmt":"2026-03-29T01:24:26","slug":"biologics-ultrasonic-homogenizer-bjed-20250","status":"publish","type":"product","link":"https:\/\/www.bjultrasonic.com\/pl\/shop\/biologics-ultrasonic-homogenizer-bjed-20250\/","title":{"rendered":"Ultrad\u017awi\u0119kowy homogenizator do rozbijania kom\u00f3rek BJED-20250"},"content":{"rendered":"<table class=\"table table-striped table-bordered\" border=\"0\" cellspacing=\"0\" cellpadding=\"0\">\n<tbody>\n<tr>\n<td valign=\"top\" width=\"158\">TYP<\/td>\n<td valign=\"top\" width=\"145\">Cz\u0119stotliwo\u015b\u0107 (kHz)<\/td>\n<td valign=\"top\" width=\"136\">Moc (W)<\/td>\n<td valign=\"top\" width=\"130\">Cena detaliczna (USD)<\/td>\n<\/tr>\n<tr>\n<td valign=\"top\" width=\"158\">BJED-20250<\/td>\n<td valign=\"top\" width=\"145\">20<\/td>\n<td valign=\"top\" width=\"136\">250<\/td>\n<td valign=\"top\" width=\"130\">$2050<\/td>\n<\/tr>\n<\/tbody>\n<\/table>\n<p>Aby dostosowa\u0107 lub zam\u00f3wi\u0107 produkcj\u0119 OEM Homogenizatora Ultrad\u017awi\u0119kowego Biologics, odwied\u017a<\/p>\n<blockquote class=\"wp-embedded-content\" data-secret=\"1Qo26VxX1O\"><p><a href=\"https:\/\/www.bjultrasonic.com\/shop\/ultrasonic-cell-disruptor\/\">Ultrasonic Cell Disruptors &#038; Homogenizers<\/a><\/p><\/blockquote>\n<p><iframe loading=\"lazy\" class=\"wp-embedded-content\" sandbox=\"allow-scripts\" security=\"restricted\" style=\"position: absolute; visibility: hidden;\" title=\"&#8220;Ultrasonic Cell Disruptors &#038; Homogenizers&#8221; &#8212; Beijing Ultrasonic\" src=\"https:\/\/www.bjultrasonic.com\/shop\/ultrasonic-cell-disruptor\/embed\/#?secret=UOjd3keYYJ#?secret=1Qo26VxX1O\" data-secret=\"1Qo26VxX1O\" width=\"500\" height=\"282\" frameborder=\"0\" marginwidth=\"0\" marginheight=\"0\" scrolling=\"no\"><\/iframe><\/p>\n<p><strong>Typowe zastosowania Homogenizatora Ultrad\u017awi\u0119kowego Biologics<\/strong><\/p>\n<ul>\n<li>Stosowany do rozbijania wielu rodzaj\u00f3w kom\u00f3rek zwierz\u0119cych i ro\u015blinnych, kom\u00f3rek wirus\u00f3w.<\/li>\n<li>Emulsyfikacja, separacja, topienie, rozci\u0105ganie, wspomaganie maceracji, mycie oraz przyspieszanie reakcji chemicznych itp.<\/li>\n<li>Szeroko stosowany w dziedzinach takich jak biochemia, mikrobiologia, chemia medyczna, chemia powierzchni, fizyka, zoologia itp.<\/li>\n<\/ul>\n<p><iframe loading=\"lazy\" title=\"Ultrasonic Liquid Processor Systems Manufacturers &amp; Suppliers\" width=\"500\" height=\"281\" src=\"https:\/\/www.youtube.com\/embed\/D4drd2L5wrk?feature=oembed\" frameborder=\"0\" allow=\"accelerometer; autoplay; clipboard-write; encrypted-media; gyroscope; picture-in-picture; web-share\" referrerpolicy=\"strict-origin-when-cross-origin\" allowfullscreen><\/iframe><\/p>\n<p><iframe loading=\"lazy\" title=\"Ultrasonic Processor | Biologics Ultrasonic Homogenizer\" width=\"500\" height=\"375\" src=\"https:\/\/www.youtube.com\/embed\/T0snVNfFYIs?feature=oembed\" frameborder=\"0\" allow=\"accelerometer; autoplay; clipboard-write; encrypted-media; gyroscope; picture-in-picture; web-share\" referrerpolicy=\"strict-origin-when-cross-origin\" allowfullscreen><\/iframe><\/p>\n<p>&nbsp;<\/p>\n","protected":false},"excerpt":{"rendered":"<p><a href=\"https:\/\/www.bjultrasonic.com\/pl\/category\/ultrasonic-processors-pl\/cell-pl\/\">Ultrad\u017awi\u0119kowe homogenizatory kom\u00f3rkowe<\/a> poprawiaj\u0105 og\u00f3ln\u0105 jednorodno\u015b\u0107 i stabilno\u015b\u0107 mieszanin poprzez zmniejszanie rozmiar\u00f3w cz\u0105stek w cieczach. Urz\u0105dzenia te s\u0105 skuteczne w rozdrabnianiu DNA\/RNA, homogenizacji, lizie kom\u00f3rek, dyspersji nanocz\u0105stek, ekstrakcji bia\u0142ek oraz og\u00f3lnym przygotowaniu pr\u00f3bek.<\/p>\n","protected":false},"featured_media":5355,"comment_status":"open","ping_status":"closed","template":"","meta":[],"product_brand":[],"product_cat":[6291,6259],"product_tag":[],"class_list":{"0":"post-69000","1":"product","2":"type-product","3":"status-publish","4":"has-post-thumbnail","6":"product_cat-cell-pl","7":"product_cat-ultrasonic-processors-pl","9":"first","10":"instock","11":"shipping-taxable","12":"purchasable","13":"product-type-simple","14":"prodpage-classic"},"aioseo_notices":[],"_links":{"self":[{"href":"https:\/\/www.bjultrasonic.com\/pl\/wp-json\/wp\/v2\/product\/69000","targetHints":{"allow":["GET"]}}],"collection":[{"href":"https:\/\/www.bjultrasonic.com\/pl\/wp-json\/wp\/v2\/product"}],"about":[{"href":"https:\/\/www.bjultrasonic.com\/pl\/wp-json\/wp\/v2\/types\/product"}],"replies":[{"embeddable":true,"href":"https:\/\/www.bjultrasonic.com\/pl\/wp-json\/wp\/v2\/comments?post=69000"}],"wp:featuredmedia":[{"embeddable":true,"href":"https:\/\/www.bjultrasonic.com\/pl\/wp-json\/wp\/v2\/media\/5355"}],"wp:attachment":[{"href":"https:\/\/www.bjultrasonic.com\/pl\/wp-json\/wp\/v2\/media?parent=69000"}],"wp:term":[{"taxonomy":"product_brand","embeddable":true,"href":"https:\/\/www.bjultrasonic.com\/pl\/wp-json\/wp\/v2\/product_brand?post=69000"},{"taxonomy":"product_cat","embeddable":true,"href":"https:\/\/www.bjultrasonic.com\/pl\/wp-json\/wp\/v2\/product_cat?post=69000"},{"taxonomy":"product_tag","embeddable":true,"href":"https:\/\/www.bjultrasonic.com\/pl\/wp-json\/wp\/v2\/product_tag?post=69000"}],"curies":[{"name":"wp","href":"https:\/\/api.w.org\/{rel}","templated":true}]}}