{"id":69100,"date":"2013-02-16T03:03:50","date_gmt":"2013-02-16T08:03:50","guid":{"rendered":"https:\/\/www.bjultrasonic.com\/shop\/ultrasonic-biodiesel-reactor-bjr-1300\/"},"modified":"2026-03-28T20:23:32","modified_gmt":"2026-03-29T01:23:32","slug":"ultrasonic-biodiesel-reactor-bjr-1300","status":"publish","type":"product","link":"https:\/\/www.bjultrasonic.com\/pl\/shop\/ultrasonic-biodiesel-reactor-bjr-1300\/","title":{"rendered":"Ultrad\u017awi\u0119kowy Reaktor Biodiesla BJR-1300"},"content":{"rendered":"<p>Aby dostosowa\u0107 reaktor ultrad\u017awi\u0119kowy i rozpocz\u0105\u0107 produkcj\u0119 OEM, odwied\u017a<\/p>\n<blockquote class=\"wp-embedded-content\" data-secret=\"O1fnVjqtKn\"><p><a href=\"https:\/\/www.bjultrasonic.com\/shop\/ultrasonic-biodiesel-reactor\/\">Ultrasonic Biodiesel Reactor<\/a><\/p><\/blockquote>\n<p><iframe loading=\"lazy\" class=\"wp-embedded-content\" sandbox=\"allow-scripts\" security=\"restricted\" style=\"position: absolute; visibility: hidden;\" title=\"&#8220;Ultrasonic Biodiesel Reactor&#8221; &#8212; Beijing Ultrasonic\" src=\"https:\/\/www.bjultrasonic.com\/shop\/ultrasonic-biodiesel-reactor\/embed\/#?secret=xZObdk0261#?secret=O1fnVjqtKn\" data-secret=\"O1fnVjqtKn\" width=\"500\" height=\"282\" frameborder=\"0\" marginwidth=\"0\" marginheight=\"0\" scrolling=\"no\"><\/iframe><\/p>\n<p>Cena detaliczna <strong>Reaktora Ultrad\u017awi\u0119kowego do Biodiesla BJR-1300<\/strong> obejmuje <strong>Reaktor Ultrad\u017awi\u0119kowy<\/strong> i <strong>Cyfrowy Generator Ultrad\u017awi\u0119kowy.<\/strong><\/p>\n<table class=\"table table-striped table-bordered\" border=\"0\" cellspacing=\"0\" cellpadding=\"0\">\n<tbody>\n<tr>\n<td valign=\"top\" width=\"82\">Typ<\/td>\n<td valign=\"top\" width=\"81\">Cz\u0119stotliwo\u015b\u0107<br \/>\n(KHz)<\/td>\n<td valign=\"top\" width=\"60\">Moc<\/td>\n<td valign=\"top\" width=\"60\">\u015arednica<br \/>\n(mm)<\/td>\n<td valign=\"top\" width=\"63\">D\u0142ugo\u015b\u0107<br \/>\n(mm)<\/td>\n<td valign=\"top\" width=\"90\">Pojemno\u015b\u0107 statyczna (pF\u00b110%)<\/td>\n<\/tr>\n<tr>\n<td valign=\"top\" width=\"82\">BJR-1300<\/td>\n<td valign=\"top\" width=\"81\">27<\/td>\n<td valign=\"top\" width=\"68\">1300<\/td>\n<td valign=\"top\" width=\"90\">\u03a673<\/td>\n<td valign=\"top\" width=\"63\">957<\/td>\n<td valign=\"top\" width=\"80\">68000<\/td>\n<\/tr>\n<\/tbody>\n<\/table>\n<p><img loading=\"lazy\" decoding=\"async\" class=\"alignnone size-full wp-image-5340\" alt=\"Reaktor Ultrad\u017awi\u0119kowy i Cyfrowy Generator Ultrad\u017awi\u0119kowy\" src=\"\/\/www.bjultrasonic.com\/wp-content\/uploads\/2013\/02\/Ultrasonic-Reactor-and-Digital-Ultrasonic-Generator.jpg\" width=\"600\" height=\"400\" \/><\/p>\n<p>Ultrad\u017awi\u0119kowy reaktor do biodiesla produkuje biodiesel w najkr\u00f3tszym mo\u017cliwym czasie i w najbardziej efektywny spos\u00f3b. Fale ultrad\u017awi\u0119kowe dzia\u0142aj\u0105 na zmieszane sk\u0142adniki, powoduj\u0105c powstawanie i implozj\u0119 wielu drobnych p\u0119cherzyk\u00f3w. Zjawisko to nazywa si\u0119 kawitacj\u0105. Kawitacja jednocze\u015bnie miesza i ogrzewa mieszanin\u0119. Oba te procesy powoduj\u0105 transestryfikacj\u0119. Poniewa\u017c ultrad\u017awi\u0119kowy reaktor do biodiesla jednocze\u015bnie miesza i ogrzewa mieszanin\u0119, czas potrzebny do wytworzenia biodiesla jest znacznie skr\u00f3cony. Dlatego zamiast przetwarzania mieszanin partiami, co zajmuje du\u017co czasu, mieszaniny s\u0105 przetwarzane poprzez ci\u0105g\u0142\u0105 transestryfikacj\u0119.<\/p>\n<p><iframe loading=\"lazy\" title=\"Biodiesel Reactor and Processor - Beijing Ultrasonic\" width=\"500\" height=\"375\" src=\"https:\/\/www.youtube.com\/embed\/kEZ8xnum-c4?feature=oembed\" frameborder=\"0\" allow=\"accelerometer; autoplay; clipboard-write; encrypted-media; gyroscope; picture-in-picture; web-share\" referrerpolicy=\"strict-origin-when-cross-origin\" allowfullscreen><\/iframe><\/p>\n<p>&nbsp;<\/p>\n","protected":false},"excerpt":{"rendered":"<p><a href=\"https:\/\/www.bjultrasonic.com\/pl\/category\/ultrasonic-processors-pl\/\">Procesory ultrad\u017awi\u0119kowe<\/a> do produkcji biopaliwa. <a href=\"https:\/\/www.bjultrasonic.com\/pl\/category\/ultrasonic-processors-pl\/biodiesel-pl\/\">Reaktor ultrad\u017awi\u0119kowy do biopaliwa<\/a> wytwarza biodiesel w najkr\u00f3tszym mo\u017cliwym czasie i w najbardziej efektywny spos\u00f3b.<\/p>\n","protected":false},"featured_media":5341,"comment_status":"open","ping_status":"closed","template":"","meta":[],"product_brand":[],"product_cat":[6259,6274],"product_tag":[],"class_list":{"0":"post-69100","1":"product","2":"type-product","3":"status-publish","4":"has-post-thumbnail","6":"product_cat-ultrasonic-processors-pl","7":"product_cat-biodiesel-pl","9":"first","10":"instock","11":"shipping-taxable","12":"purchasable","13":"product-type-simple","14":"prodpage-classic"},"aioseo_notices":[],"_links":{"self":[{"href":"https:\/\/www.bjultrasonic.com\/pl\/wp-json\/wp\/v2\/product\/69100","targetHints":{"allow":["GET"]}}],"collection":[{"href":"https:\/\/www.bjultrasonic.com\/pl\/wp-json\/wp\/v2\/product"}],"about":[{"href":"https:\/\/www.bjultrasonic.com\/pl\/wp-json\/wp\/v2\/types\/product"}],"replies":[{"embeddable":true,"href":"https:\/\/www.bjultrasonic.com\/pl\/wp-json\/wp\/v2\/comments?post=69100"}],"wp:featuredmedia":[{"embeddable":true,"href":"https:\/\/www.bjultrasonic.com\/pl\/wp-json\/wp\/v2\/media\/5341"}],"wp:attachment":[{"href":"https:\/\/www.bjultrasonic.com\/pl\/wp-json\/wp\/v2\/media?parent=69100"}],"wp:term":[{"taxonomy":"product_brand","embeddable":true,"href":"https:\/\/www.bjultrasonic.com\/pl\/wp-json\/wp\/v2\/product_brand?post=69100"},{"taxonomy":"product_cat","embeddable":true,"href":"https:\/\/www.bjultrasonic.com\/pl\/wp-json\/wp\/v2\/product_cat?post=69100"},{"taxonomy":"product_tag","embeddable":true,"href":"https:\/\/www.bjultrasonic.com\/pl\/wp-json\/wp\/v2\/product_tag?post=69100"}],"curies":[{"name":"wp","href":"https:\/\/api.w.org\/{rel}","templated":true}]}}