{"id":69440,"date":"2012-12-06T06:13:05","date_gmt":"2012-12-06T11:13:05","guid":{"rendered":"https:\/\/www.bjultrasonic.com\/shop\/20khz-100w-110v220v-ultrasonic-generator-pcb-circuit\/"},"modified":"2026-03-28T20:20:18","modified_gmt":"2026-03-29T01:20:18","slug":"20khz-100w-110v220v-ultrasonic-generator-pcb-circuit","status":"publish","type":"product","link":"https:\/\/www.bjultrasonic.com\/pl\/shop\/20khz-100w-110v220v-ultrasonic-generator-pcb-circuit\/","title":{"rendered":"20KHz 100W Sterownik Przetwornika Ultrad\u017awi\u0119kowego"},"content":{"rendered":"<h2>Specyfikacja 20KHz 100W 110V\/220V Obwodu Generatora Ultrad\u017awi\u0119kowego<\/h2>\n<table id=\"wp-table-reloaded-id-131-no-1\" class=\"table table-striped table-bordered\">\n<tbody>\n<tr>\n<td>Cz\u0119stotliwo\u015b\u0107<\/td>\n<td>20kHz<\/td>\n<\/tr>\n<tr>\n<td>Moc<\/td>\n<td>100W<\/td>\n<\/tr>\n<tr>\n<td>Nap\u0119dza Przetwornik<\/td>\n<td>Przetwornik ultrad\u017awi\u0119kowy 20kHz<\/td>\n<\/tr>\n<tr>\n<td>Zasilanie<\/td>\n<td>Wej\u015bcie: 110V AC lub 220V AC<\/td>\n<\/tr>\n<tr>\n<td>Waga<\/td>\n<td>300g\/szt.<\/td>\n<\/tr>\n<\/tbody>\n<\/table>\n<h3>Uwaga<\/h3>\n<ul>\n<li><a href=\"https:\/\/www.bjultrasonic.com\/pl\/category\/ultrasonic-generator-pl\/\">Generator ultrad\u017awi\u0119kowy<\/a> nie mo\u017ce by\u0107 w\u0142\u0105czony bez obci\u0105\u017cenia<\/li>\n<li>Po zamontowaniu nie mo\u017cemy w\u0142\u0105czy\u0107 zasilania, dop\u00f3ki nie zostanie wlany p\u0142yn czyszcz\u0105cy<\/li>\n<li><a href=\"https:\/\/www.bjultrasonic.com\/pl\/category\/ultrasonic-transducer-pl\/\">Przetwornik ultrad\u017awi\u0119kowy<\/a> ma dwa wyprowadzenia. Dodatnie znajduje si\u0119 po\u015brodku mi\u0119dzy dwoma p\u0142ytkami ceramicznymi. Ujemne znajduje si\u0119 przy dolnym metalowym s\u0142upku. Prosz\u0119 nie myli\u0107 przy pod\u0142\u0105czaniu przewod\u00f3w.<\/li>\n<li>Wi\u0119ksza strona z otworem na \u015brub\u0119 w ceramicznym przetworniku, kt\u00f3ra ma funkcj\u0119 wibracji, mo\u017ce by\u0107 umieszczona na dnie urz\u0105dzenia czyszcz\u0105cego. Prosz\u0119 upewni\u0107 si\u0119, \u017ce urz\u0105dzenie czyszcz\u0105ce jest bezpiecznie uziemione.<\/li>\n<li>Ceramiczny przetwornik powinien by\u0107 przyklejony do dna urz\u0105dzenia czyszcz\u0105cego za pomoc\u0105 specjalistycznego kleju do przetwornik\u00f3w lub za pomoc\u0105 kleju AB. Jednak efekt jest nieco gorszy. Mo\u017cna r\u00f3wnie\u017c u\u017cy\u0107 \u017cywicy epoksydowej w proporcji 10:4.<\/li>\n<li>Napi\u0119cie robocze p\u0142ytki obwodu drukowanego wynosi 600V. Napi\u0119cie wyj\u015bciowe do przetwornika wynosi 1100V. Prosz\u0119 upewni\u0107 si\u0119, \u017ce urz\u0105dzenie czyszcz\u0105ce jest bezpiecznie uziemione. Prosz\u0119 upewni\u0107 si\u0119, \u017ce w zasilaniu zamontowany jest wy\u0142\u0105cznik ochronny r\u00f3\u017cnicowopr\u0105dowy, aby zapewni\u0107 bezpiecze\u0144stwo.<\/li>\n<\/ul>\n<h3>Jak Po\u0142\u0105czy\u0107 Przetwornik Ultrad\u017awi\u0119kowy z Obwodem Generatora Ultrad\u017awi\u0119kowego<\/h3>\n<p><img loading=\"lazy\" decoding=\"async\" class=\"alignnone size-full wp-image-19292\" src=\"https:\/\/www.bjultrasonic.com\/wp-content\/uploads\/2012\/12\/Connect-Ultrasonic-Transducer-with-Ultrasonic-Generator-Circuit.jpg\" alt=\"\" width=\"748\" height=\"1500\" \/><\/p>\n<h3>P\u0142atno\u015b\u0107<\/h3>\n<p>Akceptujemy obecnie Paypal, przelew bankowy T\/T oraz Western Union.<\/p>\n<p><iframe loading=\"lazy\" title=\"Ultrasonic Signal Generator Circuit - Beijing Ultrasonic\" width=\"500\" height=\"281\" src=\"https:\/\/www.youtube.com\/embed\/A9JdQN5e5G8?feature=oembed\" frameborder=\"0\" allow=\"accelerometer; autoplay; clipboard-write; encrypted-media; gyroscope; picture-in-picture; web-share\" referrerpolicy=\"strict-origin-when-cross-origin\" allowfullscreen><\/iframe><\/p>\n<h3 class=\"shipping-methods\">Wysy\u0142ka<\/h3>\n<p>Towar zostanie wys\u0142any w ci\u0105gu 48 godzin od otrzymania pe\u0142nej p\u0142atno\u015bci.<\/p>\n<ul>\n<li>Wysy\u0142amy towar na adres podany w p\u0142atno\u015bci PayPal. Prosz\u0119 upewni\u0107 si\u0119, \u017ce adres w PayPal jest poprawny.<\/li>\n<li>Prze\u015blemy numer \u015bledzenia przesy\u0142ki po jej wys\u0142aniu. Zazwyczaj otrzymasz towar w ci\u0105gu pi\u0119ciu dni.<\/li>\n<li>Je\u015bli masz jakiekolwiek pytania, prosimy o kontakt mailowy (nasz adres email to <a href=\"mailto:support@bjultrasonic.com\">support@bjultrasonic.com<\/a>)<\/li>\n<\/ul>\n<h3 align=\"left\">Gwarancja Produktu<\/h3>\n<p>Okres gwarancyjny produktu wynosi jeden rok. W okresie gwarancji zakupione produkty mog\u0105 korzysta\u0107 z bezp\u0142atnej naprawy lub wymiany.<\/p>\n<h3>Lista odtwarzania wideo: Sterownik Przetwornika Ultrad\u017awi\u0119kowego<\/h3>\n<p><iframe loading=\"lazy\" width=\"560\" height=\"315\" src=\"https:\/\/www.youtube.com\/embed\/videoseries?list=PLLrjMYkO0_NG56zqmQN9W9F1Xf9eev6dc\" frameborder=\"0\" allow=\"autoplay; encrypted-media\" allowfullscreen><\/iframe><\/p>\n","protected":false},"excerpt":{"rendered":"<p>Obw\u00f3d generatora ultrad\u017awi\u0119kowego, znany r\u00f3wnie\u017c jako obw\u00f3d steruj\u0105cy <a href=\"https:\/\/www.bjultrasonic.com\/pl\/category\/ultrasonic-transducer-pl\/\">przetwornika ultrad\u017awi\u0119kowego<\/a> lub <a href=\"https:\/\/www.bjultrasonic.com\/pl\/category\/ultrasonic-generator-pl\/ultrasonic-generator-circuits-pl\/\">p\u0142yta sterownika mocy do czyszczarek ultrad\u017awi\u0119kowych<\/a>. Dostarcza on <a href=\"https:\/\/www.bjultrasonic.com\/pl\/category\/ultrasonic-generator-pl\/\">cz\u0119stotliwo\u015b\u0107 ultrad\u017awi\u0119kow\u0105<\/a> do nap\u0119dzania przetwornik\u00f3w ultrad\u017awi\u0119kowych wewn\u0105trz <a href=\"https:\/\/www.bjultrasonic.com\/pl\/category\/ultrasonic-cleaning-system-pl\/\">czyszczarek ultrad\u017awi\u0119kowych<\/a>.<\/p>\n","protected":false},"featured_media":19293,"comment_status":"open","ping_status":"closed","template":"","meta":[],"product_brand":[],"product_cat":[6115],"product_tag":[],"class_list":{"0":"post-69440","1":"product","2":"type-product","3":"status-publish","4":"has-post-thumbnail","6":"product_cat-ultrasonic-generator-circuits-pl","8":"first","9":"instock","10":"shipping-taxable","11":"purchasable","12":"product-type-simple","13":"prodpage-classic"},"aioseo_notices":[],"_links":{"self":[{"href":"https:\/\/www.bjultrasonic.com\/pl\/wp-json\/wp\/v2\/product\/69440","targetHints":{"allow":["GET"]}}],"collection":[{"href":"https:\/\/www.bjultrasonic.com\/pl\/wp-json\/wp\/v2\/product"}],"about":[{"href":"https:\/\/www.bjultrasonic.com\/pl\/wp-json\/wp\/v2\/types\/product"}],"replies":[{"embeddable":true,"href":"https:\/\/www.bjultrasonic.com\/pl\/wp-json\/wp\/v2\/comments?post=69440"}],"wp:featuredmedia":[{"embeddable":true,"href":"https:\/\/www.bjultrasonic.com\/pl\/wp-json\/wp\/v2\/media\/19293"}],"wp:attachment":[{"href":"https:\/\/www.bjultrasonic.com\/pl\/wp-json\/wp\/v2\/media?parent=69440"}],"wp:term":[{"taxonomy":"product_brand","embeddable":true,"href":"https:\/\/www.bjultrasonic.com\/pl\/wp-json\/wp\/v2\/product_brand?post=69440"},{"taxonomy":"product_cat","embeddable":true,"href":"https:\/\/www.bjultrasonic.com\/pl\/wp-json\/wp\/v2\/product_cat?post=69440"},{"taxonomy":"product_tag","embeddable":true,"href":"https:\/\/www.bjultrasonic.com\/pl\/wp-json\/wp\/v2\/product_tag?post=69440"}],"curies":[{"name":"wp","href":"https:\/\/api.w.org\/{rel}","templated":true}]}}