{"id":69460,"date":"2012-10-26T22:53:59","date_gmt":"2012-10-27T03:53:59","guid":{"rendered":"https:\/\/www.bjultrasonic.com\/shop\/28khz-100w-ultrasonic-cleaning-transducer-pzt4\/"},"modified":"2026-03-28T20:20:17","modified_gmt":"2026-03-29T01:20:17","slug":"28khz-100w-ultrasonic-cleaning-transducer-pzt4","status":"publish","type":"product","link":"https:\/\/www.bjultrasonic.com\/pl\/shop\/28khz-100w-ultrasonic-cleaning-transducer-pzt4\/","title":{"rendered":"28 kHz 100 W Przetwornik Ultrad\u017awi\u0119kowy do Czyszczenia Piezoelektryczny (PZT-4)"},"content":{"rendered":"<h2>Specyfikacja przetwornika ultrad\u017awi\u0119kowego do czyszczenia 28KHz 100W PZT4<\/h2>\n<table id=\"wp-table-reloaded-id-130-no-1\" class=\"table table-striped table-bordered\">\n<tbody>\n<tr>\n<td>Typ<\/td>\n<td>BJC-28100T- 68HS PZT-4<\/td>\n<\/tr>\n<tr>\n<td>Cz\u0119stotliwo\u015b\u0107<\/td>\n<td>28KHz \u00b1 1KHz<\/td>\n<\/tr>\n<tr>\n<td>Moc<\/td>\n<td>100w<\/td>\n<\/tr>\n<tr>\n<td>Pojemno\u015b\u0107<\/td>\n<td>5200pf (pzt8)<\/td>\n<\/tr>\n<tr>\n<td>Powierzchnia promieniowania<\/td>\n<td>68mm<\/td>\n<\/tr>\n<tr>\n<td>Rezystancja rezonansowa<\/td>\n<td>10-20\u03a9<\/td>\n<\/tr>\n<tr>\n<td>D\u0142ugo\u015b\u0107<\/td>\n<td>66mm<\/td>\n<\/tr>\n<tr>\n<td>Zasilanie<\/td>\n<td>Wej\u015bcie: 220V~240V AC<\/td>\n<\/tr>\n<tr>\n<td>Waga<\/td>\n<td>700g\/szt.<\/td>\n<\/tr>\n<\/tbody>\n<\/table>\n<p><strong><a href=\"https:\/\/drive.google.com\/file\/d\/1pXEpP5HbetTukpQtZKV4hyTdlMm0aYkt\/view\" target=\"_blank\" rel=\"noopener\">Pobierz<\/a> specyfikacj\u0119 i ofert\u0119 cenow\u0105 wszystkich przetwornik\u00f3w ultrad\u017awi\u0119kowych do czyszczenia.<\/strong><\/p>\n<h3>Metody nazewnictwa przetwornika ultrad\u017awi\u0119kowego do czyszczenia<\/h3>\n<p><a href=\"https:\/\/www.bjultrasonic.com\/wp-content\/uploads\/2012\/10\/Naming-Methods-of-Ultrasonic-Cleaning-Transducer.jpg\" data-lightbox=\"image\"><img loading=\"lazy\" decoding=\"async\" title=\"Metody nazewnictwa przetwornika ultrad\u017awi\u0119kowego do czyszczenia\" src=\"\/\/www.bjultrasonic.com\/wp-content\/uploads\/2012\/10\/Naming-Methods-of-Ultrasonic-Cleaning-Transducer.jpg\" alt=\"Metody nazewnictwa przetwornika ultrad\u017awi\u0119kowego do czyszczenia\" width=\"442\" height=\"399\" \/><\/a><\/p>\n<h3>Budowa przetwornika ultrad\u017awi\u0119kowego do czyszczenia<\/h3>\n<p><a href=\"https:\/\/www.bjultrasonic.com\/wp-content\/uploads\/2012\/03\/2012319111.jpg\" data-lightbox=\"image\"><img loading=\"lazy\" decoding=\"async\" class=\"alignnone\" title=\"Budowa przetwornika ultrad\u017awi\u0119kowego do czyszczenia\" src=\"\/\/www.bjultrasonic.com\/wp-content\/uploads\/2012\/10\/Ultrasonic-Cleaning-Transducer-Structure.jpg\" alt=\"Budowa przetwornika ultrad\u017awi\u0119kowego do czyszczenia\" width=\"546\" height=\"203\" \/><\/a><\/p>\n<h3>G\u0142\u00f3wne cechy<\/h3>\n<ul>\n<li>Wysoka wydajno\u015b\u0107: wysoki parametr mechaniczny Q, sprawno\u015b\u0107 przetwarzania energii elektrycznej na akustyczn\u0105 powy\u017cej 95%.<\/li>\n<li>Du\u017ca amplituda: wytrzyma\u0142o\u015b\u0107 przetwornika jest zwi\u0119kszona poprzez bezpo\u015brednie mocowanie wibratora wysokiej pr\u0119dko\u015bci \u015brubami do podstawy k\u0105pieli czyszcz\u0105cej. W por\u00f3wnaniu z wibratorem magnetostrykcyjnym, jego amplituda mo\u017ce by\u0107 zwi\u0119kszona o ponad 50%.<\/li>\n<li>Dobra odporno\u015b\u0107 na ciep\u0142o: szeroki zakres temperatur pracy, niska impedancja rezonansowa i niska wydajno\u015b\u0107 cieplna.<\/li>\n<li>Dobra konstrukcja: mocowanie \u015brubowe, \u0142atwy monta\u017c, wysoka niezawodno\u015b\u0107.<\/li>\n<\/ul>\n<h3>Wysokomocowy przetwornik ultrad\u017awi\u0119kowy<\/h3>\n<p><iframe loading=\"lazy\" title=\"High Power Piezoelectric Ultrasonic Transducer - Beijing Ultrasonic\" width=\"500\" height=\"281\" src=\"https:\/\/www.youtube.com\/embed\/TBLGTvZgOw4?feature=oembed\" frameborder=\"0\" allow=\"accelerometer; autoplay; clipboard-write; encrypted-media; gyroscope; picture-in-picture; web-share\" referrerpolicy=\"strict-origin-when-cross-origin\" allowfullscreen><\/iframe><\/p>\n<h3>P\u0142atno\u015b\u0107<\/h3>\n<p>Akceptujemy p\u0142atno\u015bci przez PayPal, przelew bankowy (T\/T) i Western Union.<\/p>\n<h3 class=\"shipping-methods\">Wysy\u0142ka<\/h3>\n<p>Towar zostanie wys\u0142any w ci\u0105gu 48 godzin od otrzymania pe\u0142nej p\u0142atno\u015bci.<\/p>\n<ul>\n<li>Wysy\u0142amy towar na adres podany w p\u0142atno\u015bci PayPal. Prosimy upewni\u0107 si\u0119, \u017ce adres w PayPal jest poprawny.<\/li>\n<li>Podamy numer przesy\u0142ki po wys\u0142aniu towaru. Og\u00f3lnie rzecz bior\u0105c, otrzymaj\u0105 Pa\u0144stwo towar w ci\u0105gu pi\u0119ciu dni.<\/li>\n<li>W przypadku pyta\u0144 prosimy o kontakt mailowy (nasz adres e-mail to <a href=\"mailto:support@bjultrasonic.com\">support@bjultrasonic.com<\/a>).<\/li>\n<\/ul>\n<h3 align=\"left\">Gwarancja produktu<\/h3>\n<p>Okres gwarancyjny produktu wynosi jeden rok. W okresie gwarancji zakupione produkty mog\u0105 korzysta\u0107 z bezp\u0142atnej naprawy lub wymiany.<\/p>\n","protected":false},"excerpt":{"rendered":"<p><a href=\"https:\/\/www.bjultrasonic.com\/pl\/category\/ultrasonic-transducer-pl\/\">Przetwornik piezoelektryczny<\/a> do czyszczenia ultrad\u017awi\u0119kowego jest wa\u017cn\u0105 cz\u0119\u015bci\u0105 <a href=\"https:\/\/www.bjultrasonic.com\/pl\/category\/ultrasonic-cleaning-system-pl\/\">czyszczarki ultrad\u017awi\u0119kowej<\/a>, przetwornik ultrad\u017awi\u0119kowy zamienia energi\u0119 elektryczn\u0105 z <a href=\"https:\/\/www.bjultrasonic.com\/pl\/category\/ultrasonic-generator-pl\/\">generatora ultrad\u017awi\u0119kowego<\/a> na <a href=\"https:\/\/www.bjultrasonic.com\/pl\/uses-of-ultrasonic-waves\/\">fale ultrad\u017awi\u0119kowe<\/a>.<\/p>\n","protected":false},"featured_media":19391,"comment_status":"open","ping_status":"closed","template":"","meta":[],"product_brand":[],"product_cat":[6317],"product_tag":[],"class_list":{"0":"post-69460","1":"product","2":"type-product","3":"status-publish","4":"has-post-thumbnail","6":"product_cat-ultrasonic-transducer-pl","8":"first","9":"instock","10":"featured","11":"shipping-taxable","12":"purchasable","13":"product-type-simple","14":"prodpage-classic"},"aioseo_notices":[],"_links":{"self":[{"href":"https:\/\/www.bjultrasonic.com\/pl\/wp-json\/wp\/v2\/product\/69460","targetHints":{"allow":["GET"]}}],"collection":[{"href":"https:\/\/www.bjultrasonic.com\/pl\/wp-json\/wp\/v2\/product"}],"about":[{"href":"https:\/\/www.bjultrasonic.com\/pl\/wp-json\/wp\/v2\/types\/product"}],"replies":[{"embeddable":true,"href":"https:\/\/www.bjultrasonic.com\/pl\/wp-json\/wp\/v2\/comments?post=69460"}],"wp:featuredmedia":[{"embeddable":true,"href":"https:\/\/www.bjultrasonic.com\/pl\/wp-json\/wp\/v2\/media\/19391"}],"wp:attachment":[{"href":"https:\/\/www.bjultrasonic.com\/pl\/wp-json\/wp\/v2\/media?parent=69460"}],"wp:term":[{"taxonomy":"product_brand","embeddable":true,"href":"https:\/\/www.bjultrasonic.com\/pl\/wp-json\/wp\/v2\/product_brand?post=69460"},{"taxonomy":"product_cat","embeddable":true,"href":"https:\/\/www.bjultrasonic.com\/pl\/wp-json\/wp\/v2\/product_cat?post=69460"},{"taxonomy":"product_tag","embeddable":true,"href":"https:\/\/www.bjultrasonic.com\/pl\/wp-json\/wp\/v2\/product_tag?post=69460"}],"curies":[{"name":"wp","href":"https:\/\/api.w.org\/{rel}","templated":true}]}}