{"id":69480,"date":"2012-10-01T23:18:05","date_gmt":"2012-10-02T04:18:05","guid":{"rendered":"https:\/\/www.bjultrasonic.com\/shop\/high-frequency-ultrasonic-generator-pcb-circuit\/"},"modified":"2026-03-28T20:19:47","modified_gmt":"2026-03-29T01:19:47","slug":"high-frequency-ultrasonic-generator-pcb-circuit","status":"publish","type":"product","link":"https:\/\/www.bjultrasonic.com\/pl\/shop\/high-frequency-ultrasonic-generator-pcb-circuit\/","title":{"rendered":"54KHz~135KHz Wysokocz\u0119stotliwo\u015bciowy Obw\u00f3d Generatora Ultrad\u017awi\u0119kowego"},"content":{"rendered":"<h2>Specyfikacja wysokocz\u0119stotliwo\u015bciowej p\u0142ytki PCB generatora ultrad\u017awi\u0119kowego<\/h2>\n<table id=\"wp-table-reloaded-id-129-no-1\" class=\"table table-striped table-bordered\">\n<tbody>\n<tr>\n<td>Cz\u0119stotliwo\u015b\u0107<\/td>\n<td>Od 54kHz do 135kHz<\/td>\n<\/tr>\n<tr>\n<td>Moc<\/td>\n<td>Od 100W do 2400W<\/td>\n<\/tr>\n<tr>\n<td>Nap\u0119dza przetwornik<\/td>\n<td>Przetwornik ultrad\u017awi\u0119kowy 54kHz<br \/>\nPrzetwornik ultrad\u017awi\u0119kowy 68kHz<br \/>\nPrzetwornik ultrad\u017awi\u0119kowy 120kHz<br \/>\nPrzetwornik ultrad\u017awi\u0119kowy 135kHz<br \/>\nPrzetwornik ultrad\u017awi\u0119kowy 80kHz<br \/>\nLub inny przetwornik ultrad\u017awi\u0119kowy<\/td>\n<\/tr>\n<tr>\n<td>Zasilanie<\/td>\n<td>Wej\u015bcie: 110V AC lub 220 V AC<\/td>\n<\/tr>\n<tr>\n<td>Waga<\/td>\n<td>400g\/szt.<\/td>\n<\/tr>\n<\/tbody>\n<\/table>\n<h3>Uwaga: przy zakupie p\u0142ytki PCB generatora ultrad\u017awi\u0119kowego prosz\u0119 poda\u0107 wymagan\u0105 cz\u0119stotliwo\u015b\u0107<\/h3>\n<h3>P\u0142atno\u015b\u0107<\/h3>\n<p>Akceptujemy p\u0142atno\u015bci Paypal, T\/T oraz Western Union.<\/p>\n<p><iframe loading=\"lazy\" title=\"Ultrasonic Signal Generator Circuit - Beijing Ultrasonic\" width=\"500\" height=\"281\" src=\"https:\/\/www.youtube.com\/embed\/A9JdQN5e5G8?feature=oembed\" frameborder=\"0\" allow=\"accelerometer; autoplay; clipboard-write; encrypted-media; gyroscope; picture-in-picture; web-share\" referrerpolicy=\"strict-origin-when-cross-origin\" allowfullscreen><\/iframe><\/p>\n<h3 class=\"shipping-methods\">Wysy\u0142ka<\/h3>\n<p>Towar zostanie wys\u0142any w ci\u0105gu 48 godzin od otrzymania pe\u0142nej p\u0142atno\u015bci.<\/p>\n<ul>\n<li>Wysy\u0142amy towar na adres podany w p\u0142atno\u015bci PayPal. Prosimy upewni\u0107 si\u0119, \u017ce adres w PayPal jest poprawny.<\/li>\n<li>Po wys\u0142aniu towaru przeka\u017cemy numer \u015bledzenia; zazwyczaj towar dotrze w ci\u0105gu pi\u0119ciu dni.<\/li>\n<li>W przypadku pyta\u0144 prosimy o kontakt mailowy (nasz adres e-mail: <a href=\"mailto:support@bjultrasonic.com\">support@bjultrasonic.com<\/a>)<\/li>\n<\/ul>\n<h3 align=\"left\">Gwarancja produktu<\/h3>\n<p>Okres gwarancyjny wynosi jeden rok. W tym okresie zakupione produkty mog\u0105 korzysta\u0107 z bezp\u0142atnej naprawy lub wymiany.<\/p>\n<h3>Playlista wideo: Sterownik przetwornika ultrad\u017awi\u0119kowego<\/h3>\n<p><iframe loading=\"lazy\" width=\"560\" height=\"315\" src=\"https:\/\/www.youtube.com\/embed\/videoseries?list=PLLrjMYkO0_NG56zqmQN9W9F1Xf9eev6dc\" frameborder=\"0\" allow=\"autoplay; encrypted-media\" allowfullscreen><\/iframe><\/p>\n","protected":false},"excerpt":{"rendered":"<p>Uk\u0142ad generatora ultrad\u017awi\u0119kowego, znany r\u00f3wnie\u017c jako uk\u0142ad sterownika <a href=\"https:\/\/www.bjultrasonic.com\/pl\/category\/ultrasonic-transducer-pl\/\">przetwornika ultrad\u017awi\u0119kowego<\/a> lub <a href=\"https:\/\/www.bjultrasonic.com\/pl\/category\/ultrasonic-generator-pl\/ultrasonic-generator-circuits-pl\/\">p\u0142yta nap\u0119dowa mocy do czyszczenia ultrad\u017awi\u0119kowego<\/a>. Dostarcza <a href=\"https:\/\/www.bjultrasonic.com\/pl\/category\/ultrasonic-generator-pl\/\">cz\u0119stotliwo\u015b\u0107 ultrad\u017awi\u0119kow\u0105<\/a> do nap\u0119dzania przetwornik\u00f3w ultrad\u017awi\u0119kowych wewn\u0105trz <a href=\"https:\/\/www.bjultrasonic.com\/pl\/category\/ultrasonic-cleaning-system-pl\/\">urz\u0105dze\u0144 do czyszczenia ultrad\u017awi\u0119kowego<\/a>.<\/p>\n","protected":false},"featured_media":1310,"comment_status":"open","ping_status":"closed","template":"","meta":[],"product_brand":[],"product_cat":[6115],"product_tag":[],"class_list":{"0":"post-69480","1":"product","2":"type-product","3":"status-publish","4":"has-post-thumbnail","6":"product_cat-ultrasonic-generator-circuits-pl","8":"first","9":"instock","10":"shipping-taxable","11":"product-type-external","12":"prodpage-classic"},"aioseo_notices":[],"_links":{"self":[{"href":"https:\/\/www.bjultrasonic.com\/pl\/wp-json\/wp\/v2\/product\/69480","targetHints":{"allow":["GET"]}}],"collection":[{"href":"https:\/\/www.bjultrasonic.com\/pl\/wp-json\/wp\/v2\/product"}],"about":[{"href":"https:\/\/www.bjultrasonic.com\/pl\/wp-json\/wp\/v2\/types\/product"}],"replies":[{"embeddable":true,"href":"https:\/\/www.bjultrasonic.com\/pl\/wp-json\/wp\/v2\/comments?post=69480"}],"wp:featuredmedia":[{"embeddable":true,"href":"https:\/\/www.bjultrasonic.com\/pl\/wp-json\/wp\/v2\/media\/1310"}],"wp:attachment":[{"href":"https:\/\/www.bjultrasonic.com\/pl\/wp-json\/wp\/v2\/media?parent=69480"}],"wp:term":[{"taxonomy":"product_brand","embeddable":true,"href":"https:\/\/www.bjultrasonic.com\/pl\/wp-json\/wp\/v2\/product_brand?post=69480"},{"taxonomy":"product_cat","embeddable":true,"href":"https:\/\/www.bjultrasonic.com\/pl\/wp-json\/wp\/v2\/product_cat?post=69480"},{"taxonomy":"product_tag","embeddable":true,"href":"https:\/\/www.bjultrasonic.com\/pl\/wp-json\/wp\/v2\/product_tag?post=69480"}],"curies":[{"name":"wp","href":"https:\/\/api.w.org\/{rel}","templated":true}]}}