{"id":69720,"date":"2012-08-08T03:46:30","date_gmt":"2012-08-08T08:46:30","guid":{"rendered":"https:\/\/www.bjultrasonic.com\/shop\/ultrasonic-welding-transducer\/"},"modified":"2026-03-28T20:17:33","modified_gmt":"2026-03-29T01:17:33","slug":"ultrasonic-welding-transducer","status":"publish","type":"product","link":"https:\/\/www.bjultrasonic.com\/pl\/shop\/ultrasonic-welding-transducer\/","title":{"rendered":"Przetwornik Spawania Ultrad\u017awi\u0119kowego"},"content":{"rendered":"<p><iframe loading=\"lazy\" title=\"Ultrasonic Welding Machine for Face Mask Manufacturing\" width=\"500\" height=\"375\" src=\"https:\/\/www.youtube.com\/embed\/6luA2gpAZdU?feature=oembed\" frameborder=\"0\" allow=\"accelerometer; autoplay; clipboard-write; encrypted-media; gyroscope; picture-in-picture; web-share\" referrerpolicy=\"strict-origin-when-cross-origin\" allowfullscreen><\/iframe><\/p>\n<p><strong>Przetworniki do Spawania Ultrad\u017awi\u0119kowego<\/strong> s\u0105 zaprojektowane do pracy przy okre\u015blonej cz\u0119stotliwo\u015bci od 15 do 300 kHz dla r\u00f3\u017cnych system\u00f3w i zastosowa\u0144. Wi\u0119kszo\u015b\u0107 system\u00f3w spawania metali pracuje przy cz\u0119stotliwo\u015bciach od 20 do 70 kHz, przy czym 20 kHz jest cz\u0119stotliwo\u015bci\u0105 najcz\u0119\u015bciej spotykan\u0105.<br \/>\n<img loading=\"lazy\" decoding=\"async\" class=\"alignnone size-full wp-image-5273\" src=\"\/\/www.bjultrasonic.com\/wp-content\/uploads\/2012\/08\/Ultrasonic-Welding-Transducer.jpg\" alt=\"Przetwornik do Spawania Ultrad\u017awi\u0119kowego\" width=\"700\" height=\"419\" \/><\/p>\n<h3>Czym jest Spawanie Ultrad\u017awi\u0119kowe?<\/h3>\n<p>Spawanie ultrad\u017awi\u0119kowe to przemys\u0142owa technika, w kt\u00f3rej wysokocz\u0119stotliwo\u015bciowe drgania akustyczne ultrad\u017awi\u0119kowe s\u0105 lokalnie przyk\u0142adane do element\u00f3w \u0142\u0105czonych pod ci\u015bnieniem w celu wytworzenia z\u0142\u0105cza w stanie sta\u0142ym. Jest powszechnie stosowane w przypadku tworzyw sztucznych, a zw\u0142aszcza do \u0142\u0105czenia r\u00f3\u017cnych materia\u0142\u00f3w. W spawaniu ultrad\u017awi\u0119kowym do po\u0142\u0105czenia materia\u0142\u00f3w nie s\u0105 potrzebne \u015bruby, gwo\u017adzie, materia\u0142y lutownicze ani kleje.<\/p>\n<p><img loading=\"lazy\" decoding=\"async\" class=\"size-full wp-image-1578 alignnone\" title=\"Sprz\u0119t do spawania ultrad\u017awi\u0119kowego\" src=\"\/\/www.bjultrasonic.com\/wp-content\/uploads\/2012\/08\/Principles-of-Ultrasonic-Welding.jpg\" alt=\"Sprz\u0119t do spawania ultrad\u017awi\u0119kowego\" width=\"573\" height=\"266\" \/><\/p>\n<p><strong>Wyposa\u017cenie do spawania ultrad\u017awi\u0119kowego<\/strong> sk\u0142ada si\u0119 z prasy, <a href=\"https:\/\/www.bjultrasonic.com\/pl\/shop\/ultrasonic-welding-generator\/\" target=\"_blank\" rel=\"noopener\">Generatora do Spawania Ultrad\u017awi\u0119kowego<\/a>, <strong>Przetwornika do Spawania Ultrad\u017awi\u0119kowego<\/strong>, <a href=\"https:\/\/www.bjultrasonic.com\/pl\/shop\/ultrasonic-horn\/\" target=\"_blank\" rel=\"noopener\">Wzmacniacza Ultrad\u017awi\u0119kowego (Rogu)<\/a> oraz oprzyrz\u0105dowania podporowego i wzmacniacza.<\/p>\n<h2>Specyfikacja Przetwornika do Spawania Ultrad\u017awi\u0119kowego<\/h2>\n<table id=\"wp-table-reloaded-id-126-no-1\" class=\"table table-striped table-bordered\">\n<tbody>\n<tr>\n<td>Typ<\/td>\n<td>Pojemno\u015b\u0107<br \/>\n\uff08pF\uff09<\/td>\n<td>Impedancja<br \/>\nRezonansowa<br \/>\n\uff08\u03a9\uff09<\/td>\n<td>D\u0142ugo\u015b\u0107 ca\u0142kowita<br \/>\n\uff08mm\uff09<\/td>\n<td>\u015aruba \u0142\u0105cz\u0105ca<br \/>\n\uff08mm\uff09<\/td>\n<td>Cz\u0119stotliwo\u015b\u0107<br \/>\n\uff08KHz\uff09<\/td>\n<td>Moc wej\u015bciowa\uff08W\uff09<\/td>\n<\/tr>\n<tr>\n<td>BJW-152500F-70S PZT8<\/td>\n<td>13000<\/td>\n<td>15<\/td>\n<td>153<\/td>\n<td>M20\u00d71.5<\/td>\n<td>15<\/td>\n<td>2500<\/td>\n<\/tr>\n<tr>\n<td>BJW-152000F-60S PZT8<\/td>\n<td>9500<\/td>\n<td>10<\/td>\n<td>167<\/td>\n<td>M20\u00d71.5<\/td>\n<td>15<\/td>\n<td>2000<\/td>\n<\/tr>\n<tr>\n<td>BJW-151500F-50S PZT8<\/td>\n<td>12500<\/td>\n<td>12<\/td>\n<td>171<\/td>\n<td>M18\u00d71.5<\/td>\n<td>15<\/td>\n<td>1500<\/td>\n<\/tr>\n<tr>\n<td>BJW-201800F-60S PZT4<\/td>\n<td>15000<\/td>\n<td>15<\/td>\n<td>118<\/td>\n<td>M20\u00d71.5<\/td>\n<td>20<\/td>\n<td>1800<\/td>\n<\/tr>\n<tr>\n<td>BJW-202000F-55SPZT8<\/td>\n<td>11000<\/td>\n<td>10<\/td>\n<td>128<\/td>\n<td>M18\u00d71<\/td>\n<td>20<\/td>\n<td>2000<\/td>\n<\/tr>\n<tr>\n<td>BJW-201500F-50SPZT8<\/td>\n<td>10000<\/td>\n<td>12<\/td>\n<td>124<\/td>\n<td>M18\u00d71.5<\/td>\n<td>20<\/td>\n<td>1500<\/td>\n<\/tr>\n<tr>\n<td>BJW-20700F-40SHPZT8<\/td>\n<td>9000<\/td>\n<td>15<\/td>\n<td>112<\/td>\n<td>1\/2-20 UNF<\/td>\n<td>20<\/td>\n<td>700<\/td>\n<\/tr>\n<tr>\n<td>BJW-20900F-40SH PZT8<\/td>\n<td>10000<\/td>\n<td>15<\/td>\n<td>133<\/td>\n<td>1\/2-20 UNF<\/td>\n<td>20<\/td>\n<td>900<\/td>\n<\/tr>\n<tr>\n<td>BJW-20600D-50D PZT8<\/td>\n<td>6000<\/td>\n<td>15<\/td>\n<td>121<\/td>\n<td>M18\u00d71.5<\/td>\n<td>20<\/td>\n<td>600<\/td>\n<\/tr>\n<tr>\n<td>BJW-30500F-30S PZT8<\/td>\n<td>5500<\/td>\n<td>5<\/td>\n<td>77<\/td>\n<td>M10\u00d71.5<\/td>\n<td>30<\/td>\n<td>500<\/td>\n<\/tr>\n<tr>\n<td>BJW-28200D-30S PZT4<\/td>\n<td>3000<\/td>\n<td>20<\/td>\n<td>92.1<\/td>\n<td>M10\u00d71<\/td>\n<td>28<\/td>\n<td>200<\/td>\n<\/tr>\n<tr>\n<td>BJW-28100D-25S PZT8<\/td>\n<td>2200<\/td>\n<td>25<\/td>\n<td>91<\/td>\n<td>M8\u00d71<\/td>\n<td>28<\/td>\n<td>100<\/td>\n<\/tr>\n<tr>\n<td>BJW-28250D-38SPZT8<\/td>\n<td>4000<\/td>\n<td>20<\/td>\n<td>94<\/td>\n<td>1\/2-20 UNF<\/td>\n<td>28<\/td>\n<td>250<\/td>\n<\/tr>\n<tr>\n<td>BJW-202000L-50HPZT8<\/td>\n<td>20000<\/td>\n<td>10<\/td>\n<td>128<\/td>\n<td>1\/2-20 UNF<\/td>\n<td>20<\/td>\n<td>2000<\/td>\n<\/tr>\n<tr>\n<td>BJW-201500L-40HPZT8<\/td>\n<td>16000<\/td>\n<td>10<\/td>\n<td>124<\/td>\n<td>1\/2-20 UNF<\/td>\n<td>20<\/td>\n<td>1500<\/td>\n<\/tr>\n<tr>\n<td>BJW-201300F-50HPZT8<\/td>\n<td>12500<\/td>\n<td>10<\/td>\n<td>128<\/td>\n<td>1\/2-20 UNF<\/td>\n<td>20<\/td>\n<td>1300<\/td>\n<\/tr>\n<tr>\n<td>BJW-201500F-50HPZT8<\/td>\n<td>11000<\/td>\n<td>10<\/td>\n<td>132<\/td>\n<td>1\/2-20 UNF<\/td>\n<td>20<\/td>\n<td>1500<\/td>\n<\/tr>\n<tr>\n<td>BJW-209000F2040HPZT8<\/td>\n<td>9500<\/td>\n<td>10<\/td>\n<td>123<\/td>\n<td>1\/2-20 UNF<\/td>\n<td>20<\/td>\n<td>900<\/td>\n<\/tr>\n<tr>\n<td>BJW-152000F-60HPZT4<\/td>\n<td>10000<\/td>\n<td>12<\/td>\n<td>171<\/td>\n<td>M18\u00d71.5<\/td>\n<td>15<\/td>\n<td>2000<\/td>\n<\/tr>\n<tr>\n<td>BJW-35100D-25SHPZT8<\/td>\n<td>2200<\/td>\n<td>25<\/td>\n<td>71<\/td>\n<td>M8\u00d71<\/td>\n<td>35<\/td>\n<td>100<\/td>\n<\/tr>\n<tr>\n<td>BJW-38100D-20SHPZT8<\/td>\n<td>1200<\/td>\n<td>40<\/td>\n<td>66<\/td>\n<td>M8\u00d71.25<\/td>\n<td>38<\/td>\n<td>100<\/td>\n<\/tr>\n<tr>\n<td>BJW-38200D-30H PZT4<\/td>\n<td>3300<\/td>\n<td>14<\/td>\n<td>65<\/td>\n<td>M8\u00d71<\/td>\n<td>38<\/td>\n<td><\/td>\n<\/tr>\n<\/tbody>\n<\/table>\n<h3>Filmy o Maszynach do Spawania Ultrad\u017awi\u0119kowego<\/h3>\n<p><iframe loading=\"lazy\" title=\"Ultrasonic Welding Machine Wholesale - Beijing Ultrasonic\" width=\"500\" height=\"281\" src=\"https:\/\/www.youtube.com\/embed\/v8iNkjdDut4?feature=oembed\" frameborder=\"0\" allow=\"accelerometer; autoplay; clipboard-write; encrypted-media; gyroscope; picture-in-picture; web-share\" referrerpolicy=\"strict-origin-when-cross-origin\" allowfullscreen><\/iframe><\/p>\n<h3>P\u0142atno\u015b\u0107<\/h3>\n<p>Akceptujemy p\u0142atno\u015bci PayPal, przelew bankowy (T\/T) oraz Western Union.<\/p>\n<h3 class=\"shipping-methods\">Wysy\u0142ka<\/h3>\n<p>Towar zostanie wys\u0142any w ci\u0105gu 48 godzin od otrzymania pe\u0142nej p\u0142atno\u015bci.<\/p>\n<ul>\n<li>Wysy\u0142amy towar na adres podany w p\u0142atno\u015bci PayPal. Prosimy upewni\u0107 si\u0119, \u017ce adres w PayPal jest prawid\u0142owy.<\/li>\n<li>Prze\u015blemy numer \u015bledzenia przesy\u0142ki po jej wys\u0142aniu. Zazwyczaj towar dotrze w ci\u0105gu pi\u0119ciu dni.<\/li>\n<li>W przypadku pyta\u0144 prosimy o kontakt mailowy (nasz adres e-mail to <a href=\"mailto:support@bjultrasonic.com\">support@bjultrasonic.com<\/a>).<\/li>\n<\/ul>\n<h3>Gwarancja na Produkt<\/h3>\n<p>Okres gwarancji na produkt wynosi jeden rok. W okresie gwarancyjnym zakupione produkty mog\u0105 korzysta\u0107 z bezp\u0142atnej naprawy lub wymiany.<\/p>\n","protected":false},"excerpt":{"rendered":"<p>Przetworniki do Spawania Ultrad\u017awi\u0119kowego s\u0105 zaprojektowane do pracy przy okre\u015blonej cz\u0119stotliwo\u015bci od 15 do 300 kHz dla r\u00f3\u017cnych system\u00f3w i zastosowa\u0144. Wi\u0119kszo\u015b\u0107 system\u00f3w spawania metali pracuje przy cz\u0119stotliwo\u015bciach od 20 do 70 kHz, przy czym 20 kHz jest cz\u0119stotliwo\u015bci\u0105 najcz\u0119\u015bciej spotykan\u0105. Czym jest Spawanie Ultrad\u017awi\u0119kowe? Spawanie ultrad\u017awi\u0119kowe to przemys\u0142owa technika, w kt\u00f3rej wysokocz\u0119stotliwo\u015bciowe drgania akustyczne<\/p>\n","protected":false},"featured_media":42268,"comment_status":"open","ping_status":"closed","template":"","meta":[],"product_brand":[],"product_cat":[5629],"product_tag":[],"class_list":{"0":"post-69720","1":"product","2":"type-product","3":"status-publish","4":"has-post-thumbnail","6":"product_cat-ultrasonic-welding-equipment-pl","8":"first","9":"instock","10":"shipping-taxable","11":"product-type-external","12":"prodpage-classic"},"aioseo_notices":[],"_links":{"self":[{"href":"https:\/\/www.bjultrasonic.com\/pl\/wp-json\/wp\/v2\/product\/69720","targetHints":{"allow":["GET"]}}],"collection":[{"href":"https:\/\/www.bjultrasonic.com\/pl\/wp-json\/wp\/v2\/product"}],"about":[{"href":"https:\/\/www.bjultrasonic.com\/pl\/wp-json\/wp\/v2\/types\/product"}],"replies":[{"embeddable":true,"href":"https:\/\/www.bjultrasonic.com\/pl\/wp-json\/wp\/v2\/comments?post=69720"}],"wp:featuredmedia":[{"embeddable":true,"href":"https:\/\/www.bjultrasonic.com\/pl\/wp-json\/wp\/v2\/media\/42268"}],"wp:attachment":[{"href":"https:\/\/www.bjultrasonic.com\/pl\/wp-json\/wp\/v2\/media?parent=69720"}],"wp:term":[{"taxonomy":"product_brand","embeddable":true,"href":"https:\/\/www.bjultrasonic.com\/pl\/wp-json\/wp\/v2\/product_brand?post=69720"},{"taxonomy":"product_cat","embeddable":true,"href":"https:\/\/www.bjultrasonic.com\/pl\/wp-json\/wp\/v2\/product_cat?post=69720"},{"taxonomy":"product_tag","embeddable":true,"href":"https:\/\/www.bjultrasonic.com\/pl\/wp-json\/wp\/v2\/product_tag?post=69720"}],"curies":[{"name":"wp","href":"https:\/\/api.w.org\/{rel}","templated":true}]}}