{"id":69740,"date":"2012-08-07T22:44:18","date_gmt":"2012-08-08T03:44:18","guid":{"rendered":"https:\/\/www.bjultrasonic.com\/shop\/ultrasonic-beauty-transducer\/"},"modified":"2026-03-28T20:17:32","modified_gmt":"2026-03-29T01:17:32","slug":"ultrasonic-beauty-transducer","status":"publish","type":"product","link":"https:\/\/www.bjultrasonic.com\/pl\/shop\/ultrasonic-beauty-transducer\/","title":{"rendered":"Przetwornik ultrad\u017awi\u0119kowy do zabieg\u00f3w kosmetycznych"},"content":{"rendered":"<h2>Specyfikacja Przetwornika Ultrad\u017awi\u0119kowego do Urody<\/h2>\n<table class=\"table table-striped table-bordered\" border=\"0\" cellspacing=\"0\" cellpadding=\"0\">\n<tbody>\n<tr>\n<td valign=\"top\" width=\"85\"><strong>Typ<\/strong><\/td>\n<td valign=\"top\" width=\"112\"><strong>Pojemno\u015b\u0107 (pF)<\/strong><\/td>\n<td valign=\"top\" width=\"113\"><strong>Cz\u0119stotliwo\u015b\u0107 (MHz)<\/strong><\/td>\n<td valign=\"top\" width=\"96\"><strong>Rezystancja (\u03a9)<\/strong><\/td>\n<\/tr>\n<tr>\n<td valign=\"top\" width=\"85\">BJB-1 P4<\/td>\n<td valign=\"top\" width=\"112\">3300<\/td>\n<td valign=\"top\" width=\"113\">1MHZ<\/td>\n<td valign=\"top\" width=\"96\">10<\/td>\n<\/tr>\n<tr>\n<td valign=\"top\" width=\"85\">BJB-3 P4<\/td>\n<td valign=\"top\" width=\"112\">8000<\/td>\n<td valign=\"top\" width=\"113\">3MHZ<\/td>\n<td valign=\"top\" width=\"96\">4<\/td>\n<\/tr>\n<tr>\n<td valign=\"top\" width=\"85\">BJB-5 P4<\/td>\n<td valign=\"top\" width=\"112\">2100<\/td>\n<td valign=\"top\" width=\"113\">5MHZ<\/td>\n<td valign=\"top\" width=\"96\">4<\/td>\n<\/tr>\n<tr>\n<td valign=\"top\" width=\"85\">BJB-33 P4<\/td>\n<td valign=\"top\" width=\"112\">3200<\/td>\n<td valign=\"top\" width=\"113\">33KHZ<\/td>\n<td valign=\"top\" width=\"96\">15<\/td>\n<\/tr>\n<tr>\n<td valign=\"top\" width=\"85\">BJB-40 P4<\/td>\n<td valign=\"top\" width=\"112\">5400<\/td>\n<td valign=\"top\" width=\"113\">40KHZ<\/td>\n<td valign=\"top\" width=\"96\">16<\/td>\n<\/tr>\n<tr>\n<td valign=\"top\" width=\"85\">BJB-80 P4<\/td>\n<td valign=\"top\" width=\"112\">3800<\/td>\n<td valign=\"top\" width=\"113\">80KHZ<\/td>\n<td valign=\"top\" width=\"96\">15<\/td>\n<\/tr>\n<tr>\n<td valign=\"top\" width=\"85\">BJB-28 P4<\/td>\n<td valign=\"top\" width=\"112\">3800<\/td>\n<td valign=\"top\" width=\"113\">28KHZ<\/td>\n<td valign=\"top\" width=\"96\">15<\/td>\n<\/tr>\n<\/tbody>\n<\/table>\n<p><strong>Przetwornik Ultrad\u017awi\u0119kowy do Urody<\/strong> jest u\u017cywany do cel\u00f3w kosmetycznych, fitness i odchudzania. Mo\u017ce kontrolowa\u0107 kszta\u0142t i rozmiar, podobnie jak konwencjonalne serie do czyszczenia, do \u0142\u0105czenia z metalow\u0105 pokryw\u0105 ze stali nierdzewnej.<\/p>\n<p><img loading=\"lazy\" decoding=\"async\" class=\" alignnone\" title=\"Przetwornik Ultrad\u017awi\u0119kowy do Urody\" src=\"\/\/www.bjultrasonic.com\/wp-content\/uploads\/2012\/08\/Ultrasonic-Beauty-Transducer.jpg\" alt=\"Przetwornik Ultrad\u017awi\u0119kowy do Urody\" width=\"600\" height=\"359\" \/><\/p>\n<h3>Generator ultrad\u017awi\u0119kowy 1MHZ <a href=\"https:\/\/www.bjultrasonic.com\/pl\/category\/ultrasonic-generator-pl\/\">pod\u0142\u0105czony do przetwornika ultrad\u017awi\u0119kowego do urody<\/a><\/h3>\n<p><img loading=\"lazy\" decoding=\"async\" class=\"size-full wp-image-1274 alignnone\" title=\"Generator ultrad\u017awi\u0119kowy 1MHZ\" src=\"\/\/www.bjultrasonic.com\/wp-content\/uploads\/2012\/08\/1MHz-ultrasonic-generator.jpg\" alt=\"Generator ultrad\u017awi\u0119kowy 1MHZ\" width=\"360\" height=\"270\" \/><\/p>\n<ul>\n<li>Napi\u0119cie robocze: 15V<\/li>\n<li>Pr\u0105d roboczy: 80MA<\/li>\n<li>Cz\u0119stotliwo\u015b\u0107 robocza: 1MHZ<\/li>\n<li>Silny efekt ultrad\u017awi\u0119kowy i niska temperatura.<\/li>\n<\/ul>\n<h3>Generator ultrad\u017awi\u0119kowy 3Mhz pod\u0142\u0105czony do przetwornika ultrad\u017awi\u0119kowego do urody<\/h3>\n<p><img loading=\"lazy\" decoding=\"async\" class=\"alignnone size-full wp-image-1275\" title=\"Generator ultrad\u017awi\u0119kowy 3Mhz\" src=\"\/\/www.bjultrasonic.com\/wp-content\/uploads\/2012\/08\/3Mhz-ultrasonic-generator.jpg\" alt=\"Generator ultrad\u017awi\u0119kowy 3Mhz\" width=\"360\" height=\"270\" \/><\/p>\n<ul>\n<li>Napi\u0119cie robocze: 12V<\/li>\n<li>Pr\u0105d roboczy: 80MA<\/li>\n<li>Cz\u0119stotliwo\u015b\u0107 robocza: 3MHZ<\/li>\n<li>Silny efekt ultrad\u017awi\u0119kowy i niska temperatura<\/li>\n<\/ul>\n<h3>Generator ultrad\u017awi\u0119kowy 5MHZ pod\u0142\u0105czony do przetwornika ultrad\u017awi\u0119kowego do urody<\/h3>\n<p><img loading=\"lazy\" decoding=\"async\" class=\"alignnone size-full wp-image-1276\" title=\"Generator ultrad\u017awi\u0119kowy 5MHZ\" src=\"\/\/www.bjultrasonic.com\/wp-content\/uploads\/2012\/08\/5MHZ-ultrasonic-generator.jpg\" alt=\"Generator ultrad\u017awi\u0119kowy 5MHZ\" width=\"360\" height=\"270\" \/><\/p>\n<ul>\n<li>Napi\u0119cie robocze: 220V<\/li>\n<li>Pr\u0105d roboczy: 200MA<\/li>\n<li>Cz\u0119stotliwo\u015b\u0107 robocza: 5MHZ<\/li>\n<li>Silny efekt ultrad\u017awi\u0119kowy i niska temperatura.<\/li>\n<\/ul>\n<p><iframe loading=\"lazy\" title=\"Ultrasonic Beauty Transducer Manufacturer &amp; Supplier\" width=\"500\" height=\"375\" src=\"https:\/\/www.youtube.com\/embed\/SC3o3baxfvU?feature=oembed\" frameborder=\"0\" allow=\"accelerometer; autoplay; clipboard-write; encrypted-media; gyroscope; picture-in-picture; web-share\" referrerpolicy=\"strict-origin-when-cross-origin\" allowfullscreen><\/iframe><\/p>\n<h3>P\u0142atno\u015b\u0107<\/h3>\n<p>Akceptujemy p\u0142atno\u015bci PayPal, przelew bankowy (T\/T) oraz Western Union.<\/p>\n<h3 class=\"shipping-methods\">Wysy\u0142ka<\/h3>\n<p>Towar zostanie wys\u0142any w ci\u0105gu 48 godzin od otrzymania pe\u0142nej p\u0142atno\u015bci.<\/p>\n<ul>\n<li>Wysy\u0142amy towar na adres podany w p\u0142atno\u015bci PayPal. Prosimy upewni\u0107 si\u0119, \u017ce adres w PayPal jest poprawny.<\/li>\n<li>Prze\u015blemy numer przesy\u0142ki po wys\u0142aniu towaru; zazwyczaj otrzymasz towar w ci\u0105gu pi\u0119ciu dni.<\/li>\n<li>Je\u015bli masz jakiekolwiek pytania, skontaktuj si\u0119 z nami drog\u0105 mailow\u0105 (nasz adres e-mail to <a href=\"mailto:support@bjultrasonic.com\">support@bjultrasonic.com<\/a>)<\/li>\n<\/ul>\n<h3>Gwarancja na Produkt<\/h3>\n<p>Okres gwarancyjny produktu wynosi jeden rok. W okresie gwarancji zakupione produkty mog\u0105 korzysta\u0107 z bezp\u0142atnej naprawy lub wymiany.<\/p>\n","protected":false},"excerpt":{"rendered":"<p>Przetwornik ultrad\u017awi\u0119kowy do piel\u0119gnacji urody jest stosowany w zabiegach kosmetycznych i fitnessie, w celu redukcji wagi. Umo\u017cliwia kontrol\u0119 kszta\u0142tu i rozmiaru, podobnie jak konwencjonalne serie do czyszczenia, do \u0142\u0105czenia z nakr\u0119tk\u0105 ze stali nierdzewnej.<\/p>\n","protected":false},"featured_media":42434,"comment_status":"open","ping_status":"closed","template":"","meta":[],"product_brand":[],"product_cat":[6317],"product_tag":[],"class_list":{"0":"post-69740","1":"product","2":"type-product","3":"status-publish","4":"has-post-thumbnail","6":"product_cat-ultrasonic-transducer-pl","8":"first","9":"instock","10":"shipping-taxable","11":"product-type-external","12":"prodpage-classic"},"aioseo_notices":[],"_links":{"self":[{"href":"https:\/\/www.bjultrasonic.com\/pl\/wp-json\/wp\/v2\/product\/69740","targetHints":{"allow":["GET"]}}],"collection":[{"href":"https:\/\/www.bjultrasonic.com\/pl\/wp-json\/wp\/v2\/product"}],"about":[{"href":"https:\/\/www.bjultrasonic.com\/pl\/wp-json\/wp\/v2\/types\/product"}],"replies":[{"embeddable":true,"href":"https:\/\/www.bjultrasonic.com\/pl\/wp-json\/wp\/v2\/comments?post=69740"}],"wp:featuredmedia":[{"embeddable":true,"href":"https:\/\/www.bjultrasonic.com\/pl\/wp-json\/wp\/v2\/media\/42434"}],"wp:attachment":[{"href":"https:\/\/www.bjultrasonic.com\/pl\/wp-json\/wp\/v2\/media?parent=69740"}],"wp:term":[{"taxonomy":"product_brand","embeddable":true,"href":"https:\/\/www.bjultrasonic.com\/pl\/wp-json\/wp\/v2\/product_brand?post=69740"},{"taxonomy":"product_cat","embeddable":true,"href":"https:\/\/www.bjultrasonic.com\/pl\/wp-json\/wp\/v2\/product_cat?post=69740"},{"taxonomy":"product_tag","embeddable":true,"href":"https:\/\/www.bjultrasonic.com\/pl\/wp-json\/wp\/v2\/product_tag?post=69740"}],"curies":[{"name":"wp","href":"https:\/\/api.w.org\/{rel}","templated":true}]}}