{"id":69760,"date":"2012-08-06T10:57:33","date_gmt":"2012-08-06T15:57:33","guid":{"rendered":"https:\/\/www.bjultrasonic.com\/shop\/ultrasonic-cell-disruptor-transducer\/"},"modified":"2026-03-28T20:17:31","modified_gmt":"2026-03-29T01:17:31","slug":"ultrasonic-cell-disruptor-transducer","status":"publish","type":"product","link":"https:\/\/www.bjultrasonic.com\/pl\/shop\/ultrasonic-cell-disruptor-transducer\/","title":{"rendered":"Przetwornik Homogenizatora Rozpraszacza Kom\u00f3rek Ultrad\u017awi\u0119kowych"},"content":{"rendered":"<p>Przetwornik ultrad\u017awi\u0119kowy do dezintegracji kom\u00f3rek jest g\u0142\u00f3wn\u0105 cz\u0119\u015bci\u0105 <a href=\"https:\/\/www.bjultrasonic.com\/pl\/shop\/ultrasonic-cell-disruptor\/\" target=\"_blank\" rel=\"noopener\">ultrad\u017awi\u0119kowego dezintegratora kom\u00f3rek<\/a>. Mo\u017ce przyspiesza\u0107 reakcje biochemiczne i fizyczne oraz oddziela\u0107 ciecz od gazu. Jest szeroko stosowany w biochemii, mikrobiologii, chemii farmaceutycznej, fizyce, chemii itp.<\/p>\n<p><img loading=\"lazy\" decoding=\"async\" class=\"alignnone size-full wp-image-42278\" src=\"https:\/\/www.bjultrasonic.com\/wp-content\/uploads\/2012\/08\/Ultrasonic-Cell-Disruptor-Homogenizer-Transducer-1.png\" alt=\"\" width=\"750\" height=\"455\" \/><\/p>\n<h3>Film prezentuj\u0105cy ultrad\u017awi\u0119kowy dezintegrator kom\u00f3rek<\/h3>\n<p><iframe loading=\"lazy\" title=\"Lab Ultrasonic Homogenizer Ultrasonic Herbal Extraction\" width=\"500\" height=\"281\" src=\"https:\/\/www.youtube.com\/embed\/dOtgf6eTl9w?feature=oembed\" frameborder=\"0\" allow=\"accelerometer; autoplay; clipboard-write; encrypted-media; gyroscope; picture-in-picture; web-share\" referrerpolicy=\"strict-origin-when-cross-origin\" allowfullscreen><\/iframe><\/p>\n<p><iframe loading=\"lazy\" title=\"Ultrasonic Processor | Biologics Ultrasonic Homogenizer\" width=\"500\" height=\"375\" src=\"https:\/\/www.youtube.com\/embed\/T0snVNfFYIs?feature=oembed\" frameborder=\"0\" allow=\"accelerometer; autoplay; clipboard-write; encrypted-media; gyroscope; picture-in-picture; web-share\" referrerpolicy=\"strict-origin-when-cross-origin\" allowfullscreen><\/iframe><\/p>\n<h2>Specyfikacja przetwornika ultrad\u017awi\u0119kowego dezintegratora kom\u00f3rek<\/h2>\n<table id=\"wp-table-reloaded-id-123-no-1\" class=\"table table-striped table-bordered\">\n<tbody>\n<tr>\n<td>TYP<\/td>\n<td>D\u0142ugo\u015b\u0107(mm)<\/td>\n<td>Cz\u0119stotliwo\u015b\u0107<\/td>\n<td>Moc<\/td>\n<\/tr>\n<tr>\n<td>Model<\/td>\n<td>D\u0142ugo\u015b\u0107(mm)<\/td>\n<td>Cz\u0119stotliwo\u015b\u0107(KHZ)<\/td>\n<td>Moc(W)<\/td>\n<\/tr>\n<tr>\n<td>BJ-20100<\/td>\n<td>310<\/td>\n<td>20<\/td>\n<td>100<\/td>\n<\/tr>\n<tr>\n<td>BJ-20150<\/td>\n<td>310<\/td>\n<td>20<\/td>\n<td>150<\/td>\n<\/tr>\n<tr>\n<td>BJ-20250<\/td>\n<td>310<\/td>\n<td>20<\/td>\n<td>250<\/td>\n<\/tr>\n<tr>\n<td>BJ-20500<\/td>\n<td>310<\/td>\n<td>20<\/td>\n<td>500<\/td>\n<\/tr>\n<tr>\n<td>BJ-20800<\/td>\n<td>310<\/td>\n<td>20<\/td>\n<td>800<\/td>\n<\/tr>\n<\/tbody>\n<\/table>\n<h3>P\u0142atno\u015b\u0107<\/h3>\n<p>Akceptujemy p\u0142atno\u015bci przez PayPal, przelew bankowy (T\/T) i Western Union.<\/p>\n<h3 class=\"shipping-methods\">Wysy\u0142ka<\/h3>\n<p>Towar zostanie wys\u0142any w ci\u0105gu 48 godzin od otrzymania pe\u0142nej p\u0142atno\u015bci.<\/p>\n<ul>\n<li>Wysy\u0142amy towar na adres podany w p\u0142atno\u015bci PayPal. Prosimy upewni\u0107 si\u0119, \u017ce adres w PayPal jest poprawny.<\/li>\n<li>Podamy numer \u015bledzenia przesy\u0142ki po jej wys\u0142aniu. Zazwyczaj towar dotrze w ci\u0105gu pi\u0119ciu dni.<\/li>\n<li>W przypadku pyta\u0144 prosimy o kontakt mailowy (nasz adres e-mail to <a href=\"mailto:support@bjultrasonic.com\">support@bjultrasonic.com<\/a>).<\/li>\n<\/ul>\n<h3>Gwarancja produktu<\/h3>\n<p>Okres gwarancji na produkt wynosi jeden rok. W okresie gwarancyjnym zakupione produkty mog\u0105 korzysta\u0107 z bezp\u0142atnej naprawy lub wymiany.<\/p>\n","protected":false},"excerpt":{"rendered":"<p><a href=\"https:\/\/www.bjultrasonic.com\/pl\/category\/ultrasonic-processors-pl\/cell-pl\/\">Rozrywacze kom\u00f3rkowe ultrad\u017awi\u0119kowe<\/a> poprawiaj\u0105 og\u00f3ln\u0105 jednolito\u015b\u0107 i stabilno\u015b\u0107 mieszanin poprzez zmniejszanie rozmiar\u00f3w cz\u0105stek w cieczach. Rozrywacze kom\u00f3rkowe ultrad\u017awi\u0119kowe s\u0105 skuteczne w ci\u0119ciu DNA\/RNA, homogenizacji, lizie kom\u00f3rkowej, dyspersji nanocz\u0105stek, ekstrakcji bia\u0142ek oraz og\u00f3lnym przygotowaniu pr\u00f3bek.<\/p>\n","protected":false},"featured_media":1224,"comment_status":"open","ping_status":"closed","template":"","meta":[],"product_brand":[],"product_cat":[6291,6259],"product_tag":[],"class_list":{"0":"post-69760","1":"product","2":"type-product","3":"status-publish","4":"has-post-thumbnail","6":"product_cat-cell-pl","7":"product_cat-ultrasonic-processors-pl","9":"first","10":"instock","11":"shipping-taxable","12":"product-type-external","13":"prodpage-classic"},"aioseo_notices":[],"_links":{"self":[{"href":"https:\/\/www.bjultrasonic.com\/pl\/wp-json\/wp\/v2\/product\/69760","targetHints":{"allow":["GET"]}}],"collection":[{"href":"https:\/\/www.bjultrasonic.com\/pl\/wp-json\/wp\/v2\/product"}],"about":[{"href":"https:\/\/www.bjultrasonic.com\/pl\/wp-json\/wp\/v2\/types\/product"}],"replies":[{"embeddable":true,"href":"https:\/\/www.bjultrasonic.com\/pl\/wp-json\/wp\/v2\/comments?post=69760"}],"wp:featuredmedia":[{"embeddable":true,"href":"https:\/\/www.bjultrasonic.com\/pl\/wp-json\/wp\/v2\/media\/1224"}],"wp:attachment":[{"href":"https:\/\/www.bjultrasonic.com\/pl\/wp-json\/wp\/v2\/media?parent=69760"}],"wp:term":[{"taxonomy":"product_brand","embeddable":true,"href":"https:\/\/www.bjultrasonic.com\/pl\/wp-json\/wp\/v2\/product_brand?post=69760"},{"taxonomy":"product_cat","embeddable":true,"href":"https:\/\/www.bjultrasonic.com\/pl\/wp-json\/wp\/v2\/product_cat?post=69760"},{"taxonomy":"product_tag","embeddable":true,"href":"https:\/\/www.bjultrasonic.com\/pl\/wp-json\/wp\/v2\/product_tag?post=69760"}],"curies":[{"name":"wp","href":"https:\/\/api.w.org\/{rel}","templated":true}]}}