{"id":69780,"date":"2012-08-06T10:13:16","date_gmt":"2012-08-06T15:13:16","guid":{"rendered":"https:\/\/www.bjultrasonic.com\/shop\/ultrasonic-biodiesel-reactor\/"},"modified":"2026-03-28T20:17:04","modified_gmt":"2026-03-29T01:17:04","slug":"ultrasonic-biodiesel-reactor","status":"publish","type":"product","link":"https:\/\/www.bjultrasonic.com\/pl\/shop\/ultrasonic-biodiesel-reactor\/","title":{"rendered":"Ultrad\u017awi\u0119kowy Reaktor Biodiesla"},"content":{"rendered":"<table class=\"table table-striped table-bordered\" border=\"0\" cellspacing=\"0\" cellpadding=\"0\">\n<tbody>\n<tr>\n<td valign=\"top\" width=\"82\">Typ<\/td>\n<td valign=\"top\" width=\"81\">Cz\u0119stotliwo\u015b\u0107<br \/>\n(KHz)<\/td>\n<td valign=\"top\" width=\"60\">Moc<\/td>\n<td valign=\"top\" width=\"60\">\u015arednica<br \/>\n(mm)<\/td>\n<td valign=\"top\" width=\"63\">D\u0142ugo\u015b\u0107<br \/>\n(mm)<\/td>\n<td valign=\"top\" width=\"90\">Pojemno\u015b\u0107 statyczna (pF\u00b110%)<\/td>\n<\/tr>\n<tr>\n<td valign=\"top\" width=\"82\"><a href=\"https:\/\/www.bjultrasonic.com\/pl\/shop\/ultrasonic-biodiesel-reactor-bjr-500\/\">BJR-500<\/a><\/td>\n<td valign=\"top\" width=\"81\">27<\/td>\n<td valign=\"top\" width=\"68\">500<\/td>\n<td valign=\"top\" width=\"90\">\u03a673<\/td>\n<td valign=\"top\" width=\"63\">323<\/td>\n<td valign=\"top\" width=\"80\">68000<\/td>\n<\/tr>\n<tr>\n<td valign=\"top\" width=\"82\"><a href=\"https:\/\/www.bjultrasonic.com\/pl\/shop\/ultrasonic-biodiesel-reactor-bjr-1000\/\">BJR-1000<\/a><\/td>\n<td valign=\"top\" width=\"81\">27<\/td>\n<td valign=\"top\" width=\"68\">1000<\/td>\n<td valign=\"top\" width=\"90\">\u03a673<\/td>\n<td valign=\"top\" width=\"63\">458<\/td>\n<td valign=\"top\" width=\"80\">68000<\/td>\n<\/tr>\n<tr>\n<td valign=\"top\" width=\"82\"><a href=\"https:\/\/www.bjultrasonic.com\/pl\/shop\/ultrasonic-biodiesel-reactor-bjr-1100\/\">BJR-1100<\/a><\/td>\n<td valign=\"top\" width=\"81\">27<\/td>\n<td valign=\"top\" width=\"68\">1100<\/td>\n<td valign=\"top\" width=\"90\">\u03a673<\/td>\n<td valign=\"top\" width=\"63\">624<\/td>\n<td valign=\"top\" width=\"80\">68000<\/td>\n<\/tr>\n<tr>\n<td valign=\"top\" width=\"82\"><a href=\"https:\/\/www.bjultrasonic.com\/pl\/shop\/ultrasonic-biodiesel-reactor-bjr-1200\/\">BJR-1200<\/a><\/td>\n<td valign=\"top\" width=\"81\">27<\/td>\n<td valign=\"top\" width=\"68\">1200<\/td>\n<td valign=\"top\" width=\"90\">\u03a673<\/td>\n<td valign=\"top\" width=\"63\">790<\/td>\n<td valign=\"top\" width=\"80\">68000<\/td>\n<\/tr>\n<tr>\n<td valign=\"top\" width=\"82\"><a href=\"https:\/\/www.bjultrasonic.com\/pl\/shop\/ultrasonic-biodiesel-reactor-bjr-1300\/\">BJR-1300<\/a><\/td>\n<td valign=\"top\" width=\"81\">27<\/td>\n<td valign=\"top\" width=\"68\">1300<\/td>\n<td valign=\"top\" width=\"90\">\u03a673<\/td>\n<td valign=\"top\" width=\"63\">957<\/td>\n<td valign=\"top\" width=\"80\">68000<\/td>\n<\/tr>\n<tr>\n<td valign=\"top\" width=\"82\"><a href=\"https:\/\/www.bjultrasonic.com\/pl\/shop\/ultrasonic-biodiesel-reactor-bjr-1500\/\">BJR-1500<\/a><\/td>\n<td valign=\"top\" width=\"81\">27<\/td>\n<td valign=\"top\" width=\"68\">1500<\/td>\n<td valign=\"top\" width=\"90\">\u03a673<\/td>\n<td valign=\"top\" width=\"63\">1123<\/td>\n<td valign=\"top\" width=\"80\">68000<\/td>\n<\/tr>\n<tr>\n<td valign=\"top\" width=\"82\"><a href=\"https:\/\/www.bjultrasonic.com\/pl\/shop\/ultrasonic-biodiesel-reactor-bjr-2000\/\">BJR-2000<\/a><\/td>\n<td valign=\"top\" width=\"81\">27<\/td>\n<td valign=\"top\" width=\"68\">2000<\/td>\n<td valign=\"top\" width=\"90\">\u03a673<\/td>\n<td valign=\"top\" width=\"63\">910<\/td>\n<td valign=\"top\" width=\"80\">132000<\/td>\n<\/tr>\n<\/tbody>\n<\/table>\n<h3>Dlaczego najlepsze zestawy do produkcji biodiesla wykorzystuj\u0105 ultrad\u017awi\u0119kowy reaktor do biodiesla<\/h3>\n<p>W ostatnich latach znacznie wzros\u0142o zainteresowanie zestawami do produkcji biodiesla. Mo\u017cliwo\u015b\u0107 wytwarzania w\u0142asnego biodiesla stanowi du\u017c\u0105 zalet\u0119, zw\u0142aszcza w obecnych czasach, gdy ceny paliw ropopochodnych s\u0105 bardzo wysokie. Biodiesel jest uwa\u017cany za najlepsz\u0105 alternatyw\u0119 dla paliw ropopochodnych nie tylko ze wzgl\u0119du na stosunkowo ni\u017csz\u0105 cen\u0119. Biodiesel jest przyjazny dla \u015brodowiska. Jest nietoksyczny. Jest r\u00f3wnie\u017c biodegradowalny.<\/p>\n<p>Dzi\u0119ki zestawom do produkcji biodiesla paliwo, kt\u00f3re mo\u017cna stosowa\u0107 w prawie wszystkich silnikach diesla, mo\u017cna \u0142atwo wytworzy\u0107 w domu. Sk\u0142adniki do produkcji biodiesla s\u0105 \u0142atwo dost\u0119pne, a g\u0142\u00f3wny sk\u0142adnik najprawdopodobniej ju\u017c znajduje si\u0119 w Twoim domu. G\u0142\u00f3wnym sk\u0142adnikiem biodiesla jest olej ro\u015blinny. Niezale\u017cnie od tego, czy olej ro\u015blinny w Twojej kuchni jest nowy, czy u\u017cywany, mo\u017cna go przekszta\u0142ci\u0107 w biodiesel.<\/p>\n<p>Sk\u0142adniki przechodz\u0105 kilka proces\u00f3w. S\u0105 mieszane, rozdzielane, podgrzewane, p\u0142ukane, suszone i filtrowane. Wszystkie te procesy s\u0105 wykonywane przez przetwornik biodiesla. Wystarczy wla\u0107 sk\u0142adniki do przetwornika i uruchomi\u0107 maszyn\u0119. Gdy biodiesel jest gotowy, mo\u017cesz go wyj\u0105\u0107, je\u015bli ju\u017c go potrzebujesz, lub pozostawi\u0107 w przetworniku, dop\u00f3ki nie znajdziesz dla niego zastosowania. Przechowywanie biodiesla w przetworniku biodiesla to dobry spos\u00f3b na przechowywanie paliwa. Przetwornik jest w stanie utrzyma\u0107 jako\u015b\u0107 wyprodukowanego biodiesla.<\/p>\n<p><img loading=\"lazy\" decoding=\"async\" title=\"Zestawy do produkcji biodiesla\" src=\"\/\/www.bjultrasonic.com\/wp-content\/uploads\/2012\/08\/Biodiesel-Processor-Kits.jpg\" alt=\"Zestawy do produkcji biodiesla\" width=\"628\" height=\"295\" \/><\/p>\n<p>Produkcja biodiesla nie jest niczym strasznym. Jest \u0142atwa i bezpieczna. Wszystkie sk\u0142adniki s\u0105 nietoksyczne, a wszystkie procesy s\u0105 wykonywane przez przetwornik biodiesla w bezpieczny i wydajny spos\u00f3b. Dop\u00f3ki nie zdejmiesz pokrywy przetwornika podczas trwaj\u0105cej produkcji biodiesla, nie wydarzy si\u0119 \u017cadne nieprzyjemne zdarzenie. Podczas procesu podgrzewania temperatura wewn\u0105trz przetwornika jest niezwykle wysoka. Je\u015bli olej si\u0119 rozleje lub dotknie Twojej sk\u00f3ry, dozna ona oparze\u0144.<\/p>\n<p>Zestawy do produkcji biodiesla nie s\u0105 drogie. Kosztuj\u0105 mniej ni\u017c tysi\u0105c dolar\u00f3w. Wiele z nich jest wycenianych na zaledwie kilkaset dolar\u00f3w. Cena przetwornika biodiesla jest niczym w por\u00f3wnaniu z pieni\u0119dzmi, kt\u00f3re zaoszcz\u0119dzisz. Ceny paliw ropopochodnych s\u0105 wysokie i b\u0119d\u0105 tylko rosn\u0105\u0107. Z drugiej strony, sk\u0142adniki do produkcji biodiesla s\u0105 tanie. Je\u015bli u\u017cyty olej ro\u015blinny nie b\u0119dzie nowy, Twoje oszcz\u0119dno\u015bci b\u0119d\u0105 jeszcze wi\u0119ksze. Cena wyprodukowanego biodiesla to zaledwie kilka cent\u00f3w za litr. To znacznie mniej ni\u017c ceny paliw ropopochodnych.<\/p>\n<p>Ka\u017cdy przetwornik biodiesla zawiera reaktor do biodiesla. To w\u0142a\u015bnie reaktor biodiesla przyspiesza produkcj\u0119 biodiesla. Powoduje on estryfikacj\u0119 i transestryfikacj\u0119, reakcje chemiczne przekszta\u0142caj\u0105ce sk\u0142adniki w biodiesel. Istniej\u0105 dwa rodzaje reaktor\u00f3w do biodiesla: reaktor ultrad\u017awi\u0119kowy do biodiesla i reaktor \u015bcinaj\u0105cy do biodiesla. Spo\u015br\u00f3d tych dw\u00f3ch typ\u00f3w reaktor\u00f3w do biodiesla, reaktor ultrad\u017awi\u0119kowy do biodiesla jest lepszy.<\/p>\n<p>Reaktor ultrad\u017awi\u0119kowy do biodiesla produkuje biodiesel w najkr\u00f3tszym mo\u017cliwym czasie i w najbardziej wydajny spos\u00f3b. Fale ultrad\u017awi\u0119kowe oddzia\u0142uj\u0105 na zmieszane sk\u0142adniki, powoduj\u0105c powstawanie i implozj\u0119 wielu drobnych p\u0119cherzyk\u00f3w. Zjawisko to nazywa si\u0119 kawitacj\u0105. Kawitacja jednocze\u015bnie miesza i podgrzewa mieszanin\u0119. Te dwa procesy powoduj\u0105 transestryfikacj\u0119. Poniewa\u017c reaktor ultrad\u017awi\u0119kowy do biodiesla jednocze\u015bnie miesza i podgrzewa mieszanin\u0119, czas potrzebny do produkcji biodiesla jest znacznie skr\u00f3cony. Dlatego zamiast przetwarza\u0107 mieszaniny partiami, co zajmuje du\u017co czasu, mieszaniny s\u0105 przetwarzane poprzez transestryfikacj\u0119 inline.<\/p>\n<p>Fale ultrad\u017awi\u0119kowe odgrywaj\u0105 bardzo wa\u017cn\u0105 rol\u0119 w produkcji biodiesla. S\u0105 bardzo skuteczne w mieszaniu sk\u0142adnik\u00f3w, kt\u00f3re trudno po\u0142\u0105czy\u0107. Aby wyprodukowa\u0107 biodiesel, sk\u0142adniki musz\u0105 by\u0107 dok\u0142adnie wymieszane. Je\u015bli sk\u0142adniki nie s\u0105 odpowiednio zmieszane, biodiesel albo nie zostanie wyprodukowany, albo wyprodukowany biodiesel b\u0119dzie niskiej jako\u015bci.<\/p>\n<p>Fale ultrad\u017awi\u0119kowe mieszaj\u0105 i podgrzewaj\u0105 sk\u0142adniki. Gdy fale wchodz\u0105 w kontakt ze sk\u0142adnikami, powoduj\u0105 ich gwa\u0142towne wibracje. Te wibracje powoduj\u0105 powstawanie p\u0119cherzyk\u00f3w kawitacyjnych. Gdy p\u0119cherzyki imploduj\u0105, sk\u0142adniki kurcz\u0105 si\u0119 i mieszaj\u0105 ze sob\u0105. To dzia\u0142anie zwi\u0119ksza temperatur\u0119 mieszaniny. Chocia\u017c wzrost temperatury nie jest du\u017cy, wystarczy, aby mieszanina zareagowa\u0142a i skr\u00f3ci\u0107 czas reakcji w por\u00f3wnaniu z normalnym. Dzi\u0119ki falom ultrad\u017awi\u0119kowym oszcz\u0119dza si\u0119 energi\u0119, poniewa\u017c nie ma potrzeby podnoszenia temperatury.<\/p>\n<p>Przetwornik biodiesla z reaktorem ultrad\u017awi\u0119kowym do biodiesla jest idealny dla ka\u017cdego, kto nie potrzebuje produkowa\u0107 milion\u00f3w galon\u00f3w biodiesla. Jest to idealny przetwornik dla Ciebie, je\u015bli b\u0119dziesz potrzebowa\u0142 wytwarza\u0107 tylko kilka galon\u00f3w biodiesla na raz.<\/p>\n<h3>Zalety<\/h3>\n<p><b>1. Czas Reakcji Jest Skr\u00f3cony<\/b><\/p>\n<p>Reaktor ultrad\u017awi\u0119kowy do biodiesla znacznie skraca czas reakcji sk\u0142adnik\u00f3w. Osi\u0105ga to poprzez mieszanie sk\u0142adnik\u00f3w. Gdy sk\u0142adniki s\u0105 mieszane, zmniejsza si\u0119 ilo\u015b\u0107 metanolu. Powoduje to, \u017ce sk\u0142adniki przylegaj\u0105 do siebie i prawid\u0142owo si\u0119 mieszaj\u0105. Zwykle potrzeba jednej godziny, aby dok\u0142adnie wymiesza\u0107 sk\u0142adniki. Dzi\u0119ki zastosowaniu fal ultrad\u017awi\u0119kowych, potrzebny czas jest skr\u00f3cony do mniej ni\u017c minuty. Po prawid\u0142owym wymieszaniu nast\u0119puje reakcja. Mieszanie za pomoc\u0105 fal ultrad\u017awi\u0119kowych zwi\u0119ksza r\u00f3wnie\u017c jako\u015b\u0107 i ilo\u015b\u0107 produkowanego biodiesla.<\/p>\n<p>Ka\u017cdy reaktor ultrad\u017awi\u0119kowy do biodiesla, kt\u00f3ry posiadamy w Beijing Ultrasonic, jest zdolny do przeprowadzania estryfikacji i transestryfikacji. Nasze reaktory ultrad\u017awi\u0119kowe powoduj\u0105 kawitacj\u0119 molekularn\u0105. To dok\u0142adnie miesza sk\u0142adniki i prowadzi do pe\u0142nej reakcji. Prawid\u0142owe mieszanie i reakcja skutkuj\u0105 wi\u0119ksz\u0105 ilo\u015bci\u0105 produkowanego biodiesla.<\/p>\n<p><b>2. Reaktory In-line S\u0105 Regulowane<\/b><\/p>\n<p>Reaktor ultrad\u017awi\u0119kowy do biodiesla typu in-line zwi\u0119ksza ilo\u015b\u0107 produkowanego biodiesla poprzez zastosowanie ci\u0105g\u0142ego przep\u0142ywu zamiast czasoch\u0142onnego przetwarzania wsadowego. Ci\u0105g\u0142y przep\u0142yw jest bardziej wydajny. Wymaga ni\u017cszych koszt\u00f3w operacyjnych.<\/p>\n<p>Aby sprosta\u0107 Pa\u0144stwa potrzebom, rozmiar i pojemno\u015b\u0107 naszych reaktor\u00f3w ultrad\u017awi\u0119kowych do biodiesla typu in-line mog\u0105 by\u0107 regulowane. Liczba pod\u0142\u0105czonych reaktor\u00f3w b\u0119dzie zale\u017ce\u0107 od ilo\u015bci biodiesla, kt\u00f3ry ma by\u0107 produkowany. Je\u015bli potrzebny jest wi\u0119cej ni\u017c jeden reaktor ultrad\u017awi\u0119kowy, reaktory s\u0105 \u0142\u0105czone szeregowo.<\/p>\n<h3>Zastosowania<\/h3>\n<p>Reaktor ultrad\u017awi\u0119kowy do biodiesla ma kilka zastosowa\u0144. Trzy z jego g\u0142\u00f3wnych zastosowa\u0144 to:<\/p>\n<ul>\n<li>Przetwarzanie oleju ro\u015blinnego, alkoholu i katalizatora w celu produkcji biodiesla<\/li>\n<li>Czyszczenie zbiornik\u00f3w i ruroci\u0105g\u00f3w<\/li>\n<li>Wykonywanie reakcji chemicznych, takich jak synteza i separacja<\/li>\n<\/ul>\n<h3>Wideo<\/h3>\n<p><iframe loading=\"lazy\" title=\"Ultrasonic Reactors for Biodiesel Production\" width=\"500\" height=\"281\" src=\"https:\/\/www.youtube.com\/embed\/oe1tAvpuUjw?feature=oembed\" frameborder=\"0\" allow=\"accelerometer; autoplay; clipboard-write; encrypted-media; gyroscope; picture-in-picture; web-share\" referrerpolicy=\"strict-origin-when-cross-origin\" allowfullscreen><\/iframe><\/p>\n<p><iframe loading=\"lazy\" title=\"Biodiesel Processor Kits - Beijing Ultrasonic\" width=\"500\" height=\"281\" src=\"https:\/\/www.youtube.com\/embed\/OpgcM3CcI90?feature=oembed\" frameborder=\"0\" allow=\"accelerometer; autoplay; clipboard-write; encrypted-media; gyroscope; picture-in-picture; web-share\" referrerpolicy=\"strict-origin-when-cross-origin\" allowfullscreen><\/iframe><\/p>\n<h3>Powi\u0105zane Artyku\u0142y<\/h3>\n<ul>\n<li><a href=\"https:\/\/www.bjultrasonic.com\/pl\/learn-to-design-a-packed-bed-tubular-reactor\/\" target=\"_blank\" rel=\"noopener\">Naucz si\u0119 projektowa\u0107 rurowy reaktor z wype\u0142nieniem<\/a><\/li>\n<li><a href=\"https:\/\/www.bjultrasonic.com\/pl\/how-to-grow-algae-cheap-biodiesel-fuel\/\" target=\"_blank\" rel=\"noopener\">Jak hodowa\u0107 algi \u2013 tanie paliwo biodiesel<\/a><\/li>\n<li><a href=\"https:\/\/www.bjultrasonic.com\/pl\/what-is-the-difference-between-diesel-and-biodiesel\/\" target=\"_blank\" rel=\"noopener\">R\u00f3\u017cnica mi\u0119dzy olejem nap\u0119dowym a biodieslem <\/a><\/li>\n<li><a href=\"https:\/\/www.bjultrasonic.com\/pl\/what-is-a-biodiesel-reactor\/\" target=\"_blank\" rel=\"noopener\">Czym jest reaktor do biodiesla <\/a><\/li>\n<li><a href=\"https:\/\/www.bjultrasonic.com\/pl\/15-easy-steps-to-make-your-own-biodiesel-processor\/\" target=\"_blank\" rel=\"noopener\">15 \u0142atwych krok\u00f3w do zbudowania w\u0142asnego przetwornika biodiesla<\/a><\/li>\n<\/ul>\n<h3>P\u0142atno\u015b\u0107<\/h3>\n<p>Akceptujemy teraz p\u0142atno\u015bci PayPal, przelew bankowy (T\/T) i Western Union.<\/p>\n<h3 class=\"shipping-methods\">Wysy\u0142ka<\/h3>\n<p>Towar zostanie wys\u0142any w ci\u0105gu 48 godzin po otrzymaniu pe\u0142nej zap\u0142aty.<\/p>\n<ul>\n<li>Wysy\u0142amy towar na adres podany w p\u0142atno\u015bci PayPal. Prosimy upewni\u0107 si\u0119, \u017ce adres w PayPal jest poprawny.<\/li>\n<li>Podamy numer przesy\u0142ki po wys\u0142aniu towaru, zazwyczaj otrzymaj\u0105 Pa\u0144stwo towar w ci\u0105gu pi\u0119ciu dni.<\/li>\n<li>Je\u015bli maj\u0105 Pa\u0144stwo jakiekolwiek pytania, prosimy o kontakt mailowy (nasz adres e-mail to <a href=\"mailto:support@bjultrasonic.com\">support@bjultrasonic.com<\/a>)<\/li>\n<\/ul>\n<h3>Gwarancja na Produkt<\/h3>\n<p>Okres gwarancji na produkt wynosi jeden rok. W okresie gwarancji zakupione produkty mog\u0105 korzysta\u0107 z bezp\u0142atnej naprawy lub wymiany.<\/p>\n","protected":false},"excerpt":{"rendered":"<p>Ultrad\u017awi\u0119kowe procesory do produkcji biodiesla. Reaktor ultrad\u017awi\u0119kowy do biodiesla wytwarza biodiesel w najkr\u00f3tszym mo\u017cliwym czasie i w najbardziej efektywny spos\u00f3b.<\/p>\n","protected":false},"featured_media":42435,"comment_status":"open","ping_status":"closed","template":"","meta":[],"product_brand":[],"product_cat":[6259,6274],"product_tag":[],"class_list":{"0":"post-69780","1":"product","2":"type-product","3":"status-publish","4":"has-post-thumbnail","6":"product_cat-ultrasonic-processors-pl","7":"product_cat-biodiesel-pl","9":"first","10":"instock","11":"shipping-taxable","12":"product-type-external","13":"prodpage-classic"},"aioseo_notices":[],"_links":{"self":[{"href":"https:\/\/www.bjultrasonic.com\/pl\/wp-json\/wp\/v2\/product\/69780","targetHints":{"allow":["GET"]}}],"collection":[{"href":"https:\/\/www.bjultrasonic.com\/pl\/wp-json\/wp\/v2\/product"}],"about":[{"href":"https:\/\/www.bjultrasonic.com\/pl\/wp-json\/wp\/v2\/types\/product"}],"replies":[{"embeddable":true,"href":"https:\/\/www.bjultrasonic.com\/pl\/wp-json\/wp\/v2\/comments?post=69780"}],"wp:featuredmedia":[{"embeddable":true,"href":"https:\/\/www.bjultrasonic.com\/pl\/wp-json\/wp\/v2\/media\/42435"}],"wp:attachment":[{"href":"https:\/\/www.bjultrasonic.com\/pl\/wp-json\/wp\/v2\/media?parent=69780"}],"wp:term":[{"taxonomy":"product_brand","embeddable":true,"href":"https:\/\/www.bjultrasonic.com\/pl\/wp-json\/wp\/v2\/product_brand?post=69780"},{"taxonomy":"product_cat","embeddable":true,"href":"https:\/\/www.bjultrasonic.com\/pl\/wp-json\/wp\/v2\/product_cat?post=69780"},{"taxonomy":"product_tag","embeddable":true,"href":"https:\/\/www.bjultrasonic.com\/pl\/wp-json\/wp\/v2\/product_tag?post=69780"}],"curies":[{"name":"wp","href":"https:\/\/api.w.org\/{rel}","templated":true}]}}