{"id":69800,"date":"2012-07-13T00:13:13","date_gmt":"2012-07-13T05:13:13","guid":{"rendered":"https:\/\/www.bjultrasonic.com\/shop\/ball-hemisphere-piezoelectric-ceramics\/"},"modified":"2026-03-28T20:17:03","modified_gmt":"2026-03-29T01:17:03","slug":"ball-hemisphere-piezoelectric-ceramics","status":"publish","type":"product","link":"https:\/\/www.bjultrasonic.com\/pl\/shop\/ball-hemisphere-piezoelectric-ceramics\/","title":{"rendered":"Kulka\/ P\u00f3\u0142kula piezoceramiczna"},"content":{"rendered":"<p><iframe loading=\"lazy\" title=\"Piezoelectric Ceramics | Piezoceramics\" width=\"500\" height=\"281\" src=\"https:\/\/www.youtube.com\/embed\/1Z8-9WdJKhQ?feature=oembed\" frameborder=\"0\" allow=\"accelerometer; autoplay; clipboard-write; encrypted-media; gyroscope; picture-in-picture; web-share\" referrerpolicy=\"strict-origin-when-cross-origin\" allowfullscreen><\/iframe><\/p>\n<h3>Mo\u017cemy dostosowa\u0107 r\u00f3\u017cne ceramiki piezoelektryczne zgodnie z wymaganiami.<\/h3>\n<p>Materia\u0142 kulki\/p\u00f3\u0142kuli piezoelektrycznej: PZT4, PZT5, PZT8 lub inny wymagany materia\u0142 piezoelektryczny.<\/p>\n<p><img loading=\"lazy\" decoding=\"async\" class=\"alignnone wp-image-5012\" title=\"Piezoelectric Ceramic Ball Hemisphere\" src=\"\/\/www.bjultrasonic.com\/wp-content\/uploads\/2012\/07\/Piezoelectric-Ceramic-Ball-Hemisphere-2.jpg\" alt=\"Piezoelectric Ceramic Ball Hemisphere\" width=\"600\" height=\"359\" \/><\/p>\n<h2>Zastosowania kulki\/p\u00f3\u0142kuli piezoelektrycznej<\/h2>\n<table id=\"wp-table-reloaded-id-120-no-1\" class=\"table table-striped table-bordered\">\n<tbody>\n<tr>\n<td>detekcja ultrad\u017awi\u0119kowa<\/td>\n<td>leczenie kunb<\/td>\n<td>czujnik kompresji<\/td>\n<\/tr>\n<tr>\n<td>sonar biomedyczny,<\/td>\n<td>czujnik wibracji<\/td>\n<td>si\u0142owniki<\/td>\n<\/tr>\n<tr>\n<td>dyspersja materii<\/td>\n<td>czujnik ci\u015bnienia<\/td>\n<td>usuwanie skrzep\u00f3w<\/td>\n<\/tr>\n<tr>\n<td>czujnik nacisku ultrad\u017awi\u0119kowego<\/td>\n<td>si\u0142owniki du\u017cej mocy<\/td>\n<td>wi\u0119cej innych zastosowa\u0144<\/td>\n<\/tr>\n<\/tbody>\n<\/table>\n<h2>Standardowe specyfikacje kulki\/p\u00f3\u0142kuli piezoelektrycznej<\/h2>\n<table id=\"wp-table-reloaded-id-121-no-1\" class=\"table table-striped table-bordered\">\n<tbody>\n<tr>\n<td>\u015arednica kuli (mm)<\/td>\n<td>\u015arednica wyl\u0119gu (mm)<\/td>\n<td>grubo\u015b\u0107<\/td>\n<td>fr(MHz)<\/td>\n<td>Kr<\/td>\n<td>C(nf)<\/td>\n<td><\/td>\n<td><\/td>\n<\/tr>\n<tr>\n<td>P-33<\/td>\n<td>P-52<\/td>\n<td>P-81<\/td>\n<td><\/td>\n<td><\/td>\n<td><\/td>\n<td><\/td>\n<td><\/td>\n<\/tr>\n<tr>\n<td>5<\/td>\n<td>1.5<\/td>\n<td>0.5<\/td>\n<td>320<\/td>\n<td>0.4<\/td>\n<td>1.8<\/td>\n<td>3.5<\/td>\n<td><\/td>\n<\/tr>\n<tr>\n<td>10<\/td>\n<td>3<\/td>\n<td>0.8<\/td>\n<td>160<\/td>\n<td>0.4<\/td>\n<td>4.7<\/td>\n<td>8.8<\/td>\n<td><\/td>\n<\/tr>\n<tr>\n<td>15<\/td>\n<td>4<\/td>\n<td>1<\/td>\n<td>113<\/td>\n<td>0.4<\/td>\n<td>9.2<\/td>\n<td>17.3<\/td>\n<td><\/td>\n<\/tr>\n<tr>\n<td>20<\/td>\n<td>5<\/td>\n<td>1\uff5e1.5<\/td>\n<td>77<\/td>\n<td>0.4<\/td>\n<td>17.0<\/td>\n<td>32.0<\/td>\n<td><\/td>\n<\/tr>\n<tr>\n<td>25<\/td>\n<td>5<\/td>\n<td>1\uff5e1.5<\/td>\n<td>61<\/td>\n<td>0.4<\/td>\n<td>17.4<\/td>\n<td>32.8<\/td>\n<td><\/td>\n<\/tr>\n<tr>\n<td>30<\/td>\n<td>6<\/td>\n<td>1.5\uff5e3<\/td>\n<td>50<\/td>\n<td>0.4<\/td>\n<td>23.5<\/td>\n<td>44.3<\/td>\n<td><\/td>\n<\/tr>\n<tr>\n<td>40<\/td>\n<td>7<\/td>\n<td>2\uff5e4<\/td>\n<td>38<\/td>\n<td>0.4<\/td>\n<td>34.3<\/td>\n<td>64.6<\/td>\n<td><\/td>\n<\/tr>\n<tr>\n<td>50<\/td>\n<td>8<\/td>\n<td>2\uff5e4<\/td>\n<td>30<\/td>\n<td>0.4<\/td>\n<td>54.8<\/td>\n<td>103.2<\/td>\n<td><\/td>\n<\/tr>\n<tr>\n<td>12.5<\/td>\n<td>3.5<\/td>\n<td>2\uff5e5<\/td>\n<td>83<\/td>\n<td><\/td>\n<td>6.2<\/td>\n<td><\/td>\n<td>3.7<\/td>\n<\/tr>\n<tr>\n<td>25<\/td>\n<td>8<\/td>\n<td>2\uff5e5<\/td>\n<td><\/td>\n<td><\/td>\n<td>26.2<\/td>\n<td><\/td>\n<td>15.6<\/td>\n<\/tr>\n<tr>\n<td>37.5<\/td>\n<td>10<\/td>\n<td>2\uff5e5<\/td>\n<td><\/td>\n<td><\/td>\n<td><\/td>\n<td><\/td>\n<td>17.7<\/td>\n<\/tr>\n<tr>\n<td>50<\/td>\n<td>12<\/td>\n<td>3\uff5e6<\/td>\n<td><\/td>\n<td><\/td>\n<td><\/td>\n<td><\/td>\n<td>25.5<\/td>\n<\/tr>\n<tr>\n<td>Kulka piezoelektryczna ceramiczna:<br \/>\n\u015arednica zewn\u0119trzna: 12mm\u2014100mm<br \/>\nZakres grubo\u015bci: 0.3mm\u20146mm<br \/>\nP\u00f3\u0142kula piezoelektryczna ceramiczna:<br \/>\n\u015arednica zewn\u0119trzna: 10mm\u2014160mm<br \/>\nZakres grubo\u015bci: 0.6mm\u20146mm<br \/>\nUwaga: Mo\u017cemy zaprojektowa\u0107 i wykona\u0107 na zam\u00f3wienie kulki\/p\u00f3\u0142kule piezoelektryczne ceramiczne w r\u00f3\u017cnych rozmiarach zgodnie z wymaganiami.<\/td>\n<td><\/td>\n<td><\/td>\n<td><\/td>\n<td><\/td>\n<td><\/td>\n<td><\/td>\n<td><\/td>\n<\/tr>\n<\/tbody>\n<\/table>\n<p><iframe loading=\"lazy\" title=\"Piezoceramic Ball\/ Hemisphere - Beijing Ultrasonic\" width=\"500\" height=\"281\" src=\"https:\/\/www.youtube.com\/embed\/cplC1OHVqNA?feature=oembed\" frameborder=\"0\" allow=\"accelerometer; autoplay; clipboard-write; encrypted-media; gyroscope; picture-in-picture; web-share\" referrerpolicy=\"strict-origin-when-cross-origin\" allowfullscreen><\/iframe><\/p>\n<h3>P\u0142atno\u015b\u0107<\/h3>\n<p>Akceptujemy obecnie paypal, przelew bankowy (T\/T) i Western Union.<\/p>\n<h3 class=\"shipping-methods\">Wysy\u0142ka<\/h3>\n<p>Towar zostanie wys\u0142any w ci\u0105gu 48 godzin po otrzymaniu pe\u0142nej p\u0142atno\u015bci.<\/p>\n<ul>\n<li>Wysy\u0142amy towar na adres podany w p\u0142atno\u015bci PayPal. Prosimy upewni\u0107 si\u0119, \u017ce adres w PayPal jest prawid\u0142owy.<\/li>\n<li>Prze\u015blemy numer \u015bledzenia po wys\u0142aniu towaru; zazwyczaj otrzymasz towar w ci\u0105gu pi\u0119ciu dni.<\/li>\n<li>Je\u015bli masz jakiekolwiek pytania, skontaktuj si\u0119 z nami drog\u0105 mailow\u0105 (nasz adres e-mail to <a href=\"mailto:support@bjultrasonic.com\">support@bjultrasonic.com<\/a>)<\/li>\n<\/ul>\n<h3>Gwarancja na produkt<\/h3>\n<p>Okres gwarancyjny produktu wynosi jeden rok. W okresie gwarancji zakupione produkty mog\u0105 korzysta\u0107 z bezp\u0142atnej naprawy lub wymiany.<\/p>\n","protected":false},"excerpt":{"rendered":"<p>Mo\u017cemy dostosowa\u0107 r\u00f3\u017cne ceramiki piezoelektryczne zgodnie z wymaganiami. Materia\u0142 kulki\/p\u00f3\u0142kuli piezoelektrycznej: PZT4, PZT5, PZT8 lub inny wymagany materia\u0142 piezoelektryczny. Zastosowania kulki\/p\u00f3\u0142kuli piezoelektrycznej detekcja ultrad\u017awi\u0119kowa leczenie kunb czujnik kompresji sonar biomedyczny, czujnik wibracji si\u0142owniki dyspersja materii czujnik ci\u015bnienia usuwanie skrzep\u00f3w czujnik nacisku ultrad\u017awi\u0119kowego si\u0142owniki du\u017cej mocy wi\u0119cej innych zastosowa\u0144 Standardowe specyfikacje kulki\/p\u00f3\u0142kuli piezoelektrycznej \u015arednica kuli (mm)<\/p>\n","protected":false},"featured_media":23761,"comment_status":"open","ping_status":"closed","template":"","meta":[],"product_brand":[],"product_cat":[5671,5656],"product_tag":[],"class_list":{"0":"post-69800","1":"product","2":"type-product","3":"status-publish","4":"has-post-thumbnail","6":"product_cat-ball-hemisphere-piezoelectric-ceramics-pl","7":"product_cat-piezoelectric-ceramic-pl","9":"first","10":"instock","11":"shipping-taxable","12":"product-type-external","13":"prodpage-classic"},"aioseo_notices":[],"_links":{"self":[{"href":"https:\/\/www.bjultrasonic.com\/pl\/wp-json\/wp\/v2\/product\/69800","targetHints":{"allow":["GET"]}}],"collection":[{"href":"https:\/\/www.bjultrasonic.com\/pl\/wp-json\/wp\/v2\/product"}],"about":[{"href":"https:\/\/www.bjultrasonic.com\/pl\/wp-json\/wp\/v2\/types\/product"}],"replies":[{"embeddable":true,"href":"https:\/\/www.bjultrasonic.com\/pl\/wp-json\/wp\/v2\/comments?post=69800"}],"wp:featuredmedia":[{"embeddable":true,"href":"https:\/\/www.bjultrasonic.com\/pl\/wp-json\/wp\/v2\/media\/23761"}],"wp:attachment":[{"href":"https:\/\/www.bjultrasonic.com\/pl\/wp-json\/wp\/v2\/media?parent=69800"}],"wp:term":[{"taxonomy":"product_brand","embeddable":true,"href":"https:\/\/www.bjultrasonic.com\/pl\/wp-json\/wp\/v2\/product_brand?post=69800"},{"taxonomy":"product_cat","embeddable":true,"href":"https:\/\/www.bjultrasonic.com\/pl\/wp-json\/wp\/v2\/product_cat?post=69800"},{"taxonomy":"product_tag","embeddable":true,"href":"https:\/\/www.bjultrasonic.com\/pl\/wp-json\/wp\/v2\/product_tag?post=69800"}],"curies":[{"name":"wp","href":"https:\/\/api.w.org\/{rel}","templated":true}]}}