{"id":69820,"date":"2012-07-12T23:52:11","date_gmt":"2012-07-13T04:52:11","guid":{"rendered":"https:\/\/www.bjultrasonic.com\/shop\/cylinder-piezoelectric-ceramics\/"},"modified":"2026-03-28T20:16:39","modified_gmt":"2026-03-29T01:16:39","slug":"cylinder-piezoelectric-ceramics","status":"publish","type":"product","link":"https:\/\/www.bjultrasonic.com\/pl\/shop\/cylinder-piezoelectric-ceramics\/","title":{"rendered":"Piezoelektryczny Cylinder Ceramiczny"},"content":{"rendered":"<p><iframe loading=\"lazy\" title=\"Piezoelectric Ceramics | Piezoceramics\" width=\"500\" height=\"281\" src=\"https:\/\/www.youtube.com\/embed\/1Z8-9WdJKhQ?feature=oembed\" frameborder=\"0\" allow=\"accelerometer; autoplay; clipboard-write; encrypted-media; gyroscope; picture-in-picture; web-share\" referrerpolicy=\"strict-origin-when-cross-origin\" allowfullscreen><\/iframe><\/p>\n<h3>Mo\u017cemy dostosowa\u0107 r\u00f3\u017cne ceramiki piezoelektryczne wed\u0142ug wymaga\u0144.<\/h3>\n<p>Materia\u0142 ceramicznego cylindra piezoelektrycznego: PZT4, PZT5, PZT8 lub inny wymagany materia\u0142 piezoelektryczny.<\/p>\n<p><img loading=\"lazy\" decoding=\"async\" class=\"alignnone size-full wp-image-23760\" src=\"https:\/\/www.bjultrasonic.com\/wp-content\/uploads\/2012\/07\/Piezoceramic-Cylinder.jpg\" alt=\"Piezoceramic Cylinder\" width=\"700\" height=\"700\" srcset=\"https:\/\/www.bjultrasonic.com\/wp-content\/uploads\/2012\/07\/Piezoceramic-Cylinder.jpg 700w, https:\/\/www.bjultrasonic.com\/wp-content\/uploads\/2012\/07\/Piezoceramic-Cylinder-600x600.jpg 600w, https:\/\/www.bjultrasonic.com\/wp-content\/uploads\/2012\/07\/Piezoceramic-Cylinder-100x100.jpg 100w\" sizes=\"auto, (max-width: 700px) 100vw, 700px\" \/><\/p>\n<h2>Zastosowania ceramicznego cylindra piezoelektrycznego<\/h2>\n<table id=\"wp-table-reloaded-id-117-no-1\" class=\"table table-striped table-bordered\">\n<tbody>\n<tr>\n<td>Hydrofon<\/td>\n<td>Czujnik ultrad\u017awi\u0119kowy<\/td>\n<td>Czujnik kompresji<\/td>\n<\/tr>\n<tr>\n<td>sonar biomedyczny,<\/td>\n<td>Czujnik wibracji<\/td>\n<td>aktuatory<\/td>\n<\/tr>\n<tr>\n<td>dyspersja materii<\/td>\n<td>Czujnik ci\u015bnienia<\/td>\n<td>Mieszanie ultrad\u017awi\u0119kowe<\/td>\n<\/tr>\n<tr>\n<td>Czujnik prasy ultrad\u017awi\u0119kowej<\/td>\n<td>Aktuatory du\u017cej mocy<\/td>\n<td>wiele innych zastosowa\u0144<\/td>\n<\/tr>\n<\/tbody>\n<\/table>\n<p>Zakres rozmiar\u00f3w ceramiki piezoelektrycznej w kszta\u0142cie cylindra:<\/p>\n<ul>\n<li>Zakres \u015brednicy: 2mm&#8212;20mm<\/li>\n<li>Zakres wysoko\u015bci: 3mm\u201440mm<\/li>\n<\/ul>\n<h3>P\u0142atno\u015bci<\/h3>\n<p>Akceptujemy p\u0142atno\u015bci PayPal, przelew bankowy (T\/T) i Western Union.<\/p>\n<h3 class=\"shipping-methods\">Wysy\u0142ka<\/h3>\n<p>Towar zostanie wys\u0142any w ci\u0105gu 48 godzin od otrzymania pe\u0142nej p\u0142atno\u015bci.<\/p>\n<ul>\n<li>Wysy\u0142amy towar na adres podany w p\u0142atno\u015bci PayPal. Prosimy upewni\u0107 si\u0119, \u017ce adres w PayPal jest poprawny.<\/li>\n<li>Podamy numer \u015bledzenia po wys\u0142aniu towaru; zazwyczaj otrzymasz towar w ci\u0105gu pi\u0119ciu dni.<\/li>\n<li>Je\u015bli masz jakiekolwiek pytania, skontaktuj si\u0119 z nami drog\u0105 mailow\u0105 (nasz adres e-mail to <a href=\"mailto:support@bjultrasonic.com\">support@bjultrasonic.com<\/a>)<\/li>\n<\/ul>\n<h3>Gwarancja produktu<\/h3>\n<p>Okres gwarancji na produkt wynosi jeden rok. W okresie gwarancji zakupione produkty mog\u0105 korzysta\u0107 z bezp\u0142atnej naprawy lub wymiany.<\/p>\n","protected":false},"excerpt":{"rendered":"<p>Mo\u017cemy dostosowa\u0107 r\u00f3\u017cne ceramiki piezoelektryczne wed\u0142ug wymaga\u0144. Materia\u0142 ceramicznego cylindra piezoelektrycznego: PZT4, PZT5, PZT8 lub inny wymagany materia\u0142 piezoelektryczny. Zastosowania ceramicznego cylindra piezoelektrycznego Hydrofon Czujnik ultrad\u017awi\u0119kowy Czujnik kompresji sonar biomedyczny, Czujnik wibracji aktuatory dyspersja materii Czujnik ci\u015bnienia Mieszanie ultrad\u017awi\u0119kowe Czujnik prasy ultrad\u017awi\u0119kowej Aktuatory du\u017cej mocy wiele innych zastosowa\u0144 Zakres rozmiar\u00f3w ceramiki piezoelektrycznej w kszta\u0142cie cylindra:<\/p>\n","protected":false},"featured_media":23760,"comment_status":"open","ping_status":"closed","template":"","meta":[],"product_brand":[],"product_cat":[5691,5656],"product_tag":[],"class_list":{"0":"post-69820","1":"product","2":"type-product","3":"status-publish","4":"has-post-thumbnail","6":"product_cat-cylinder-piezoelectric-ceramics-pl","7":"product_cat-piezoelectric-ceramic-pl","9":"first","10":"instock","11":"shipping-taxable","12":"product-type-external","13":"prodpage-classic"},"aioseo_notices":[],"_links":{"self":[{"href":"https:\/\/www.bjultrasonic.com\/pl\/wp-json\/wp\/v2\/product\/69820","targetHints":{"allow":["GET"]}}],"collection":[{"href":"https:\/\/www.bjultrasonic.com\/pl\/wp-json\/wp\/v2\/product"}],"about":[{"href":"https:\/\/www.bjultrasonic.com\/pl\/wp-json\/wp\/v2\/types\/product"}],"replies":[{"embeddable":true,"href":"https:\/\/www.bjultrasonic.com\/pl\/wp-json\/wp\/v2\/comments?post=69820"}],"wp:featuredmedia":[{"embeddable":true,"href":"https:\/\/www.bjultrasonic.com\/pl\/wp-json\/wp\/v2\/media\/23760"}],"wp:attachment":[{"href":"https:\/\/www.bjultrasonic.com\/pl\/wp-json\/wp\/v2\/media?parent=69820"}],"wp:term":[{"taxonomy":"product_brand","embeddable":true,"href":"https:\/\/www.bjultrasonic.com\/pl\/wp-json\/wp\/v2\/product_brand?post=69820"},{"taxonomy":"product_cat","embeddable":true,"href":"https:\/\/www.bjultrasonic.com\/pl\/wp-json\/wp\/v2\/product_cat?post=69820"},{"taxonomy":"product_tag","embeddable":true,"href":"https:\/\/www.bjultrasonic.com\/pl\/wp-json\/wp\/v2\/product_tag?post=69820"}],"curies":[{"name":"wp","href":"https:\/\/api.w.org\/{rel}","templated":true}]}}