{"id":69860,"date":"2012-07-12T22:36:05","date_gmt":"2012-07-13T03:36:05","guid":{"rendered":"https:\/\/www.bjultrasonic.com\/shop\/square-rectangular-piezoelectric-ceramics\/"},"modified":"2026-03-28T20:16:37","modified_gmt":"2026-03-29T01:16:37","slug":"square-rectangular-piezoelectric-ceramics","status":"publish","type":"product","link":"https:\/\/www.bjultrasonic.com\/pl\/shop\/square-rectangular-piezoelectric-ceramics\/","title":{"rendered":"Piezoceramiczny Kwadratowy\/ Prostok\u0105tny"},"content":{"rendered":"<p><iframe loading=\"lazy\" title=\"Piezoelectric Ceramics | Piezoceramics\" width=\"500\" height=\"281\" src=\"https:\/\/www.youtube.com\/embed\/1Z8-9WdJKhQ?feature=oembed\" frameborder=\"0\" allow=\"accelerometer; autoplay; clipboard-write; encrypted-media; gyroscope; picture-in-picture; web-share\" referrerpolicy=\"strict-origin-when-cross-origin\" allowfullscreen><\/iframe><\/p>\n<h3>Mo\u017cemy dostosowa\u0107 r\u00f3\u017cne ceramiki piezoelektryczne zgodnie z wymaganiami.<\/h3>\n<p>Materia\u0142 kwadratowych\/prostok\u0105tnych ceramik piezoelektrycznych: PZT4, PZT5, PZT8 lub inny wymagany materia\u0142 piezoelektryczny.<\/p>\n<div id=\"attachment_5014\" style=\"width: 610px\" class=\"wp-caption alignnone\"><img loading=\"lazy\" decoding=\"async\" aria-describedby=\"caption-attachment-5014\" class=\" wp-image-5014 \" title=\"Piezoelectric Ceramic Rectangular\" src=\"\/\/www.bjultrasonic.com\/wp-content\/uploads\/2012\/07\/Piezoelectric-Ceramic-Square-Rectangular-1.jpg\" alt=\"Piezoelectric Ceramic Rectangular\" width=\"600\" height=\"359\" \/><p id=\"caption-attachment-5014\" class=\"wp-caption-text\">Ceramika piezoelektryczna prostok\u0105tna<\/p><\/div>\n<h2>Zastosowania kwadratowej\/prostok\u0105tnej ceramiki piezoelektrycznej<\/h2>\n<table id=\"wp-table-reloaded-id-113-no-1\" class=\"table table-striped table-bordered\">\n<tbody>\n<tr>\n<td>medyczny sprz\u0119t ultrasonograficzny typu B<\/td>\n<td>Czujnik ultrad\u017awi\u0119kowy<\/td>\n<td>Czujnik kompresji<\/td>\n<\/tr>\n<tr>\n<td>Czujnik napr\u0119\u017ce\u0144 materia\u0142u<\/td>\n<td>Czujnik wibracji<\/td>\n<td>Pozyskiwanie energii\/elektryczno\u015bci<\/td>\n<\/tr>\n<tr>\n<td>Przetwornik ultrad\u017awi\u0119kowy z zaciskiem \u015brubowym<\/td>\n<td>Czujnik ci\u015bnienia<\/td>\n<td>Mieszanie ultrad\u017awi\u0119kowe<\/td>\n<\/tr>\n<tr>\n<td>Czujnik prasy ultrad\u017awi\u0119kowej<\/td>\n<td>Si\u0142owniki du\u017cej mocy<\/td>\n<td>wi\u0119cej innych zastosowa\u0144<\/td>\n<\/tr>\n<\/tbody>\n<\/table>\n<h2>Standardowa specyfikacja kwadratowej\/prostok\u0105tnej ceramiki piezoelektrycznej<\/h2>\n<table id=\"wp-table-reloaded-id-114-no-1\" class=\"table table-striped table-bordered\">\n<tbody>\n<tr>\n<td>Rozmiar D\u0142ugo\u015b\u0107*szeroko\u015b\u0107*wysoko\u015b\u0107 (mm)<\/td>\n<td>Fr (MHZ)<\/td>\n<td>K31<\/td>\n<td>E T 3(r)<\/td>\n<\/tr>\n<tr>\n<td>(80&#8211;130)\u00d7(13&#8211;16)\u00d70.4<\/td>\n<td>3.5<\/td>\n<td>\u22650.37<\/td>\n<td>2200-3000<\/td>\n<\/tr>\n<tr>\n<td>(60-110)\u00d7(12-15)\u00d70.3<\/td>\n<td>5.0<\/td>\n<td>\u22650.36<\/td>\n<td>2200-3000<\/td>\n<\/tr>\n<tr>\n<td>(50-100)\u00d7(10-14)\u00d70.2<\/td>\n<td>7.5<\/td>\n<td>\u22650.35<\/td>\n<td>2200-3000<\/td>\n<\/tr>\n<tr>\n<td>Zakres d\u0142ugo\u015bci: 5mm&#8212;140mm<br \/>\nZakres szeroko\u015bci: 1.5mm&#8212;80mm<br \/>\nZakres wysoko\u015bci: 0.2mm&#8212;20mm<br \/>\nUwaga:<br \/>\nMo\u017cemy projektowa\u0107 i dostosowywa\u0107 kwadratowe\/prostok\u0105tne ceramiki piezoelektryczne w r\u00f3\u017cnych rozmiarach zgodnie z wymaganiami<\/td>\n<td><\/td>\n<td><\/td>\n<td><\/td>\n<\/tr>\n<\/tbody>\n<\/table>\n<p><iframe loading=\"lazy\" title=\"Piezoceramic Square\/ Rectangular  - Beijing Ultrasonic\" width=\"500\" height=\"281\" src=\"https:\/\/www.youtube.com\/embed\/mZQfCd5CFV8?feature=oembed\" frameborder=\"0\" allow=\"accelerometer; autoplay; clipboard-write; encrypted-media; gyroscope; picture-in-picture; web-share\" referrerpolicy=\"strict-origin-when-cross-origin\" allowfullscreen><\/iframe><\/p>\n<h3>P\u0142atno\u015b\u0107<\/h3>\n<p>Akceptujemy obecnie paypal, przelew T\/T oraz Western Union.<\/p>\n<h3 class=\"shipping-methods\">Wysy\u0142ka<\/h3>\n<p>Towar zostanie wys\u0142any w ci\u0105gu 48 godzin od otrzymania pe\u0142nej p\u0142atno\u015bci.<\/p>\n<ul>\n<li>Wysy\u0142amy towar na adres podany w p\u0142atno\u015bci PayPal. Prosimy upewni\u0107 si\u0119, \u017ce adres w PayPal jest poprawny.<\/li>\n<li>prze\u015blemy numer \u015bledzenia po wys\u0142aniu towaru, zazwyczaj otrzymasz towar w ci\u0105gu pi\u0119ciu dni.<\/li>\n<li>Je\u015bli masz jakiekolwiek pytania, skontaktuj si\u0119 z nami drog\u0105 mailow\u0105 (nasz adres e-mail to <a href=\"mailto:support@bjultrasonic.com\">support@bjultrasonic.com<\/a>)<\/li>\n<\/ul>\n<h3>Gwarancja produktu<\/h3>\n<p>Okres gwarancyjny produktu wynosi jeden rok. W okresie gwarancji zakupione produkty mog\u0105 korzysta\u0107 z bezp\u0142atnej naprawy lub wymiany.<\/p>\n","protected":false},"excerpt":{"rendered":"<p>Mo\u017cemy dostosowa\u0107 r\u00f3\u017cne ceramiki piezoelektryczne zgodnie z wymaganiami. Materia\u0142 kwadratowych\/prostok\u0105tnych ceramik piezoelektrycznych: PZT4, PZT5, PZT8 lub inny wymagany materia\u0142 piezoelektryczny. Zastosowania kwadratowej\/prostok\u0105tnej ceramiki piezoelektrycznej medyczny sprz\u0119t ultrasonograficzny typu B Czujnik ultrad\u017awi\u0119kowy Czujnik kompresji Czujnik napr\u0119\u017ce\u0144 materia\u0142u Czujnik wibracji Pozyskiwanie energii\/elektryczno\u015bci Przetwornik ultrad\u017awi\u0119kowy z zaciskiem \u015brubowym Czujnik ci\u015bnienia Mieszanie ultrad\u017awi\u0119kowe Czujnik prasy ultrad\u017awi\u0119kowej Si\u0142owniki du\u017cej mocy<\/p>\n","protected":false},"featured_media":23762,"comment_status":"open","ping_status":"closed","template":"","meta":[],"product_brand":[],"product_cat":[5766,5656],"product_tag":[],"class_list":{"0":"post-69860","1":"product","2":"type-product","3":"status-publish","4":"has-post-thumbnail","6":"product_cat-square-rectangular-piezoelectric-ceramics-pl","7":"product_cat-piezoelectric-ceramic-pl","9":"first","10":"instock","11":"shipping-taxable","12":"product-type-external","13":"prodpage-classic"},"aioseo_notices":[],"_links":{"self":[{"href":"https:\/\/www.bjultrasonic.com\/pl\/wp-json\/wp\/v2\/product\/69860","targetHints":{"allow":["GET"]}}],"collection":[{"href":"https:\/\/www.bjultrasonic.com\/pl\/wp-json\/wp\/v2\/product"}],"about":[{"href":"https:\/\/www.bjultrasonic.com\/pl\/wp-json\/wp\/v2\/types\/product"}],"replies":[{"embeddable":true,"href":"https:\/\/www.bjultrasonic.com\/pl\/wp-json\/wp\/v2\/comments?post=69860"}],"wp:featuredmedia":[{"embeddable":true,"href":"https:\/\/www.bjultrasonic.com\/pl\/wp-json\/wp\/v2\/media\/23762"}],"wp:attachment":[{"href":"https:\/\/www.bjultrasonic.com\/pl\/wp-json\/wp\/v2\/media?parent=69860"}],"wp:term":[{"taxonomy":"product_brand","embeddable":true,"href":"https:\/\/www.bjultrasonic.com\/pl\/wp-json\/wp\/v2\/product_brand?post=69860"},{"taxonomy":"product_cat","embeddable":true,"href":"https:\/\/www.bjultrasonic.com\/pl\/wp-json\/wp\/v2\/product_cat?post=69860"},{"taxonomy":"product_tag","embeddable":true,"href":"https:\/\/www.bjultrasonic.com\/pl\/wp-json\/wp\/v2\/product_tag?post=69860"}],"curies":[{"name":"wp","href":"https:\/\/api.w.org\/{rel}","templated":true}]}}