{"id":69900,"date":"2012-07-12T16:42:35","date_gmt":"2012-07-12T21:42:35","guid":{"rendered":"https:\/\/www.bjultrasonic.com\/shop\/ultrasonic-vibrating-screen-transducer\/"},"modified":"2026-03-28T20:16:09","modified_gmt":"2026-03-29T01:16:09","slug":"ultrasonic-vibrating-screen-transducer","status":"publish","type":"product","link":"https:\/\/www.bjultrasonic.com\/pl\/shop\/ultrasonic-vibrating-screen-transducer\/","title":{"rendered":"Przetwornik Wibracji Ultrad\u017awi\u0119kowych"},"content":{"rendered":"<p>Przetwornik drga\u0144 ultrad\u017awi\u0119kowych sk\u0142ada si\u0119 z gruczo\u0142u, <a href=\"https:\/\/www.bjultrasonic.com\/pl\/category\/piezoelectric-ceramic-pl\/\">ceramiki piezoelektrycznej<\/a>, elementu elektrody, g\u0142owicy promieniuj\u0105cej, \u015brub spr\u0119\u017caj\u0105cych i izolacyjnej obudowy.<\/p>\n<h3>Cechy Przetwornika Drga\u0144 Ultrad\u017awi\u0119kowych do Precyzyjnego Przesiewania Proszk\u00f3w<\/h3>\n<ul>\n<li>Osi\u0105ga jednocze\u015bnie wysok\u0105 precyzj\u0119 i przesiewanie drobnooczkowe, kontroluj\u0105c w\u0105ski zakres wielko\u015bci cz\u0105stek.<\/li>\n<li>Mo\u017ce by\u0107 jedno- lub wielowarstwowy.<\/li>\n<li>Funkcja samoczyszczenia sita: sita o oczkach wi\u0119kszych ni\u017c 500, bez zapychania oczek, bez spadku wydajno\u015bci przesiewania.<\/li>\n<li>Rozwi\u0105zuje problemy przesiewania zwi\u0105zane z siln\u0105 adsorpcj\u0105, sk\u0142onno\u015bci\u0105 do zbrylania, elektrostatyk\u0105, wysok\u0105 precyzj\u0105, wysok\u0105 g\u0119sto\u015bci\u0105, wysokim ci\u0119\u017carem w\u0142a\u015bciwym itp.<\/li>\n<li>Precyzja przesiewania mo\u017ce by\u0107 zwi\u0119kszona o 1-70%, wydajno\u015b\u0107 mo\u017ce wzrosn\u0105\u0107 od 0,5 do 10 razy.<\/li>\n<\/ul>\n<h3>Zastosowanie<\/h3>\n<ul>\n<li>Przemys\u0142 chemiczny: \u017cywice, farby, przemys\u0142 farmaceutyczny, kosmetyki, lakiery, proszki itp.<\/li>\n<li>Przemys\u0142 spo\u017cywczy: cukier puder, skrobia, s\u00f3l, m\u0105ka ry\u017cowa, mleko w proszku, m\u0105czka sojowa, jajka w proszku, sos sojowy, soki itp.<\/li>\n<li>Metale, hutnictwo, g\u00f3rnictwo: proszek aluminiowy, o\u0142owiowy, miedziany, rudy, proszek elektrodowy, proszki stopowe, dwutlenek manganu, proszek miedzi elektrolitycznej, materia\u0142y magnetyczne, proszki polerskie, materia\u0142y ogniotrwa\u0142e, kaolin, wapno, tlenek glinu, ci\u0119\u017cki w\u0119glan wapnia, piasek kwarcowy itp.<\/li>\n<li>Oczyszczanie zanieczyszcze\u0144, oleje odpadowe, \u015bcieki, \u015bcieki barwi\u0105ce, dodatki, w\u0119giel aktywny itp.<\/li>\n<\/ul>\n<h3>Ultrad\u017awi\u0119kowa Maszyna Przesiewaj\u0105ca<\/h3>\n<p><iframe loading=\"lazy\" title=\"Ultrasonic Vibrating Sieve Machine - Beijing Ultrasonic\" width=\"500\" height=\"281\" src=\"https:\/\/www.youtube.com\/embed\/PEkryRhyJXY?feature=oembed\" frameborder=\"0\" allow=\"accelerometer; autoplay; clipboard-write; encrypted-media; gyroscope; picture-in-picture; web-share\" referrerpolicy=\"strict-origin-when-cross-origin\" allowfullscreen><\/iframe><\/p>\n<h3>P\u0142atno\u015b\u0107<\/h3>\n<p>Akceptujemy p\u0142atno\u015bci PayPal, przelew bankowy (T\/T) i Western Union.<\/p>\n<h3>Wysy\u0142ka<\/h3>\n<p>Towar zostanie wys\u0142any w ci\u0105gu 48 godzin od otrzymania pe\u0142nej p\u0142atno\u015bci.<\/p>\n<ul>\n<li>Wysy\u0142amy towar na adres podany podczas p\u0142atno\u015bci PayPal. Prosimy o upewnienie si\u0119, \u017ce adres w PayPal jest poprawny.<\/li>\n<li>Prze\u015blemy numer przesy\u0142ki po wys\u0142aniu towaru; zazwyczaj towar dotrze w ci\u0105gu pi\u0119ciu dni.<\/li>\n<li>W przypadku pyta\u0144 prosimy o kontakt mailowy (nasz adres e-mail to <a href=\"mailto:support@bjultrasonic.com\">support@bjultrasonic.com<\/a>).<\/li>\n<\/ul>\n<h3>Gwarancja na Produkt<\/h3>\n<p>Okres gwarancyjny wynosi jeden rok. W okresie gwarancji zakupione produkty mog\u0105 korzysta\u0107 z bezp\u0142atnej naprawy lub wymiany.<\/p>\n","protected":false},"excerpt":{"rendered":"<p>Przetwornik Ultrad\u017awi\u0119kowy sk\u0142ada si\u0119 z gruczo\u0142u, ceramiki piezoelektrycznej, elementu elektrodowego, g\u0142owicy promieniuj\u0105cej, \u015brub napr\u0119\u017caj\u0105cych i obudowy izolacyjnej.<\/p>\n","protected":false},"featured_media":4845,"comment_status":"open","ping_status":"closed","template":"","meta":[],"product_brand":[],"product_cat":[6317],"product_tag":[],"class_list":{"0":"post-69900","1":"product","2":"type-product","3":"status-publish","4":"has-post-thumbnail","6":"product_cat-ultrasonic-transducer-pl","8":"first","9":"instock","10":"shipping-taxable","11":"product-type-external","12":"prodpage-classic"},"aioseo_notices":[],"_links":{"self":[{"href":"https:\/\/www.bjultrasonic.com\/pl\/wp-json\/wp\/v2\/product\/69900","targetHints":{"allow":["GET"]}}],"collection":[{"href":"https:\/\/www.bjultrasonic.com\/pl\/wp-json\/wp\/v2\/product"}],"about":[{"href":"https:\/\/www.bjultrasonic.com\/pl\/wp-json\/wp\/v2\/types\/product"}],"replies":[{"embeddable":true,"href":"https:\/\/www.bjultrasonic.com\/pl\/wp-json\/wp\/v2\/comments?post=69900"}],"wp:featuredmedia":[{"embeddable":true,"href":"https:\/\/www.bjultrasonic.com\/pl\/wp-json\/wp\/v2\/media\/4845"}],"wp:attachment":[{"href":"https:\/\/www.bjultrasonic.com\/pl\/wp-json\/wp\/v2\/media?parent=69900"}],"wp:term":[{"taxonomy":"product_brand","embeddable":true,"href":"https:\/\/www.bjultrasonic.com\/pl\/wp-json\/wp\/v2\/product_brand?post=69900"},{"taxonomy":"product_cat","embeddable":true,"href":"https:\/\/www.bjultrasonic.com\/pl\/wp-json\/wp\/v2\/product_cat?post=69900"},{"taxonomy":"product_tag","embeddable":true,"href":"https:\/\/www.bjultrasonic.com\/pl\/wp-json\/wp\/v2\/product_tag?post=69900"}],"curies":[{"name":"wp","href":"https:\/\/api.w.org\/{rel}","templated":true}]}}