{"id":69920,"date":"2012-07-12T03:24:31","date_gmt":"2012-07-12T08:24:31","guid":{"rendered":"https:\/\/www.bjultrasonic.com\/shop\/ultrasonic-atomizing-transducer\/"},"modified":"2026-03-28T20:15:36","modified_gmt":"2026-03-29T01:15:36","slug":"ultrasonic-atomizing-transducer","status":"publish","type":"product","link":"https:\/\/www.bjultrasonic.com\/pl\/shop\/ultrasonic-atomizing-transducer\/","title":{"rendered":"Niestandardowy Przetwornik Piezoelektryczny do Ultrad\u017awi\u0119kowego Rozpylania"},"content":{"rendered":"<h3>Mo\u017cemy Dostosowa\u0107 Nawil\u017cacz Ultrad\u017awi\u0119kowy z Dysz\u0105 Mg\u0142ow\u0105<\/h3>\n<table class=\"table table-striped table-bordered\">\n<tbody>\n<tr>\n<td>Typ<\/td>\n<td>Ilo\u015b\u0107 Atomizacji<\/td>\n<td>Napi\u0119cie Robocze<\/td>\n<td>Moc<\/td>\n<td>Rozmiar<\/td>\n<\/tr>\n<tr>\n<td>BJA-350<\/td>\n<td>\u2265350ML\/H<\/td>\n<td>24V<\/td>\n<td>18W<\/td>\n<td>\u015arednica 45mm; Wysoko\u015b\u0107 27mm.<\/td>\n<\/tr>\n<tr>\n<td>BJA-900<\/td>\n<td>\u2265900ML\/H<\/td>\n<td>36V<\/td>\n<td>1.5A<\/td>\n<td>\u015arednica 68mm; Wysoko\u015b\u0107 27mm.<\/td>\n<\/tr>\n<tr>\n<td>BJA-1500<\/td>\n<td>\u22651500ML\/H<\/td>\n<td>36V<\/td>\n<td>140w,4A<\/td>\n<td>\u015arednica 100mm; Wysoko\u015b\u0107 27mm<\/td>\n<\/tr>\n<tr>\n<td>BJA-2000<\/td>\n<td>\u22652000ML\/H<\/td>\n<td>36V<\/td>\n<td>150W<\/td>\n<td>D\u0142ugo\u015b\u0107 154mm; Szeroko\u015b\u0107 88mm; Wysoko\u015b\u0107 30mm.<\/td>\n<\/tr>\n<tr>\n<td>BJA-3000<\/td>\n<td>\u22653000ML\/H<\/td>\n<td>36V<\/td>\n<td>300W<\/td>\n<td>D\u0142ugo\u015b\u0107 254mm; Szeroko\u015b\u0107 88mm; Wysoko\u015b\u0107 28mm.<\/td>\n<\/tr>\n<tr>\n<td>BJA-5000<\/td>\n<td>\u22655000ML\/H<\/td>\n<td>48V<\/td>\n<td>250W<\/td>\n<td>D\u0142ugo\u015b\u0107 254mm; Szeroko\u015b\u0107 88mm; Wysoko\u015b\u0107 56mm<\/td>\n<\/tr>\n<\/tbody>\n<\/table>\n<p>Obw\u00f3d nawil\u017cacza ultrad\u017awi\u0119kowego do nebulizatora ultrad\u017awi\u0119kowego, atomizera ultrad\u017awi\u0119kowego &amp; generatora mg\u0142y ultrad\u017awi\u0119kowej. Obw\u00f3d nawil\u017cacza ultrad\u017awi\u0119kowego przekszta\u0142ca ciecze w cz\u0105steczki podobne do chmury. Metalowa membrana wibruj\u0105ca z cz\u0119stotliwo\u015bci\u0105 ultrad\u017awi\u0119kow\u0105 tworzy kropelki wody, kt\u00f3re cicho wydostaj\u0105 si\u0119 z Przetwornika Atomizuj\u0105cego Ultrad\u017awi\u0119kowego w formie ch\u0142odnej mgie\u0142ki.<\/p>\n<p><img loading=\"lazy\" decoding=\"async\" class=\"alignnone size-full wp-image-5003\" src=\"\/\/www.bjultrasonic.com\/wp-content\/uploads\/2012\/07\/Ultrasonic-Humidifier-Transducer.jpg\" alt=\"Przetwornik Nawil\u017cacza Ultrad\u017awi\u0119kowego\" width=\"600\" height=\"359\" \/><\/p>\n<h3>G\u0142\u00f3wne cechy Przetwornika Atomizuj\u0105cego Ultrad\u017awi\u0119kowego<\/h3>\n<ul>\n<li>Niska impedancja.<\/li>\n<li>Charakterystyka niskich strat.<\/li>\n<li>Pokrywa miedziana z pow\u0142ok\u0105 niklow\u0105.<\/li>\n<li>Niezawodny i trwa\u0142y.<\/li>\n<li>Wysoki wsp\u00f3\u0142czynnik jako\u015bci mechanicznej.<\/li>\n<li>Specjalna konstrukcja u\u0142atwiaj\u0105ca wymian\u0119 ceramiki piezoelektrycznej.<\/li>\n<\/ul>\n<h3>Filmy o Atomizerze Ultrad\u017awi\u0119kowym<\/h3>\n<p><iframe loading=\"lazy\" title=\"Ultrasonic Humidifier\" width=\"500\" height=\"281\" src=\"https:\/\/www.youtube.com\/embed\/videoseries?list=PLLrjMYkO0_NEpofnqW3MnsGQ-KMwpBJul\" frameborder=\"0\" allow=\"accelerometer; autoplay; clipboard-write; encrypted-media; gyroscope; picture-in-picture; web-share\" referrerpolicy=\"strict-origin-when-cross-origin\" allowfullscreen><\/iframe><\/p>\n<h3>P\u0142atno\u015b\u0107<\/h3>\n<p>Akceptujemy obecnie paypal, przelew bankowy (T\/T) &amp; Western Union.<\/p>\n<h3 class=\"shipping-methods\">Wysy\u0142ka<\/h3>\n<p>Towar zostanie wys\u0142any w ci\u0105gu 48 godzin od otrzymania pe\u0142nej zap\u0142aty.<\/p>\n<ul>\n<li>Wysy\u0142amy towar na adres podany podczas p\u0142atno\u015bci PayPal. Prosimy upewni\u0107 si\u0119, \u017ce adres w PayPal jest poprawny.<\/li>\n<li>Prze\u015blemy numer \u015bledzenia przesy\u0142ki po jej wys\u0142aniu, zazwyczaj towar dotrze w ci\u0105gu pi\u0119ciu dni.<\/li>\n<li>W przypadku pyta\u0144 prosimy o kontakt mailowy (nasz adres e-mail to <a href=\"mailto:support@bjultrasonic.com\">support@bjultrasonic.com<\/a>)<\/li>\n<\/ul>\n<h3>Gwarancja Produktu<\/h3>\n<p>Okres gwarancji na produkt wynosi jeden rok. W okresie gwarancyjnym zakupione produkty mog\u0105 korzysta\u0107 z bezp\u0142atnej naprawy lub wymiany.<\/p>\n","protected":false},"excerpt":{"rendered":"<p><a href=\"https:\/\/www.bjultrasonic.com\/pl\/category\/ultrasonic-atomizer-pl\/\">Nawil\u017cacz ultrad\u017awi\u0119kowy<\/a> wykorzystuje energi\u0119 ultrad\u017awi\u0119kow\u0105 do przekszta\u0142cania cieczy w cz\u0105steczki przypominaj\u0105ce chmur\u0119. Nawil\u017cacz ultrad\u017awi\u0119kowy jest r\u00f3wnie\u017c nazywany <a href=\"https:\/\/www.bjultrasonic.com\/pl\/shop\/ultrasonic-atomizing-transducer\/\">atomizerem ultrad\u017awi\u0119kowym<\/a>, generatorem mg\u0142y ultrad\u017awi\u0119kowej, wytwornic\u0105 mg\u0142y ultrad\u017awi\u0119kowej.<\/p>\n","protected":false},"featured_media":19517,"comment_status":"open","ping_status":"closed","template":"","meta":[],"product_brand":[],"product_cat":[6189],"product_tag":[],"class_list":{"0":"post-69920","1":"product","2":"type-product","3":"status-publish","4":"has-post-thumbnail","6":"product_cat-ultrasonic-atomizer-pl","8":"first","9":"instock","10":"featured","11":"shipping-taxable","12":"product-type-external","13":"prodpage-classic"},"aioseo_notices":[],"_links":{"self":[{"href":"https:\/\/www.bjultrasonic.com\/pl\/wp-json\/wp\/v2\/product\/69920","targetHints":{"allow":["GET"]}}],"collection":[{"href":"https:\/\/www.bjultrasonic.com\/pl\/wp-json\/wp\/v2\/product"}],"about":[{"href":"https:\/\/www.bjultrasonic.com\/pl\/wp-json\/wp\/v2\/types\/product"}],"replies":[{"embeddable":true,"href":"https:\/\/www.bjultrasonic.com\/pl\/wp-json\/wp\/v2\/comments?post=69920"}],"wp:featuredmedia":[{"embeddable":true,"href":"https:\/\/www.bjultrasonic.com\/pl\/wp-json\/wp\/v2\/media\/19517"}],"wp:attachment":[{"href":"https:\/\/www.bjultrasonic.com\/pl\/wp-json\/wp\/v2\/media?parent=69920"}],"wp:term":[{"taxonomy":"product_brand","embeddable":true,"href":"https:\/\/www.bjultrasonic.com\/pl\/wp-json\/wp\/v2\/product_brand?post=69920"},{"taxonomy":"product_cat","embeddable":true,"href":"https:\/\/www.bjultrasonic.com\/pl\/wp-json\/wp\/v2\/product_cat?post=69920"},{"taxonomy":"product_tag","embeddable":true,"href":"https:\/\/www.bjultrasonic.com\/pl\/wp-json\/wp\/v2\/product_tag?post=69920"}],"curies":[{"name":"wp","href":"https:\/\/api.w.org\/{rel}","templated":true}]}}