{"id":69940,"date":"2012-07-12T02:28:05","date_gmt":"2012-07-12T07:28:05","guid":{"rendered":"https:\/\/www.bjultrasonic.com\/shop\/ultrasonic-cell-disruptor\/"},"modified":"2026-03-28T20:15:35","modified_gmt":"2026-03-29T01:15:35","slug":"ultrasonic-cell-disruptor","status":"publish","type":"product","link":"https:\/\/www.bjultrasonic.com\/pl\/shop\/ultrasonic-cell-disruptor\/","title":{"rendered":"Ultrad\u017awi\u0119kowe Homogenizatory"},"content":{"rendered":"<p>Ultrad\u017awi\u0119kowy rozpraszacz kom\u00f3rek (ultrad\u017awi\u0119kowy procesor cieczy, biologiczny homogenizator ultrad\u017awi\u0119kowy) mo\u017ce rozbi\u0107 wi\u0119kszo\u015b\u0107 kom\u00f3rek, bakterii, zarodnik\u00f3w lub tkanek.<\/p>\n<h2>Specyfikacja Ultrad\u017awi\u0119kowego Rozpraszacza Kom\u00f3rek<\/h2>\n<table class=\"table table-striped table-bordered\">\n<tbody>\n<tr>\n<td valign=\"top\" width=\"158\">TYP<\/td>\n<td valign=\"top\" width=\"145\">Cz\u0119stotliwo\u015b\u0107 (Khz)<\/td>\n<td valign=\"top\" width=\"136\">Moc (W)<\/td>\n<\/tr>\n<tr>\n<td valign=\"top\" width=\"158\"><a href=\"https:\/\/www.bjultrasonic.com\/pl\/shop\/biologics-ultrasonic-homogenizer-bjed-20100\/\">BJED-20100<\/a><\/td>\n<td valign=\"top\" width=\"145\">20<\/td>\n<td valign=\"top\" width=\"136\">100<\/td>\n<\/tr>\n<tr>\n<td valign=\"top\" width=\"158\"><a href=\"https:\/\/www.bjultrasonic.com\/pl\/shop\/biologics-ultrasonic-homogenizer-bjed-20150\/\">BJED-20150<\/a><\/td>\n<td valign=\"top\" width=\"145\">20<\/td>\n<td valign=\"top\" width=\"136\">150<\/td>\n<\/tr>\n<tr>\n<td valign=\"top\" width=\"158\"><a href=\"https:\/\/www.bjultrasonic.com\/pl\/shop\/biologics-ultrasonic-homogenizer-bjed-20250\/\">BJED-20250<\/a><\/td>\n<td valign=\"top\" width=\"145\">20<\/td>\n<td valign=\"top\" width=\"136\">250<\/td>\n<\/tr>\n<tr>\n<td valign=\"top\" width=\"158\"><a href=\"https:\/\/www.bjultrasonic.com\/pl\/shop\/biologics-ultrasonic-homogenizer-bjed-20500\/\">BJED-20500<\/a><\/td>\n<td valign=\"top\" width=\"145\">20<\/td>\n<td valign=\"top\" width=\"136\">500<\/td>\n<\/tr>\n<tr>\n<td valign=\"top\" width=\"158\"><a href=\"https:\/\/www.bjultrasonic.com\/pl\/shop\/biologics-ultrasonic-homogenizer-bjed-20800\/\">BJED-20800<\/a><\/td>\n<td valign=\"top\" width=\"145\">20<\/td>\n<td valign=\"top\" width=\"136\">800<\/td>\n<\/tr>\n<tr>\n<td valign=\"top\" width=\"158\"><a href=\"https:\/\/www.bjultrasonic.com\/pl\/shop\/biologics-ultrasonic-homogenizer-bjed-20950\/\">BJED-20950<\/a><\/td>\n<td valign=\"top\" width=\"145\">20<\/td>\n<td valign=\"top\" width=\"136\">950<\/td>\n<\/tr>\n<tr>\n<td valign=\"top\" width=\"158\"><a href=\"https:\/\/www.bjultrasonic.com\/pl\/shop\/biologics-ultrasonic-homogenizer-bjed-201200\/\">BJED-201200<\/a><\/td>\n<td valign=\"top\" width=\"145\">20<\/td>\n<td valign=\"top\" width=\"136\">1200<\/td>\n<\/tr>\n<\/tbody>\n<\/table>\n<h3>Typowe zastosowania Ultrad\u017awi\u0119kowego Rozpraszacza Kom\u00f3rek<\/h3>\n<ul>\n<li>Stosowany do rozbijania wielu rodzaj\u00f3w kom\u00f3rek zwierz\u0119cych i ro\u015blinnych, kom\u00f3rek wirusowych.<\/li>\n<li>Emulgowanie, rozdzielanie, topienie, wyci\u0105ganie, zmniejszanie moczenia, mycie i przyspieszanie reakcji chemicznych itp.<\/li>\n<li>Szeroko stosowany w takich dziedzinach jak biochemia, mikrobiologia, chemia medyczna, chemia powierzchni, fizyka, zoologia itp.<\/li>\n<\/ul>\n<h3>Film o Ultrad\u017awi\u0119kowym Rozpraszaczu Kom\u00f3rek<\/h3>\n<p><iframe loading=\"lazy\" title=\"Ultrasonic Processor | Biologics Ultrasonic Homogenizer\" width=\"500\" height=\"375\" src=\"https:\/\/www.youtube.com\/embed\/T0snVNfFYIs?feature=oembed\" frameborder=\"0\" allow=\"accelerometer; autoplay; clipboard-write; encrypted-media; gyroscope; picture-in-picture; web-share\" referrerpolicy=\"strict-origin-when-cross-origin\" allowfullscreen><\/iframe><\/p>\n<h3>G\u0142\u00f3wne funkcje Ultrad\u017awi\u0119kowego Rozpraszacza Kom\u00f3rek<\/h3>\n<ul>\n<li>Automatyczne \u015bledzenie cz\u0119stotliwo\u015bci.<\/li>\n<li>Automatyczna kompensacja amplitudy wyj\u015bciowej.<\/li>\n<li>Posiada ustawienie bezpiecze\u0144stwa mocy wyj\u015bciowej, aby unikn\u0105\u0107 uszkodzenia transformator\u00f3w ultrad\u017awi\u0119kowych.<\/li>\n<li>Amplituda wyj\u015bciowa regulowana od 0 do 100, \u0142atwa obs\u0142uga, intuicyjna i wydajna.<\/li>\n<li>Dwa tryby pracy: impulsowy przerywany i ci\u0105g\u0142y.<\/li>\n<li>Z interfejsem sterowania zewn\u0119trznego, wygodny do zaawansowanych operacji.<\/li>\n<li>Z niezale\u017cnym zewn\u0119trznym prze\u0142\u0105cznikiem no\u017cnym, umo\u017cliwia bezpo\u015bredni\u0105 obs\u0142ug\u0119.<\/li>\n<\/ul>\n<h3>P\u0142atno\u015b\u0107<\/h3>\n<p>Akceptujemy obecnie p\u0142atno\u015bci PayPal, przelew bankowy (T\/T) i Western Union.<\/p>\n<h3 class=\"shipping-methods\">Wysy\u0142ka<\/h3>\n<p>Towar zostanie wys\u0142any w ci\u0105gu 48 godzin od otrzymania pe\u0142nej p\u0142atno\u015bci.<\/p>\n<ul>\n<li>Wysy\u0142amy towar na adres podany w p\u0142atno\u015bci PayPal. Prosimy upewni\u0107 si\u0119, \u017ce adres w PayPal jest prawid\u0142owy.<\/li>\n<li>Podamy numer \u015bledzenia przesy\u0142ki po jej wys\u0142aniu; zazwyczaj towar dotrze w ci\u0105gu pi\u0119ciu dni.<\/li>\n<li>W przypadku pyta\u0144 prosimy o kontakt mailowy (nasz adres e-mail to <a href=\"mailto:support@bjultrasonic.com\">support@bjultrasonic.com<\/a>).<\/li>\n<\/ul>\n<h3>Gwarancja Produktu<\/h3>\n<p>Okres gwarancji na produkt wynosi jeden rok. W okresie gwarancyjnym zakupione produkty mog\u0105 korzysta\u0107 z bezp\u0142atnej naprawy lub wymiany.<\/p>\n","protected":false},"excerpt":{"rendered":"<p>Homogenizatory ultrad\u017awi\u0119kowe, rozrywacze kom\u00f3rkowe ultrad\u017awi\u0119kowe lub sonikatory poprawiaj\u0105 og\u00f3ln\u0105 jednorodno\u015b\u0107 i stabilno\u015b\u0107 mieszanin poprzez redukcj\u0119 rozmiar\u00f3w cz\u0105stek w cieczach. S\u0105 skuteczne w rozdrabnianiu DNA\/RNA, homogenizacji, lizie kom\u00f3rek, dyspersji nanocz\u0105stek, ekstrakcji bia\u0142ek oraz og\u00f3lnym przygotowaniu pr\u00f3bek.<\/p>\n","protected":false},"featured_media":5355,"comment_status":"open","ping_status":"closed","template":"","meta":[],"product_brand":[],"product_cat":[6291,6259],"product_tag":[],"class_list":{"0":"post-69940","1":"product","2":"type-product","3":"status-publish","4":"has-post-thumbnail","6":"product_cat-cell-pl","7":"product_cat-ultrasonic-processors-pl","9":"first","10":"instock","11":"featured","12":"shipping-taxable","13":"product-type-external","14":"prodpage-classic"},"aioseo_notices":[],"_links":{"self":[{"href":"https:\/\/www.bjultrasonic.com\/pl\/wp-json\/wp\/v2\/product\/69940","targetHints":{"allow":["GET"]}}],"collection":[{"href":"https:\/\/www.bjultrasonic.com\/pl\/wp-json\/wp\/v2\/product"}],"about":[{"href":"https:\/\/www.bjultrasonic.com\/pl\/wp-json\/wp\/v2\/types\/product"}],"replies":[{"embeddable":true,"href":"https:\/\/www.bjultrasonic.com\/pl\/wp-json\/wp\/v2\/comments?post=69940"}],"wp:featuredmedia":[{"embeddable":true,"href":"https:\/\/www.bjultrasonic.com\/pl\/wp-json\/wp\/v2\/media\/5355"}],"wp:attachment":[{"href":"https:\/\/www.bjultrasonic.com\/pl\/wp-json\/wp\/v2\/media?parent=69940"}],"wp:term":[{"taxonomy":"product_brand","embeddable":true,"href":"https:\/\/www.bjultrasonic.com\/pl\/wp-json\/wp\/v2\/product_brand?post=69940"},{"taxonomy":"product_cat","embeddable":true,"href":"https:\/\/www.bjultrasonic.com\/pl\/wp-json\/wp\/v2\/product_cat?post=69940"},{"taxonomy":"product_tag","embeddable":true,"href":"https:\/\/www.bjultrasonic.com\/pl\/wp-json\/wp\/v2\/product_tag?post=69940"}],"curies":[{"name":"wp","href":"https:\/\/api.w.org\/{rel}","templated":true}]}}