{"id":70100,"date":"2012-05-28T22:05:07","date_gmt":"2012-05-29T03:05:07","guid":{"rendered":"https:\/\/www.bjultrasonic.com\/shop\/1500w-ultrasonic-generator\/"},"modified":"2026-03-28T20:14:07","modified_gmt":"2026-03-29T01:14:07","slug":"1500w-ultrasonic-generator","status":"publish","type":"product","link":"https:\/\/www.bjultrasonic.com\/pl\/shop\/1500w-ultrasonic-generator\/","title":{"rendered":"Generator ultrad\u017awi\u0119kowy 1500W poni\u017cej 45 kHz"},"content":{"rendered":"<h3>Aby dostarczy\u0107 towar na czas:<\/h3>\n<ul>\n<li>Przy sk\u0142adaniu zam\u00f3wienia prosimy poinformowa\u0107 nas, jakie napi\u0119cie (220 V lub 120 V) i jak\u0105 cz\u0119stotliwo\u015b\u0107 Pa\u0144stwo potrzebuj\u0105.<\/li>\n<li>Prosimy poda\u0107 nam szczeg\u00f3\u0142owy adres dostawy. W tym adres, kod pocztowy, numer telefonu.<\/li>\n<li>Je\u015bli waga Pa\u0144stwa zam\u00f3wienia przekracza 21 kg, prosimy o kontakt w celu uzyskania ekonomicznej ceny za transport.<\/li>\n<\/ul>\n<h3>Uwagi<\/h3>\n<ul>\n<li><a href=\"https:\/\/www.bjultrasonic.com\/pl\/category\/ultrasonic-generator-pl\/\">Generatory ultrad\u017awi\u0119kowe<\/a> s\u0105 produktami wykonywanymi na zam\u00f3wienie. W sprawie ceny prosimy o <a href=\"https:\/\/www.bjultrasonic.com\/contact\/\">kontakt z naszym przedstawicielem handlowym<\/a>. Odpowiemy wkr\u00f3tce.<\/li>\n<li>Mo\u017cemy projektowa\u0107 i dostosowywa\u0107 r\u00f3\u017cne generatory ultrad\u017awi\u0119kowe w oparciu o <strong>cz\u0119stotliwo\u015b\u0107<\/strong> i <strong>napi\u0119cie<\/strong>.<\/li>\n<\/ul>\n<p><img loading=\"lazy\" decoding=\"async\" class=\"alignnone wp-image-5021\" title=\"Generator sygna\u0142u ultrad\u017awi\u0119kowego\" src=\"https:\/\/www.bjultrasonic.com\/wp-content\/uploads\/2012\/05\/Ultrasonic-Signal-Generator.jpg\" alt=\"Generator sygna\u0142u ultrad\u017awi\u0119kowego\" width=\"600\" height=\"450\" \/><\/p>\n<h3>Wewn\u0119trzna struktura cyfrowego generatora ultrad\u017awi\u0119kowego<\/h3>\n<p><img loading=\"lazy\" decoding=\"async\" src=\"https:\/\/www.bjultrasonic.com\/wp-content\/uploads\/2018\/07\/Internal-Structure-Of-Digital-Ultrasonic-Generator.png\" alt=\"Wewn\u0119trzna struktura cyfrowego generatora ultrad\u017awi\u0119kowego\" width=\"650\" height=\"578\" \/><\/p>\n<h3>G\u0142\u00f3wne parametry techniczne generatora ultrad\u017awi\u0119kowego 1500W<\/h3>\n<ul>\n<li><strong>Wymiary<\/strong>: 300 mm * 360 mm * 160 mm (d\u0142. * szer. * wys.)<\/li>\n<li><strong>Pr\u0105d roboczy<\/strong>: 5,5 A<\/li>\n<li><strong>Napi\u0119cie robocze<\/strong>: 200 V &#8211; 240 V \/ 50 Hz, 100 V &#8211; 120 V \/ 60 Hz<\/li>\n<li><strong>Cz\u0119stotliwo\u015b\u0107<\/strong>: od 20 kHz do 40 kHz (np. 20 kHz, 25 kHz, 28 kHz, 30 kHz, 33 kHz, 40 kHz)<\/li>\n<\/ul>\n<p>Generator ultrad\u017awi\u0119kowy jest nieodzown\u0105 cz\u0119\u015bci\u0105 <a href=\"https:\/\/www.bjultrasonic.com\/pl\/category\/ultrasonic-cleaning-system-pl\/\">urz\u0105dzenia do czyszczenia ultrad\u017awi\u0119kowego<\/a>. Jako\u015b\u0107 generatora ultrad\u017awi\u0119kowego bezpo\u015brednio decyduje o efekcie czyszczenia systemu ultrad\u017awi\u0119kowego. Cyfrowe generatory ultrad\u017awi\u0119kowe s\u0105 samodzielnie opracowywane i produkowane przez Beijing Ultrasonic.<\/p>\n<h3>Typowe cechy generatora ultrad\u017awi\u0119kowego<\/h3>\n<ul>\n<li>Sterowanie programowalne za pomoc\u0105 przycisk\u00f3w z wy\u015bwietlaczem cyfrowym ustawie\u0144; mo\u017cemy obserwowa\u0107 stan pracy na panelu (np. cz\u0119stotliwo\u015b\u0107 pracy, pr\u0105d roboczy).<\/li>\n<li>Zastosowanie technologii sterowania cyfrowego, doskona\u0142y projekt obwod\u00f3w, stabilno\u015b\u0107 mocy wyj\u015bciowej.<\/li>\n<li>Zabezpieczenie przed przeci\u0105\u017ceniem pr\u0105dowym, przegrzaniem, przepi\u0119ciem.<\/li>\n<li>Obwody wysokiego i niskiego napi\u0119cia s\u0105 ca\u0142kowicie rozdzielone, bezpiecze\u0144stwo u\u017cytkowania.<\/li>\n<li>Moc ultrad\u017awi\u0119kowa, czas pracy i cz\u0119stotliwo\u015b\u0107 mo\u017cna regulowa\u0107 zgodnie z wymaganiami, aby dopasowa\u0107 si\u0119 do czyszczenia r\u00f3\u017cnych produkt\u00f3w.<br \/>\n(Sterowanie czasem: 0-59&#8217;59&#8221;)<br \/>\n(Zakres regulacji mocy: 0-100%)<\/li>\n<li>Wydajny system ch\u0142odzenia.<\/li>\n<li>Funkcja przemiatania cz\u0119stotliwo\u015bci (sweep).<\/li>\n<\/ul>\n<h3>Generator cz\u0119stotliwo\u015bci ultrad\u017awi\u0119kowej | Generator sygna\u0142u ultrad\u017awi\u0119kowego | Generator fali ultrad\u017awi\u0119kowej &#8211; wideo<\/h3>\n<p><iframe loading=\"lazy\" title=\"Ultrasonic Signal Generator Circuit - Beijing Ultrasonic\" width=\"500\" height=\"281\" src=\"https:\/\/www.youtube.com\/embed\/A9JdQN5e5G8?feature=oembed\" frameborder=\"0\" allow=\"accelerometer; autoplay; clipboard-write; encrypted-media; gyroscope; picture-in-picture; web-share\" referrerpolicy=\"strict-origin-when-cross-origin\" allowfullscreen><\/iframe><\/p>\n<h3>Schemat generatora ultrad\u017awi\u0119kowego<\/h3>\n<div id=\"attachment_1253\" style=\"width: 640px\" class=\"wp-caption alignnone\"><a href=\"https:\/\/www.bjultrasonic.com\/wp-content\/uploads\/2012\/07\/Ultrasonic-Generator-Schematic.jpg\" data-lightbox=\"image\"><img loading=\"lazy\" decoding=\"async\" aria-describedby=\"caption-attachment-1253\" title=\"Schemat generatora ultrad\u017awi\u0119kowego\" src=\"\/\/www.bjultrasonic.com\/wp-content\/uploads\/2012\/07\/Ultrasonic-Generator-Schematic.jpg\" alt=\"Schemat generatora ultrad\u017awi\u0119kowego\" width=\"630\" height=\"266\" \/><\/a><p id=\"caption-attachment-1253\" class=\"wp-caption-text\">Schemat generatora ultrad\u017awi\u0119kowego<\/p><\/div>\n","protected":false},"excerpt":{"rendered":"<p>Cyfrowy <a href=\"https:\/\/www.bjultrasonic.com\/pl\/category\/ultrasonic-generator-pl\/\">generator ultrad\u017awi\u0119kowy<\/a>, zwany tak\u017ce zestawem generatora ultrad\u017awi\u0119kowego, wykorzystuje zaawansowan\u0105 technologi\u0119 sterowania mikrokomputerowego i now\u0105 geometri\u0119 obwodu, umo\u017cliwiaj\u0105c dostosowanie cz\u0119stotliwo\u015bci ultrad\u017awi\u0119kowej, timera i mocy zgodnie z wymaganiami.<\/p>\n","protected":false},"featured_media":19247,"comment_status":"open","ping_status":"closed","template":"","meta":[],"product_brand":[],"product_cat":[6045],"product_tag":[],"class_list":{"0":"post-70100","1":"product","2":"type-product","3":"status-publish","4":"has-post-thumbnail","6":"product_cat-ultrasonic-digital-generator-pl","8":"first","9":"instock","10":"shipping-taxable","11":"purchasable","12":"product-type-simple","13":"prodpage-classic"},"aioseo_notices":[],"_links":{"self":[{"href":"https:\/\/www.bjultrasonic.com\/pl\/wp-json\/wp\/v2\/product\/70100","targetHints":{"allow":["GET"]}}],"collection":[{"href":"https:\/\/www.bjultrasonic.com\/pl\/wp-json\/wp\/v2\/product"}],"about":[{"href":"https:\/\/www.bjultrasonic.com\/pl\/wp-json\/wp\/v2\/types\/product"}],"replies":[{"embeddable":true,"href":"https:\/\/www.bjultrasonic.com\/pl\/wp-json\/wp\/v2\/comments?post=70100"}],"wp:featuredmedia":[{"embeddable":true,"href":"https:\/\/www.bjultrasonic.com\/pl\/wp-json\/wp\/v2\/media\/19247"}],"wp:attachment":[{"href":"https:\/\/www.bjultrasonic.com\/pl\/wp-json\/wp\/v2\/media?parent=70100"}],"wp:term":[{"taxonomy":"product_brand","embeddable":true,"href":"https:\/\/www.bjultrasonic.com\/pl\/wp-json\/wp\/v2\/product_brand?post=70100"},{"taxonomy":"product_cat","embeddable":true,"href":"https:\/\/www.bjultrasonic.com\/pl\/wp-json\/wp\/v2\/product_cat?post=70100"},{"taxonomy":"product_tag","embeddable":true,"href":"https:\/\/www.bjultrasonic.com\/pl\/wp-json\/wp\/v2\/product_tag?post=70100"}],"curies":[{"name":"wp","href":"https:\/\/api.w.org\/{rel}","templated":true}]}}