{"id":70220,"date":"2012-04-30T02:56:43","date_gmt":"2012-04-30T07:56:43","guid":{"rendered":"https:\/\/www.bjultrasonic.com\/shop\/13l-digital-ultrasonic-cleaner-with-timer\/"},"modified":"2026-03-28T20:12:46","modified_gmt":"2026-03-29T01:12:46","slug":"13l-digital-ultrasonic-cleaner-with-timer","status":"publish","type":"product","link":"https:\/\/www.bjultrasonic.com\/pl\/shop\/13l-digital-ultrasonic-cleaner-with-timer\/","title":{"rendered":"13L Cyfrowy Czyszczacz Ultrad\u017awi\u0119kowy z Timerem"},"content":{"rendered":"<h2>Specyfikacja 13L Cyfrowego Czyszczacza Ultrad\u017awi\u0119kowego z Timerem<\/h2>\n<table class=\"table table-striped table-bordered\"   id=\"wp-table-reloaded-id-94-no-1\">\n<tbody>\n<tr>\n<td>Typ<\/td>\n<td>BJUCDT13<\/td>\n<\/tr>\n<tr>\n<td>Pojemno\u015b\u0107 zbiornika<\/td>\n<td>13L<\/td>\n<\/tr>\n<tr>\n<td>Moc<\/td>\n<td>360W<\/td>\n<\/tr>\n<tr>\n<td>Cz\u0119stotliwo\u015b\u0107<\/td>\n<td>40kHz<\/td>\n<\/tr>\n<tr>\n<td>Wymiary zbiornika (mm)<\/td>\n<td>355*325*150 (D*S*W)<\/td>\n<\/tr>\n<tr>\n<td>Wymiary urz\u0105dzenia (mm)<\/td>\n<td>360*330*310 (D*S*W)<\/td>\n<\/tr>\n<tr>\n<td>Napi\u0119cie<\/td>\n<td>110VAC\u2014240VAC<\/td>\n<\/tr>\n<tr>\n<td>Funkcje<\/td>\n<td>Timer (1-99 min),<\/td>\n<\/tr>\n<tr>\n<td>Koszyk<\/td>\n<td>Koszyk ze stali nierdzewnej<\/td>\n<\/tr>\n<tr>\n<td>Waga jednostkowa<\/td>\n<td>11,2kg<\/td>\n<\/tr>\n<\/tbody>\n<\/table>\n<h3>Opis Cyfrowego Czyszczacza Ultrad\u017awi\u0119kowego<\/h3>\n<ul>\n<li>Ca\u0142a maszyna do czyszczenia ultrad\u017awi\u0119kowego ma konstrukcj\u0119 ze stali nierdzewnej, estetyczn\u0105 i praktyczn\u0105.<\/li>\n<li>Wykorzystanie przetwornika ultrad\u017awi\u0119kowego o wysokim wsp\u00f3\u0142czynniku Q. Du\u017ca moc.<\/li>\n<li>Wysoka jako\u015b\u0107 procesu klejenia. Przetwornik ultrad\u017awi\u0119kowy przyklejony za pomoc\u0105 kleju epoksydowego.<\/li>\n<li>Czas mo\u017cna regulowa\u0107 wed\u0142ug potrzeb.<\/li>\n<\/ul>\n<h3>Wideo Cyfrowego Czyszczacza Ultrad\u017awi\u0119kowego z Timerem i Grza\u0142k\u0105<\/h3>\n<p><iframe loading=\"lazy\" title=\"Digital Ultrasonic Cleaner with Timer and Heater\" width=\"500\" height=\"281\" src=\"https:\/\/www.youtube.com\/embed\/SdW_EZ2X140?feature=oembed\" frameborder=\"0\" allow=\"accelerometer; autoplay; clipboard-write; encrypted-media; gyroscope; picture-in-picture; web-share\" referrerpolicy=\"strict-origin-when-cross-origin\" allowfullscreen><\/iframe><\/p>\n<h3>Zastosowanie Czyszczacza Ultrad\u017awi\u0119kowego<\/h3>\n<ul>\n<li><strong>Przemys\u0142 maszynowy<\/strong>: usuwanie oleju antykorozyjnego; Czyszczenie przyrz\u0105d\u00f3w pomiarowych; Czyszczenie cz\u0119\u015bci mechanicznych, silnika, ga\u017anika i cz\u0119\u015bci samochodowych;<\/li>\n<li><strong>Przemys\u0142 obr\u00f3bki powierzchni<\/strong>: przed powlekaniem usuwanie oleju lub usuwanie rdzy; Czyszczenie przed napylaniem jonowym; Obr\u00f3bka fosforanowa; Usuwanie nagaru; Usuwanie zgorzeliny; Usuwanie past polerskich; Aktywacja powierzchni metalowej przedmiotu obrabianego itp.<\/li>\n<li><strong>Przemys\u0142 przyrz\u0105d\u00f3w<\/strong>: czyszczenie cz\u0119\u015bci precyzyjnych o wysokim stopniu czysto\u015bci przed monta\u017cem.<\/li>\n<li><strong>Przemys\u0142 elektroniczny<\/strong>: p\u0142ytki drukowane &#8211; usuwanie kalafonii, punkt\u00f3w lutowniczych; Czyszczenie styk\u00f3w wysokiego napi\u0119cia oraz innych element\u00f3w mechanicznych i elektronicznych itp.<\/li>\n<li><strong>Przemys\u0142 medyczny<\/strong>: czyszczenie i dezynfekcja, sterylizacja sprz\u0119tu medycznego, czyszczenie naczy\u0144 laboratoryjnych itp.<\/li>\n<li><strong>Przemys\u0142 p\u00f3\u0142przewodnikowy<\/strong>: czyszczenie p\u0142ytek p\u00f3\u0142przewodnikowych o wysokim stopniu czysto\u015bci.<\/li>\n<li><strong>Przemys\u0142 zegarmistrzowski i jubilerski<\/strong>: usuwanie oleju, brudu, warstwy utlenionej, past polerskich itp.<\/li>\n<li><strong>Przemys\u0142 chemiczny, biologiczny<\/strong>: Czyszczenie naczy\u0144 laboratoryjnych.<\/li>\n<li> <strong>Przemys\u0142 optyczny<\/strong>: usuwanie oleju z element\u00f3w optycznych, usuwanie potu, py\u0142u itp.<\/li>\n<li> <strong>Przemys\u0142 w\u0142\u00f3kienniczy i drukarski<\/strong>: czyszczenie wrzecion w\u0142\u00f3kienniczych, dysz prz\u0119dzalniczych itp.<\/li>\n<li> <strong>Przemys\u0142 petrochemiczny<\/strong>: czyszczenie i udra\u017cnianie siatek metalowych, czyszczenie pojemnik\u00f3w chemicznych, zawor\u00f3w itp.<\/li>\n<\/ul>\n<h3>P\u0142atno\u015b\u0107<\/h3>\n<p>Akceptujemy p\u0142atno\u015bci PayPal, przelew bankowy (T\/T) i Western Union.<\/p>\n<h3 class=\"shipping-methods\">Wysy\u0142ka<\/h3>\n<p>Towar zostanie wys\u0142any w ci\u0105gu 48 godzin od otrzymania pe\u0142nej zap\u0142aty.<\/p>\n<ul>\n<li>Wysy\u0142amy towar na adres podany w p\u0142atno\u015bci PayPal. Prosimy upewni\u0107 si\u0119, \u017ce adres w PayPal jest poprawny.<\/li>\n<li>Podamy numer przesy\u0142ki po wys\u0142aniu towaru, zazwyczaj otrzymaj\u0105 Pa\u0144stwo towar w ci\u0105gu pi\u0119ciu dni.<\/li>\n<li>W przypadku pyta\u0144 prosimy o kontakt mailowy (nasz adres e-mail to <a href=\"mailto:support@bjultrasonic.com\">support@bjultrasonic.com<\/a>)<\/li>\n<\/ul>\n<h3>Gwarancja na Produkt<\/h3>\n<p>Okres gwarancyjny produktu wynosi jeden rok. W okresie gwarancji zakupione produkty mog\u0105 korzysta\u0107 z bezp\u0142atnej naprawy lub wymiany.<\/p>\n","protected":false},"excerpt":{"rendered":"<p><a href=\"https:\/\/www.bjultrasonic.com\/pl\/category\/ultrasonic-cleaning-system-pl\/digital-ultrasonic-cleaner-pl\/\">Cyfrowe urz\u0105dzenia ultrad\u017awi\u0119kowe do czyszczenia<\/a> s\u0105 szeroko stosowane do czyszczenia bi\u017cuterii, zegark\u00f3w, naszyjnik\u00f3w, kolczyk\u00f3w, pier\u015bcionk\u00f3w, bransoletek, monet, pask\u00f3w do zegark\u00f3w, okular\u00f3w, okular\u00f3w przeciws\u0142onecznych, akcesori\u00f3w do soczewek kontaktowych, protez z\u0119bowych, grzebieni, szczoteczek do z\u0119b\u00f3w, sztu\u0107c\u00f3w i tak dalej.<\/p>\n","protected":false},"featured_media":1129,"comment_status":"open","ping_status":"closed","template":"","meta":[],"product_brand":[],"product_cat":[5848],"product_tag":[],"class_list":{"0":"post-70220","1":"product","2":"type-product","3":"status-publish","4":"has-post-thumbnail","6":"product_cat-digital-ultrasonic-cleaner-pl","8":"first","9":"outofstock","10":"shipping-taxable","11":"purchasable","12":"product-type-simple","13":"prodpage-classic"},"aioseo_notices":[],"_links":{"self":[{"href":"https:\/\/www.bjultrasonic.com\/pl\/wp-json\/wp\/v2\/product\/70220","targetHints":{"allow":["GET"]}}],"collection":[{"href":"https:\/\/www.bjultrasonic.com\/pl\/wp-json\/wp\/v2\/product"}],"about":[{"href":"https:\/\/www.bjultrasonic.com\/pl\/wp-json\/wp\/v2\/types\/product"}],"replies":[{"embeddable":true,"href":"https:\/\/www.bjultrasonic.com\/pl\/wp-json\/wp\/v2\/comments?post=70220"}],"wp:featuredmedia":[{"embeddable":true,"href":"https:\/\/www.bjultrasonic.com\/pl\/wp-json\/wp\/v2\/media\/1129"}],"wp:attachment":[{"href":"https:\/\/www.bjultrasonic.com\/pl\/wp-json\/wp\/v2\/media?parent=70220"}],"wp:term":[{"taxonomy":"product_brand","embeddable":true,"href":"https:\/\/www.bjultrasonic.com\/pl\/wp-json\/wp\/v2\/product_brand?post=70220"},{"taxonomy":"product_cat","embeddable":true,"href":"https:\/\/www.bjultrasonic.com\/pl\/wp-json\/wp\/v2\/product_cat?post=70220"},{"taxonomy":"product_tag","embeddable":true,"href":"https:\/\/www.bjultrasonic.com\/pl\/wp-json\/wp\/v2\/product_tag?post=70220"}],"curies":[{"name":"wp","href":"https:\/\/api.w.org\/{rel}","templated":true}]}}