{"id":70560,"date":"2012-04-29T07:22:45","date_gmt":"2012-04-29T12:22:45","guid":{"rendered":"https:\/\/www.bjultrasonic.com\/shop\/0-4l-digital-ultrasonic-cleaner-with-timer\/"},"modified":"2026-03-28T20:09:57","modified_gmt":"2026-03-29T01:09:57","slug":"0-4l-digital-ultrasonic-cleaner-with-timer","status":"publish","type":"product","link":"https:\/\/www.bjultrasonic.com\/pl\/shop\/0-4l-digital-ultrasonic-cleaner-with-timer\/","title":{"rendered":"0,4L Cyfrowy Oczyszczacz Ultrad\u017awi\u0119kowy z Timerem"},"content":{"rendered":"<h2>Specyfikacja cyfrowego czyszczarki ultrad\u017awi\u0119kowej z czasomierzem 0.4L<\/h2>\n<table class=\"table table-striped table-bordered\"   id=\"wp-table-reloaded-id-77-no-1\">\n<tbody>\n<tr>\n<td>Typ<\/td>\n<td>BJUCDT0.4<\/td>\n<\/tr>\n<tr>\n<td>Pojemno\u015b\u0107 zbiornika<\/td>\n<td>0.4L<\/td>\n<\/tr>\n<tr>\n<td>Moc<\/td>\n<td>35W<\/td>\n<\/tr>\n<tr>\n<td>Cz\u0119stotliwo\u015b\u0107<\/td>\n<td>40kHz<\/td>\n<\/tr>\n<tr>\n<td>Wymiary zbiornika (mm)<\/td>\n<td>155 x 80 x 40 mm (D*S*W)<\/td>\n<\/tr>\n<tr>\n<td>Wymiary urz\u0105dzenia (mm)<\/td>\n<td>205*115*90 mm<\/td>\n<\/tr>\n<tr>\n<td>Napi\u0119cie<\/td>\n<td>220V\/110V<\/td>\n<\/tr>\n<tr>\n<td>Funkcje<\/td>\n<td>Czasomierz (0-3 min)<\/td>\n<\/tr>\n<tr>\n<td>Waga jednostkowa<\/td>\n<td>0.8 kg<\/td>\n<\/tr>\n<\/tbody>\n<\/table>\n<h3>Uwagi<\/h3>\n<p>Prosimy o podanie, jakiego napi\u0119cia potrzebujesz podczas sk\u0142adania zam\u00f3wienia.<\/p>\n<h3>Opis cyfrowej czyszczarki ultrad\u017awi\u0119kowej<\/h3>\n<ul>\n<li>Wykorzystuje przetwornik ultrad\u017awi\u0119kowy High Q o du\u017cej mocy.<\/li>\n<li>Wysoka jako\u015b\u0107 procesu klejenia. Przetwornik ultrad\u017awi\u0119kowy przyklejony za pomoc\u0105 kleju epoksydowego.<\/li>\n<li>Czas mo\u017cna regulowa\u0107 w zakresie 0-3 minut w zale\u017cno\u015bci od potrzeb.<\/li>\n<\/ul>\n<p><iframe loading=\"lazy\" title=\"How to Use an Ultrasonic Cleaner - Beijing Ultrasonic\" width=\"500\" height=\"281\" src=\"https:\/\/www.youtube.com\/embed\/YTCghUcjfyU?feature=oembed\" frameborder=\"0\" allow=\"accelerometer; autoplay; clipboard-write; encrypted-media; gyroscope; picture-in-picture; web-share\" referrerpolicy=\"strict-origin-when-cross-origin\" allowfullscreen><\/iframe><\/p>\n<h3>Zastosowanie czyszczarki ultrad\u017awi\u0119kowej<\/h3>\n<ul>\n<li>Czyszczenie bi\u017cuterii i zegark\u00f3w, naszyjnik\u00f3w, kolczyk\u00f3w, pier\u015bcionk\u00f3w, bransoletek, monet, pask\u00f3w i bransolet do zegark\u00f3w itp.<\/li>\n<li>Czyszczenie akcesori\u00f3w do piel\u0119gnacji oczu: okular\u00f3w, okular\u00f3w przeciws\u0142onecznych, akcesori\u00f3w do soczewek kontaktowych.<\/li>\n<li>Czyszczenie codziennej piel\u0119gnacji osobistej: protez z\u0119bowych, grzebieni, szczoteczek do z\u0119b\u00f3w, zastawy sto\u0142owej.<\/li>\n<\/ul>\n<h3>P\u0142atno\u015b\u0107<\/h3>\n<p>Akceptujemy p\u0142atno\u015bci PayPal, przelew T\/T oraz Western Union.<\/p>\n<h3 class=\"shipping-methods\">Wysy\u0142ka<\/h3>\n<p>Towar zostanie wys\u0142any w ci\u0105gu 48 godzin od otrzymania pe\u0142nej p\u0142atno\u015bci.<\/p>\n<ul>\n<li>Wysy\u0142amy towar na adres podany w p\u0142atno\u015bci PayPal. Prosimy upewni\u0107 si\u0119, \u017ce adres w PayPal jest poprawny.<\/li>\n<li>Podamy numer przesy\u0142ki po wys\u0142aniu towaru; zazwyczaj otrzymasz towar w ci\u0105gu pi\u0119ciu dni.<\/li>\n<li>Je\u015bli masz jakiekolwiek pytania, skontaktuj si\u0119 z nami drog\u0105 mailow\u0105 (nasz adres e-mail to <a href=\"mailto:support@bjultrasonic.com\">support@bjultrasonic.com<\/a>).<\/li>\n<\/ul>\n<h3>Gwarancja na produkt<\/h3>\n<p>Okres gwarancyjny produktu wynosi jeden rok. W okresie gwarancji zakupione produkty mog\u0105 korzysta\u0107 z bezp\u0142atnej naprawy lub wymiany.<\/p>\n","protected":false},"excerpt":{"rendered":"<p><a href=\"https:\/\/www.bjultrasonic.com\/pl\/category\/ultrasonic-cleaning-system-pl\/digital-ultrasonic-cleaner-pl\/\">Cyfrowe myjki ultrad\u017awi\u0119kowe<\/a> s\u0105 szeroko stosowane do czyszczenia bi\u017cuterii, zegark\u00f3w, naszyjnik\u00f3w, kolczyk\u00f3w, pier\u015bcionk\u00f3w, bransoletek, monet, pask\u00f3w do zegark\u00f3w, okular\u00f3w, okular\u00f3w przeciws\u0142onecznych, akcesori\u00f3w do soczewek kontaktowych, protez z\u0119bowych, grzebieni, szczoteczek do z\u0119b\u00f3w, zastawy sto\u0142owej i tak dalej.<\/p>\n","protected":false},"featured_media":1036,"comment_status":"open","ping_status":"closed","template":"","meta":[],"product_brand":[],"product_cat":[5848],"product_tag":[],"class_list":{"0":"post-70560","1":"product","2":"type-product","3":"status-publish","4":"has-post-thumbnail","6":"product_cat-digital-ultrasonic-cleaner-pl","8":"first","9":"outofstock","10":"shipping-taxable","11":"purchasable","12":"product-type-simple","13":"prodpage-classic"},"aioseo_notices":[],"_links":{"self":[{"href":"https:\/\/www.bjultrasonic.com\/pl\/wp-json\/wp\/v2\/product\/70560","targetHints":{"allow":["GET"]}}],"collection":[{"href":"https:\/\/www.bjultrasonic.com\/pl\/wp-json\/wp\/v2\/product"}],"about":[{"href":"https:\/\/www.bjultrasonic.com\/pl\/wp-json\/wp\/v2\/types\/product"}],"replies":[{"embeddable":true,"href":"https:\/\/www.bjultrasonic.com\/pl\/wp-json\/wp\/v2\/comments?post=70560"}],"wp:featuredmedia":[{"embeddable":true,"href":"https:\/\/www.bjultrasonic.com\/pl\/wp-json\/wp\/v2\/media\/1036"}],"wp:attachment":[{"href":"https:\/\/www.bjultrasonic.com\/pl\/wp-json\/wp\/v2\/media?parent=70560"}],"wp:term":[{"taxonomy":"product_brand","embeddable":true,"href":"https:\/\/www.bjultrasonic.com\/pl\/wp-json\/wp\/v2\/product_brand?post=70560"},{"taxonomy":"product_cat","embeddable":true,"href":"https:\/\/www.bjultrasonic.com\/pl\/wp-json\/wp\/v2\/product_cat?post=70560"},{"taxonomy":"product_tag","embeddable":true,"href":"https:\/\/www.bjultrasonic.com\/pl\/wp-json\/wp\/v2\/product_tag?post=70560"}],"curies":[{"name":"wp","href":"https:\/\/api.w.org\/{rel}","templated":true}]}}