{"id":70600,"date":"2012-04-29T00:30:41","date_gmt":"2012-04-29T05:30:41","guid":{"rendered":"https:\/\/www.bjultrasonic.com\/shop\/1500w-ultrasonic-cleaner\/"},"modified":"2026-03-28T20:09:32","modified_gmt":"2026-03-29T01:09:32","slug":"1500w-ultrasonic-cleaner","status":"publish","type":"product","link":"https:\/\/www.bjultrasonic.com\/pl\/shop\/1500w-ultrasonic-cleaner\/","title":{"rendered":"1500W Przemys\u0142owa Maszyna do Czyszczenia Ultrad\u017awi\u0119kowego"},"content":{"rendered":"<h2>Specyfikacja 1500W myjki ultrad\u017awi\u0119kowej<\/h2>\n<table class=\"table table-striped table-bordered\"   id=\"wp-table-reloaded-id-75-no-1\">\n<tbody>\n<tr>\n<td>Typ<\/td>\n<td>BJUC1500<\/td>\n<\/tr>\n<tr>\n<td>Moc ultrad\u017awi\u0119kowa<\/td>\n<td>1500W<\/td>\n<\/tr>\n<tr>\n<td>Moc grzewcza<\/td>\n<td>4000W<\/td>\n<\/tr>\n<tr>\n<td>Cz\u0119stotliwo\u015b\u0107<\/td>\n<td>40kHz\/28kHz<\/td>\n<\/tr>\n<tr>\n<td>Wymiary zbiornika (mm)<\/td>\n<td>630 \u00d7 530 \u00d7 400 (D*S*W)<\/td>\n<\/tr>\n<tr>\n<td>Wymiary urz\u0105dzenia<\/td>\n<td>750 \u00d7 650 \u00d7 675 (D*S*W)<\/td>\n<\/tr>\n<tr>\n<td>Napi\u0119cie<\/td>\n<td>220V\/380V<\/td>\n<\/tr>\n<tr>\n<td>Funkcje<\/td>\n<td>Timer, Grzanie<\/td>\n<\/tr>\n<tr>\n<td>Koszyk<\/td>\n<td>Koszyk ze stali nierdzewnej<\/td>\n<\/tr>\n<\/tbody>\n<\/table>\n<h3>Uwagi<\/h3>\n<ul>\n<li>Myjka ultrad\u017awi\u0119kowa 1500W jest produktem wykonywanym na zam\u00f3wienie. W sprawie ceny prosimy o kontakt z naszym Przedstawicielem Handlowym ( <a href=\"https:\/\/www.bjultrasonic.com\/contact\/\" target=\"_blank\" rel=\"noopener\">Formularz kontaktowy<\/a>). Odpowiemy wkr\u00f3tce.<\/li>\n<li>Mo\u017cemy projektowa\u0107 i dostosowywa\u0107 r\u00f3\u017cne myjki ultrad\u017awi\u0119kowe w oparciu o wymagania.<\/li>\n<\/ul>\n<h3>Typowe cechy tego typu myjki ultrad\u017awi\u0119kowej<\/h3>\n<ul>\n<li>Wykorzystanie wysokiej jako\u015bci blachy i element\u00f3w ze stali nierdzewnej: pe\u0142na stal nierdzewna, pi\u0119kny i trwa\u0142y wygl\u0105d.<\/li>\n<li>Urz\u0105dzenie grzewcze i kontroli temperatury, zakres temperatury 10 ~ 100\u00b0C.<\/li>\n<li>Zastosowanie wysokiej jako\u015bci przetwornik\u00f3w, silna moc wyj\u015bciowa ultrad\u017awi\u0119k\u00f3w.<\/li>\n<li>Zbiornik czyszcz\u0105cy i generator maj\u0105 konstrukcj\u0119 roz\u0142\u0105czn\u0105, \u0142atw\u0105 w u\u017cyciu.<\/li>\n<li>Wykorzystanie nowego uk\u0142adu elektronicznego, moc i timer generatora s\u0105 regulowalne.<\/li>\n<li>Tryby wibracji ultrad\u017awi\u0119kowej: dno i kraw\u0119dzie, odpowiednie dla r\u00f3\u017cnych potrzeb.<\/li>\n<\/ul>\n<h3>Zbiornik myjki ultrad\u017awi\u0119kowej &amp; Generator ultrad\u017awi\u0119kowy do zbiornika<\/h3>\n<p><iframe loading=\"lazy\" title=\"Ultrasonic Cleaning Tank for Sale\" width=\"500\" height=\"281\" src=\"https:\/\/www.youtube.com\/embed\/tMUV4LCcNvA?feature=oembed\" frameborder=\"0\" allow=\"accelerometer; autoplay; clipboard-write; encrypted-media; gyroscope; picture-in-picture; web-share\" referrerpolicy=\"strict-origin-when-cross-origin\" allowfullscreen><\/iframe><\/p>\n<h3>Zastosowanie myjki ultrad\u017awi\u0119kowej<\/h3>\n<ul>\n<li><strong>Przemys\u0142 maszynowy<\/strong>: usuwanie oleju antykorozyjnego; Czyszczenie przyrz\u0105d\u00f3w pomiarowych; Czyszczenie cz\u0119\u015bci maszyn, silnik\u00f3w, ga\u017anik\u00f3w i cz\u0119\u015bci samochodowych;<\/li>\n<li><strong>Przemys\u0142 obr\u00f3bki powierzchni<\/strong>: przed nak\u0142adaniem pow\u0142ok usuwanie oleju lub rdzy; Czyszczenie przed nak\u0142adaniem pow\u0142ok jonowych; Fosforanowanie; Usuwanie nagaru; Usuwanie zgorzeliny; Usuwanie past polerskich; Aktywacja powierzchni metalowych detali itp.<\/li>\n<li><strong>Przemys\u0142 przyrz\u0105d\u00f3w precyzyjnych<\/strong>: czyszczenie cz\u0119\u015bci precyzyjnych o wysokim stopniu czysto\u015bci przed monta\u017cem.<\/li>\n<li><strong>Przemys\u0142 elektroniczny<\/strong>: p\u0142ytki drukowane &#8211; usuwanie kalafonii, pozosta\u0142o\u015bci po lutowaniu; Czyszczenie styk\u00f3w wysokonapi\u0119ciowych i innych element\u00f3w mechanicznych i elektronicznych itp.<\/li>\n<li><strong>Przemys\u0142 medyczny<\/strong>: czyszczenie, dezynfekcja, sterylizacja sprz\u0119tu medycznego, czyszczenie naczy\u0144 laboratoryjnych itp.<\/li>\n<li><strong>Przemys\u0142 p\u00f3\u0142przewodnikowy<\/strong>: czyszczenie p\u0142ytek p\u00f3\u0142przewodnikowych o wysokim stopniu czysto\u015bci.<\/li>\n<li><strong>Przemys\u0142 zegarmistrzowski i bi\u017cuteryjny<\/strong>: usuwanie oleju, brudu, warstwy utlenionej, past polerskich itp.<\/li>\n<li><strong>Przemys\u0142 chemiczny, biologiczny<\/strong>: czyszczenie naczy\u0144 laboratoryjnych.<\/li>\n<li><strong>Przemys\u0142 optyczny<\/strong>: usuwanie oleju z element\u00f3w optycznych, usuwanie odcisk\u00f3w palc\u00f3w, kurzu itp.<\/li>\n<li><strong>Przemys\u0142 w\u0142\u00f3kienniczy i drukarski<\/strong>: czyszczenie wrzecion w\u0142\u00f3kienniczych, dysz prz\u0119dzalniczych itp.<\/li>\n<li><strong>Przemys\u0142 petrochemiczny<\/strong>: czyszczenie i udra\u017cnianie siatek metalowych, czyszczenie pojemnik\u00f3w chemicznych, zawor\u00f3w itp.<\/li>\n<\/ul>\n<p><img loading=\"lazy\" decoding=\"async\" class=\"alignnone size-full wp-image-1011\" title=\"300W Ultrasonic Cleaner\" alt=\"300W Ultrasonic Cleaner\" src=\"\/\/www.bjultrasonic.com\/wp-content\/uploads\/2012\/04\/201242911111.jpg\" width=\"456\" height=\"269\" \/><\/p>\n<h3>P\u0142atno\u015b\u0107<\/h3>\n<p>Aktualnie akceptujemy p\u0142atno\u015bci tylko przez <strong>Paypal<\/strong>, <strong>przelew bankowy (T\/T)<\/strong> oraz <strong>Western Union<\/strong>.<\/p>\n<h3 class=\"shipping-methods\">Wysy\u0142ka<\/h3>\n<p>Towar zostanie wys\u0142any w ci\u0105gu 48 godzin od otrzymania pe\u0142nej zap\u0142aty.<\/p>\n<ul>\n<li>Wysy\u0142amy towar na adres podany w p\u0142atno\u015bci PayPal. Prosimy upewni\u0107 si\u0119, \u017ce adres w PayPal jest poprawny.<\/li>\n<li>Prze\u015blemy numer \u015bledzenia przesy\u0142ki po jej wys\u0142aniu; zazwyczaj otrzymasz towar w ci\u0105gu pi\u0119ciu dni.<\/li>\n<li>W przypadku pyta\u0144 prosimy o kontakt mailowy (nasz adres email to <a href=\"mailto:support@bjultrasonic.com\">support@bjultrasonic.com<\/a>).<\/li>\n<\/ul>\n<h3 align=\"left\">Gwarancja produktu<\/h3>\n<p>Okres gwarancji na produkt wynosi jeden rok. W okresie gwarancyjnym zakupione produkty mog\u0105 korzysta\u0107 z bezp\u0142atnej naprawy lub wymiany.<\/p>\n","protected":false},"excerpt":{"rendered":"<p><a href=\"https:\/\/www.bjultrasonic.com\/pl\/category\/ultrasonic-cleaning-system-pl\/big-ultrasonic-cleaning-machine-pl\/\">Przemys\u0142owa myjka ultrad\u017awi\u0119kowa<\/a> produkowana przez Beijing Ultrasonic. Mo\u017cemy projektowa\u0107 i dostosowywa\u0107 r\u00f3\u017cne <a href=\"https:\/\/www.bjultrasonic.com\/pl\/category\/ultrasonic-cleaning-system-pl\/big-ultrasonic-cleaning-machine-pl\/\">przemys\u0142owe myjki ultrad\u017awi\u0119kowe<\/a> zgodnie z wymaganiami.<\/p>\n","protected":false},"featured_media":23720,"comment_status":"open","ping_status":"closed","template":"","meta":[],"product_brand":[],"product_cat":[5958],"product_tag":[],"class_list":{"0":"post-70600","1":"product","2":"type-product","3":"status-publish","4":"has-post-thumbnail","6":"product_cat-big-ultrasonic-cleaning-machine-pl","8":"first","9":"instock","10":"shipping-taxable","11":"product-type-external","12":"prodpage-classic"},"aioseo_notices":[],"_links":{"self":[{"href":"https:\/\/www.bjultrasonic.com\/pl\/wp-json\/wp\/v2\/product\/70600","targetHints":{"allow":["GET"]}}],"collection":[{"href":"https:\/\/www.bjultrasonic.com\/pl\/wp-json\/wp\/v2\/product"}],"about":[{"href":"https:\/\/www.bjultrasonic.com\/pl\/wp-json\/wp\/v2\/types\/product"}],"replies":[{"embeddable":true,"href":"https:\/\/www.bjultrasonic.com\/pl\/wp-json\/wp\/v2\/comments?post=70600"}],"wp:featuredmedia":[{"embeddable":true,"href":"https:\/\/www.bjultrasonic.com\/pl\/wp-json\/wp\/v2\/media\/23720"}],"wp:attachment":[{"href":"https:\/\/www.bjultrasonic.com\/pl\/wp-json\/wp\/v2\/media?parent=70600"}],"wp:term":[{"taxonomy":"product_brand","embeddable":true,"href":"https:\/\/www.bjultrasonic.com\/pl\/wp-json\/wp\/v2\/product_brand?post=70600"},{"taxonomy":"product_cat","embeddable":true,"href":"https:\/\/www.bjultrasonic.com\/pl\/wp-json\/wp\/v2\/product_cat?post=70600"},{"taxonomy":"product_tag","embeddable":true,"href":"https:\/\/www.bjultrasonic.com\/pl\/wp-json\/wp\/v2\/product_tag?post=70600"}],"curies":[{"name":"wp","href":"https:\/\/api.w.org\/{rel}","templated":true}]}}