{"id":70640,"date":"2012-04-29T00:23:24","date_gmt":"2012-04-29T05:23:24","guid":{"rendered":"https:\/\/www.bjultrasonic.com\/shop\/900w-ultrasonic-cleaner\/"},"modified":"2026-03-28T20:09:05","modified_gmt":"2026-03-29T01:09:05","slug":"900w-ultrasonic-cleaner","status":"publish","type":"product","link":"https:\/\/www.bjultrasonic.com\/pl\/shop\/900w-ultrasonic-cleaner\/","title":{"rendered":"900W Przemys\u0142owa Maszyna do Czyszczenia Ultrad\u017awi\u0119kowego"},"content":{"rendered":"<h2>Specyfikacja 900W Urz\u0105dzenia Ultrad\u017awi\u0119kowego<\/h2>\n<table class=\"table table-striped table-bordered\"   id=\"wp-table-reloaded-id-73-no-1\">\n<tbody>\n<tr>\n<td>Typ<\/td>\n<td>BJUC900<\/td>\n<\/tr>\n<tr>\n<td>Moc ultrad\u017awi\u0119kowa<\/td>\n<td>900W<\/td>\n<\/tr>\n<tr>\n<td>Moc grzewcza<\/td>\n<td>3000W<\/td>\n<\/tr>\n<tr>\n<td>Cz\u0119stotliwo\u015b\u0107<\/td>\n<td>40kHz\/28kHz<\/td>\n<\/tr>\n<tr>\n<td>Wymiary zbiornika (mm)<\/td>\n<td>400*300*300 (D*S*W)<\/td>\n<\/tr>\n<tr>\n<td>Wymiary urz\u0105dzenia<\/td>\n<td>520 \u00d7 430 \u00d7 600 (D*S*W)<\/td>\n<\/tr>\n<tr>\n<td>Napi\u0119cie<\/td>\n<td>220V AC<\/td>\n<\/tr>\n<tr>\n<td>Funkcje<\/td>\n<td>Timer, Ogrzewanie<\/td>\n<\/tr>\n<tr>\n<td>Koszyk<\/td>\n<td>Koszyk ze stali nierdzewnej<\/td>\n<\/tr>\n<\/tbody>\n<\/table>\n<h3>Uwagi<\/h3>\n<ul>\n<li>900W Urz\u0105dzenia czyszcz\u0105ce ultrad\u017awi\u0119kowe s\u0105 produktami wykonywanymi na zam\u00f3wienie. W sprawie ceny prosimy o kontakt z naszym Przedstawicielem Handlowym (<a href=\"https:\/\/www.bjultrasonic.com\/contact\/\" target=\"_blank\" rel=\"noopener\">Formularz kontaktowy<\/a>). Odpowiemy wkr\u00f3tce.<\/li>\n<li>Mo\u017cemy projektowa\u0107 i wykonywa\u0107 na zam\u00f3wienie r\u00f3\u017cne Urz\u0105dzenia Czyszcz\u0105ce Ultrad\u017awi\u0119kowe w oparciu o wymagania.<\/li>\n<\/ul>\n<h3>Typowe cechy tego typu Urz\u0105dzenia Czyszcz\u0105cego Ultrad\u017awi\u0119kowego<\/h3>\n<ul>\n<li>U\u017cycie wysokiej jako\u015bci blachy i komponent\u00f3w ze stali nierdzewnej: pe\u0142na stal nierdzewna, pi\u0119kny i trwa\u0142y wygl\u0105d.<\/li>\n<li>Urz\u0105dzenie grzewcze i kontroli temperatury, zakres temperatury 10 ~ 100\u2103.<\/li>\n<li>Zastosowanie wysokiej jako\u015bci przetwornik\u00f3w, silna moc wyj\u015bciowa ultrad\u017awi\u0119k\u00f3w.<\/li>\n<li>Zbiornik czyszcz\u0105cy i generator maj\u0105 roz\u0142\u0105czn\u0105 konstrukcj\u0119, \u0142atwe w u\u017cyciu.<\/li>\n<li>Zastosowanie nowego uk\u0142adu elektronicznego, moc i timer generatora mog\u0105 by\u0107 regulowane.<\/li>\n<li>Tryby wibracji ultrad\u017awi\u0119kowych: wibracja od dna i od kraw\u0119dzi, odpowiednie dla r\u00f3\u017cnych potrzeb.<\/li>\n<\/ul>\n<h3>Zbiornik Czyszcz\u0105cy Ultrad\u017awi\u0119kowy &amp; Generator Ultrad\u017awi\u0119kowy do Zbiornika Czyszcz\u0105cego<\/h3>\n<p><iframe loading=\"lazy\" title=\"Ultrasonic Cleaning Tank for Sale\" width=\"500\" height=\"281\" src=\"https:\/\/www.youtube.com\/embed\/tMUV4LCcNvA?feature=oembed\" frameborder=\"0\" allow=\"accelerometer; autoplay; clipboard-write; encrypted-media; gyroscope; picture-in-picture; web-share\" referrerpolicy=\"strict-origin-when-cross-origin\" allowfullscreen><\/iframe><\/p>\n<h3>Zastosowanie Urz\u0105dzenia Czyszcz\u0105cego Ultrad\u017awi\u0119kowego<\/h3>\n<ul>\n<li><strong>Przemys\u0142 maszynowy<\/strong>: usuwanie oleju antykorozyjnego; czyszczenie przyrz\u0105d\u00f3w pomiarowych; czyszczenie cz\u0119\u015bci mechanicznych, silnik\u00f3w, ga\u017anik\u00f3w i cz\u0119\u015bci samochodowych;<\/li>\n<li><strong>Przemys\u0142 obr\u00f3bki powierzchni<\/strong>: usuwanie oleju lub rdzy przed powlekaniem; czyszczenie przed platerowaniem jonowym; obr\u00f3bka fosforanowa; usuwanie nagaru; usuwanie zgorzeliny; usuwanie past polerskich; aktywacja powierzchni metalowych detali itp.<\/li>\n<li><strong>Przemys\u0142 przyrz\u0105d\u00f3w precyzyjnych<\/strong>: czyszczenie cz\u0119\u015bci precyzyjnych do wysokiego stopnia czysto\u015bci przed monta\u017cem.<\/li>\n<li><strong>Przemys\u0142 elektroniczny<\/strong>: usuwanie kalafonii z p\u0142ytek drukowanych, punkt\u00f3w lutowniczych; czyszczenie styk\u00f3w wysokonapi\u0119ciowych oraz innych element\u00f3w mechanicznych i elektronicznych itp.<\/li>\n<li><strong>Przemys\u0142 medyczny<\/strong>: czyszczenie i dezynfekcja, sterylizacja sprz\u0119tu medycznego, czyszczenie naczy\u0144 laboratoryjnych itp.<\/li>\n<li><strong>Przemys\u0142 p\u00f3\u0142przewodnikowy<\/strong>: czyszczenie p\u0142ytek p\u00f3\u0142przewodnikowych do wysokiego stopnia czysto\u015bci.<\/li>\n<li><strong>Przemys\u0142 zegarmistrzowski i jubilerski<\/strong>: usuwanie oleju, brudu, warstwy utlenionej, past polerskich itp.<\/li>\n<li><strong>Przemys\u0142 chemiczny, biologiczny<\/strong>: czyszczenie naczy\u0144 laboratoryjnych.<\/li>\n<li><strong>Przemys\u0142 optyczny<\/strong>: usuwanie oleju z element\u00f3w optycznych, usuwanie potu, py\u0142u itp.<\/li>\n<li><strong>Przemys\u0142 w\u0142\u00f3kienniczy i drukarski<\/strong>: czyszczenie wrzecion tkackich, dysz prz\u0119dzarskich itp.<\/li>\n<li><strong>Przemys\u0142 petrochemiczny<\/strong>: czyszczenie i udra\u017cnianie siatek metalowych, czyszczenie pojemnik\u00f3w chemicznych, zawor\u00f3w itp.<\/li>\n<\/ul>\n<p><img loading=\"lazy\" decoding=\"async\" class=\"alignnone size-full wp-image-1011\" title=\"300W Ultrasonic Cleaner\" alt=\"300W Ultrasonic Cleaner\" src=\"\/\/www.bjultrasonic.com\/wp-content\/uploads\/2012\/04\/201242911111.jpg\" width=\"456\" height=\"269\" \/><\/p>\n<h3>P\u0142atno\u015b\u0107<\/h3>\n<p>Obecnie akceptujemy wy\u0142\u0105cznie p\u0142atno\u015bci <strong>Paypal<\/strong>, <strong>T\/T<\/strong> oraz <strong>Western Union<\/strong>.<\/p>\n<h3 class=\"shipping-methods\">Wysy\u0142ka<\/h3>\n<p>Towar zostanie wys\u0142any w ci\u0105gu 48 godzin od otrzymania pe\u0142nej zap\u0142aty.<\/p>\n<ul>\n<li>Wysy\u0142amy towar na adres podany w p\u0142atno\u015bci PayPal. Prosimy upewni\u0107 si\u0119, \u017ce adres w PayPal jest poprawny.<\/li>\n<li>Podamy numer przesy\u0142ki po wys\u0142aniu towaru; og\u00f3lnie rzecz bior\u0105c, otrzymaj\u0105 Pa\u0144stwo towar w ci\u0105gu pi\u0119ciu dni.<\/li>\n<li>W przypadku jakichkolwiek pyta\u0144 prosimy o kontakt mailowy (nasz adres e-mail to <a href=\"mailto:support@bjultrasonic.com\">support@bjultrasonic.com<\/a>).<\/li>\n<\/ul>\n<h3 align=\"left\">Gwarancja na Produkt<\/h3>\n<p>Okres gwarancji na produkt wynosi jeden rok. W okresie gwarancyjnym zakupione produkty mog\u0105 korzysta\u0107 z bezp\u0142atnej naprawy lub wymiany.<\/p>\n","protected":false},"excerpt":{"rendered":"<p><a href=\"https:\/\/www.bjultrasonic.com\/pl\/category\/ultrasonic-cleaning-system-pl\/big-ultrasonic-cleaning-machine-pl\/\">Przemys\u0142owe urz\u0105dzenia do czyszczenia ultrad\u017awi\u0119kowego<\/a> produkowane przez Beijing Ultrasonic. Mo\u017cemy projektowa\u0107 i dostosowywa\u0107 r\u00f3\u017cne <a href=\"https:\/\/www.bjultrasonic.com\/pl\/category\/ultrasonic-cleaning-system-pl\/big-ultrasonic-cleaning-machine-pl\/\">przemys\u0142owe urz\u0105dzenia do czyszczenia ultrad\u017awi\u0119kowego<\/a> zgodnie z wymaganiami.<\/p>\n","protected":false},"featured_media":23722,"comment_status":"open","ping_status":"closed","template":"","meta":[],"product_brand":[],"product_cat":[5958],"product_tag":[],"class_list":{"0":"post-70640","1":"product","2":"type-product","3":"status-publish","4":"has-post-thumbnail","6":"product_cat-big-ultrasonic-cleaning-machine-pl","8":"first","9":"instock","10":"shipping-taxable","11":"product-type-external","12":"prodpage-classic"},"aioseo_notices":[],"_links":{"self":[{"href":"https:\/\/www.bjultrasonic.com\/pl\/wp-json\/wp\/v2\/product\/70640","targetHints":{"allow":["GET"]}}],"collection":[{"href":"https:\/\/www.bjultrasonic.com\/pl\/wp-json\/wp\/v2\/product"}],"about":[{"href":"https:\/\/www.bjultrasonic.com\/pl\/wp-json\/wp\/v2\/types\/product"}],"replies":[{"embeddable":true,"href":"https:\/\/www.bjultrasonic.com\/pl\/wp-json\/wp\/v2\/comments?post=70640"}],"wp:featuredmedia":[{"embeddable":true,"href":"https:\/\/www.bjultrasonic.com\/pl\/wp-json\/wp\/v2\/media\/23722"}],"wp:attachment":[{"href":"https:\/\/www.bjultrasonic.com\/pl\/wp-json\/wp\/v2\/media?parent=70640"}],"wp:term":[{"taxonomy":"product_brand","embeddable":true,"href":"https:\/\/www.bjultrasonic.com\/pl\/wp-json\/wp\/v2\/product_brand?post=70640"},{"taxonomy":"product_cat","embeddable":true,"href":"https:\/\/www.bjultrasonic.com\/pl\/wp-json\/wp\/v2\/product_cat?post=70640"},{"taxonomy":"product_tag","embeddable":true,"href":"https:\/\/www.bjultrasonic.com\/pl\/wp-json\/wp\/v2\/product_tag?post=70640"}],"curies":[{"name":"wp","href":"https:\/\/api.w.org\/{rel}","templated":true}]}}