{"id":70740,"date":"2012-04-28T10:54:20","date_gmt":"2012-04-28T15:54:20","guid":{"rendered":"https:\/\/www.bjultrasonic.com\/shop\/20l-480w-mechanical-ultrasonic-cleaner-with-timer-and-heating\/"},"modified":"2026-03-28T20:08:12","modified_gmt":"2026-03-29T01:08:12","slug":"20l-480w-mechanical-ultrasonic-cleaner-with-timer-and-heating","status":"publish","type":"product","link":"https:\/\/www.bjultrasonic.com\/pl\/shop\/20l-480w-mechanical-ultrasonic-cleaner-with-timer-and-heating\/","title":{"rendered":"20L 480W Czyszczarka Ultrad\u017awi\u0119kowa z Zegarem Mechanicznym i Grza\u0142k\u0105"},"content":{"rendered":"<h2>Specyfikacja 20L 480W Ultrad\u017awi\u0119kowego Czyszczarki z Mechanicznym Timerem i Grza\u0142k\u0105<\/h2>\n<table class=\"table table-striped table-bordered\"   id=\"wp-table-reloaded-id-68-no-1\">\n<tbody>\n<tr>\n<td>Typ<\/td>\n<td>BJUCMTH20<\/td>\n<\/tr>\n<tr>\n<td>Pojemno\u015b\u0107 zbiornika<\/td>\n<td>20L<\/td>\n<\/tr>\n<tr>\n<td>Moc<\/td>\n<td>480W<\/td>\n<\/tr>\n<tr>\n<td>Cz\u0119stotliwo\u015b\u0107<\/td>\n<td>40KHz<\/td>\n<\/tr>\n<tr>\n<td>Wymiary zbiornika(mm)<\/td>\n<td>530*325*150(D*S*W)<\/td>\n<\/tr>\n<tr>\n<td>Wymiary urz\u0105dzenia(mm)<\/td>\n<td>550*330*310(D*S*W)<\/td>\n<\/tr>\n<tr>\n<td>Napi\u0119cie<\/td>\n<td>110VAC\u2014240VAC<\/td>\n<\/tr>\n<tr>\n<td>Funkcje<\/td>\n<td>Timer, Grzanie<\/td>\n<\/tr>\n<tr>\n<td>Koszyk<\/td>\n<td>Koszyk ze stali nierdzewnej<\/td>\n<\/tr>\n<tr>\n<td>Waga jednostkowa<\/td>\n<td>14kg<\/td>\n<\/tr>\n<\/tbody>\n<\/table>\n<h3>Uwagi<\/h3>\n<p>Prosimy o poinformowanie nas, jakiego napi\u0119cia potrzebujesz podczas sk\u0142adania zam\u00f3wienia<\/p>\n<h3>Wideo Ultrad\u017awi\u0119kowego Czyszczarki z Mechanicznym Timerem<\/h3>\n<p><iframe loading=\"lazy\" title=\"Ultrasonic Cleaner with Mechanical Timer - Beijing Ultrasonic\" width=\"500\" height=\"281\" src=\"https:\/\/www.youtube.com\/embed\/UJRL1Qg9sgo?feature=oembed\" frameborder=\"0\" allow=\"accelerometer; autoplay; clipboard-write; encrypted-media; gyroscope; picture-in-picture; web-share\" referrerpolicy=\"strict-origin-when-cross-origin\" allowfullscreen><\/iframe><\/p>\n<h3>Opis Mechanicznego Ultrad\u017awi\u0119kowego Czyszczarki<\/h3>\n<ul>\n<li>Ca\u0142a maszyna do czyszczenia ultrad\u017awi\u0119kowego ma konstrukcj\u0119 ze stali nierdzewnej, estetyczn\u0105 i praktyczn\u0105.<\/li>\n<li>U\u017cycie wysokiej jako\u015bci <a href=\"https:\/\/www.bjultrasonic.com\/pl\/category\/ultrasonic-transducer-pl\/\">przetwornika ultrad\u017awi\u0119kowego<\/a>. Silna moc.<\/li>\n<li>Wysoka jako\u015b\u0107 procesu klejenia. Przetwornik ultrad\u017awi\u0119kowy przyklejony przy u\u017cyciu kleju epoksydowego.<\/li>\n<li>Czas i grzanie mo\u017cna regulowa\u0107 wed\u0142ug potrzeb.<\/li>\n<\/ul>\n<h3>Zastosowanie Ultrad\u017awi\u0119kowego Czyszczarki<\/h3>\n<ul>\n<li><strong>Przemys\u0142 Maszynowy<\/strong>: usuwanie oleju antykorozyjnego; Czyszczenie przyrz\u0105d\u00f3w pomiarowych; Czyszczenie cz\u0119\u015bci mechanicznych, silnika, ga\u017anika i cz\u0119\u015bci samochodowych;<\/li>\n<li><strong>Przemys\u0142 Obr\u00f3bki Powierzchni<\/strong>: przed powlekaniem usuwanie oleju i usuwanie rdzy; Czyszczenie przed metalizacj\u0105 jonow\u0105; Obr\u00f3bka fosforanowa; Usuwanie nagaru; Usuwanie zgorzeliny; Usuwanie pasty polerskiej; Aktywacja powierzchni metalowej detalu itp.<\/li>\n<li><strong>Przemys\u0142 Przyrz\u0105d\u00f3w<\/strong>: czyszczenie cz\u0119\u015bci precyzyjnych o wysokim stopniu czysto\u015bci przed monta\u017cem.<\/li>\n<li><strong>Przemys\u0142 Elektroniczny<\/strong>: p\u0142ytki drukowane poza kalafoni\u0105, punkty lutownicze; Czyszczenie styk\u00f3w wysokiego napi\u0119cia oraz innych element\u00f3w mechanicznych i elektronicznych itp.<\/li>\n<li><strong>Przemys\u0142 Medyczny<\/strong>: czyszczenie i dezynfekcja, sterylizacja sprz\u0119tu medycznego, czyszczenie naczy\u0144 laboratoryjnych itp.<\/li>\n<li><strong>Przemys\u0142 P\u00f3\u0142przewodnikowy<\/strong>: czyszczenie p\u0142ytek p\u00f3\u0142przewodnikowych o wysokim stopniu czysto\u015bci.<\/li>\n<li><strong>Przemys\u0142 Zegarmistrzowski i Bi\u017cuteryjny<\/strong>: usuwanie oleju, brudu, warstwy utlenionej, pasty polerskiej itp.<\/li>\n<li><strong>Przemys\u0142 Chemiczny, Biologiczny<\/strong>: Czyszczenie naczy\u0144 laboratoryjnych.<\/li>\n<li> <strong>Przemys\u0142 Optyczny<\/strong>: usuwanie oleju z urz\u0105dze\u0144 optycznych, poza potem, popio\u0142em itp.<\/li>\n<li> <strong>Przemys\u0142 W\u0142\u00f3kienniczy i Drukowania<\/strong>: czyszczenie wrzecion tekstylnych, dysz prz\u0119dzalniczych itp.<\/li>\n<li> <strong>Przemys\u0142 Petrochemiczny<\/strong>: czyszczenie i udra\u017cnianie siatek metalowych, czyszczenie pojemnik\u00f3w chemicznych, zawor\u00f3w itp.<\/li>\n<\/ul>\n<h3>P\u0142atno\u015b\u0107<\/h3>\n<p>Akceptujemy obecnie paypal, przelew T\/T &#038; Western Union.<\/p>\n<h3 class=\"shipping-methods\">Wysy\u0142ka<\/h3>\n<p>Towar zostanie wys\u0142any w ci\u0105gu 48 godzin od otrzymania pe\u0142nej p\u0142atno\u015bci.<\/p>\n<ul>\n<li>Wysy\u0142amy towar na adres podany w p\u0142atno\u015bci PayPal. Prosimy upewni\u0107 si\u0119, \u017ce adres w PayPal jest poprawny.<\/li>\n<li>podamy numer \u015bledzenia po wys\u0142aniu towaru, zazwyczaj otrzymasz towar w ci\u0105gu pi\u0119ciu dni.<\/li>\n<li>Je\u015bli masz jakiekolwiek pytania, prosimy o kontakt mailowy (nasz adres e-mail to <a href=\"mailto:support@bjultrasonic.com\">support@bjultrasonic.com<\/a>)<\/li>\n<\/ul>\n<h3 align=\"left\">Gwarancja Produktu<\/h3>\n<p>Okres gwarancji produktu wynosi jeden rok. W okresie gwarancyjnym zakupione produkty mog\u0105 korzysta\u0107 z bezp\u0142atnej naprawy lub wymiany.<\/p>\n","protected":false},"excerpt":{"rendered":"<p><a href=\"https:\/\/www.bjultrasonic.com\/pl\/category\/ultrasonic-cleaning-system-pl\/mechanical-ultrasonic-cleaner-pl\/\">Czyszczarka ultrad\u017awi\u0119kowa z mechanicznym czasomierzem<\/a> produkowana przez Beijing Ultrasonic. Wysokiej jako\u015bci korpus ze stali nierdzewnej, regulowany czasomierz i grza\u0142ka.<\/p>\n","protected":false},"featured_media":5002,"comment_status":"open","ping_status":"closed","template":"","meta":[],"product_brand":[],"product_cat":[5991],"product_tag":[],"class_list":{"0":"post-70740","1":"product","2":"type-product","3":"status-publish","4":"has-post-thumbnail","6":"product_cat-mechanical-ultrasonic-cleaner-pl","8":"first","9":"outofstock","10":"shipping-taxable","11":"purchasable","12":"product-type-simple","13":"prodpage-classic"},"aioseo_notices":[],"_links":{"self":[{"href":"https:\/\/www.bjultrasonic.com\/pl\/wp-json\/wp\/v2\/product\/70740","targetHints":{"allow":["GET"]}}],"collection":[{"href":"https:\/\/www.bjultrasonic.com\/pl\/wp-json\/wp\/v2\/product"}],"about":[{"href":"https:\/\/www.bjultrasonic.com\/pl\/wp-json\/wp\/v2\/types\/product"}],"replies":[{"embeddable":true,"href":"https:\/\/www.bjultrasonic.com\/pl\/wp-json\/wp\/v2\/comments?post=70740"}],"wp:featuredmedia":[{"embeddable":true,"href":"https:\/\/www.bjultrasonic.com\/pl\/wp-json\/wp\/v2\/media\/5002"}],"wp:attachment":[{"href":"https:\/\/www.bjultrasonic.com\/pl\/wp-json\/wp\/v2\/media?parent=70740"}],"wp:term":[{"taxonomy":"product_brand","embeddable":true,"href":"https:\/\/www.bjultrasonic.com\/pl\/wp-json\/wp\/v2\/product_brand?post=70740"},{"taxonomy":"product_cat","embeddable":true,"href":"https:\/\/www.bjultrasonic.com\/pl\/wp-json\/wp\/v2\/product_cat?post=70740"},{"taxonomy":"product_tag","embeddable":true,"href":"https:\/\/www.bjultrasonic.com\/pl\/wp-json\/wp\/v2\/product_tag?post=70740"}],"curies":[{"name":"wp","href":"https:\/\/api.w.org\/{rel}","templated":true}]}}