{"id":71220,"date":"2012-04-27T03:58:57","date_gmt":"2012-04-27T08:58:57","guid":{"rendered":"https:\/\/www.bjultrasonic.com\/shop\/1200w-ultrasonic-immersible-transducer\/"},"modified":"2026-03-28T20:03:40","modified_gmt":"2026-03-29T01:03:40","slug":"1200w-ultrasonic-immersible-transducer","status":"publish","type":"product","link":"https:\/\/www.bjultrasonic.com\/pl\/shop\/1200w-ultrasonic-immersible-transducer\/","title":{"rendered":"1200W Zanurzeniowy Przetwornik Ultrad\u017awi\u0119kowy do Czyszczenia"},"content":{"rendered":"<ul>\n<li><strong>Moc<\/strong>: 1200 W (w tym 20 szt. 60 W <a href=\"https:\/\/www.bjultrasonic.com\/pl\/category\/ultrasonic-transducer-pl\/\">przetwornik\u00f3w ultrad\u017awi\u0119kowych do czyszczenia<\/a>)<\/li>\n<li><strong>Wymiary<\/strong>: 500*400*100 mm D*S*W<\/li>\n<li><strong>Materia\u0142<\/strong>: stal nierdzewna 304.<\/li>\n<li>Powierzchnia wibracyjna pokryta twardym chromem.<\/li>\n<li><strong>Cz\u0119stotliwo\u015b\u0107<\/strong>: 25 kHz, 28 kHz lub 40 kHz; w przypadku potrzeby innej cz\u0119stotliwo\u015bci prosimy o kontakt.<\/li>\n<\/ul>\n<p><img loading=\"lazy\" decoding=\"async\" src=\"https:\/\/www.bjultrasonic.com\/wp-content\/uploads\/2018\/08\/Waterproof-ultrasonic-immersible-transducers.jpg\" alt=\"\" width=\"600\" height=\"600\" \/><\/p>\n<h3>Uwagi<\/h3>\n<ul>\n<li>Zanurzalne przetworniki ultrad\u017awi\u0119kowe s\u0105 produktami na zam\u00f3wienie. W zwi\u0105zku z cen\u0105 prosimy o kontakt z naszym Przedstawicielem Handlowym (<a href=\"https:\/\/www.bjultrasonic.com\/contact\/\" target=\"_blank\" rel=\"noopener\">Formularz kontaktowy<\/a>). Odpowiemy wkr\u00f3tce.<\/li>\n<li>Mo\u017cemy projektowa\u0107 i dostosowywa\u0107 r\u00f3\u017cne zanurzalne przetworniki ultrad\u017awi\u0119kowe na podstawie wymaga\u0144.<\/li>\n<\/ul>\n<h3>Film o zanurzalnym przetworniku ultrad\u017awi\u0119kowym<\/h3>\n<p><iframe loading=\"lazy\" title=\"Immersible Ultrasonic Transducer - Beijing Ultrasonic\" width=\"500\" height=\"281\" src=\"https:\/\/www.youtube.com\/embed\/YhR7G7HcMNo?feature=oembed\" frameborder=\"0\" allow=\"accelerometer; autoplay; clipboard-write; encrypted-media; gyroscope; picture-in-picture; web-share\" referrerpolicy=\"strict-origin-when-cross-origin\" allowfullscreen><\/iframe><\/p>\n<h3>Cechy zanurzalnego przetwornika ultrad\u017awi\u0119kowego<\/h3>\n<ul>\n<li>Ca\u0142kowicie stalowa konstrukcja nierdzewna: odporna na kwasy i zasady, estetyczna i trwa\u0142a.<\/li>\n<li>Konstrukcja rozszczepialna: pomi\u0119dzy zanurzalnym przetwornikiem ultrad\u017awi\u0119kowym a generatorem ultrad\u017awi\u0119kowym stosuje si\u0119 po\u0142\u0105czenie wysokiej cz\u0119stotliwo\u015bci z gniazdem, co jest praktyczne i u\u0142atwia konserwacj\u0119.<\/li>\n<li>Istnieje wiele sposob\u00f3w monta\u017cu zanurzalnego przetwornika ultrad\u017awi\u0119kowego: mo\u017cna go zamontowa\u0107 na <strong>dnie<\/strong>, <strong>powierzchni<\/strong>, <strong>boku<\/strong> lub <strong>g\u00f3rze<\/strong> zbiornika czyszcz\u0105cego w zale\u017cno\u015bci od potrzeb.\n<div id=\"attachment_853\" style=\"width: 252px\" class=\"wp-caption alignnone\"><img loading=\"lazy\" decoding=\"async\" aria-describedby=\"caption-attachment-853\" class=\"size-full wp-image-853\" title=\"the Type of Ultrasonic Immersible Transducer Installation\" src=\"\/\/www.bjultrasonic.com\/wp-content\/uploads\/2012\/04\/20124274.jpg\" alt=\"the type of ultrasonic immersible transducer installation\" width=\"242\" height=\"155\" \/><p id=\"caption-attachment-853\" class=\"wp-caption-text\">Typ monta\u017cu zanurzalnego przetwornika ultrad\u017awi\u0119kowego<\/p><\/div><\/li>\n<\/ul>\n<h3>Zastosowanie zanurzalnego przetwornika ultrad\u017awi\u0119kowego<\/h3>\n<ul>\n<li>Wst\u0119pne czyszczenie przed powlekaniem dla cz\u0119\u015bci przeznaczonych do powlekania, usuwanie oleju i brudu z metalowych cz\u0119\u015bci mechanicznych, czyszczenie p\u0142ytek krzemowych p\u00f3\u0142przewodnikowych, oprawek okularowych i naczy\u0144 szklanych.<\/li>\n<li>Soczewki, okulary przeciws\u0142oneczne, lustra kr\u00f3tkowzroczne i pryzmaty, mikroskopy, aparaty fotograficzne, sprz\u0119t szklany itp.<\/li>\n<\/ul>\n<h3>Wi\u0119cej zdj\u0119\u0107 zanurzalnego przetwornika ultrad\u017awi\u0119kowego<\/h3>\n<div id=\"attachment_856\" style=\"width: 460px\" class=\"wp-caption alignnone\"><a href=\"https:\/\/www.bjultrasonic.com\/wp-content\/uploads\/2012\/04\/20124272.jpg\" data-lightbox=\"image\"><img loading=\"lazy\" decoding=\"async\" aria-describedby=\"caption-attachment-856\" class=\"size-full wp-image-856 \" title=\"vibration effects of ultrasonic immersible transducer\" src=\"\/\/www.bjultrasonic.com\/wp-content\/uploads\/2012\/04\/20124272.jpg\" alt=\"vibration effects of ultrasonic immersible transducer\" width=\"450\" height=\"337\" srcset=\"https:\/\/www.bjultrasonic.com\/wp-content\/uploads\/2012\/04\/20124272.jpg 1500w, https:\/\/www.bjultrasonic.com\/wp-content\/uploads\/2012\/04\/20124272-1170x878.jpg 1170w\" sizes=\"auto, (max-width: 450px) 100vw, 450px\" \/><\/a><p id=\"caption-attachment-856\" class=\"wp-caption-text\">Efekty wibracji zanurzalnego przetwornika ultrad\u017awi\u0119kowego<\/p><\/div>\n<hr \/>\n<div id=\"attachment_857\" style=\"width: 460px\" class=\"wp-caption alignnone\"><a href=\"https:\/\/www.bjultrasonic.com\/wp-content\/uploads\/2012\/04\/20124273.jpg\" data-lightbox=\"image\"><img loading=\"lazy\" decoding=\"async\" aria-describedby=\"caption-attachment-857\" class=\"size-full wp-image-857 \" title=\"Inside of Ultrasonic Immersible Transducer\" src=\"\/\/www.bjultrasonic.com\/wp-content\/uploads\/2012\/04\/20124273.jpg\" alt=\"Inside of Ultrasonic Immersible Transducer\" width=\"450\" height=\"350\" \/><\/a><p id=\"caption-attachment-857\" class=\"wp-caption-text\">Wn\u0119trze zanurzalnego przetwornika ultrad\u017awi\u0119kowego<\/p><\/div>\n<h3>P\u0142atno\u015b\u0107<\/h3>\n<p>Obecnie akceptujemy p\u0142atno\u015bci PayPal, przelew bankowy (T\/T) oraz Western Union.<\/p>\n<h3 class=\"shipping-methods\">Wysy\u0142ka<\/h3>\n<p>Towar zostanie wys\u0142any w ci\u0105gu 48 godzin od otrzymania pe\u0142nej p\u0142atno\u015bci.<\/p>\n<ul>\n<li>Wysy\u0142amy towar na adres podany w p\u0142atno\u015bci PayPal. Prosimy upewni\u0107 si\u0119, \u017ce adres w PayPal jest poprawny.<\/li>\n<li>Przeka\u017cemy numer \u015bledzenia po wys\u0142aniu towaru; zazwyczaj otrzymasz towar w ci\u0105gu pi\u0119ciu dni.<\/li>\n<li>W przypadku pyta\u0144 prosimy o kontakt mailowy (nasz adres e-mail to <a href=\"mailto:support@bjultrasonic.com\">support@bjultrasonic.com<\/a>)<\/li>\n<\/ul>\n<h3 align=\"left\">Gwarancja produktu<\/h3>\n<p>Okres gwarancyjny produktu wynosi jeden rok. W okresie gwarancji zakupione produkty mog\u0105 korzysta\u0107 z bezp\u0142atnej naprawy lub wymiany.<\/p>\n","protected":false},"excerpt":{"rendered":"<ul>\n<li>1200W Zanurzalny Czyszczacz Ultrad\u017awi\u0119kowy<\/li>\n<li>1200W Zanurzalna G\u0142owica Ultrad\u017awi\u0119kowa Szykowa<\/li>\n<li>1200W Zanurzalne Przetworniki Ultrad\u017awi\u0119kowe do Czyszczenia<\/li>\n<li>1200W Zanurzalny System Przetwornik\u00f3w Ultrad\u017awi\u0119kowych<\/li>\n<li>1200W Przetwornik Ultrad\u017awi\u0119kowy z Szykiem Fazowanym<\/li>\n<li>1200W Podwodny Czyszczacz Ultrad\u017awi\u0119kowy<\/li>\n<li>1200W Zanurzalny Przetwornik Ultrad\u017awi\u0119kowy<\/li>\n<li>1200W Podwodny Przetwornik Ultrad\u017awi\u0119kowy Piezoelektryczny<\/li>\n<li>1200W Zanurzalna P\u0142yta Przetwornika Ultrad\u017awi\u0119kowego<\/li>\n<li>1200W Wodoodporny Zanurzalny Przetwornik Ultrad\u017awi\u0119kowy<\/li>\n<li>1200W Wodoodporny Przetwornik Ultrad\u017awi\u0119kowy Piezoelektryczny<\/li>\n<\/ul>\n","protected":false},"featured_media":19481,"comment_status":"open","ping_status":"closed","template":"","meta":[],"product_brand":[],"product_cat":[5928],"product_tag":[],"class_list":{"0":"post-71220","1":"product","2":"type-product","3":"status-publish","4":"has-post-thumbnail","6":"product_cat-ultrasonic-immersible-transducer-pl","8":"first","9":"instock","10":"shipping-taxable","11":"purchasable","12":"product-type-simple","13":"prodpage-classic"},"aioseo_notices":[],"_links":{"self":[{"href":"https:\/\/www.bjultrasonic.com\/pl\/wp-json\/wp\/v2\/product\/71220","targetHints":{"allow":["GET"]}}],"collection":[{"href":"https:\/\/www.bjultrasonic.com\/pl\/wp-json\/wp\/v2\/product"}],"about":[{"href":"https:\/\/www.bjultrasonic.com\/pl\/wp-json\/wp\/v2\/types\/product"}],"replies":[{"embeddable":true,"href":"https:\/\/www.bjultrasonic.com\/pl\/wp-json\/wp\/v2\/comments?post=71220"}],"wp:featuredmedia":[{"embeddable":true,"href":"https:\/\/www.bjultrasonic.com\/pl\/wp-json\/wp\/v2\/media\/19481"}],"wp:attachment":[{"href":"https:\/\/www.bjultrasonic.com\/pl\/wp-json\/wp\/v2\/media?parent=71220"}],"wp:term":[{"taxonomy":"product_brand","embeddable":true,"href":"https:\/\/www.bjultrasonic.com\/pl\/wp-json\/wp\/v2\/product_brand?post=71220"},{"taxonomy":"product_cat","embeddable":true,"href":"https:\/\/www.bjultrasonic.com\/pl\/wp-json\/wp\/v2\/product_cat?post=71220"},{"taxonomy":"product_tag","embeddable":true,"href":"https:\/\/www.bjultrasonic.com\/pl\/wp-json\/wp\/v2\/product_tag?post=71220"}],"curies":[{"name":"wp","href":"https:\/\/api.w.org\/{rel}","templated":true}]}}