{"id":71300,"date":"2012-04-06T23:09:08","date_gmt":"2012-04-07T04:09:08","guid":{"rendered":"https:\/\/www.bjultrasonic.com\/shop\/5pcs-603010-ring-piezoelectric-ceramic\/"},"modified":"2026-03-28T20:03:11","modified_gmt":"2026-03-29T01:03:11","slug":"5pcs-603010-ring-piezoelectric-ceramic","status":"publish","type":"product","link":"https:\/\/www.bjultrasonic.com\/pl\/shop\/5pcs-603010-ring-piezoelectric-ceramic\/","title":{"rendered":"10 SZTUK 60*30*10 Pier\u015bcie\u0144 piezoceramiczny"},"content":{"rendered":"<p><iframe loading=\"lazy\" title=\"Piezoelectric Ceramics | Piezoceramics\" width=\"500\" height=\"281\" src=\"https:\/\/www.youtube.com\/embed\/1Z8-9WdJKhQ?feature=oembed\" frameborder=\"0\" allow=\"accelerometer; autoplay; clipboard-write; encrypted-media; gyroscope; picture-in-picture; web-share\" referrerpolicy=\"strict-origin-when-cross-origin\" allowfullscreen><\/iframe><\/p>\n<h3>Mo\u017cemy dostosowa\u0107 r\u00f3\u017cne ceramiki piezoelektryczne zgodnie z wymaganiami.<\/h3>\n<p>Materia\u0142 ceramiki piezoelektrycznej: PZT4, PZT5, PZT8 lub inny wymagany materia\u0142 piezoelektryczny.<\/p>\n<h2>Specyfikacja 5 szt. pier\u015bcieni ceramicznych piezoelektrycznych 60*30*10<\/h2>\n<table id=\"wp-table-reloaded-id-51-no-1\" class=\"table table-striped table-bordered\">\n<tbody>\n<tr>\n<td>Rozmiar (\u015aw.zew.*\u015aw.wew.*Gr.)<\/td>\n<td>60*30*10<\/td>\n<\/tr>\n<tr>\n<td>Pojemno\u015b\u0107 (pf)<\/td>\n<td>2000\u00b110%<\/td>\n<\/tr>\n<tr>\n<td>Cz\u0119stotliwo\u015b\u0107 promieniowa fr(khz)<\/td>\n<td>26\u00b15%<\/td>\n<\/tr>\n<tr>\n<td>Impedancja rezonansowa zm<\/td>\n<td>\u226418<\/td>\n<\/tr>\n<tr>\n<td>Cz\u0119stotliwo\u015b\u0107 grubo\u015bci Ft(khz)<\/td>\n<td>210<\/td>\n<\/tr>\n<tr>\n<td>Modu\u0142 sprz\u0119\u017cenia Kr(%)<\/td>\n<td>\u226545<\/td>\n<\/tr>\n<tr>\n<td>Wsp\u00f3\u0142czynnik jako\u015bci (Qm)<\/td>\n<td>\u2265800<\/td>\n<\/tr>\n<tr>\n<td>Waga 5 sztuk<\/td>\n<td>2kg<\/td>\n<\/tr>\n<\/tbody>\n<\/table>\n<h3>Zastosowanie ceramiki piezoelektrycznej:<\/h3>\n<ul>\n<li>Czujniki ultrad\u017awi\u0119kowe<\/li>\n<li>Przetworniki ultrad\u017awi\u0119kowe<\/li>\n<li>Czujniki medyczne<\/li>\n<li>Czujniki wibracji<\/li>\n<li>Czujniki ci\u015bnienia<\/li>\n<li>Czujniki kompresji i inne<\/li>\n<\/ul>\n<p><strong>Uwaga: Wy\u015blij nam e-mail, aby uzyska\u0107 porad\u0119, je\u015bli nie znajdziesz odpowiedniego rozmiaru dla swojego zapytania.<\/strong><\/p>\n<h3>P\u0142atno\u015b\u0107<\/h3>\n<p>Akceptujemy p\u0142atno\u015bci PayPal, przelew bankowy (T\/T) i Western Union.<\/p>\n<h3 class=\"shipping-methods\">Wysy\u0142ka<\/h3>\n<p>Towar zostanie wys\u0142any w ci\u0105gu 48 godzin od otrzymania pe\u0142nej zap\u0142aty.<\/p>\n<ul>\n<li>Wysy\u0142amy towar na adres podany w p\u0142atno\u015bci PayPal. Upewnij si\u0119, \u017ce adres w PayPal jest poprawny.<\/li>\n<li>Prze\u015blemy numer \u015bledzenia przesy\u0142ki po jej wys\u0142aniu; zazwyczaj otrzymasz towar w ci\u0105gu pi\u0119ciu dni.<\/li>\n<li>Je\u015bli masz jakiekolwiek pytania, skontaktuj si\u0119 z nami drog\u0105 mailow\u0105 (nasz adres e-mail to <a href=\"mailto:support@bjultrasonic.com\">support@bjultrasonic.com<\/a>).<\/li>\n<\/ul>\n<h3 align=\"left\">Gwarancja produktu<\/h3>\n<p>Okres gwarancji na produkt wynosi jeden rok. W okresie gwarancyjnym zakupione produkty mog\u0105 korzysta\u0107 z bezp\u0142atnej naprawy lub wymiany.<\/p>\n","protected":false},"excerpt":{"rendered":"<p><a href=\"https:\/\/www.bjultrasonic.com\/pl\/category\/piezoelectric-ceramic-pl\/ring-piezoelectric-ceramics-pl\/\">Pier\u015bcie\u0144 ceramiczny piezoelektryczny<\/a> (pier\u015bcie\u0144 piezoceramiczny) produkowany przez Beijing Ultrasonic \u2013 profesjonalny <a href=\"https:\/\/www.bjultrasonic.com\/pl\/category\/piezoelectric-ceramic-pl\/\">dostawca i producent ceramiki piezoelektrycznej<\/a>.<\/p>\n","protected":false},"featured_media":23766,"comment_status":"open","ping_status":"closed","template":"","meta":[],"product_brand":[],"product_cat":[5751,5656],"product_tag":[],"class_list":{"0":"post-71300","1":"product","2":"type-product","3":"status-publish","4":"has-post-thumbnail","6":"product_cat-ring-piezoelectric-ceramics-pl","7":"product_cat-piezoelectric-ceramic-pl","9":"first","10":"instock","11":"featured","12":"shipping-taxable","13":"purchasable","14":"product-type-simple","15":"prodpage-classic"},"aioseo_notices":[],"_links":{"self":[{"href":"https:\/\/www.bjultrasonic.com\/pl\/wp-json\/wp\/v2\/product\/71300","targetHints":{"allow":["GET"]}}],"collection":[{"href":"https:\/\/www.bjultrasonic.com\/pl\/wp-json\/wp\/v2\/product"}],"about":[{"href":"https:\/\/www.bjultrasonic.com\/pl\/wp-json\/wp\/v2\/types\/product"}],"replies":[{"embeddable":true,"href":"https:\/\/www.bjultrasonic.com\/pl\/wp-json\/wp\/v2\/comments?post=71300"}],"wp:featuredmedia":[{"embeddable":true,"href":"https:\/\/www.bjultrasonic.com\/pl\/wp-json\/wp\/v2\/media\/23766"}],"wp:attachment":[{"href":"https:\/\/www.bjultrasonic.com\/pl\/wp-json\/wp\/v2\/media?parent=71300"}],"wp:term":[{"taxonomy":"product_brand","embeddable":true,"href":"https:\/\/www.bjultrasonic.com\/pl\/wp-json\/wp\/v2\/product_brand?post=71300"},{"taxonomy":"product_cat","embeddable":true,"href":"https:\/\/www.bjultrasonic.com\/pl\/wp-json\/wp\/v2\/product_cat?post=71300"},{"taxonomy":"product_tag","embeddable":true,"href":"https:\/\/www.bjultrasonic.com\/pl\/wp-json\/wp\/v2\/product_tag?post=71300"}],"curies":[{"name":"wp","href":"https:\/\/api.w.org\/{rel}","templated":true}]}}