{"id":72080,"date":"2012-03-27T04:16:31","date_gmt":"2012-03-27T09:16:31","guid":{"rendered":"https:\/\/www.bjultrasonic.com\/shop\/100w-110v-ultrasonic-pcb-generator\/"},"modified":"2026-03-28T19:55:48","modified_gmt":"2026-03-29T00:55:48","slug":"100w-110v-ultrasonic-pcb-generator","status":"publish","type":"product","link":"https:\/\/www.bjultrasonic.com\/pl\/shop\/100w-110v-ultrasonic-pcb-generator\/","title":{"rendered":"Generator ultrad\u017awi\u0119kowy 110V 100W"},"content":{"rendered":"<h2>Specyfikacja generatora ultrad\u017awi\u0119kowego PCB 100W\/110V<\/h2>\n<table id=\"wp-table-reloaded-id-22-no-1\" class=\"table table-striped table-bordered\">\n<tbody>\n<tr>\n<td>Cz\u0119stotliwo\u015b\u0107<\/td>\n<td>40 KHz, 25khz i 28khz<\/td>\n<\/tr>\n<tr>\n<td>Moc<\/td>\n<td>100w<\/td>\n<\/tr>\n<tr>\n<td>Nap\u0119dza przetwornik<\/td>\n<td>\n<ul>\n<li>Jeden przetwornik 50w<\/li>\n<li>jeden przetwornik 60w<\/li>\n<li>jeden przetwornik 100w<\/li>\n<li>dwa przetworniki 50w<\/li>\n<\/ul>\n<\/td>\n<\/tr>\n<tr>\n<td>Zasilanie<\/td>\n<td>Wej\u015bcie: 100V~120V AC<\/td>\n<\/tr>\n<tr>\n<td>Waga<\/td>\n<td>300g\/szt.<\/td>\n<\/tr>\n<\/tbody>\n<\/table>\n<h3>Jak pod\u0142\u0105czy\u0107 przetwornik ultrad\u017awi\u0119kowy do obwodu generatora ultrad\u017awi\u0119kowego<\/h3>\n<p><img loading=\"lazy\" decoding=\"async\" class=\"alignnone size-full wp-image-19267\" src=\"https:\/\/www.bjultrasonic.com\/wp-content\/uploads\/2012\/03\/How-to-Connect-Ultrasonic-Transducer-with-Ultrasonic-Generator-Circuit.jpg\" alt=\"\" width=\"700\" height=\"412\" \/><\/p>\n<ul>\n<li><a href=\"https:\/\/www.bjultrasonic.com\/pl\/category\/ultrasonic-generator-pl\/\">Generator ultrad\u017awi\u0119kowy<\/a> nie mo\u017ce by\u0107 w\u0142\u0105czany bez obci\u0105\u017cenia.<\/li>\n<li>Po instalacji nie mo\u017cna w\u0142\u0105czy\u0107 zasilania dop\u00f3ki nie zostanie wlany p\u0142yn czyszcz\u0105cy.<\/li>\n<li><a href=\"https:\/\/www.bjultrasonic.com\/pl\/category\/ultrasonic-transducer-pl\/\">Przetwornik ultrad\u017awi\u0119kowy<\/a> ma dwa zaciski. Dodatni znajduje si\u0119 pomi\u0119dzy dwoma p\u0142ytkami ceramicznymi. Ujemny znajduje si\u0119 przy dolnym metalowym s\u0142upku. Prosz\u0119 nie pomyli\u0107 przy pod\u0142\u0105czaniu przewod\u00f3w.<\/li>\n<li>Wi\u0119ksza strona przetwornika ceramicznego z otworem na \u015brub\u0119, kt\u00f3ra ma funkcj\u0119 wibracji, mo\u017ce by\u0107 przymocowana do dna urz\u0105dzenia czyszcz\u0105cego. Prosz\u0119 upewni\u0107 si\u0119, \u017ce urz\u0105dzenie czyszcz\u0105ce jest bezpiecznie uziemione.<\/li>\n<li>Przetwornik ceramiczny powinien by\u0107 przyklejony do dna urz\u0105dzenia czyszcz\u0105cego za pomoc\u0105 specjalistycznego kleju do przetwornik\u00f3w lub kleju AB, ale efekt jest nieco gorszy, lub za pomoc\u0105 \u017cywicy epoksydowej w proporcji 10:4.<\/li>\n<li>Napi\u0119cie robocze p\u0142ytki obwodowej wynosi 600V. Napi\u0119cie wyj\u015bciowe do przetwornika wynosi 1100 V. Prosz\u0119 upewni\u0107 si\u0119, \u017ce urz\u0105dzenie czyszcz\u0105ce jest bezpiecznie uziemione. Prosz\u0119 upewni\u0107 si\u0119, \u017ce w zasilaniu zamontowany jest wy\u0142\u0105cznik r\u00f3\u017cnicowopr\u0105dowy w celu zapewnienia bezpiecze\u0144stwa.<\/li>\n<\/ul>\n<h3>P\u0142atno\u015b\u0107<\/h3>\n<p>Akceptujemy obecnie p\u0142atno\u015bci przez PayPal, przelew T\/T oraz Western Union.<\/p>\n<h3 class=\"shipping-methods\">Wysy\u0142ka<\/h3>\n<p>Towar zostanie wys\u0142any w ci\u0105gu 48 godzin od otrzymania pe\u0142nej zap\u0142aty.<\/p>\n<ul>\n<li>Wysy\u0142amy towar na adres podany w p\u0142atno\u015bci PayPal. Prosz\u0119 upewni\u0107 si\u0119, \u017ce adres w PayPal jest poprawny.<\/li>\n<li>Podamy numer przesy\u0142ki po wys\u0142aniu towaru. Zazwyczaj otrzymaj\u0105 Pa\u0144stwo towar w ci\u0105gu pi\u0119ciu dni.<\/li>\n<li>W przypadku pyta\u0144 prosimy o kontakt mailowy (nasz adres e-mail to <a href=\"mailto:support@bjultrasonic.com\">support@bjultrasonic.com<\/a>)<\/li>\n<\/ul>\n<h3 align=\"left\">Gwarancja na produkt<\/h3>\n<p>Okres gwarancji na produkt wynosi jeden rok. W okresie gwarancyjnym zakupione produkty mog\u0105 korzysta\u0107 z bezp\u0142atnej naprawy lub wymiany.<\/p>\n<h3>Lista odtwarzania wideo: Sterownik przetwornika ultrad\u017awi\u0119kowego<\/h3>\n<p><iframe loading=\"lazy\" width=\"560\" height=\"315\" src=\"https:\/\/www.youtube.com\/embed\/videoseries?list=PLLrjMYkO0_NG56zqmQN9W9F1Xf9eev6dc\" frameborder=\"0\" allow=\"autoplay; encrypted-media\" allowfullscreen><\/iframe><\/p>\n","protected":false},"excerpt":{"rendered":"<p>Obw\u00f3d generatora ultrad\u017awi\u0119kowego, zwany r\u00f3wnie\u017c obwodem sterownika <a href=\"https:\/\/www.bjultrasonic.com\/pl\/category\/ultrasonic-transducer-pl\/\">przetwornika ultrad\u017awi\u0119kowego<\/a> lub <a href=\"https:\/\/www.bjultrasonic.com\/pl\/category\/ultrasonic-generator-pl\/ultrasonic-generator-circuits-pl\/\">p\u0142yt\u0105 sterownika mocy do czyszczarek ultrad\u017awi\u0119kowych<\/a>. Dostarcza <a href=\"https:\/\/www.bjultrasonic.com\/pl\/category\/ultrasonic-generator-pl\/\">cz\u0119stotliwo\u015b\u0107 ultrad\u017awi\u0119kow\u0105<\/a> do nap\u0119dzania przetwornik\u00f3w ultrad\u017awi\u0119kowych wewn\u0105trz <a href=\"https:\/\/www.bjultrasonic.com\/pl\/category\/ultrasonic-cleaning-system-pl\/\">czyszczarek ultrad\u017awi\u0119kowych<\/a>.<\/p>\n","protected":false},"featured_media":19258,"comment_status":"open","ping_status":"closed","template":"","meta":[],"product_brand":[],"product_cat":[6115],"product_tag":[],"class_list":{"0":"post-72080","1":"product","2":"type-product","3":"status-publish","4":"has-post-thumbnail","6":"product_cat-ultrasonic-generator-circuits-pl","8":"first","9":"instock","10":"shipping-taxable","11":"purchasable","12":"product-type-simple","13":"prodpage-classic"},"aioseo_notices":[],"_links":{"self":[{"href":"https:\/\/www.bjultrasonic.com\/pl\/wp-json\/wp\/v2\/product\/72080","targetHints":{"allow":["GET"]}}],"collection":[{"href":"https:\/\/www.bjultrasonic.com\/pl\/wp-json\/wp\/v2\/product"}],"about":[{"href":"https:\/\/www.bjultrasonic.com\/pl\/wp-json\/wp\/v2\/types\/product"}],"replies":[{"embeddable":true,"href":"https:\/\/www.bjultrasonic.com\/pl\/wp-json\/wp\/v2\/comments?post=72080"}],"wp:featuredmedia":[{"embeddable":true,"href":"https:\/\/www.bjultrasonic.com\/pl\/wp-json\/wp\/v2\/media\/19258"}],"wp:attachment":[{"href":"https:\/\/www.bjultrasonic.com\/pl\/wp-json\/wp\/v2\/media?parent=72080"}],"wp:term":[{"taxonomy":"product_brand","embeddable":true,"href":"https:\/\/www.bjultrasonic.com\/pl\/wp-json\/wp\/v2\/product_brand?post=72080"},{"taxonomy":"product_cat","embeddable":true,"href":"https:\/\/www.bjultrasonic.com\/pl\/wp-json\/wp\/v2\/product_cat?post=72080"},{"taxonomy":"product_tag","embeddable":true,"href":"https:\/\/www.bjultrasonic.com\/pl\/wp-json\/wp\/v2\/product_tag?post=72080"}],"curies":[{"name":"wp","href":"https:\/\/api.w.org\/{rel}","templated":true}]}}