{"id":72240,"date":"2012-03-19T02:37:22","date_gmt":"2012-03-19T07:37:22","guid":{"rendered":"https:\/\/www.bjultrasonic.com\/shop\/25khz-40khz-60w-double-ultrasonic-cleaning-transducer\/"},"modified":"2026-03-28T19:54:25","modified_gmt":"2026-03-29T00:54:25","slug":"25khz-40khz-60w-double-ultrasonic-cleaning-transducer","status":"publish","type":"product","link":"https:\/\/www.bjultrasonic.com\/pl\/shop\/25khz-40khz-60w-double-ultrasonic-cleaning-transducer\/","title":{"rendered":"Przetwornik ultrad\u017awi\u0119kowy o podw\u00f3jnej cz\u0119stotliwo\u015bci 25KHz\/40KHz 60W (PZT-8)"},"content":{"rendered":"<p><iframe loading=\"lazy\" title=\"Dual-frequency Piezoelectric Ultrasonic Transducer for Ultrasonic Cleaner\" width=\"500\" height=\"281\" src=\"https:\/\/www.youtube.com\/embed\/3zVdE1GihAE?feature=oembed\" frameborder=\"0\" allow=\"accelerometer; autoplay; clipboard-write; encrypted-media; gyroscope; picture-in-picture; web-share\" referrerpolicy=\"strict-origin-when-cross-origin\" allowfullscreen><\/iframe><\/p>\n<h2>Specyfikacja podw\u00f3jnego przetwornika ultrad\u017awi\u0119kowego do czyszczenia 25KHz\/40KHz 60W<\/h2>\n<table id=\"wp-table-reloaded-id-4-no-1\" class=\"table table-striped table-bordered\">\n<tbody>\n<tr>\n<td>Typ<\/td>\n<td>BJC-25(40)50T- 64HS PZT-8<\/td>\n<\/tr>\n<tr>\n<td>Cz\u0119stotliwo\u015b\u0107<\/td>\n<td>25KHz \u00b11 KHz\/40KHz \u00b11KHz<\/td>\n<\/tr>\n<tr>\n<td>Moc<\/td>\n<td>60W<\/td>\n<\/tr>\n<tr>\n<td>Pojemno\u015b\u0107<\/td>\n<td>3800pF (pzt8)<\/td>\n<\/tr>\n<tr>\n<td>Powierzchnia promieniowania<\/td>\n<td>64mm<\/td>\n<\/tr>\n<tr>\n<td>Rezystancja rezonansowa<\/td>\n<td>10-20\u03a9<\/td>\n<\/tr>\n<tr>\n<td>D\u0142ugo\u015b\u0107<\/td>\n<td>65mm<\/td>\n<\/tr>\n<tr>\n<td>Zasilanie<\/td>\n<td>Wej\u015bcie: 100V~130V lub 220V~240V AC<\/td>\n<\/tr>\n<tr>\n<td>Waga<\/td>\n<td>500g\/szt.<\/td>\n<\/tr>\n<\/tbody>\n<\/table>\n<p><strong><a href=\"https:\/\/drive.google.com\/file\/d\/1pXEpP5HbetTukpQtZKV4hyTdlMm0aYkt\/view\" target=\"_blank\" rel=\"noopener\">Pobierz<\/a> specyfikacj\u0119 i wycen\u0119 wszystkich przetwornik\u00f3w ultrad\u017awi\u0119kowych do czyszczenia.<\/strong><\/p>\n<h3>Metody nazewnictwa przetwornika ultrad\u017awi\u0119kowego do czyszczenia<\/h3>\n<p><a href=\"https:\/\/www.bjultrasonic.com\/wp-content\/uploads\/2012\/10\/Naming-Methods-of-Ultrasonic-Cleaning-Transducer.jpg\" data-lightbox=\"image\"><img loading=\"lazy\" decoding=\"async\" title=\"Metody nazewnictwa przetwornika ultrad\u017awi\u0119kowego do czyszczenia\" src=\"\/\/www.bjultrasonic.com\/wp-content\/uploads\/2012\/10\/Naming-Methods-of-Ultrasonic-Cleaning-Transducer.jpg\" alt=\"Metody nazewnictwa przetwornika ultrad\u017awi\u0119kowego do czyszczenia\" width=\"442\" height=\"399\" \/><\/a><\/p>\n<h3>Struktura przetwornika ultrad\u017awi\u0119kowego do czyszczenia<\/h3>\n<p><a href=\"https:\/\/www.bjultrasonic.com\/wp-content\/uploads\/2012\/03\/2012319111.jpg\" data-lightbox=\"image\"><img loading=\"lazy\" decoding=\"async\" class=\"alignnone\" title=\"Struktura przetwornika ultrad\u017awi\u0119kowego do czyszczenia\" src=\"\/\/www.bjultrasonic.com\/wp-content\/uploads\/2012\/10\/Ultrasonic-Cleaning-Transducer-Structure.jpg\" alt=\"Struktura przetwornika ultrad\u017awi\u0119kowego do czyszczenia\" width=\"546\" height=\"203\" \/><\/a><\/p>\n<h3>G\u0142\u00f3wne cechy<\/h3>\n<ul>\n<li>Wysoka wydajno\u015b\u0107: wysoki mechaniczny parametr Q, sprawno\u015b\u0107 przetwarzania energii elektrycznej na d\u017awi\u0119kow\u0105 powy\u017cej 95%.<\/li>\n<li>Wysoka amplituda: wytrzyma\u0142o\u015b\u0107 przetwornika jest zwi\u0119kszona poprzez bezpo\u015brednie przymocowanie wibratora o wysokiej pr\u0119dko\u015bci do podstawy koryta myj\u0105cego za pomoc\u0105 \u015brub. W por\u00f3wnaniu z wibratorem magnetostrykcyjnym, jego amplituda mo\u017ce zosta\u0107 zwi\u0119kszona o ponad 50%.<\/li>\n<li>Dobra odporno\u015b\u0107 termiczna: szeroki zakres temperatur pracy, niska impedancja rezonansowa i niska emisja ciep\u0142a.<\/li>\n<li>Dobra konstrukcja: mocowana \u015brubami, \u0142atwa w monta\u017cu, wysoka niezawodno\u015b\u0107.<\/li>\n<\/ul>\n<h3>Wysokomocowy przetwornik ultrad\u017awi\u0119kowy<\/h3>\n<p><iframe loading=\"lazy\" title=\"High Power Piezoelectric Ultrasonic Transducer - Beijing Ultrasonic\" width=\"500\" height=\"281\" src=\"https:\/\/www.youtube.com\/embed\/TBLGTvZgOw4?feature=oembed\" frameborder=\"0\" allow=\"accelerometer; autoplay; clipboard-write; encrypted-media; gyroscope; picture-in-picture; web-share\" referrerpolicy=\"strict-origin-when-cross-origin\" allowfullscreen><\/iframe><\/p>\n<h3>P\u0142atno\u015bci<\/h3>\n<p>Akceptujemy p\u0142atno\u015bci PayPal, przelew bankowy (T\/T) i Western Union.<\/p>\n<h3 class=\"shipping-methods\">Wysy\u0142ka<\/h3>\n<p>Towar zostanie wys\u0142any w ci\u0105gu 48 godzin od otrzymania pe\u0142nej p\u0142atno\u015bci.<\/p>\n<ul>\n<li>Wysy\u0142amy towar na adres podany w p\u0142atno\u015bci PayPal. Prosimy upewni\u0107 si\u0119, \u017ce adres w PayPal jest poprawny.<\/li>\n<li>Prze\u015blemy numer \u015bledzenia przesy\u0142ki po jej wys\u0142aniu. Zazwyczaj towar dotrze w ci\u0105gu pi\u0119ciu dni.<\/li>\n<li>Je\u015bli masz jakiekolwiek pytania, skontaktuj si\u0119 z nami drog\u0105 mailow\u0105 (nasz adres e-mail to <a href=\"mailto:support@bjultrasonic.com\">support@bjultrasonic.com<\/a>)<\/li>\n<\/ul>\n<h3 align=\"left\">Gwarancja na produkt<\/h3>\n<p>Okres gwarancji na produkt wynosi jeden rok. W okresie gwarancyjnym zakupione produkty mog\u0105 korzysta\u0107 z bezp\u0142atnej naprawy lub wymiany.<\/p>\n","protected":false},"excerpt":{"rendered":"<p><a href=\"https:\/\/www.bjultrasonic.com\/pl\/category\/ultrasonic-transducer-pl\/\">Przetwornik piezoelektryczny<\/a> do czyszczenia ultrad\u017awi\u0119kowego jest wa\u017cn\u0105 cz\u0119\u015bci\u0105 <a href=\"https:\/\/www.bjultrasonic.com\/pl\/category\/ultrasonic-cleaning-system-pl\/\">czyszczarki ultrad\u017awi\u0119kowej<\/a>, przetwornik ultrad\u017awi\u0119kowy przekszta\u0142ca energi\u0119 elektryczn\u0105 z <a href=\"https:\/\/www.bjultrasonic.com\/pl\/category\/ultrasonic-generator-pl\/\">generatora ultrad\u017awi\u0119kowego<\/a> w <a href=\"https:\/\/www.bjultrasonic.com\/pl\/uses-of-ultrasonic-waves\/\">fale ultrad\u017awi\u0119kowe<\/a>.<\/p>\n","protected":false},"featured_media":19367,"comment_status":"open","ping_status":"closed","template":"","meta":[],"product_brand":[],"product_cat":[6317],"product_tag":[],"class_list":{"0":"post-72240","1":"product","2":"type-product","3":"status-publish","4":"has-post-thumbnail","6":"product_cat-ultrasonic-transducer-pl","8":"first","9":"instock","10":"shipping-taxable","11":"purchasable","12":"product-type-simple","13":"prodpage-classic"},"aioseo_notices":[],"_links":{"self":[{"href":"https:\/\/www.bjultrasonic.com\/pl\/wp-json\/wp\/v2\/product\/72240","targetHints":{"allow":["GET"]}}],"collection":[{"href":"https:\/\/www.bjultrasonic.com\/pl\/wp-json\/wp\/v2\/product"}],"about":[{"href":"https:\/\/www.bjultrasonic.com\/pl\/wp-json\/wp\/v2\/types\/product"}],"replies":[{"embeddable":true,"href":"https:\/\/www.bjultrasonic.com\/pl\/wp-json\/wp\/v2\/comments?post=72240"}],"wp:featuredmedia":[{"embeddable":true,"href":"https:\/\/www.bjultrasonic.com\/pl\/wp-json\/wp\/v2\/media\/19367"}],"wp:attachment":[{"href":"https:\/\/www.bjultrasonic.com\/pl\/wp-json\/wp\/v2\/media?parent=72240"}],"wp:term":[{"taxonomy":"product_brand","embeddable":true,"href":"https:\/\/www.bjultrasonic.com\/pl\/wp-json\/wp\/v2\/product_brand?post=72240"},{"taxonomy":"product_cat","embeddable":true,"href":"https:\/\/www.bjultrasonic.com\/pl\/wp-json\/wp\/v2\/product_cat?post=72240"},{"taxonomy":"product_tag","embeddable":true,"href":"https:\/\/www.bjultrasonic.com\/pl\/wp-json\/wp\/v2\/product_tag?post=72240"}],"curies":[{"name":"wp","href":"https:\/\/api.w.org\/{rel}","templated":true}]}}