{"id":72560,"date":"2018-08-16T06:02:44","date_gmt":"2018-08-16T11:02:44","guid":{"rendered":"https:\/\/www.bjultrasonic.com\/shop\/ultrasonic-atomizing-transducer-bja-5500\/"},"modified":"2026-03-28T19:51:41","modified_gmt":"2026-03-29T00:51:41","slug":"ultrasonic-atomizing-transducer-bja-5500","status":"publish","type":"product","link":"https:\/\/www.bjultrasonic.com\/pl\/shop\/ultrasonic-atomizing-transducer-bja-5500\/","title":{"rendered":"5500ML Zasilacz Ultrad\u017awi\u0119kowy do Mg\u0142y Ultrad\u017awi\u0119kowy Nawil\u017cacz na Zimn\u0105 Mg\u0142\u0119"},"content":{"rendered":"<table class=\"table table-striped table-bordered\">\n<tbody>\n<tr>\n<td width=\"284\">Typ<\/td>\n<td width=\"284\">BJA5500<\/td>\n<\/tr>\n<tr>\n<td width=\"284\">Wydajno\u015b\u0107 atomizacji<\/td>\n<td width=\"284\">&gt;5500ML<\/td>\n<\/tr>\n<tr>\n<td width=\"284\">Wymiary<\/td>\n<td width=\"284\">252*92*70mm (d\u0142ugo\u015b\u0107*szeroko\u015b\u0107*wysoko\u015b\u0107)<\/td>\n<\/tr>\n<tr>\n<td width=\"284\">Cz\u0119stotliwo\u015b\u0107 pracy<\/td>\n<td width=\"284\">1700\u00b150(KHZ)<\/td>\n<\/tr>\n<tr>\n<td width=\"284\">\u015arednica ceramiki piezoelektrycznej<\/td>\n<td width=\"284\">20mm<\/td>\n<\/tr>\n<tr>\n<td width=\"284\">Temperatura pracy<\/td>\n<td width=\"284\">5\uff5e45\u2103<\/td>\n<\/tr>\n<tr>\n<td width=\"284\">Zabezpieczenie przed przegrzaniem<\/td>\n<td width=\"284\">50\u2103<\/td>\n<\/tr>\n<tr>\n<td width=\"284\">Poziom wody<\/td>\n<td width=\"284\">40mm-80mm<\/td>\n<\/tr>\n<tr>\n<td width=\"284\">Napi\u0119cie pracy<\/td>\n<td width=\"284\">48V DC<\/td>\n<\/tr>\n<tr>\n<td width=\"284\">Moc:<\/td>\n<td width=\"284\">350W<\/td>\n<\/tr>\n<tr>\n<td width=\"284\">Pr\u0105d<\/td>\n<td width=\"284\">5A<\/td>\n<\/tr>\n<tr>\n<td width=\"284\">Materia\u0142<\/td>\n<td width=\"284\">Mied\u017a i stal nierdzewna<\/td>\n<\/tr>\n<tr>\n<td width=\"284\">Kabel<\/td>\n<td width=\"284\">D\u0142ugo\u015b\u0107 2m lub wymagana d\u0142ugo\u015b\u0107<\/td>\n<\/tr>\n<tr>\n<td width=\"284\">Napi\u0119cie<\/td>\n<td width=\"284\">220v\/50hz 230v\/50hz<\/p>\n<p>120v\/60hz 110v\/60hz<\/td>\n<\/tr>\n<\/tbody>\n<\/table>\n<h3>G\u0142\u00f3wne funkcje<\/h3>\n<ul>\n<li>G\u0142owica natryskowa atomizera jest szczelna i ma dobr\u0105 wydajno\u015b\u0107 odprowadzania ciep\u0142a<\/li>\n<li>Obw\u00f3d ma stabilny pr\u0105d i ci\u015bnienie, zabezpieczenie przed przegrzaniem, zabezpieczenie przed brakiem wody, obr\u00f3bka redukuj\u0105ca ha\u0142as,<\/li>\n<li>Cicha konstrukcja produktu, wysoka wilgotno\u015b\u0107 mg\u0142y, wysoka wydajno\u015b\u0107.<\/li>\n<li>W pe\u0142ni zamkni\u0119ta konstrukcja z wysok\u0105 funkcj\u0105 wodoodporno\u015bci i py\u0142oszczelno\u015bci, bardzo wygodna w kontroli przed produkcj\u0105 nawil\u017cacza.<\/li>\n<li>Wbudowany prze\u0142\u0105cznik czujnika ochrony temperatury zapewnia bezpieczn\u0105 i niezawodn\u0105 prac\u0119. Solidna konstrukcja i \u0142atwy monta\u017c.<\/li>\n<li>Konstrukcja odporna na osadzanie si\u0119 kamienia, u\u017cytkownicy mog\u0105 \u0142atwo wymieni\u0107 ceramik\u0119 piezoelektryczn\u0105 do atomizacji,<\/li>\n<li>Obudowa ze stali nierdzewnej, powlekana niklem i kadmem, dobre odprowadzanie ciep\u0142a.<\/li>\n<li>Wbudowana funkcja zabezpieczenia przed brakiem wody.<\/li>\n<li>Nadaje si\u0119 do nawil\u017cania przemys\u0142owego, rolnictwa, mgie\u0142 krajobrazowych itp.<\/li>\n<\/ul>\n<h3>Wideo<\/h3>\n<p><iframe loading=\"lazy\" title=\"Ultrasonic Humidifier\" width=\"500\" height=\"281\" src=\"https:\/\/www.youtube.com\/embed\/videoseries?list=PLLrjMYkO0_NEpofnqW3MnsGQ-KMwpBJul\" frameborder=\"0\" allow=\"accelerometer; autoplay; clipboard-write; encrypted-media; gyroscope; picture-in-picture; web-share\" referrerpolicy=\"strict-origin-when-cross-origin\" allowfullscreen><\/iframe><\/p>\n<h3>Najcz\u0119\u015bciej zadawane pytania<\/h3>\n<p><strong>1. Czy mo\u017cemy regulowa\u0107 ilo\u015b\u0107 atomizacji?<\/strong><\/p>\n<p>Nie, mo\u017cna to zmieni\u0107 tylko poprzez poziom wody.<\/p>\n<p><strong>2. Czy mo\u017cemy wy\u0142\u0105czy\u0107 diod\u0119 LED (je\u015bli jest)?<\/strong><\/p>\n<p>Nie. Lepiej wybra\u0107 atomizer ultrad\u017awi\u0119kowy bez diody LED do u\u017cytku wewn\u0119trznego.<\/p>\n<p><strong>3. Czy generuje ha\u0142as?<\/strong><\/p>\n<p>Nie. Wi\u0119kszo\u015b\u0107 <a href=\"https:\/\/www.bjultrasonic.com\/pl\/category\/ultrasonic-atomizer-pl\/\">nawil\u017caczy ultrad\u017awi\u0119kowych<\/a> dzia\u0142a ciszej ni\u017c inne modele. Dzieje si\u0119 tak, poniewa\u017c nie maj\u0105 wentylatora, jak zwykle maj\u0105 nawil\u017cacze ewaporacyjne. To utrzymuje niski poziom ha\u0142asu.<\/p>\n<p><strong>4. Czy b\u0119dzie przecieka\u0107 pr\u0105d?<\/strong><\/p>\n<p>Zasada dzia\u0142ania atomizera ultrad\u017awi\u0119kowego polega na tym, \u017ce drgania ultrad\u017awi\u0119kowe generuj\u0105 mg\u0142\u0119, nie dotykaj atomizera r\u0119k\u0105 podczas pracy, mo\u017ce pojawi\u0107 si\u0119 uczucie mrowienia, ale to nie jest pr\u0105d.<\/p>\n<h3>Og\u00f3lne uwagi<\/h3>\n<ol>\n<li>Prosz\u0119 nie obraca\u0107 atomizera do g\u00f3ry nogami po w\u0142\u0105czeniu zasilania, poniewa\u017c mo\u017ce to uszkodzi\u0107 atomizer.<\/li>\n<li>Prosz\u0119 nie u\u017cywa\u0107 go przez d\u0142ugi czas lub d\u0142u\u017cej ni\u017c 10 godzin.<\/li>\n<li>Nie dotykaj p\u0142yty atomizuj\u0105cej, gdy atomizer pracuje.<\/li>\n<li>Zapewnij jako\u015b\u0107 wody. Prosz\u0119 u\u017cywa\u0107 czystej wody z kranu. (pogorszenie jako\u015bci wody wp\u0142ynie na \u017cywotno\u015b\u0107)<\/li>\n<li>Prosz\u0119 od\u0142\u0105czy\u0107 zasilanie przed przeniesieniem lub napraw\u0105.<\/li>\n<li>Atomizowane <a href=\"https:\/\/www.bjultrasonic.com\/pl\/category\/piezoelectric-ceramic-pl\/\">ceramiki piezoelektryczne<\/a> nale\u017c\u0105 do materia\u0142\u00f3w eksploatacyjnych, kt\u00f3rych \u017cywotno\u015b\u0107 wynosi ponad 3600 godzin. Je\u015bli zdolno\u015b\u0107 wytwarzania mg\u0142y przez atomizer znacznie si\u0119 zmniejszy, prosz\u0119 wyczy\u015bci\u0107 atomizowan\u0105 ceramik\u0119 piezoelektryczn\u0105 (bez \u017cadnych detergent\u00f3w) wacikiem, aby utrzyma\u0107 j\u0105 w czysto\u015bci. Je\u015bli ilo\u015b\u0107 atomizacji nadal jest ma\u0142a po czyszczeniu, prosz\u0119 wymieni\u0107 jedn\u0105 ceramik\u0119 atomizuj\u0105c\u0105. (sugeruje si\u0119 zakup atomizowanej ceramiki razem)<\/li>\n<\/ol>\n<p><img loading=\"lazy\" decoding=\"async\" src=\"https:\/\/www.bjultrasonic.com\/wp-content\/uploads\/2018\/08\/Ultrasonic-Humidifier-without-LED.jpg\" alt=\"Ultrasonic-Humidifier-without-LED\" width=\"670\" height=\"925\" \/><\/p>\n","protected":false},"excerpt":{"rendered":"<p><a href=\"https:\/\/www.bjultrasonic.com\/pl\/category\/ultrasonic-atomizer-pl\/\">Nawil\u017cacz ultrad\u017awi\u0119kowy<\/a> wykorzystuje energi\u0119 ultrad\u017awi\u0119kow\u0105 do przekszta\u0142cania cieczy w cz\u0105steczki przypominaj\u0105ce chmur\u0119. Nawil\u017cacz ultrad\u017awi\u0119kowy jest r\u00f3wnie\u017c nazywany <a href=\"https:\/\/www.bjultrasonic.com\/pl\/shop\/ultrasonic-atomizing-transducer\/\">atomizerem ultrad\u017awi\u0119kowym<\/a>, generatorem mg\u0142y ultrad\u017awi\u0119kowej, mgielnikiem ultrad\u017awi\u0119kowym.<\/p>\n","protected":false},"featured_media":19551,"comment_status":"open","ping_status":"closed","template":"","meta":[],"product_brand":[],"product_cat":[6189],"product_tag":[],"class_list":{"0":"post-72560","1":"product","2":"type-product","3":"status-publish","4":"has-post-thumbnail","6":"product_cat-ultrasonic-atomizer-pl","8":"first","9":"instock","10":"shipping-taxable","11":"purchasable","12":"product-type-simple","13":"prodpage-classic"},"aioseo_notices":[],"_links":{"self":[{"href":"https:\/\/www.bjultrasonic.com\/pl\/wp-json\/wp\/v2\/product\/72560","targetHints":{"allow":["GET"]}}],"collection":[{"href":"https:\/\/www.bjultrasonic.com\/pl\/wp-json\/wp\/v2\/product"}],"about":[{"href":"https:\/\/www.bjultrasonic.com\/pl\/wp-json\/wp\/v2\/types\/product"}],"replies":[{"embeddable":true,"href":"https:\/\/www.bjultrasonic.com\/pl\/wp-json\/wp\/v2\/comments?post=72560"}],"wp:featuredmedia":[{"embeddable":true,"href":"https:\/\/www.bjultrasonic.com\/pl\/wp-json\/wp\/v2\/media\/19551"}],"wp:attachment":[{"href":"https:\/\/www.bjultrasonic.com\/pl\/wp-json\/wp\/v2\/media?parent=72560"}],"wp:term":[{"taxonomy":"product_brand","embeddable":true,"href":"https:\/\/www.bjultrasonic.com\/pl\/wp-json\/wp\/v2\/product_brand?post=72560"},{"taxonomy":"product_cat","embeddable":true,"href":"https:\/\/www.bjultrasonic.com\/pl\/wp-json\/wp\/v2\/product_cat?post=72560"},{"taxonomy":"product_tag","embeddable":true,"href":"https:\/\/www.bjultrasonic.com\/pl\/wp-json\/wp\/v2\/product_tag?post=72560"}],"curies":[{"name":"wp","href":"https:\/\/api.w.org\/{rel}","templated":true}]}}