{"id":72707,"date":"2022-04-27T20:46:08","date_gmt":"2022-04-28T01:46:08","guid":{"rendered":"https:\/\/www.bjultrasonic.com\/ultrasonic-transducer-technical\/"},"modified":"2026-03-12T09:31:44","modified_gmt":"2026-03-12T14:31:44","slug":"ultrasonic-transducer-technical","status":"publish","type":"page","link":"https:\/\/www.bjultrasonic.com\/pt-pt\/ultrasonic-transducer-technical\/","title":{"rendered":"Vis\u00e3o Geral T\u00e9cnica do Transdutor Ultrass\u00f4nico"},"content":{"rendered":"<p>Um transdutor ultrass\u00f4nico \u00e9 um dispositivo que converte energia de uma forma para outra, especificamente entre energia el\u00e9trica e energia ac\u00fastica (sonora) em frequ\u00eancias ultrass\u00f4nicas \u2014 frequ\u00eancias acima da faixa aud\u00edvel humana (tipicamente acima de 20 kHz). Em termos mais simples, \u00e9 um dispositivo que pode gerar e receber ondas sonoras em frequ\u00eancias que os humanos n\u00e3o conseguem ouvir.<\/p>\n<h3>1. Classifica\u00e7\u00e3o<\/h3>\n<p>Os transdutores ultrass\u00f4nicos s\u00e3o categorizados com base em suas aplica\u00e7\u00f5es espec\u00edficas, materiais, frequ\u00eancia, pot\u00eancia e forma. Uma classifica\u00e7\u00e3o ampla baseada na aplica\u00e7\u00e3o inclui:<\/p>\n<ul>\n<li><a href=\"https:\/\/www.bjultrasonic.com\/pt-pt\/category\/ultrasonic-transducer-pt-pt\/\">Transdutores de Limpeza Ultrass\u00f4nica<\/a>: S\u00e3o projetados para remover contaminantes de superf\u00edcies usando cavita\u00e7\u00e3o ultrass\u00f4nica.<\/li>\n<li><a href=\"https:\/\/www.bjultrasonic.com\/pt-pt\/shop\/ultrasonic-welding-transducer\/\">Transdutores de Soldagem Ultrass\u00f4nica<\/a>: Usados para unir materiais aplicando vibra\u00e7\u00f5es de alta frequ\u00eancia, gerando calor e causando fus\u00e3o.<\/li>\n<li><a href=\"https:\/\/www.bjultrasonic.com\/pt-pt\/shop\/ultrasonic-beauty-transducer\/\">Transdutores de Beleza Ultrass\u00f4nica<\/a>: Empregados em procedimentos cosm\u00e9ticos, como limpeza da pele e aumento da penetra\u00e7\u00e3o de produtos.<\/li>\n<li><a href=\"https:\/\/www.bjultrasonic.com\/pt-pt\/shop\/ultrasonic-atomizing-transducer\/\">Transdutores de Atomiza\u00e7\u00e3o Ultrass\u00f4nica<\/a>: Criam n\u00e9voas ou nevoeiros finos para dispositivos de umidifica\u00e7\u00e3o ou inala\u00e7\u00e3o.<\/li>\n<li><a href=\"https:\/\/www.bjultrasonic.com\/pt-pt\/shop\/ultrasonic-vibrating-screen-transducer\/\">Transdutores de Vibra\u00e7\u00e3o Ultrass\u00f4nica<\/a>: Utilizam vibra\u00e7\u00f5es ultrass\u00f4nicas para v\u00e1rias aplica\u00e7\u00f5es, incluindo processamento de materiais e peneiramento.<\/li>\n<li><a href=\"https:\/\/www.bjultrasonic.com\/pt-pt\/shop\/ultrasonic-cell-disruptor-transducer\/\">Transdutores de Disruptor Celular Ultrass\u00f4nico<\/a>: Usados para lisar c\u00e9lulas em pesquisas biol\u00f3gicas e qu\u00edmicas, permitindo a libera\u00e7\u00e3o de conte\u00fados intracelulares.<\/li>\n<\/ul>\n[galeria link=&#8221;file&#8221; size=&#8221;full&#8221; columns=&#8221;6&#8243; ids=&#8221;23744,19551,42268,42279,4845,42294&#8243;]\n<p>Outra abordagem de classifica\u00e7\u00e3o \u00e9 baseada no material cer\u00e2mico piezoel\u00e9trico utilizado:<\/p>\n<ul>\n<li><strong>S\u00e9rie PZT4:<\/strong> Tipicamente caracterizada por chips pretos.<\/li>\n<li><strong>S\u00e9rie PZT8:<\/strong> Geralmente identificada por chips amarelos.<\/li>\n<\/ul>\n<p>Classifica\u00e7\u00f5es baseadas em frequ\u00eancia tamb\u00e9m s\u00e3o comuns:<\/p>\n<ul>\n<li><strong>S\u00e9rie de Baixa Frequ\u00eancia:<\/strong> Variando de 17 a 23 kHz.<\/li>\n<li><strong>S\u00e9rie de M\u00e9dia Frequ\u00eancia:<\/strong> De 25 a 28 kHz.<\/li>\n<li><strong>S\u00e9rie de Alta Frequ\u00eancia:<\/strong> De 33 a 60 kHz.<\/li>\n<li><strong>S\u00e9rie de Frequ\u00eancia Ultra Alta:<\/strong> Abrangendo de 68 a 200 kHz.<\/li>\n<\/ul>\n<p>Categorias baseadas em pot\u00eancia incluem:<\/p>\n<ul>\n<li><strong>S\u00e9rie 50W:<\/strong> Que pode incluir transdutores de 60W.<\/li>\n<li><strong>S\u00e9rie 100W:<\/strong> Abrangendo 80W e outras classifica\u00e7\u00f5es de pot\u00eancia semelhantes.<\/li>\n<li><strong>Outras Pot\u00eancias N\u00e3o Convencionais:<\/strong> Transdutores com sa\u00eddas de pot\u00eancia n\u00e3o padronizadas.<\/li>\n<\/ul>\n<p>Finalmente, os transdutores podem ser classificados por sua forma f\u00edsica:<\/p>\n<ul>\n<li><strong>Reto:<\/strong> Transdutores com forma cil\u00edndrica ou retangular.<\/li>\n<li><strong>Forma de Trombeta:<\/strong> Transdutores com formato c\u00f4nico para amplificar as vibra\u00e7\u00f5es ultrass\u00f4nicas.<\/li>\n<\/ul>\n<h3>2. M\u00e9todos de Nomenclatura<\/h3>\n<p>Os transdutores ultrass\u00f4nicos s\u00e3o frequentemente designados usando uma combina\u00e7\u00e3o de letras e n\u00fameros que especificam caracter\u00edsticas-chave. Uma conven\u00e7\u00e3o de nomenclatura comum \u00e9 a seguinte, usando um exemplo hipot\u00e9tico da Beijing Ultrasonic:<\/p>\n<p><img loading=\"lazy\" decoding=\"async\" class=\"alignnone wp-image-815 size-full\" title=\"M\u00e9todo de Nomenclatura de Transdutor Ultrass\u00f4nico\" src=\"https:\/\/www.bjultrasonic.com\/wp-content\/uploads\/2012\/04\/Ultrasonic-Transducer-Naming-Method.png\" alt=\"M\u00e9todo de Nomenclatura de Transdutor Ultrass\u00f4nico\" width=\"512\" height=\"285\" \/><\/p>\n<p><strong>Exemplo: BJ-18 50D-35HN PZT8<\/strong><\/p>\n<table class=\"table table-striped table-bordered\">\n<thead>\n<tr>\n<th align=\"left\">Componente<\/th>\n<th align=\"left\">Descri\u00e7\u00e3o<\/th>\n<th align=\"left\">Exemplo<\/th>\n<\/tr>\n<\/thead>\n<tbody>\n<tr>\n<td align=\"left\">BJ<\/td>\n<td align=\"left\">C\u00f3digo da Empresa<\/td>\n<td align=\"left\">BJ<\/td>\n<\/tr>\n<tr>\n<td align=\"left\">C<\/td>\n<td align=\"left\">Aplica\u00e7\u00e3o, &#8220;Limpeza&#8221;<\/td>\n<td align=\"left\">C<\/td>\n<\/tr>\n<tr>\n<td align=\"left\">18<\/td>\n<td align=\"left\">Frequ\u00eancia em KHz<\/td>\n<td align=\"left\">18<\/td>\n<\/tr>\n<tr>\n<td align=\"left\">50<\/td>\n<td align=\"left\">Pot\u00eancia em Watts<\/td>\n<td align=\"left\">50<\/td>\n<\/tr>\n<tr>\n<td align=\"left\">D<\/td>\n<td align=\"left\">N\u00famero de Cer\u00e2micas Piezoel\u00e9tricas<\/td>\n<td align=\"left\">D<\/td>\n<\/tr>\n<tr>\n<td align=\"left\">35<\/td>\n<td align=\"left\">Di\u00e2metro da Cer\u00e2mica Piezoel\u00e9trica<\/td>\n<td align=\"left\">35<\/td>\n<\/tr>\n<tr>\n<td align=\"left\">H<\/td>\n<td align=\"left\">Forma do Transdutor<\/td>\n<td align=\"left\">H<\/td>\n<\/tr>\n<tr>\n<td align=\"left\">N<\/td>\n<td align=\"left\">Caracter\u00edstica Especial, &#8220;Sem Furo&#8221;<\/td>\n<td align=\"left\">N<\/td>\n<\/tr>\n<tr>\n<td align=\"left\">PZT8<\/td>\n<td align=\"left\">Tipo de Cer\u00e2mica Piezoel\u00e9trica<\/td>\n<td align=\"left\">PZT8<\/td>\n<\/tr>\n<\/tbody>\n<\/table>\n<p>Este c\u00f3digo detalhado permite a identifica\u00e7\u00e3o precisa das caracter\u00edsticas do transdutor. Observe que conven\u00e7\u00f5es de nomenclatura espec\u00edficas podem variar de fabricante para fabricante.<\/p>\n<p><iframe loading=\"lazy\" title=\"20KHz 25KHz 28KHz 60KHz Piezo Ultrasonic Transducer for Cleaning\" width=\"500\" height=\"281\" src=\"https:\/\/www.youtube.com\/embed\/JdWn_Q0bJgc?feature=oembed\" frameborder=\"0\" allow=\"accelerometer; autoplay; clipboard-write; encrypted-media; gyroscope; picture-in-picture; web-share\" referrerpolicy=\"strict-origin-when-cross-origin\" allowfullscreen><\/iframe><\/p>\n<h3>3. Como Funciona?<\/h3>\n<p>A fun\u00e7\u00e3o principal de um transdutor ultrass\u00f4nico \u00e9 converter energia entre formas el\u00e9tricas e ac\u00fasticas. Este processo de convers\u00e3o depende do efeito piezoel\u00e9trico. Aqui est\u00e1 uma explica\u00e7\u00e3o:<\/p>\n<p><strong>Elemento Piezoel\u00e9trico:<\/strong> No cora\u00e7\u00e3o do transdutor est\u00e1 o <a href=\"https:\/\/www.bjultrasonic.com\/pt-pt\/category\/piezoelectric-ceramic-pt-pt\/\">elemento piezoel\u00e9trico<\/a>, feito de materiais como PZT (titanato zirc\u00f4nato de chumbo). Quando um campo el\u00e9trico alternado \u00e9 aplicado, o material piezoel\u00e9trico se expande e contrai.<\/p>\n<p><strong>Gera\u00e7\u00e3o de Ondas Sonoras:<\/strong> A expans\u00e3o e contra\u00e7\u00e3o do elemento piezoel\u00e9trico criam ondas de press\u00e3o mec\u00e2nica, que s\u00e3o as ondas sonoras.<\/p>\n<p><strong>Controle Direcional:<\/strong> Para focar as ondas sonoras em uma dire\u00e7\u00e3o espec\u00edfica, o design do transdutor \u00e9 crucial.<\/p>\n<ul>\n<li><strong>Camada de Apoio:<\/strong> Esta camada, geralmente feita de materiais densos e absorventes de som, como pol\u00edmeros carregados com tungst\u00eanio, impede a propaga\u00e7\u00e3o do som na dire\u00e7\u00e3o oposta. A camada de apoio pode ser cuidadosamente projetada com formas espec\u00edficas para garantir a absor\u00e7\u00e3o completa das ondas.<\/li>\n<li><strong>Camada de Adapta\u00e7\u00e3o:<\/strong> Esta camada, frequentemente uma ou mais camadas com uma imped\u00e2ncia ac\u00fastica intermedi\u00e1ria, \u00e9 posicionada entre o elemento piezoel\u00e9trico e o meio no qual o som se propagar\u00e1. Ela ajuda a maximizar a transfer\u00eancia de energia ac\u00fastica reduzindo reflex\u00f5es, similar a um revestimento anti-reflexo em vidro.<\/li>\n<\/ul>\n<p>Ao controlar esses elementos, um transdutor converte eficientemente energia el\u00e9trica em ondas sonoras ultrass\u00f4nicas focalizadas e depois de volta em energia el\u00e9trica.<\/p>\n<p><iframe loading=\"lazy\" title=\"High Power Piezoelectric Ultrasonic Transducer - Beijing Ultrasonic\" width=\"500\" height=\"281\" src=\"https:\/\/www.youtube.com\/embed\/TBLGTvZgOw4?feature=oembed\" frameborder=\"0\" allow=\"accelerometer; autoplay; clipboard-write; encrypted-media; gyroscope; picture-in-picture; web-share\" referrerpolicy=\"strict-origin-when-cross-origin\" allowfullscreen><\/iframe><\/p>\n<h3>4. Processo de Colagem do Transdutor Ultrass\u00f4nico Piezoel\u00e9trico<\/h3>\n<p>O processo de colagem \u00e9 cr\u00edtico para o desempenho e a longevidade de um transdutor ultrass\u00f4nico piezoel\u00e9trico. Abaixo est\u00e3o os passos e considera\u00e7\u00f5es principais:<\/p>\n<table class=\"table table-striped table-bordered\">\n<thead>\n<tr>\n<th align=\"left\"><strong>Etapa<\/strong><\/th>\n<th align=\"left\"><strong>Descri\u00e7\u00e3o<\/strong><\/th>\n<th align=\"left\"><strong>Import\u00e2ncia<\/strong><\/th>\n<\/tr>\n<\/thead>\n<tbody>\n<tr>\n<td align=\"left\">Sele\u00e7\u00e3o da Cola<\/td>\n<td align=\"left\">Escolha uma cola com baixa retra\u00e7\u00e3o durante a cura e baixa expans\u00e3o t\u00e9rmica para minimizar o estresse no elemento piezoel\u00e9trico. Adesivos ep\u00f3xi (tipos A+B) s\u00e3o comumente usados.<\/td>\n<td align=\"left\">Reduz o estresse e aumenta a confiabilidade do transdutor.<\/td>\n<\/tr>\n<tr>\n<td align=\"left\">Prepara\u00e7\u00e3o da Superf\u00edcie<\/td>\n<td align=\"left\">Jateie a superf\u00edcie de colagem para aumentar a resist\u00eancia da ades\u00e3o. Em seguida, limpe a superf\u00edcie com acetona ou \u00e1lcool.<\/td>\n<td align=\"left\">Garante uma liga\u00e7\u00e3o forte entre o elemento piezoel\u00e9trico e o corpo do transdutor.<\/td>\n<\/tr>\n<tr>\n<td align=\"left\">Alinhamento<\/td>\n<td align=\"left\">Garanta a corre\u00e7\u00e3o vertical ao colar com um processo de prensagem. Isso evita distribui\u00e7\u00e3o desigual de press\u00e3o no elemento piezoel\u00e9trico durante a colagem.<\/td>\n<td align=\"left\">Assegura desempenho uniforme do elemento piezoel\u00e9trico.<\/td>\n<\/tr>\n<tr>\n<td align=\"left\">Aplica\u00e7\u00e3o de Pr\u00e9-Tens\u00e3o<\/td>\n<td align=\"left\">Aplique uma pr\u00e9-tens\u00e3o controlada durante a cura com consist\u00eancia precisa. Isso ajuda a manter as caracter\u00edsticas mec\u00e2nicas e el\u00e9tricas desejadas para o melhor desempenho ac\u00fastico.<\/td>\n<td align=\"left\">Melhora a estabilidade de longo prazo e a efici\u00eancia de convers\u00e3o.<\/td>\n<\/tr>\n<tr>\n<td align=\"left\">Controle de Imped\u00e2ncia<\/td>\n<td align=\"left\">Implemente o controle de imped\u00e2ncia durante o processo de colagem para minimizar a imped\u00e2ncia do transdutor e melhorar a convers\u00e3o eletroac\u00fastica.<\/td>\n<td align=\"left\">Otimiza a transfer\u00eancia de energia e a efici\u00eancia geral do transdutor.<\/td>\n<\/tr>\n<tr>\n<td align=\"left\">Teste de Imped\u00e2ncia<\/td>\n<td align=\"left\">Ap\u00f3s a cura, realize testes de imped\u00e2ncia para verificar a consist\u00eancia e integridade da liga\u00e7\u00e3o, garantindo distribui\u00e7\u00e3o uniforme de energia de carga em todas as partes conectadas.<\/td>\n<td align=\"left\">Garante desempenho consistente entre transdutores e minimiza poss\u00edveis falhas de desempenho.<\/td>\n<\/tr>\n<tr>\n<td align=\"left\">Fia\u00e7\u00e3o e Isolamento<\/td>\n<td align=\"left\">Use fios de eletrodo flex\u00edveis e m\u00e9todos de soldagem seguros e confi\u00e1veis. Reforce o isolamento para evitar curtos-circuitos el\u00e9tricos.<\/td>\n<td align=\"left\">Previne falhas mec\u00e2nicas e defeitos el\u00e9tricos.<\/td>\n<\/tr>\n<tr>\n<td align=\"left\">Teste de Isolamento<\/td>\n<td align=\"left\">Realize um teste de isolamento ap\u00f3s a fia\u00e7\u00e3o para evitar qualquer risco de curto-circuito el\u00e9trico ou dano.<\/td>\n<td align=\"left\">Garante a seguran\u00e7a e confiabilidade do transdutor<\/td>\n<\/tr>\n<tr>\n<td align=\"left\">Ajuste<\/td>\n<td align=\"left\">Ajuste a m\u00e1quina em \u00e1gua quente (40-60\u00b0C) e mantenha a temperatura abaixo de 80\u00b0C durante a opera\u00e7\u00e3o.<\/td>\n<td align=\"left\">Minimiza riscos relacionados a altas temperaturas de opera\u00e7\u00e3o.<\/td>\n<\/tr>\n<\/tbody>\n<\/table>\n<h3><img loading=\"lazy\" decoding=\"async\" class=\"alignnone size-full wp-image-5528\" src=\"\/\/www.bjultrasonic.com\/wp-content\/uploads\/2012\/04\/Bonding-Process-of-Piezoelectric-Ultrasonic-Transducer-Glue.jpg\" alt=\"Processo de Colagem do Transdutor Ultrass\u00f4nico Piezoel\u00e9trico \" width=\"620\" height=\"465\" \/><\/h3>\n<h3>5. Sele\u00e7\u00e3o de Frequ\u00eancia<\/h3>\n<p>A sele\u00e7\u00e3o de uma frequ\u00eancia de opera\u00e7\u00e3o apropriada depende da aplica\u00e7\u00e3o espec\u00edfica e da natureza dos materiais ou objetos a serem processados.<\/p>\n<table class=\"table table-striped table-bordered\">\n<thead>\n<tr>\n<th align=\"left\"><strong>Faixa de Frequ\u00eancia<\/strong><\/th>\n<th align=\"left\"><strong>Caracter\u00edsticas<\/strong><\/th>\n<th align=\"left\"><strong>Aplica\u00e7\u00f5es T\u00edpicas<\/strong><\/th>\n<\/tr>\n<\/thead>\n<tbody>\n<tr>\n<td align=\"left\"><strong>Baixa (17-23 kHz)<\/strong><\/td>\n<td align=\"left\">Gera bolhas de cavita\u00e7\u00e3o maiores; mais eficaz em sujeiras pesadas e objetos dur\u00e1veis.<\/td>\n<td align=\"left\">Setor magn\u00e9tico, manuten\u00e7\u00e3o de ve\u00edculos, ind\u00fastrias t\u00eaxteis.<\/td>\n<\/tr>\n<tr>\n<td align=\"left\"><strong>M\u00e9dia (25-28 kHz)<\/strong><\/td>\n<td align=\"left\">Oferece um equil\u00edbrio entre poder de limpeza e sensibilidade da superf\u00edcie; eficaz em sujeira moderada.<\/td>\n<td align=\"left\">Maioria dos processamentos mec\u00e2nicos, galvanoplastia, ind\u00fastrias aliment\u00edcias.<\/td>\n<\/tr>\n<tr>\n<td align=\"left\"><strong>Alta (33-60 kHz)<\/strong><\/td>\n<td align=\"left\">Cria bolhas de cavita\u00e7\u00e3o menores; ideal para limpeza fina de pe\u00e7as e superf\u00edcies delicadas.<\/td>\n<td align=\"left\">Pe\u00e7as de precis\u00e3o, vidro, lentes, componentes eletr\u00f4nicos, placas de circuito.<\/td>\n<\/tr>\n<tr>\n<td align=\"left\"><strong>Ultra Alta (68-200 kHz)<\/strong><\/td>\n<td align=\"left\">Produz as menores bolhas de cavita\u00e7\u00e3o com baixo impacto f\u00edsico e n\u00edvel de limpeza extremamente alto.<\/td>\n<td align=\"left\">Materiais altamente sens\u00edveis, microflu\u00eddica e aplica\u00e7\u00f5es biom\u00e9dicas.<\/td>\n<\/tr>\n<\/tbody>\n<\/table>\n<p>Em resumo, baixas frequ\u00eancias s\u00e3o melhores para remover contaminantes grandes, enquanto frequ\u00eancias mais altas s\u00e3o melhores para limpeza de precis\u00e3o.<\/p>\n<p>Os transdutores ultrass\u00f4nicos s\u00e3o dispositivos vers\u00e1teis com uma ampla gama de aplica\u00e7\u00f5es devido \u00e0 sua capacidade de converter energia el\u00e9trica em vibra\u00e7\u00f5es mec\u00e2nicas e vice-versa. Compreender as diferentes classifica\u00e7\u00f5es, conven\u00e7\u00f5es de nomenclatura, princ\u00edpios de funcionamento, processos de liga\u00e7\u00e3o e crit\u00e9rios de sele\u00e7\u00e3o de frequ\u00eancia \u00e9 crucial para selecionar e utilizar o transdutor correto para uma determinada aplica\u00e7\u00e3o. O uso de materiais piezoel\u00e9tricos, aliado a t\u00e9cnicas precisas de design e liga\u00e7\u00e3o, permite a gera\u00e7\u00e3o e manipula\u00e7\u00e3o eficiente de ondas ultrass\u00f4nicas, tornando esses transdutores inestim\u00e1veis em in\u00fameras ind\u00fastrias.<\/p>\n","protected":false},"excerpt":{"rendered":"<p>Um transdutor ultrass\u00f4nico \u00e9 um dispositivo que converte energia de uma forma para outra, especificamente entre energia el\u00e9trica e energia ac\u00fastica (sonora) em frequ\u00eancias ultrass\u00f4nicas \u2014 frequ\u00eancias acima da faixa aud\u00edvel humana (tipicamente acima de 20 kHz). Em termos mais simples, \u00e9 um dispositivo que pode gerar e receber ondas sonoras em frequ\u00eancias que os<\/p>\n","protected":false},"author":1,"featured_media":1326,"parent":0,"menu_order":0,"comment_status":"closed","ping_status":"closed","template":"","meta":{"footnotes":""},"class_list":["post-72707","page","type-page","status-publish","has-post-thumbnail","hentry","prodpage-classic"],"aioseo_notices":[],"_links":{"self":[{"href":"https:\/\/www.bjultrasonic.com\/pt-pt\/wp-json\/wp\/v2\/pages\/72707","targetHints":{"allow":["GET"]}}],"collection":[{"href":"https:\/\/www.bjultrasonic.com\/pt-pt\/wp-json\/wp\/v2\/pages"}],"about":[{"href":"https:\/\/www.bjultrasonic.com\/pt-pt\/wp-json\/wp\/v2\/types\/page"}],"author":[{"embeddable":true,"href":"https:\/\/www.bjultrasonic.com\/pt-pt\/wp-json\/wp\/v2\/users\/1"}],"replies":[{"embeddable":true,"href":"https:\/\/www.bjultrasonic.com\/pt-pt\/wp-json\/wp\/v2\/comments?post=72707"}],"version-history":[{"count":0,"href":"https:\/\/www.bjultrasonic.com\/pt-pt\/wp-json\/wp\/v2\/pages\/72707\/revisions"}],"wp:featuredmedia":[{"embeddable":true,"href":"https:\/\/www.bjultrasonic.com\/pt-pt\/wp-json\/wp\/v2\/media\/1326"}],"wp:attachment":[{"href":"https:\/\/www.bjultrasonic.com\/pt-pt\/wp-json\/wp\/v2\/media?parent=72707"}],"curies":[{"name":"wp","href":"https:\/\/api.w.org\/{rel}","templated":true}]}}