{"id":72727,"date":"2022-06-09T02:42:02","date_gmt":"2022-06-09T07:42:02","guid":{"rendered":"https:\/\/www.bjultrasonic.com\/ultrasonic-cleaners-technical-specification\/"},"modified":"2026-03-12T09:31:18","modified_gmt":"2026-03-12T14:31:18","slug":"ultrasonic-cleaners-technical-specification","status":"publish","type":"page","link":"https:\/\/www.bjultrasonic.com\/pt-pt\/ultrasonic-cleaners-technical-specification\/","title":{"rendered":"Vis\u00e3o Geral T\u00e9cnica do Limpador Ultrass\u00f4nico"},"content":{"rendered":"<p><a href=\"https:\/\/www.bjultrasonic.com\/pt-pt\/category\/ultrasonic-cleaning-system-pt-pt\/\">A limpeza ultrass\u00f4nica<\/a> \u00e9 um m\u00e9todo altamente eficaz para remover contaminantes de uma ampla variedade de objetos. Ela utiliza ondas sonoras de alta frequ\u00eancia, inaud\u00edveis ao ouvido humano, para agitar uma solu\u00e7\u00e3o de limpeza. Essa agita\u00e7\u00e3o cria uma poderosa a\u00e7\u00e3o de esfregar que pode alcan\u00e7ar at\u00e9 mesmo as \u00e1reas mais intrincadas e de dif\u00edcil acesso, removendo efetivamente impurezas como graxa, poeira, mofo, ferrugem, impress\u00f5es digitais, fungos, fuligem e bact\u00e9rias. Este m\u00e9todo \u00e9 adequado para v\u00e1rios materiais, incluindo vidro, metais, cer\u00e2micas, pl\u00e1sticos e borracha, tornando-o uma solu\u00e7\u00e3o de limpeza vers\u00e1til para diversas aplica\u00e7\u00f5es.<\/p>\n<h3>1. O Mecanismo da Limpeza Ultrass\u00f4nica<\/h3>\n<p>A limpeza ultrass\u00f4nica funciona gerando ondas de compress\u00e3o e rarefa\u00e7\u00e3o dentro de um l\u00edquido usando <a href=\"https:\/\/www.bjultrasonic.com\/pt-pt\/category\/ultrasonic-transducer-pt-pt\/\">transdutores piezoel\u00e9tricos<\/a>. Esses transdutores, tipicamente feitos de material piezocer\u00e2mico, s\u00e3o fixados na lateral ou na parte inferior de um tanque de a\u00e7o inoxid\u00e1vel. Quando um sinal el\u00e9trico \u00e9 aplicado, os transdutores vibram rapidamente, fazendo com que as paredes do tanque se movam, criando ondas de press\u00e3o no l\u00edquido. Esse processo gera min\u00fasculas cavidades de v\u00e1cuo, que crescem e colapsam violentamente devido \u00e0s flutua\u00e7\u00f5es cont\u00ednuas de press\u00e3o. O colapso dessas cavidades cria temperaturas localizadas altas (at\u00e9 5000\u00b0C) e jatos poderosos de l\u00edquido que removem efetivamente a sujeira dos objetos imersos.<\/p>\n<table class=\"table table-striped table-bordered\">\n<thead>\n<tr>\n<th>Etapa do Processo<\/th>\n<th>Descri\u00e7\u00e3o<\/th>\n<\/tr>\n<\/thead>\n<tbody>\n<tr>\n<td><strong>Excita\u00e7\u00e3o do Transdutor<\/strong><\/td>\n<td>Sinal el\u00e9trico aplicado aos transdutores, fazendo-os vibrar rapidamente.<\/td>\n<\/tr>\n<tr>\n<td><strong>Gera\u00e7\u00e3o de Ondas<\/strong><\/td>\n<td>A vibra\u00e7\u00e3o dos transdutores cria ondas de compress\u00e3o e rarefa\u00e7\u00e3o no l\u00edquido.<\/td>\n<\/tr>\n<tr>\n<td><strong>Cavita\u00e7\u00e3o<\/strong><\/td>\n<td>As ondas de press\u00e3o criam cavidades de v\u00e1cuo que crescem e colapsam violentamente.<\/td>\n<\/tr>\n<tr>\n<td><strong>A\u00e7\u00e3o de Limpeza<\/strong><\/td>\n<td>O colapso da cavita\u00e7\u00e3o gera temperaturas localizadas altas e jatos poderosos de l\u00edquido que removem a sujeira.<\/td>\n<\/tr>\n<\/tbody>\n<\/table>\n<p>Para melhorar o processo de limpeza, detergentes ou sab\u00f5es s\u00e3o tipicamente adicionados \u00e0 solu\u00e7\u00e3o de limpeza. Aquecer o l\u00edquido tamb\u00e9m pode melhorar a efic\u00e1cia dos produtos qu\u00edmicos de limpeza e remover quaisquer bols\u00f5es de v\u00e1cuo, sendo recomendadas temperaturas de at\u00e9 80% do ponto de ebuli\u00e7\u00e3o. Os itens a serem limpos s\u00e3o geralmente colocados em uma cesta, n\u00e3o diretamente no tanque, para evitar danos.<\/p>\n<p><iframe loading=\"lazy\" title=\"Degreasing And Derusting With Ultrasonic Cleaning Tanks\" width=\"500\" height=\"281\" src=\"https:\/\/www.youtube.com\/embed\/OXiEKC74BYw?feature=oembed\" frameborder=\"0\" allow=\"accelerometer; autoplay; clipboard-write; encrypted-media; gyroscope; picture-in-picture; web-share\" referrerpolicy=\"strict-origin-when-cross-origin\" allowfullscreen><\/iframe><\/p>\n<h3>2. Tipos de Sistemas de Limpeza Ultrass\u00f4nica<\/h3>\n<p>Os sistemas de limpeza ultrass\u00f4nica est\u00e3o dispon\u00edveis em v\u00e1rias configura\u00e7\u00f5es para atender a diferentes necessidades, incluindo:<\/p>\n<ul>\n<li><strong>Sistema de Limpeza de Tanque \u00danico:<\/strong> Adequado para volumes menores de pe\u00e7as. Unidades de grau industrial com geradores encapsulados separadamente s\u00e3o recomendadas em vez de modelos de bancada, que s\u00e3o menos robustos e possuem transdutores menores. Esses sistemas s\u00e3o ideais para linhas de limpeza de prot\u00f3tipos e laborat\u00f3rios.<\/li>\n<li><strong>Configura\u00e7\u00f5es de Limpeza Comercial\/Industrial:<\/strong> Tanques maiores s\u00e3o projetados para aplica\u00e7\u00f5es industriais e pe\u00e7as de galvanoplastia, onde o tamanho dos itens pode ser mais significativo.<\/li>\n<li><strong>Configura\u00e7\u00e3o de Limpeza com M\u00faltiplos Tanques:<\/strong> Isso inclui pelo menos tr\u00eas tanques: um tanque de detergente ultrass\u00f4nico, um tanque de enx\u00e1gue ultrass\u00f4nico e um tanque de enx\u00e1gue por spray separado. M\u00faltiplos tanques permitem a limpeza simult\u00e2nea de v\u00e1rias pe\u00e7as, com recursos como drenagem autom\u00e1tica, enchimento, filtra\u00e7\u00e3o e aquecedores de l\u00edquido DI. Essa configura\u00e7\u00e3o pode ser ainda mais aprimorada com tanques de enx\u00e1gue ultrass\u00f4nico e spray adicionais.<\/li>\n<li><strong>Sistemas de Limpeza Autom\u00e1tica:<\/strong> Sistemas automatizados garantem condi\u00e7\u00f5es de limpeza consistentes para cada lote, eliminando inconsist\u00eancias relacionadas a processos manuais.<\/li>\n<\/ul>\n<div class=\"woocommerce columns-6\"><\/div>\n<h3>3. Por Que Escolher a Limpeza Ultrass\u00f4nica?<\/h3>\n<p>A limpeza ultrass\u00f4nica \u00e9 ambientalmente amig\u00e1vel e \u00e9 um substituto eficaz para os m\u00e9todos tradicionais de desengraxamento a vapor. A a\u00e7\u00e3o do jato pode penetrar profundamente em fendas intrincadas e superf\u00edcies inacess\u00edveis a outros m\u00e9todos de limpeza. Sistemas de manuseio autom\u00e1tico, jatos de spray e removedores de \u00f3leo podem ser integrados para aprimorar ainda mais o processo.<\/p>\n<h3>4. Aplica\u00e7\u00f5es da Limpeza Ultrass\u00f4nica<\/h3>\n<p>A limpeza ultrass\u00f4nica \u00e9 utilizada em v\u00e1rias ind\u00fastrias por sua efic\u00e1cia e efici\u00eancia. Aqui est\u00e3o algumas aplica\u00e7\u00f5es-chave:<\/p>\n<h4>4.1. Ind\u00fastria Editorial e Gr\u00e1fica<\/h4>\n<p>A limpeza ultrass\u00f4nica \u00e9 altamente eficaz na ind\u00fastria gr\u00e1fica, especialmente para limpar rolos Cer\u00e2micos Anilox, onde os m\u00e9todos convencionais n\u00e3o conseguem alcan\u00e7ar as min\u00fasculas cavidades. Por exemplo, um sistema da Beijing Ultrasonic pode limpar at\u00e9 12 rolos de uma s\u00f3 vez. Caracter\u00edsticas principais incluem a varredura de frequ\u00eancia, onde a frequ\u00eancia est\u00e1 constantemente rotacionando para garantir que as ondas sonoras sejam distribu\u00eddas uniformemente na superf\u00edcie do rolo, e o recurso &#8220;Super sweep&#8221;, que aumenta a velocidade de varredura e garante uma limpeza completa e suave.<\/p>\n<p><img loading=\"lazy\" decoding=\"async\" class=\"alignnone size-full wp-image-1597\" src=\"\/\/www.bjultrasonic.com\/wp-content\/uploads\/2013\/05\/publishing-and-printing-business.jpg\" alt=\"publishing and printing business\" width=\"650\" height=\"300\" \/><\/p>\n<h4>4.2. Ind\u00fastria M\u00e9dica e Cl\u00ednica<\/h4>\n<p>A limpeza ultrass\u00f4nica \u00e9 essencial na \u00e1rea m\u00e9dica para limpar equipamentos cir\u00fargicos, tubos de endoscopia, implantes ortop\u00e9dicos, lentes e agulhas hipod\u00e9rmicas. Uma limpeza eficaz \u00e9 cr\u00edtica para uma esteriliza\u00e7\u00e3o bem-sucedida. Embora a limpeza ultrass\u00f4nica n\u00e3o esterilize, ela remove contaminantes de forma eficaz. Um processo t\u00edpico inclui pr\u00e9-lavagem, lavagem ultrass\u00f4nica, enx\u00e1gues em cascata e secagem com ar quente.<\/p>\n<p><img loading=\"lazy\" decoding=\"async\" class=\"alignnone size-full wp-image-1598\" title=\"medicinal and clinical industry\" src=\"\/\/www.bjultrasonic.com\/wp-content\/uploads\/2013\/05\/medicinal-and-clinical-industry.jpg\" alt=\"medicinal and clinical industry\" width=\"650\" height=\"320\" \/><\/p>\n<h4>4.3. Limpeza de Implantes Dent\u00e1rios e Ortop\u00e9dicos<\/h4>\n<p>Para implantes ortop\u00e9dicos, a limpeza de precis\u00e3o \u00e9 crucial, e os sistemas ultrass\u00f4nicos s\u00e3o projetados para remover completamente poeira, \u00f3leo e compostos. Sistemas de m\u00faltiplos est\u00e1gios com recursos automatizados e semiautomatizados est\u00e3o dispon\u00edveis para atender requisitos espec\u00edficos, com processos que incluem pr\u00e9-lavagem com varredura de superf\u00edcie e filtros turbo, lavagem ultrass\u00f4nica, enx\u00e1gues em cascata e secagem com faca.<\/p>\n<p><img loading=\"lazy\" decoding=\"async\" class=\" wp-image-1599 alignnone\" title=\"Dental and Orthopedic Insertion and Implant Cleaning\" src=\"\/\/www.bjultrasonic.com\/wp-content\/uploads\/2013\/05\/Dental-and-Orthopedic-Insertion-and-Implant-Cleaning.png\" alt=\"Limpeza de Inser\u00e7\u00e3o e Implantes Dent\u00e1rios e Ortop\u00e9dicos\" width=\"650\" height=\"323\" \/><\/p>\n<h4>4.4. Ind\u00fastria de Blindagem e Artilharia<\/h4>\n<p>A limpeza ultrass\u00f4nica \u00e9 altamente eficaz para armas de fogo, removendo carbono, \u00f3leos, subprodutos da p\u00f3lvora queimada e incrusta\u00e7\u00f5es de chumbo\/cobre. \u00c9 mais eficaz do que a limpeza manual e limpa superf\u00edcies internas e externas. Os sistemas incluem repelentes hidr\u00e1ulicos e solu\u00e7\u00f5es especiais para remover res\u00edduos, deixando as armas de fogo como novas. A Beijing Ultrasonic \u00e9 l\u00edder no uso dessa tecnologia na China.<\/p>\n<p><img loading=\"lazy\" decoding=\"async\" class=\"alignnone size-full wp-image-1600\" src=\"\/\/www.bjultrasonic.com\/wp-content\/uploads\/2013\/05\/Armor-and-artillery-Industry.jpg\" alt=\"Ind\u00fastria de Blindagem e Artilharia\" width=\"650\" height=\"286\" \/><\/p>\n<h4>4.5. Ind\u00fastria Automotiva e de Carros<\/h4>\n<p>A limpeza ultrass\u00f4nica \u00e9 utilizada para limpar pe\u00e7as automotivas, como pist\u00f5es, virabrequins, rolamentos, engrenagens, injetores de combust\u00edvel e componentes de ar condicionado. O projeto desses sistemas leva em considera\u00e7\u00e3o o tipo de contaminantes, os n\u00edveis de limpeza exigidos, a quantidade de pe\u00e7as, a forma, o material e a taxa geral de produ\u00e7\u00e3o. Os sistemas padr\u00e3o incluem est\u00e1gios de limpeza, enx\u00e1gue e secagem. O manuseio das pe\u00e7as \u00e9 crucial para evitar a reten\u00e7\u00e3o de ar, garantindo que a solu\u00e7\u00e3o de limpeza atinja todas as superf\u00edcies de forma eficaz.<\/p>\n<p><img loading=\"lazy\" decoding=\"async\" class=\"alignnone size-full wp-image-1602\" src=\"\/\/www.bjultrasonic.com\/wp-content\/uploads\/2013\/05\/Car-and-Automotive-Industry.jpg\" alt=\"Ind\u00fastria Automotiva e de Carros\" width=\"650\" height=\"316\" \/><\/p>\n<h4>4.6. Ind\u00fastria de Adornos, Joias e Artefatos<\/h4>\n<p>Os limpadores ultrass\u00f4nicos s\u00e3o ideais para limpar joias, \u00f3culos e lentes. Eles usam \u00e1gua com uma mistura de limpeza para criar milh\u00f5es de bolhas que atingem \u00e1reas que uma escova n\u00e3o consegue. Recursos especiais incluem planos de circuito separados para seguran\u00e7a, displays digitais de tempo e suportes para rel\u00f3gios\/joias.<\/p>\n<p><iframe loading=\"lazy\" title=\"Digital Ultrasonic Cleaner - Beijing Ultrasonic\" width=\"500\" height=\"281\" src=\"https:\/\/www.youtube.com\/embed\/gVMD-PH8CBo?feature=oembed\" frameborder=\"0\" allow=\"accelerometer; autoplay; clipboard-write; encrypted-media; gyroscope; picture-in-picture; web-share\" referrerpolicy=\"strict-origin-when-cross-origin\" allowfullscreen><\/iframe><\/p>\n<h4>4.7. Limpeza Industrial de Ferragens e Artigos de Lat\u00e3o<\/h4>\n<p>Os sistemas ultrass\u00f4nicos s\u00e3o usados para limpar produtos met\u00e1licos ap\u00f3s o polimento, como utens\u00edlios de cozinha, torneiras, lustres e instrumentos de lat\u00e3o. Os sistemas podem lidar com a remo\u00e7\u00e3o de gorduras animais e vegetais e p\u00f3s de polimento. As caracter\u00edsticas do sistema incluem aquecimento lento e indireto, serpentinas de resfriamento e recursos de seguran\u00e7a automatizados.<\/p>\n<p><img loading=\"lazy\" decoding=\"async\" class=\"size-full wp-image-1604 alignnone\" title=\"Hardware and Brassware Industrial Cleaning\" src=\"\/\/www.bjultrasonic.com\/wp-content\/uploads\/2013\/05\/Hardware-and-Brassware-Industrial-Cleaning.jpg\" alt=\"Limpeza Industrial de Ferragens e Artigos de Lat\u00e3o\" width=\"650\" height=\"425\" \/><\/p>\n<h4>4.8. Limpeza de Pontas de Caneta Esferogr\u00e1fica<\/h4>\n<p>A limpeza ultrass\u00f4nica \u00e9 o \u00fanico m\u00e9todo confi\u00e1vel para limpar produtos torneados, como pontas de caneta esferogr\u00e1fica. O processo requer rota\u00e7\u00e3o e a\u00e7\u00e3o ultrass\u00f4nica. Um sistema t\u00edpico inclui limpeza em detergente aquecido, enx\u00e1gue com \u00e1gua fria e morna e secagem com ar quente pressurizado. O sistema de limpeza pode ser totalmente autom\u00e1tico e ecol\u00f3gico.<\/p>\n<p><img loading=\"lazy\" decoding=\"async\" class=\"alignnone size-full wp-image-1605\" title=\"Ultrasonic treatment to clean Ballpoint Pen Tip\" src=\"\/\/www.bjultrasonic.com\/wp-content\/uploads\/2013\/05\/Ultrasonic-treatment-to-clean-Ballpoint-Pen-Tip.jpg\" alt=\"Tratamento Ultrass\u00f4nico para Limpar Ponta de Caneta Esferogr\u00e1fica\" width=\"650\" height=\"244\" \/><\/p>\n<p>A tecnologia de limpeza ultrass\u00f4nica oferece uma solu\u00e7\u00e3o eficiente, eficaz e vers\u00e1til para limpar uma ampla variedade de itens em muitos setores. Desde instrumentos m\u00e9dicos delicados at\u00e9 grandes pe\u00e7as automotivas, a aplica\u00e7\u00e3o de ondas sonoras de alta frequ\u00eancia proporciona um desempenho de limpeza superior que \u00e9 dif\u00edcil de alcan\u00e7ar com m\u00e9todos tradicionais. A Beijing Ultrasonic, em particular, destaca-se por suas tecnologias avan\u00e7adas, como varredura de frequ\u00eancia e super varredura, garantindo solu\u00e7\u00f5es de limpeza de alta qualidade, confi\u00e1veis e seguras, mesmo para as aplica\u00e7\u00f5es de limpeza mais exigentes.<\/p>\n","protected":false},"excerpt":{"rendered":"<p>A limpeza ultrass\u00f4nica \u00e9 um m\u00e9todo altamente eficaz para remover contaminantes de uma ampla variedade de objetos. Ela utiliza ondas sonoras de alta frequ\u00eancia, inaud\u00edveis ao ouvido humano, para agitar uma solu\u00e7\u00e3o de limpeza. Essa agita\u00e7\u00e3o cria uma poderosa a\u00e7\u00e3o de esfregar que pode alcan\u00e7ar at\u00e9 mesmo as \u00e1reas mais intrincadas e de dif\u00edcil acesso,<\/p>\n","protected":false},"author":1,"featured_media":4843,"parent":0,"menu_order":2,"comment_status":"closed","ping_status":"closed","template":"","meta":{"footnotes":""},"class_list":["post-72727","page","type-page","status-publish","has-post-thumbnail","hentry","prodpage-classic"],"aioseo_notices":[],"_links":{"self":[{"href":"https:\/\/www.bjultrasonic.com\/pt-pt\/wp-json\/wp\/v2\/pages\/72727","targetHints":{"allow":["GET"]}}],"collection":[{"href":"https:\/\/www.bjultrasonic.com\/pt-pt\/wp-json\/wp\/v2\/pages"}],"about":[{"href":"https:\/\/www.bjultrasonic.com\/pt-pt\/wp-json\/wp\/v2\/types\/page"}],"author":[{"embeddable":true,"href":"https:\/\/www.bjultrasonic.com\/pt-pt\/wp-json\/wp\/v2\/users\/1"}],"replies":[{"embeddable":true,"href":"https:\/\/www.bjultrasonic.com\/pt-pt\/wp-json\/wp\/v2\/comments?post=72727"}],"version-history":[{"count":0,"href":"https:\/\/www.bjultrasonic.com\/pt-pt\/wp-json\/wp\/v2\/pages\/72727\/revisions"}],"wp:featuredmedia":[{"embeddable":true,"href":"https:\/\/www.bjultrasonic.com\/pt-pt\/wp-json\/wp\/v2\/media\/4843"}],"wp:attachment":[{"href":"https:\/\/www.bjultrasonic.com\/pt-pt\/wp-json\/wp\/v2\/media?parent=72727"}],"curies":[{"name":"wp","href":"https:\/\/api.w.org\/{rel}","templated":true}]}}