{"id":72747,"date":"2022-09-24T11:05:39","date_gmt":"2022-09-24T16:05:39","guid":{"rendered":"https:\/\/www.bjultrasonic.com\/ultrasonic-generator-technical-specification\/"},"modified":"2026-03-12T09:30:53","modified_gmt":"2026-03-12T14:30:53","slug":"ultrasonic-generator-technical-specification","status":"publish","type":"page","link":"https:\/\/www.bjultrasonic.com\/pt-pt\/ultrasonic-generator-technical-specification\/","title":{"rendered":"Vis\u00e3o Geral T\u00e9cnica do Gerador Ultrass\u00f4nico"},"content":{"rendered":"<p><a href=\"https:\/\/www.bjultrasonic.com\/pt-pt\/category\/ultrasonic-generator-pt-pt\/\">Geradores ultrass\u00f4nicos<\/a> s\u00e3o o componente central dos <a href=\"https:\/\/www.bjultrasonic.com\/pt-pt\/category\/ultrasonic-cleaning-system-pt-pt\/\">sistemas de limpeza ultrass\u00f4nica<\/a>, respons\u00e1veis por converter energia el\u00e9trica nos sinais el\u00e9tricos de alta frequ\u00eancia que acionam os transdutores. Esses transdutores convertem os sinais el\u00e9tricos em vibra\u00e7\u00f5es mec\u00e2nicas, criando o efeito de cavita\u00e7\u00e3o na solu\u00e7\u00e3o de limpeza que remove os contaminantes. O desempenho e a confiabilidade do gerador ultrass\u00f4nico s\u00e3o cruciais para uma limpeza eficaz e eficiente. Este artigo explorar\u00e1 os aspectos t\u00e9cnicos dos geradores ultrass\u00f4nicos, particularmente os oferecidos pela Beijing Ultrasonic, incluindo suas caracter\u00edsticas, especifica\u00e7\u00f5es e procedimentos de ajuste.<\/p>\n<h3>1. Caracter\u00edsticas e Fun\u00e7\u00f5es do Gerador Ultrass\u00f4nico<\/h3>\n<p>Os geradores da Beijing Ultrasonic s\u00e3o projetados com tecnologia avan\u00e7ada de controle por microcomputador, oferecendo uma gama de caracter\u00edsticas e fun\u00e7\u00f5es que melhoram seu desempenho e confiabilidade. Uma caracter\u00edstica fundamental \u00e9 o rastreamento autom\u00e1tico de frequ\u00eancia, possibilitado pela s\u00edntese digital de frequ\u00eancia. Isso garante que o gerador sempre opere na frequ\u00eancia mais adequada para o transdutor conectado, otimizando o processo de limpeza. Essa funcionalidade elimina a necessidade de ajuste manual de frequ\u00eancia e garante resultados de limpeza consistentes.<\/p>\n<p>Al\u00e9m disso, os geradores est\u00e3o equipados com mecanismos abrangentes de prote\u00e7\u00e3o contra superaquecimento e excesso de corrente. Essas salvaguardas s\u00e3o cr\u00edticas para evitar danos ao gerador e ao sistema de limpeza ultrass\u00f4nico, mesmo durante opera\u00e7\u00e3o prolongada. O ajuste digital da pot\u00eancia ultrass\u00f4nica permite flexibilidade e efici\u00eancia na limpeza de diferentes tipos de objetos e contaminantes. A pot\u00eancia de sa\u00edda pode ser controlada com precis\u00e3o de 0% a 100%, garantindo uma limpeza ideal sem causar danos a pe\u00e7as sens\u00edveis.<\/p>\n<p>Um temporizador preciso tamb\u00e9m est\u00e1 integrado ao gerador, permitindo o controle preciso do ciclo de limpeza e evitando tanto a limpeza insuficiente quanto a excessiva. O risco de eros\u00e3o por cavita\u00e7\u00e3o, que pode ocorrer com exposi\u00e7\u00e3o prolongada ao ultrassom, \u00e9 mitigado pela fun\u00e7\u00e3o do temporizador. Al\u00e9m disso, o gerador inclui um conector de controle externo, que permite a integra\u00e7\u00e3o com outros dispositivos de controle. Por fim, a unidade possui um display de frequ\u00eancia, permitindo que os operadores monitorem a frequ\u00eancia de opera\u00e7\u00e3o em tempo real.<\/p>\n<h3>2. Par\u00e2metros T\u00e9cnicos do Gerador Ultrass\u00f4nico<\/h3>\n<p>Os geradores da Beijing Ultrasonic s\u00e3o projetados com par\u00e2metros espec\u00edficos para garantir desempenho eficiente e confi\u00e1vel. A tens\u00e3o de trabalho para estas unidades \u00e9 de 220V \u00b110%, tornando-as compat\u00edveis com fontes de alimenta\u00e7\u00e3o padr\u00e3o. A frequ\u00eancia de trabalho est\u00e1 dispon\u00edvel em diferentes faixas, incluindo 28 kHz, 40 kHz, 80 kHz e 135 kHz, cada uma com uma toler\u00e2ncia de \u00b15%.<\/p>\n<p>A corrente de trabalho varia dependendo da pot\u00eancia de sa\u00edda do gerador. Abaixo est\u00e1 uma tabela mostrando a rela\u00e7\u00e3o entre pot\u00eancia de sa\u00edda e corrente de trabalho:<\/p>\n<table class=\"table table-striped table-bordered\">\n<thead>\n<tr>\n<th align=\"left\">Pot\u00eancia (W)<\/th>\n<th align=\"left\">Corrente de Trabalho (A)<\/th>\n<\/tr>\n<\/thead>\n<tbody>\n<tr>\n<td align=\"left\">300<\/td>\n<td align=\"left\">1.2<\/td>\n<\/tr>\n<tr>\n<td align=\"left\">600<\/td>\n<td align=\"left\">2.5<\/td>\n<\/tr>\n<tr>\n<td align=\"left\">900<\/td>\n<td align=\"left\">3.5<\/td>\n<\/tr>\n<tr>\n<td align=\"left\">1200<\/td>\n<td align=\"left\">4.5<\/td>\n<\/tr>\n<tr>\n<td align=\"left\">1500<\/td>\n<td align=\"left\">5-5.5<\/td>\n<\/tr>\n<tr>\n<td align=\"left\">1800<\/td>\n<td align=\"left\">6-6.5<\/td>\n<\/tr>\n<tr>\n<td align=\"left\">2000<\/td>\n<td align=\"left\">6.5-7<\/td>\n<\/tr>\n<tr>\n<td align=\"left\">2400<\/td>\n<td align=\"left\">7.5-8<\/td>\n<\/tr>\n<\/tbody>\n<\/table>\n<p>\u00c9 importante notar que o dispositivo n\u00e3o deve ser operado continuamente em sua corrente de trabalho m\u00e1xima para garantir sua longevidade e confiabilidade. A faixa de controle de pot\u00eancia \u00e9 de 0 a 100%, proporcionando flexibilidade na limpeza de diferentes tipos de materiais. O controle de tempo pode ser ajustado de 0 a 59 minutos e 59 segundos, enquanto a faixa de temperatura ambiente para opera\u00e7\u00e3o \u00e9 de 0 a 40 \u00b0C, com uma faixa de umidade relativa de 40%-90%. O gerador inclui prote\u00e7\u00e3o interna contra superaquecimento da carca\u00e7a, que \u00e9 acionada a 65 \u00b0C.<\/p>\n<p>As dimens\u00f5es f\u00edsicas do gerador ultrass\u00f4nico tamb\u00e9m variam de acordo com sua pot\u00eancia nominal. Para geradores com pot\u00eancia nominal inferior a 1200W, as dimens\u00f5es s\u00e3o 300mm x 360mm x 160mm (C x L x A). Para aqueles com 1500W ou mais, as dimens\u00f5es s\u00e3o 500mm x 360mm x 160mm.<\/p>\n<h3>3. Op\u00e7\u00f5es de Gerador Ultrass\u00f4nico da Beijing Ultrasonic<\/h3>\n<p>A Beijing Ultrasonic oferece uma gama abrangente de geradores ultrass\u00f4nicos para atender a diversas necessidades de limpeza. Estes incluem geradores com pot\u00eancias de sa\u00edda variando de 300W a 2400W, com frequ\u00eancias abaixo de 45kHz e acima de 50 kHz. Tamb\u00e9m est\u00e1 dispon\u00edvel um gerador ultrass\u00f4nico digital de tr\u00eas frequ\u00eancias, que permite maior flexibilidade na limpeza.<\/p>\n<div class=\"woocommerce columns-6\"><\/div>\n<h3>4. Painel Frontal do Gerador Ultrass\u00f4nico<\/h3>\n<p><img loading=\"lazy\" decoding=\"async\" class=\"alignnone wp-image-1513 size-full\" src=\"https:\/\/www.bjultrasonic.com\/wp-content\/uploads\/2013\/04\/Ultrasonic-Generator-Front-Panel.jpg\" alt=\"Painel Frontal do Gerador Ultrass\u00f4nico\" width=\"661\" height=\"473\" \/><\/p>\n<p>O painel frontal do gerador da Beijing Ultrasonic \u00e9 projetado para opera\u00e7\u00e3o e monitoramento amig\u00e1veis. Inclui uma janela de exibi\u00e7\u00e3o, que mostra valores de pot\u00eancia, tempo, condi\u00e7\u00f5es de trabalho e quaisquer mensagens de erro. Os bot\u00f5es de pot\u00eancia permitem o ajuste da pot\u00eancia de sa\u00edda, com um bot\u00e3o para aumentar a pot\u00eancia e outro para diminu\u00ed-la. Da mesma forma, os bot\u00f5es de tempo permitem que o usu\u00e1rio ajuste o tempo de trabalho, com bot\u00f5es para aumentar e diminuir.<\/p>\n<p>Um bot\u00e3o de varredura tamb\u00e9m est\u00e1 presente no painel, permitindo que os usu\u00e1rios escolham entre modos de frequ\u00eancia normal e de varredura, possibilitando diferentes padr\u00f5es de limpeza. O bot\u00e3o liga\/desliga permite que o usu\u00e1rio pause e retome a opera\u00e7\u00e3o do gerador.<\/p>\n<h3>5. Ajuste de Frequ\u00eancia<\/h3>\n<p>O ajuste de frequ\u00eancia \u00e9 essencial para corresponder a sa\u00edda do gerador \u00e0 frequ\u00eancia ressonante do transdutor. Para ajustar a frequ\u00eancia do gerador ultrass\u00f4nico da Beijing Ultrasonic, \u00e9 necess\u00e1rio abrir a caixa para acessar os componentes internos. Localize o bot\u00e3o azul, que permite ajustar a corrente que o transdutor pode suportar. Por exemplo, um transdutor de 28kHz tem uma faixa de frequ\u00eancia de 27kHz a 31kHz, enquanto um transdutor de 40kHz tem uma faixa de frequ\u00eancia de 38kHz a 42kHz.<\/p>\n<p><img loading=\"lazy\" decoding=\"async\" class=\"wp-image-1515 size-full\" title=\"Ajuste de Frequ\u00eancia do Gerador Ultrass\u00f4nico\" src=\"https:\/\/www.bjultrasonic.com\/wp-content\/uploads\/2013\/04\/Ultrasonic-Generator-Frequency-Adjustment.jpg\" alt=\"Ajuste de Frequ\u00eancia do Gerador Ultrass\u00f4nico\" width=\"199\" height=\"144\" \/><\/p>\n<h3>6. Ajuste de Corrente<\/h3>\n<p>O ajuste de corrente \u00e9 crucial para garantir o desempenho ideal e evitar danos ao gerador. Os geradores ultrass\u00f4nicos da Beijing Ultrasonic utilizam um sistema controlado por computador para depura\u00e7\u00e3o. Abaixo est\u00e3o os passos para ajustar a corrente:<\/p>\n<ol>\n<li>Conecte a fonte de alimenta\u00e7\u00e3o.<\/li>\n<li>Conecte um amper\u00edmetro com capacidade de 10A ao terminal de entrada da fonte de alimenta\u00e7\u00e3o.<\/li>\n<li>Ligue a energia e verifique a leitura do amper\u00edmetro. Para um gerador de 1200W, a leitura deve ser inferior a 5A.<\/li>\n<li>Exiba a frequ\u00eancia na janela do gerador. Esta deve ser a frequ\u00eancia de trabalho normal.<\/li>\n<li>Encontre a corrente m\u00e1xima de trabalho dentro da faixa de frequ\u00eancia especificada do transdutor.<\/li>\n<li>Se a corrente e a frequ\u00eancia estiverem baixas, reduza a indut\u00e2ncia de casamento ampliando o entreferro do n\u00facleo magn\u00e9tico. Isso \u00e9 feito colocando folhas de papel de cevada no entreferro.<\/li>\n<li>Se a corrente e a frequ\u00eancia estiverem altas, aumente a indut\u00e2ncia de casamento reduzindo o entreferro do n\u00facleo magn\u00e9tico.<\/li>\n<li>Sempre desligue a fonte de alimenta\u00e7\u00e3o antes de ajustar o entreferro do n\u00facleo magn\u00e9tico e monitore as altera\u00e7\u00f5es na corrente.<\/li>\n<li>Ajuste a corrente para 4-4,5A e a frequ\u00eancia para a faixa de 27,8kHz-29kHz.<\/li>\n<li>Reajuste a frequ\u00eancia ap\u00f3s cada ajuste para garantir que a corrente de trabalho esteja sempre no ponto m\u00e1ximo.<\/li>\n<\/ol>\n<p><img loading=\"lazy\" decoding=\"async\" class=\"wp-image-1516 size-full\" title=\"Ajuste de Corrente do Gerador Ultrass\u00f4nico\" src=\"https:\/\/www.bjultrasonic.com\/wp-content\/uploads\/2013\/04\/Ultrasonic-Generator-Current-Adjustment.jpg\" alt=\"Ajuste de Corrente do Gerador Ultrass\u00f4nico\" width=\"202\" height=\"182\" \/><\/p>\n<p>Reduzir a indut\u00e2ncia de casamento aumenta a frequ\u00eancia harm\u00f4nica e a corrente, enquanto aumentar a indut\u00e2ncia de casamento as diminui. Ao ajustar, certifique-se de que a frequ\u00eancia de opera\u00e7\u00e3o n\u00e3o esteja muito baixa e que a corrente n\u00e3o exceda a corrente nominal do gerador, pois isso pode danificar o tubo de pot\u00eancia.<\/p>\n<p>Em conclus\u00e3o, os geradores ultrass\u00f4nicos da Beijing Ultrasonic s\u00e3o projetados com tecnologia avan\u00e7ada para fornecer desempenho confi\u00e1vel e eficiente para aplica\u00e7\u00f5es de limpeza ultrass\u00f4nica. O rastreamento autom\u00e1tico de frequ\u00eancia, os mecanismos abrangentes de prote\u00e7\u00e3o, as fun\u00e7\u00f5es ajust\u00e1veis de pot\u00eancia e temporizador, e a variedade de modelos dispon\u00edveis garantem que haja uma op\u00e7\u00e3o ideal para diversas necessidades de limpeza. Os procedimentos detalhados de ajuste fornecidos tanto para frequ\u00eancia quanto para corrente garantem a opera\u00e7\u00e3o otimizada do gerador ultrass\u00f4nico.<\/p>\n<p>&nbsp;<\/p>\n","protected":false},"excerpt":{"rendered":"<p>Geradores ultrass\u00f4nicos s\u00e3o o componente central dos sistemas de limpeza ultrass\u00f4nica, respons\u00e1veis por converter energia el\u00e9trica nos sinais el\u00e9tricos de alta frequ\u00eancia que acionam os transdutores. Esses transdutores convertem os sinais el\u00e9tricos em vibra\u00e7\u00f5es mec\u00e2nicas, criando o efeito de cavita\u00e7\u00e3o na solu\u00e7\u00e3o de limpeza que remove os contaminantes. O desempenho e a confiabilidade do gerador<\/p>\n","protected":false},"author":1,"featured_media":19242,"parent":0,"menu_order":3,"comment_status":"closed","ping_status":"closed","template":"","meta":{"footnotes":""},"class_list":["post-72747","page","type-page","status-publish","has-post-thumbnail","hentry","prodpage-classic"],"aioseo_notices":[],"_links":{"self":[{"href":"https:\/\/www.bjultrasonic.com\/pt-pt\/wp-json\/wp\/v2\/pages\/72747","targetHints":{"allow":["GET"]}}],"collection":[{"href":"https:\/\/www.bjultrasonic.com\/pt-pt\/wp-json\/wp\/v2\/pages"}],"about":[{"href":"https:\/\/www.bjultrasonic.com\/pt-pt\/wp-json\/wp\/v2\/types\/page"}],"author":[{"embeddable":true,"href":"https:\/\/www.bjultrasonic.com\/pt-pt\/wp-json\/wp\/v2\/users\/1"}],"replies":[{"embeddable":true,"href":"https:\/\/www.bjultrasonic.com\/pt-pt\/wp-json\/wp\/v2\/comments?post=72747"}],"version-history":[{"count":0,"href":"https:\/\/www.bjultrasonic.com\/pt-pt\/wp-json\/wp\/v2\/pages\/72747\/revisions"}],"wp:featuredmedia":[{"embeddable":true,"href":"https:\/\/www.bjultrasonic.com\/pt-pt\/wp-json\/wp\/v2\/media\/19242"}],"wp:attachment":[{"href":"https:\/\/www.bjultrasonic.com\/pt-pt\/wp-json\/wp\/v2\/media?parent=72747"}],"curies":[{"name":"wp","href":"https:\/\/api.w.org\/{rel}","templated":true}]}}