{"id":72767,"date":"2025-01-04T09:45:34","date_gmt":"2025-01-04T14:45:34","guid":{"rendered":"https:\/\/www.bjultrasonic.com\/ultrasonic-generator-faqs\/"},"modified":"2026-03-12T09:30:29","modified_gmt":"2026-03-12T14:30:29","slug":"ultrasonic-generator-faqs","status":"publish","type":"page","link":"https:\/\/www.bjultrasonic.com\/pt-pt\/ultrasonic-generator-faqs\/","title":{"rendered":"Perguntas Frequentes sobre Geradores Ultrass\u00f4nicos"},"content":{"rendered":"<p><a href=\"https:\/\/www.bjultrasonic.com\/pt-pt\/category\/ultrasonic-generator-pt-pt\/\">Os geradores ultrass\u00f4nicos<\/a> s\u00e3o componentes cr\u00edticos em sistemas ultrass\u00f4nicos, respons\u00e1veis por converter energia el\u00e9trica nos sinais el\u00e9tricos de alta frequ\u00eancia necess\u00e1rios para acionar <a href=\"https:\/\/www.bjultrasonic.com\/pt-pt\/category\/ultrasonic-transducer-pt-pt\/\">transdutores ultrass\u00f4nicos<\/a>. Esses geradores s\u00e3o equipamentos complexos, e sua opera\u00e7\u00e3o e manuten\u00e7\u00e3o frequentemente levantam muitas d\u00favidas. Este artigo visa abordar algumas das perguntas mais frequentes sobre geradores ultrass\u00f4nicos, fornecendo uma vis\u00e3o geral abrangente tanto para iniciantes quanto para usu\u00e1rios experientes.<\/p>\n<h3>1. O que \u00e9 um Gerador Ultrass\u00f4nico?<\/h3>\n<p>Um gerador ultrass\u00f4nico, tamb\u00e9m conhecido como fonte de alimenta\u00e7\u00e3o ultrass\u00f4nica ou driver ultrass\u00f4nico, \u00e9 um dispositivo eletr\u00f4nico que produz energia el\u00e9trica de corrente alternada (CA) de alta frequ\u00eancia. Essa energia \u00e9 especificamente projetada para corresponder \u00e0 frequ\u00eancia de resson\u00e2ncia de um transdutor ultrass\u00f4nico, que ent\u00e3o converte essa energia el\u00e9trica em vibra\u00e7\u00f5es mec\u00e2nicas. Essas vibra\u00e7\u00f5es, na faixa ultrass\u00f4nica (tipicamente acima de 20 kHz), s\u00e3o usadas em uma ampla gama de aplica\u00e7\u00f5es, incluindo limpeza, soldagem, corte e imagem m\u00e9dica. Em ess\u00eancia, o gerador ultrass\u00f4nico \u00e9 o cora\u00e7\u00e3o de qualquer sistema ultrass\u00f4nico, fornecendo a pot\u00eancia necess\u00e1ria para impulsionar todo o processo. A Beijing Ultrasonic, por exemplo, \u00e9 uma fabricante bem conhecida desses geradores, oferecendo uma variedade de modelos adaptados para diferentes necessidades industriais.<\/p>\n<h3>2. Como Funciona um Gerador Ultrass\u00f4nico?<\/h3>\n<p>O princ\u00edpio b\u00e1sico de um gerador ultrass\u00f4nico envolve v\u00e1rias etapas-chave. Primeiro, o gerador recebe energia CA padr\u00e3o da rede el\u00e9trica. Essa energia CA \u00e9 ent\u00e3o retificada e filtrada para produzir uma tens\u00e3o CC est\u00e1vel. Em seguida, o gerador usa um circuito oscilador eletr\u00f4nico para converter a tens\u00e3o CC novamente em uma tens\u00e3o CA, mas na frequ\u00eancia ultrass\u00f4nica desejada. Este oscilador \u00e9 tipicamente um circuito controlado por realimenta\u00e7\u00e3o que se sintoniza para corresponder \u00e0 frequ\u00eancia de resson\u00e2ncia do transdutor e alcan\u00e7ar uma transfer\u00eancia de energia eficiente. A etapa final envolve a amplifica\u00e7\u00e3o do sinal de frequ\u00eancia ultrass\u00f4nica, frequentemente atrav\u00e9s de um amplificador de pot\u00eancia, para entregar pot\u00eancia suficiente ao transdutor. Circuitos de casamento de imped\u00e2ncia s\u00e3o cruciais para garantir a m\u00e1xima transfer\u00eancia de pot\u00eancia do gerador para o transdutor, lidando com discrep\u00e2ncias de imped\u00e2ncia el\u00e9trica.<\/p>\n<p><img loading=\"lazy\" decoding=\"async\" class=\"alignnone wp-image-19293 size-full\" src=\"https:\/\/www.bjultrasonic.com\/wp-content\/uploads\/2012\/12\/20KHz-100w-Ultrasonic-Generator-PCB-1.jpg\" alt=\"20KHz 100w Ultrasonic Generator PCB-1\" width=\"650\" height=\"867\" \/><\/p>\n<h3>3. Quais s\u00e3o as Principais Caracter\u00edsticas de um Gerador Ultrass\u00f4nico?<\/h3>\n<p>V\u00e1rias caracter\u00edsticas diferenciam os geradores ultrass\u00f4nicos e os tornam adequados para diversas aplica\u00e7\u00f5es. Aqui est\u00e3o algumas caracter\u00edsticas-chave:<\/p>\n<ul>\n<li><strong>Controle de Frequ\u00eancia:<\/strong> A capacidade de controlar com precis\u00e3o a frequ\u00eancia de sa\u00edda \u00e9 essencial para corresponder \u00e0 frequ\u00eancia de resson\u00e2ncia dos transdutores. Alguns geradores t\u00eam configura\u00e7\u00f5es de frequ\u00eancia fixa, enquanto outros oferecem capacidades de rastreamento de frequ\u00eancia ajust\u00e1vel ou autom\u00e1tica.<\/li>\n<li><strong>Pot\u00eancia de Sa\u00edda:<\/strong> A capacidade de pot\u00eancia de sa\u00edda determina a capacidade do gerador de acionar efetivamente um transdutor espec\u00edfico. Os n\u00edveis de pot\u00eancia variam de alguns watts a v\u00e1rios quilowatts, dependendo da aplica\u00e7\u00e3o.<\/li>\n<li><strong>Controle de Amplitude:<\/strong> Ajustar a amplitude do sinal ultrass\u00f4nico permite controlar a intensidade da energia ultrass\u00f4nica fornecida pelo transdutor.<\/li>\n<li><strong>Casamento de Imped\u00e2ncia:<\/strong> Um casamento de imped\u00e2ncia eficiente entre o gerador e o transdutor \u00e9 vital para uma transfer\u00eancia de pot\u00eancia ideal e para o desempenho do transdutor.<\/li>\n<li><strong>Circuitos de Prote\u00e7\u00e3o:<\/strong> Os geradores geralmente incluem circuitos de prote\u00e7\u00e3o contra sobrecorrente, sobretens\u00e3o e superaquecimento para evitar danos ao gerador e aos transdutores conectados.<\/li>\n<li><strong>Interface do Usu\u00e1rio:<\/strong> Muitos geradores modernos apresentam interfaces digitais com displays LCD e pain\u00e9is de controle para f\u00e1cil opera\u00e7\u00e3o, monitoramento e diagn\u00f3stico.<\/li>\n<li><strong>Controle Remoto:<\/strong> Alguns modelos avan\u00e7ados suportam capacidades de controle remoto atrav\u00e9s de interfaces como RS-232, Ethernet ou conex\u00f5es PLC.<\/li>\n<\/ul>\n<h3>4. Quais s\u00e3o os Diferentes Tipos de Geradores Ultrass\u00f4nicos?<\/h3>\n<p>Os geradores ultrass\u00f4nicos podem ser categorizados com base em seu modo de opera\u00e7\u00e3o, faixa de pot\u00eancia ou aplica\u00e7\u00e3o. Tipos comuns incluem:<\/p>\n<ul>\n<li><strong>Geradores Anal\u00f3gicos:<\/strong> Esses geradores usam circuitos anal\u00f3gicos para gerar a frequ\u00eancia ultrass\u00f4nica. Geralmente s\u00e3o mais simples e menos caros, mas podem ter capacidades de controle e ajuste limitadas.<\/li>\n<li><strong>Geradores Digitais:<\/strong> Geradores digitais utilizam microcontroladores e processadores de sinal digital para controlar com precis\u00e3o os par\u00e2metros de sa\u00edda, oferecendo precis\u00e3o, flexibilidade e diagn\u00f3sticos superiores em compara\u00e7\u00e3o com as vers\u00f5es anal\u00f3gicas.<\/li>\n<li><strong>Geradores Auto-Excitados:<\/strong> Tamb\u00e9m conhecidos como geradores de sintonia autom\u00e1tica, essas unidades ajustam automaticamente a frequ\u00eancia de sa\u00edda para corresponder \u00e0 frequ\u00eancia de resson\u00e2ncia do transdutor, simplificando seu uso.<\/li>\n<li><strong>Geradores de Frequ\u00eancia Fixa:<\/strong> Esses geradores operam em uma frequ\u00eancia ultrass\u00f4nica fixa que \u00e9 pr\u00e9-definida durante a fabrica\u00e7\u00e3o ou configura\u00e7\u00e3o. S\u00e3o frequentemente usados para aplica\u00e7\u00f5es que requerem desempenho consistente.<\/li>\n<li><strong>Geradores de Frequ\u00eancia Ajust\u00e1vel:<\/strong> Esses geradores permitem que os usu\u00e1rios ajustem finamente a frequ\u00eancia de sa\u00edda dentro de uma determinada faixa, permitindo maior flexibilidade para v\u00e1rios transdutores e aplica\u00e7\u00f5es.<\/li>\n<li><strong>Geradores de Frequ\u00eancia de Varredura:<\/strong> Projetados para aplica\u00e7\u00f5es de limpeza, os geradores de frequ\u00eancia de varredura variam ligeiramente a frequ\u00eancia de sa\u00edda durante a opera\u00e7\u00e3o para ajudar a evitar ondas estacion\u00e1rias e melhorar a efici\u00eancia da limpeza.<\/li>\n<\/ul>\n<h3>5. Quais s\u00e3o as Aplica\u00e7\u00f5es Comuns dos Geradores Ultrass\u00f4nicos?<\/h3>\n<p>Geradores ultrass\u00f4nicos s\u00e3o encontrados em uma ampla gama de ind\u00fastrias e aplica\u00e7\u00f5es. Aqui est\u00e3o alguns exemplos not\u00e1veis:<\/p>\n<table class=\"table table-striped table-bordered\">\n<thead>\n<tr>\n<th align=\"left\">Aplica\u00e7\u00e3o<\/th>\n<th align=\"left\">Descri\u00e7\u00e3o<\/th>\n<\/tr>\n<\/thead>\n<tbody>\n<tr>\n<td align=\"left\"><a href=\"https:\/\/www.bjultrasonic.com\/pt-pt\/category\/ultrasonic-cleaning-system-pt-pt\/\">Limpeza Ultrass\u00f4nica<\/a><\/td>\n<td align=\"left\">Remo\u00e7\u00e3o de contaminantes de v\u00e1rias pe\u00e7as usando ondas ultrass\u00f4nicas em banhos de limpeza.<\/td>\n<\/tr>\n<tr>\n<td align=\"left\"><a href=\"https:\/\/www.bjultrasonic.com\/pt-pt\/category\/ultrasonic-welding-equipment-pt-pt\/\">Soldagem Ultrass\u00f4nica<\/a><\/td>\n<td align=\"left\">Uni\u00e3o de pe\u00e7as de pl\u00e1stico, metal ou tecido atrav\u00e9s de vibra\u00e7\u00e3o e press\u00e3o ultrass\u00f4nicas.<\/td>\n<\/tr>\n<tr>\n<td align=\"left\">Corte Ultrass\u00f4nico<\/td>\n<td align=\"left\">Corte de materiais como borracha, espuma e produtos aliment\u00edcios por meio de vibra\u00e7\u00f5es de alta frequ\u00eancia.<\/td>\n<\/tr>\n<tr>\n<td align=\"left\"><a href=\"https:\/\/www.bjultrasonic.com\/pt-pt\/category\/ultrasonic-atomizer-pt-pt\/\">Atomiza\u00e7\u00e3o Ultrass\u00f4nica<\/a><\/td>\n<td align=\"left\">Quebra de l\u00edquidos em n\u00e9voas finas ou got\u00edculas para aplica\u00e7\u00f5es como umidifica\u00e7\u00e3o, revestimento e gera\u00e7\u00e3o de aeross\u00f3is.<\/td>\n<\/tr>\n<tr>\n<td align=\"left\">Imagem M\u00e9dica Ultrass\u00f4nica<\/td>\n<td align=\"left\">Produ\u00e7\u00e3o de imagens detalhadas de \u00f3rg\u00e3os e tecidos internos usando ondas sonoras de alta frequ\u00eancia.<\/td>\n<\/tr>\n<tr>\n<td align=\"left\">Ensaios N\u00e3o Destrutivos (END) Ultrass\u00f4nicos<\/td>\n<td align=\"left\">Teste n\u00e3o destrutivo de materiais e estruturas para detectar falhas e defeitos usando ondas sonoras de alta frequ\u00eancia.<\/td>\n<\/tr>\n<tr>\n<td align=\"left\"><a href=\"https:\/\/www.bjultrasonic.com\/pt-pt\/shop\/ultrasonic-cell-disruptor\/\">Mistura e Agita\u00e7\u00e3o Ultrass\u00f4nicas<\/a><\/td>\n<td align=\"left\">Homogeneiza\u00e7\u00e3o de l\u00edquidos e suspens\u00f5es usando energia ultrass\u00f4nica.<\/td>\n<\/tr>\n<\/tbody>\n<\/table>\n<h3>6. Como Escolher o Gerador Ultrass\u00f4nico Correto?<\/h3>\n<p>A sele\u00e7\u00e3o do gerador ultrass\u00f4nico correto depende de v\u00e1rios fatores relacionados \u00e0 sua aplica\u00e7\u00e3o e requisitos espec\u00edficos. Considere estes pontos:<\/p>\n<ul>\n<li><strong>Frequ\u00eancia do Transdutor:<\/strong> A frequ\u00eancia de sa\u00edda do gerador deve corresponder \u00e0 frequ\u00eancia de resson\u00e2ncia do(s) seu(s) transdutor(es).<\/li>\n<li><strong>Pot\u00eancia do Transdutor:<\/strong> A sa\u00edda de pot\u00eancia do gerador deve ser adequada para acionar seu(s) transdutor(es). Considere tanto os requisitos de pot\u00eancia de pico quanto de m\u00e9dia.<\/li>\n<li><strong>Aplica\u00e7\u00e3o:<\/strong> Compreenda os requisitos da sua aplica\u00e7\u00e3o, como se \u00e9 necess\u00e1ria opera\u00e7\u00e3o cont\u00ednua ou pulsada.<\/li>\n<li><strong>Requisitos de Controle:<\/strong> Determine se voc\u00ea precisa de frequ\u00eancia ajust\u00e1vel, controle de amplitude ou interfaces digitais espec\u00edficas para controle remoto.<\/li>\n<li><strong>Integra\u00e7\u00e3o do Sistema:<\/strong> Considere como o gerador se integrar\u00e1 com outros componentes do seu sistema e quaisquer requisitos de comunica\u00e7\u00e3o.<\/li>\n<li><strong>Or\u00e7amento:<\/strong> Equilibre os recursos desejados e as capacidades de desempenho com as restri\u00e7\u00f5es do seu or\u00e7amento.<\/li>\n<li><strong>Reputa\u00e7\u00e3o e Suporte do Fornecedor:<\/strong> Escolha um fornecedor confi\u00e1vel que possa fornecer suporte e servi\u00e7o. A Beijing Ultrasonic \u00e9 um fabricante conhecido, demonstrando a confiabilidade de seus produtos em v\u00e1rias aplica\u00e7\u00f5es ultrass\u00f4nicas.<\/li>\n<\/ul>\n<h3>7. Que Manuten\u00e7\u00e3o \u00e9 Necess\u00e1ria para um Gerador Ultrass\u00f4nico?<\/h3>\n<p>A manuten\u00e7\u00e3o adequada \u00e9 fundamental para prolongar a vida \u00fatil e garantir o desempenho confi\u00e1vel de um gerador ultrass\u00f4nico. Aqui est\u00e3o algumas dicas essenciais de manuten\u00e7\u00e3o:<\/p>\n<ul>\n<li><strong>Inspe\u00e7\u00e3o Regular:<\/strong> Inspecione visualmente o gerador e seus cabos regularmente em busca de quaisquer sinais de dano ou desgaste.<\/li>\n<li><strong>Limpeza:<\/strong> Mantenha o gerador limpo e livre de poeira, umidade e outros contaminantes que possam afetar seu desempenho.<\/li>\n<li><strong>Ventila\u00e7\u00e3o Adequada:<\/strong> Certifique-se de que o gerador tenha ventila\u00e7\u00e3o adequada para evitar superaquecimento.<\/li>\n<li><strong>Conex\u00f5es Seguras:<\/strong> Verifique se todas as conex\u00f5es el\u00e9tricas est\u00e3o seguras e livres de corros\u00e3o.<\/li>\n<li><strong>Atualiza\u00e7\u00f5es de Software:<\/strong> Para geradores digitais, certifique-se de que o firmware e o software sejam atualizados regularmente para corrigir bugs e melhorar o desempenho.<\/li>\n<li><strong>Calibra\u00e7\u00e3o:<\/strong> Calibre o gerador periodicamente para manter a precis\u00e3o e o desempenho ideal.<\/li>\n<li><strong>Servi\u00e7o Profissional:<\/strong> Se houver quaisquer problemas ou falhas, busque ajuda de um t\u00e9cnico qualificado ou do departamento de servi\u00e7o do fabricante, como a equipe de suporte ao cliente da Beijing Ultrasonic.<\/li>\n<\/ul>\n<h3>8. Quais s\u00e3o os Problemas Comuns com Geradores Ultrass\u00f4nicos?<\/h3>\n<p>Mesmo com uso e manuten\u00e7\u00e3o cuidadosos, problemas podem surgir. As quest\u00f5es comuns incluem:<\/p>\n<ul>\n<li><strong>Superaquecimento:<\/strong> Ventila\u00e7\u00e3o inadequada ou per\u00edodos operacionais excessivos podem fazer com que o gerador superaque\u00e7a, potencialmente danificando componentes.<\/li>\n<li><strong>Incompatibilidade de Frequ\u00eancia:<\/strong> A correspond\u00eancia de frequ\u00eancia imprecisa entre o gerador e o transdutor pode levar a desempenho ineficiente ou danos ao transdutor.<\/li>\n<li><strong>Problemas de Fonte de Alimenta\u00e7\u00e3o:<\/strong> Fontes de alimenta\u00e7\u00e3o defeituosas podem resultar em fornecimento de energia inst\u00e1vel ou insuficiente.<\/li>\n<li><strong>Falhas de Circuito:<\/strong> Componentes eletr\u00f4nicos danificados dentro do gerador podem levar a falhas ou opera\u00e7\u00e3o incorreta.<\/li>\n<li><strong>Problemas de Conex\u00e3o:<\/strong> Conex\u00f5es el\u00e9tricas soltas, corro\u00eddas ou danificadas podem causar desempenho inconsistente ou falhas.<\/li>\n<li><strong>Falhas do Transdutor:<\/strong> \u00c0s vezes, problemas aparentes com o gerador podem realmente ser causados por um transdutor defeituoso.<\/li>\n<\/ul>\n<h3>9. Quais Precau\u00e7\u00f5es de Seguran\u00e7a Devem Ser Tomadas?<\/h3>\n<p>A opera\u00e7\u00e3o de geradores ultrass\u00f4nicos requer a ades\u00e3o a v\u00e1rias precau\u00e7\u00f5es de seguran\u00e7a:<\/p>\n<ul>\n<li><strong>Aterramento:<\/strong> Sempre garanta que o gerador esteja adequadamente aterrado para evitar choques el\u00e9tricos.<\/li>\n<li><strong>Fia\u00e7\u00e3o Adequada:<\/strong> Apenas t\u00e9cnicos qualificados devem lidar com conex\u00f5es e fia\u00e7\u00f5es el\u00e9tricas.<\/li>\n<li><strong>Evitar Contato:<\/strong> Evite contato direto com terminais e circuitos el\u00e9tricos enquanto o gerador estiver ligado.<\/li>\n<li><strong>Ambiente Seguro:<\/strong> Opere o gerador em uma \u00e1rea seca e bem ventilada para evitar acidentes e danos.<\/li>\n<li><strong>Equipamento de Prote\u00e7\u00e3o:<\/strong> Ao operar sistemas ultrass\u00f4nicos de alta pot\u00eancia, utilize o equipamento de prote\u00e7\u00e3o individual (EPI) adequado.<\/li>\n<li><strong>Desligamento de Emerg\u00eancia:<\/strong> Conhe\u00e7a a localiza\u00e7\u00e3o e opera\u00e7\u00e3o do interruptor de desligamento de emerg\u00eancia em caso de mau funcionamento ou acidentes.<\/li>\n<li><strong>Diretrizes do Fabricante:<\/strong> Sempre siga as diretrizes e recomenda\u00e7\u00f5es de seguran\u00e7a do fabricante fornecidas no manual do usu\u00e1rio.<\/li>\n<\/ul>\n<h3>10. Como Posso Solucionar Problemas com meu Gerador Ultrass\u00f4nico?<\/h3>\n<p>Etapas b\u00e1sicas de solu\u00e7\u00e3o de problemas \u00e0s vezes podem resolver quest\u00f5es menores com geradores ultrass\u00f4nicos. Aqui est\u00e3o algumas dicas:<\/p>\n<ul>\n<li><strong>Verificar Fonte de Energia:<\/strong> Confirme se o gerador est\u00e1 recebendo energia adequada.<\/li>\n<li><strong>Inspecionar Conex\u00f5es:<\/strong> Certifique-se de que todas as conex\u00f5es entre o gerador, transdutor e fonte de energia estejam seguras e intactas.<\/li>\n<li><strong>Ouvir Ru\u00eddos Incomuns:<\/strong> Ru\u00eddos estranhos podem indicar problemas subjacentes, como incompatibilidade de frequ\u00eancia ou falhas no transdutor.<\/li>\n<li><strong>Monitorar C\u00f3digos de Erro:<\/strong> Geradores modernos frequentemente exibem c\u00f3digos de erro para identificar problemas espec\u00edficos. Consulte o manual do usu\u00e1rio para entender esses c\u00f3digos.<\/li>\n<li><strong>Simplificar o Sistema:<\/strong> Tente testar componentes individualmente para isolar a origem do problema.<\/li>\n<li><strong>Consultar Profissionais:<\/strong> Se o problema n\u00e3o puder ser resolvido por meio de solu\u00e7\u00e3o de problemas b\u00e1sica, busque ajuda de um t\u00e9cnico qualificado ou do departamento de servi\u00e7o do fabricante, como a Beijing Ultrasonic.<\/li>\n<\/ul>\n<p>Em conclus\u00e3o, os geradores ultrass\u00f4nicos s\u00e3o componentes complexos, mas cruciais em sistemas ultrass\u00f4nicos. Entender como funcionam, suas caracter\u00edsticas, aplica\u00e7\u00f5es e requisitos de manuten\u00e7\u00e3o \u00e9 vital para qualquer usu\u00e1rio. Escolher o gerador certo, mant\u00ea-lo adequadamente e resolver problemas prontamente pode garantir desempenho ideal e confi\u00e1vel, maximizando os benef\u00edcios da tecnologia ultrass\u00f4nica. Ao abordar perguntas e preocupa\u00e7\u00f5es comuns, este artigo fornece um recurso \u00fatil tanto para usu\u00e1rios novos quanto experientes de geradores ultrass\u00f4nicos.<\/p>\n","protected":false},"excerpt":{"rendered":"<p>Os geradores ultrass\u00f4nicos s\u00e3o componentes cr\u00edticos em sistemas ultrass\u00f4nicos, respons\u00e1veis por converter energia el\u00e9trica nos sinais el\u00e9tricos de alta frequ\u00eancia necess\u00e1rios para acionar transdutores ultrass\u00f4nicos. Esses geradores s\u00e3o equipamentos complexos, e sua opera\u00e7\u00e3o e manuten\u00e7\u00e3o frequentemente levantam muitas d\u00favidas. Este artigo visa abordar algumas das perguntas mais frequentes sobre geradores ultrass\u00f4nicos, fornecendo uma vis\u00e3o geral<\/p>\n","protected":false},"author":1,"featured_media":19251,"parent":0,"menu_order":0,"comment_status":"closed","ping_status":"closed","template":"","meta":{"footnotes":""},"class_list":["post-72767","page","type-page","status-publish","has-post-thumbnail","hentry","prodpage-classic"],"aioseo_notices":[],"_links":{"self":[{"href":"https:\/\/www.bjultrasonic.com\/pt-pt\/wp-json\/wp\/v2\/pages\/72767","targetHints":{"allow":["GET"]}}],"collection":[{"href":"https:\/\/www.bjultrasonic.com\/pt-pt\/wp-json\/wp\/v2\/pages"}],"about":[{"href":"https:\/\/www.bjultrasonic.com\/pt-pt\/wp-json\/wp\/v2\/types\/page"}],"author":[{"embeddable":true,"href":"https:\/\/www.bjultrasonic.com\/pt-pt\/wp-json\/wp\/v2\/users\/1"}],"replies":[{"embeddable":true,"href":"https:\/\/www.bjultrasonic.com\/pt-pt\/wp-json\/wp\/v2\/comments?post=72767"}],"version-history":[{"count":0,"href":"https:\/\/www.bjultrasonic.com\/pt-pt\/wp-json\/wp\/v2\/pages\/72767\/revisions"}],"wp:featuredmedia":[{"embeddable":true,"href":"https:\/\/www.bjultrasonic.com\/pt-pt\/wp-json\/wp\/v2\/media\/19251"}],"wp:attachment":[{"href":"https:\/\/www.bjultrasonic.com\/pt-pt\/wp-json\/wp\/v2\/media?parent=72767"}],"curies":[{"name":"wp","href":"https:\/\/api.w.org\/{rel}","templated":true}]}}