{"id":73075,"date":"2012-04-28T19:12:36","date_gmt":"2012-04-29T02:12:36","guid":{"rendered":"https:\/\/www.bjultrasonic.com\/contact\/"},"modified":"2026-03-31T00:58:08","modified_gmt":"2026-03-31T05:58:08","slug":"contact","status":"publish","type":"page","link":"https:\/\/www.bjultrasonic.com\/pt-pt\/contact\/","title":{"rendered":"Contacte-nos"},"content":{"rendered":"<p>Estamos sempre aqui para ajudar! Seja uma consulta sobre nossos <a href=\"https:\/\/www.bjultrasonic.com\/shop\/\">produtos ultrass\u00f3nicos<\/a>, uma solu\u00e7\u00e3o OEM personalizada ou assist\u00eancia com pre\u00e7os e finaliza\u00e7\u00e3o de compra, nossa equipa dedicada est\u00e1 pronta para o auxiliar. Por favor, preencha o formul\u00e1rio de contacto abaixo e garantiremos que sua mensagem seja respondida em at\u00e9 2 dias \u00fateis. Para assuntos urgentes, sinta-se \u00e0 vontade para nos contactar diretamente por telefone ou WhatsApp.<\/p>\n","protected":false},"excerpt":{"rendered":"<p>Estamos sempre aqui para ajudar! Seja uma consulta sobre nossos produtos ultrass\u00f3nicos, uma solu\u00e7\u00e3o OEM personalizada ou assist\u00eancia com pre\u00e7os e finaliza\u00e7\u00e3o de compra, nossa equipa dedicada est\u00e1 pronta para o auxiliar. Por favor, preencha o formul\u00e1rio de contacto abaixo e garantiremos que sua mensagem seja respondida em at\u00e9 2 dias \u00fateis. Para assuntos urgentes,<\/p>\n","protected":false},"author":1,"featured_media":0,"parent":0,"menu_order":8,"comment_status":"closed","ping_status":"closed","template":"","meta":{"footnotes":""},"class_list":["post-73075","page","type-page","status-publish","hentry","prodpage-classic"],"aioseo_notices":[],"_links":{"self":[{"href":"https:\/\/www.bjultrasonic.com\/pt-pt\/wp-json\/wp\/v2\/pages\/73075","targetHints":{"allow":["GET"]}}],"collection":[{"href":"https:\/\/www.bjultrasonic.com\/pt-pt\/wp-json\/wp\/v2\/pages"}],"about":[{"href":"https:\/\/www.bjultrasonic.com\/pt-pt\/wp-json\/wp\/v2\/types\/page"}],"author":[{"embeddable":true,"href":"https:\/\/www.bjultrasonic.com\/pt-pt\/wp-json\/wp\/v2\/users\/1"}],"replies":[{"embeddable":true,"href":"https:\/\/www.bjultrasonic.com\/pt-pt\/wp-json\/wp\/v2\/comments?post=73075"}],"version-history":[{"count":0,"href":"https:\/\/www.bjultrasonic.com\/pt-pt\/wp-json\/wp\/v2\/pages\/73075\/revisions"}],"wp:attachment":[{"href":"https:\/\/www.bjultrasonic.com\/pt-pt\/wp-json\/wp\/v2\/media?parent=73075"}],"curies":[{"name":"wp","href":"https:\/\/api.w.org\/{rel}","templated":true}]}}