{"id":65301,"date":"2024-04-02T02:04:45","date_gmt":"2024-04-02T07:04:45","guid":{"rendered":"https:\/\/www.bjultrasonic.com\/shop\/digital-ultrasonic-sound-level-meter\/"},"modified":"2026-03-28T20:58:11","modified_gmt":"2026-03-29T01:58:11","slug":"digital-ultrasonic-sound-level-meter","status":"publish","type":"product","link":"https:\/\/www.bjultrasonic.com\/pt-pt\/shop\/digital-ultrasonic-sound-level-meter\/","title":{"rendered":"Medidor Digital de N\u00edvel de Som Ultrass\u00f4nico"},"content":{"rendered":"<p>A intensidade do ultrassom, tamb\u00e9m conhecida como pot\u00eancia ac\u00fastica, dentro de um campo sonoro l\u00edquido \u00e9 um fator crucial em sistemas ultrass\u00f4nicos. Ela afeta diretamente o desempenho de limpeza dos equipamentos de limpeza e a efici\u00eancia dos processadores ultrass\u00f4nicos. Um medidor de intensidade sonora permite a medi\u00e7\u00e3o r\u00e1pida e conveniente da intensidade do campo sonoro a qualquer momento e em qualquer lugar, exibindo claramente o valor da pot\u00eancia ac\u00fastica.<\/p>\n<p>Os testadores de pot\u00eancia ultrass\u00f4nica est\u00e3o dispon\u00edveis em modelos port\u00e1teis e de monitoramento online para atender a diversas necessidades de aplica\u00e7\u00e3o.<\/p>\n<p>Os medidores de intensidade sonora ultrass\u00f4nica (ou medidores de n\u00edvel sonoro) utilizam o efeito piezoel\u00e9trico das cer\u00e2micas piezoel\u00e9tricas. Isso significa que quando uma for\u00e7a \u00e9 aplicada \u00e0 cer\u00e2mica, ela converte essa for\u00e7a em um sinal el\u00e9trico. Nas mesmas condi\u00e7\u00f5es, uma for\u00e7a mais forte produz uma tens\u00e3o mais alta. Se a for\u00e7a mudar periodicamente, a cer\u00e2mica piezoel\u00e9trica emitir\u00e1 um sinal de tens\u00e3o CA com a mesma frequ\u00eancia. Devido \u00e0 cavita\u00e7\u00e3o e outras formas de interfer\u00eancia, a forma de onda de tens\u00e3o real \u00e9 uma combina\u00e7\u00e3o de uma onda principal e v\u00e1rias ondas secund\u00e1rias. O analisador de frequ\u00eancia (energia) ultrass\u00f4nica de alta precis\u00e3o da nossa empresa permite que os usu\u00e1rios visualizem a forma de onda real de opera\u00e7\u00e3o e leiam diretamente o valor da intensidade sonora.<\/p>\n<h3>Caracter\u00edsticas principais<\/h3>\n<ul>\n<li>Medi\u00e7\u00e3o autom\u00e1tica com um toque, exibindo automaticamente a intensidade sonora e a forma de onda.<\/li>\n<li>Exibi\u00e7\u00e3o digital tanto do valor da intensidade sonora quanto da frequ\u00eancia.<\/li>\n<li>Tela LCD colorida de 3,2 polegadas com resolu\u00e7\u00e3o de 320&#215;240 e backlight LED.<\/li>\n<li>Bateria de \u00edon-l\u00edtio embutida de 2300mAh e adaptador de energia CA externo.<\/li>\n<li>Desligamento autom\u00e1tico ap\u00f3s 10 minutos sem entrada de sinal.<\/li>\n<\/ul>\n<h3>Perguntas Frequentes<\/h3>\n<p><strong>Os dados sempre mostram zero.<\/strong><\/p>\n<p>R: Quando a sonda est\u00e1 no ar, o medidor de intensidade sonora mostrar\u00e1 imediatamente um valor de intensidade sonora em tempo real de 0 W\/cm\u00b2 e desligar\u00e1 automaticamente ap\u00f3s um minuto.<\/p>\n<p><strong>As leituras parecem imprecisas.<\/strong><\/p>\n<p>R: A intensidade sonora do ultrassom \u00e9 um conceito complexo. Ela n\u00e3o pode ser calculada simplesmente dividindo a pot\u00eancia total pela \u00e1rea de radia\u00e7\u00e3o; deve ser medida. Nossos medidores de intensidade sonora s\u00e3o calibrados usando uma intensidade sonora padr\u00e3o antes de sa\u00edrem da f\u00e1brica, garantindo que os valores medidos sejam precisos. Existe um limite para a intensidade sonora; uma vez que um certo limiar \u00e9 atingido na \u00e1gua, adicionar mais transdutores ou aumentar a pot\u00eancia pode n\u00e3o levar a um aumento linear na intensidade sonora, ou mesmo a nenhuma mudan\u00e7a.<\/p>\n<p><strong>Dispositivos de alta frequ\u00eancia n\u00e3o podem ser medidos.<\/strong><\/p>\n<p>R: Nossos medidores de intensidade sonora s\u00e3o projetados para m\u00e1quinas de limpeza ultrass\u00f4nica padr\u00e3o, cobrindo uma faixa de frequ\u00eancia prim\u00e1ria de 10-200kHz. Medi\u00e7\u00f5es fora desta faixa ser\u00e3o imprecisas. Isso pode ser resolvido de duas maneiras:<\/p>\n<ul>\n<li>Informe-nos da faixa de frequ\u00eancia espec\u00edfica que voc\u00ea precisa medir, e podemos criar uma exibi\u00e7\u00e3o e sonda personalizadas.<\/li>\n<li>Use um oscilosc\u00f3pio para medi\u00e7\u00e3o relativa. A sonda pode ser conectada diretamente ao oscilosc\u00f3pio e a intensidade sonora pode ser comparada lendo o sinal no dom\u00ednio do tempo do oscilosc\u00f3pio. Este m\u00e9todo n\u00e3o fornece um valor absoluto de intensidade sonora, mas permite uma compara\u00e7\u00e3o entre medi\u00e7\u00f5es.<\/li>\n<\/ul>\n<p><strong>A leitura \u00e9 anormal; uma leitura aparece mesmo quando n\u00e3o est\u00e1 em l\u00edquido.<\/strong><\/p>\n<p>R: Este problema indica dano na unidade de exibi\u00e7\u00e3o e requer o retorno \u00e0 nossa empresa para reparo.<\/p>\n<p><strong>A tela de exibi\u00e7\u00e3o est\u00e1 preta, sem mostrar nada.<\/strong><\/p>\n<p>R: O instrumento possui um modo de economia de energia. A tela desligar\u00e1 se a intensidade sonora medida for 0 W\/cm\u00b2 por um minuto. Se pressionar o bot\u00e3o LIGAR\/DESLIGAR n\u00e3o restaurar a exibi\u00e7\u00e3o, tente substituir a bateria. Se a tela permanecer desligada, isso indica que a tela est\u00e1 danificada e requer retorno \u00e0 nossa f\u00e1brica para reparo.<\/p>\n<p><strong>As leituras variam muito quando dois dispositivos s\u00e3o usados simultaneamente.<\/strong><\/p>\n<p>R: Nosso equipamento ultrass\u00f4nico \u00e9 calibrado com um campo sonoro padr\u00e3o antes do envio. Na limpeza ultrass\u00f4nica, as ondas sonoras refletem nas paredes do recipiente e na superf\u00edcie da \u00e1gua, fazendo com que a intensidade sonora varie por toda a m\u00e1quina de limpeza. Isso cria um campo de ondas estacion\u00e1rias, onde a intensidade sonora \u00e9 m\u00ednima nos n\u00f3s e m\u00e1xima nos antin\u00f3s.<\/p>\n<p>Por exemplo, em uma m\u00e1quina de limpeza de 28kHz, o comprimento de onda sonoro na \u00e1gua \u00e9 de 5,4cm, com dois n\u00f3s e dois antin\u00f3s por comprimento de onda. Isso significa que a dist\u00e2ncia entre um n\u00f3 e um antin\u00f3 \u00e9 de 1,3cm. Para uma m\u00e1quina de 40kHz, essa dist\u00e2ncia \u00e9 de 0,9cm.<\/p>\n<p>Portanto, ao usar dois medidores de intensidade sonora, \u00e9 essencial que eles estejam medindo o mesmo ponto para comparar as leituras com precis\u00e3o. Dada a proximidade dos n\u00f3s e antin\u00f3s, medi\u00e7\u00f5es manuais s\u00e3o propensas a erros devido ao movimento inevit\u00e1vel, alterando o campo sonoro. Nossa empresa recomenda o uso de um m\u00e9todo de fixa\u00e7\u00e3o mec\u00e2nica para garantir a sonda e garantir locais de medi\u00e7\u00e3o consistentes. Este ambiente controlado permite uma compara\u00e7\u00e3o significativa entre os dois dispositivos.<\/p>\n<p><strong>Os valores variam muito quando testados em pontos diferentes no mesmo tanque.<\/strong><\/p>\n<p>R: As m\u00e1quinas de limpeza ultrass\u00f4nica geralmente usam transdutores montados na parede, fixados no fundo ou nas laterais do tanque. O processo de instala\u00e7\u00e3o, as especifica\u00e7\u00f5es de tamanho e a consist\u00eancia desses transdutores podem contribuir para um campo sonoro desigual dentro do tanque de limpeza, levando a varia\u00e7\u00f5es na intensidade sonora em pontos diferentes e, assim, a valores medidos diferentes.<\/p>\n<p><strong>Com que frequ\u00eancia o instrumento precisa ser recalibrado e como isso \u00e9 determinado?<\/strong><\/p>\n<p>R: Com base no padr\u00e3o de calibra\u00e7\u00e3o do transdutor de detec\u00e7\u00e3o, este tipo de produto deve ser calibrado uma vez por ano.<\/p>\n<p><strong>H\u00e1 ru\u00eddo incomum na unidade de exibi\u00e7\u00e3o.<\/strong><\/p>\n<p>R: Isso pode ser causado por componentes internos soltos. Recomenda-se retornar a unidade para inspe\u00e7\u00e3o e reparo.<\/p>\n","protected":false},"excerpt":{"rendered":"<p>Medidor Digital de N\u00edvel de Som Ultrass\u00f4nico \u00e9 um dispositivo utilizado para medir a intensidade de ultrassom em l\u00edquidos. \u00c9 principalmente usado para medir aplica\u00e7\u00f5es industriais, como limpeza ultrass\u00f4nica e sonoqu\u00edmica ultrass\u00f4nica. Os principais par\u00e2metros de medi\u00e7\u00e3o s\u00e3o intensidade ultrass\u00f4nica, forma de onda ultrass\u00f4nica, frequ\u00eancia de trabalho, intensidade m\u00e1xima, intensidade m\u00ednima e tempo de medi\u00e7\u00e3o.<\/p>\n","protected":false},"featured_media":42067,"comment_status":"closed","ping_status":"closed","template":"","meta":[],"product_brand":[],"product_cat":[6222],"product_tag":[],"class_list":{"0":"post-65301","1":"product","2":"type-product","3":"status-publish","4":"has-post-thumbnail","6":"product_cat-ultrasonic-meter-pt-pt","8":"first","9":"instock","10":"shipping-taxable","11":"product-type-external","12":"prodpage-classic"},"aioseo_notices":[],"_links":{"self":[{"href":"https:\/\/www.bjultrasonic.com\/pt-pt\/wp-json\/wp\/v2\/product\/65301","targetHints":{"allow":["GET"]}}],"collection":[{"href":"https:\/\/www.bjultrasonic.com\/pt-pt\/wp-json\/wp\/v2\/product"}],"about":[{"href":"https:\/\/www.bjultrasonic.com\/pt-pt\/wp-json\/wp\/v2\/types\/product"}],"replies":[{"embeddable":true,"href":"https:\/\/www.bjultrasonic.com\/pt-pt\/wp-json\/wp\/v2\/comments?post=65301"}],"wp:featuredmedia":[{"embeddable":true,"href":"https:\/\/www.bjultrasonic.com\/pt-pt\/wp-json\/wp\/v2\/media\/42067"}],"wp:attachment":[{"href":"https:\/\/www.bjultrasonic.com\/pt-pt\/wp-json\/wp\/v2\/media?parent=65301"}],"wp:term":[{"taxonomy":"product_brand","embeddable":true,"href":"https:\/\/www.bjultrasonic.com\/pt-pt\/wp-json\/wp\/v2\/product_brand?post=65301"},{"taxonomy":"product_cat","embeddable":true,"href":"https:\/\/www.bjultrasonic.com\/pt-pt\/wp-json\/wp\/v2\/product_cat?post=65301"},{"taxonomy":"product_tag","embeddable":true,"href":"https:\/\/www.bjultrasonic.com\/pt-pt\/wp-json\/wp\/v2\/product_tag?post=65301"}],"curies":[{"name":"wp","href":"https:\/\/api.w.org\/{rel}","templated":true}]}}