{"id":65323,"date":"2022-08-10T06:03:06","date_gmt":"2022-08-10T11:03:06","guid":{"rendered":"https:\/\/www.bjultrasonic.com\/shop\/ultrasonic-welding-machine\/"},"modified":"2026-03-28T20:57:44","modified_gmt":"2026-03-29T01:57:44","slug":"ultrasonic-welding-machine","status":"publish","type":"product","link":"https:\/\/www.bjultrasonic.com\/pt-pt\/shop\/ultrasonic-welding-machine\/","title":{"rendered":"M\u00e1quina de Soldagem Ultrass\u00f4nica de Pl\u00e1stico e Metal"},"content":{"rendered":"<p><img loading=\"lazy\" decoding=\"async\" class=\"alignnone size-full wp-image-24642\" src=\"https:\/\/www.bjultrasonic.com\/wp-content\/uploads\/2022\/08\/Ultrasonic-Welding-Machine-7.jpg\" alt=\"Ultrasonic Welding Machine 7\" width=\"700\" height=\"561\" \/><\/p>\n<h3>Aplica\u00e7\u00e3o<\/h3>\n<p>Soldadura de pl\u00e1stico, soldadura de tecidos n\u00e3o-tecidos, soldadura de metal, e assim por diante.<\/p>\n<p>M\u00e1quina de soldadura ultrass\u00f3nica de pl\u00e1stico para placas de classifica\u00e7\u00e3o PSA, temporizador de pulso liga\/desliga, ajuste de pot\u00eancia preciso para garantir soldadura de alta qualidade, o equipamento pode trabalhar de forma intermitente, tamb\u00e9m pode funcionar sem carga, para satisfazer diferentes necessidades de soldadura. Design mais recente da cabe\u00e7a para Flat\/N95, pequeno e elegante, boa linha de vis\u00e3o para opera\u00e7\u00e3o, novo design da caixa el\u00e9ctrica do gerador ultrass\u00f3nico, prote\u00e7\u00e3o inteligente, desempenho est\u00e1vel, equipamento fi\u00e1vel, longa vida \u00fatil.<\/p>\n<h3>Caracter\u00edsticas<\/h3>\n<ul>\n<li>Utiliza\u00e7\u00e3o de circuito auto-excitado, durante o trabalho, para acompanhar as altera\u00e7\u00f5es nos par\u00e2metros do transdutor, maximizando o desempenho do transdutor e da cabe\u00e7a de ferramenta;<\/li>\n<li>Tubo de alta pot\u00eancia importado, resistente a choques de alta corrente, aumentando a estabilidade do funcionamento do gerador ultrass\u00f3nico.<\/li>\n<li>Utiliza\u00e7\u00e3o de display digital de frequ\u00eancia, a frequ\u00eancia pode ser ajustada finamente, permitindo observar com precis\u00e3o a frequ\u00eancia de opera\u00e7\u00e3o do gerador.<\/li>\n<li>F\u00e1cil de operar, pode ser aplicado a transdutores e moldes de diferentes especifica\u00e7\u00f5es. Amplo alcance de materiais para soldadura<\/li>\n<\/ul>\n<h3>V\u00eddeo<\/h3>\n<p><iframe loading=\"lazy\" title=\"Ultrasonic Plastic Welding Machine Supplier\" width=\"500\" height=\"281\" src=\"https:\/\/www.youtube.com\/embed\/rSEf_GwBZQg?feature=oembed\" frameborder=\"0\" allow=\"accelerometer; autoplay; clipboard-write; encrypted-media; gyroscope; picture-in-picture; web-share\" referrerpolicy=\"strict-origin-when-cross-origin\" allowfullscreen><\/iframe><\/p>\n<p><iframe loading=\"lazy\" title=\"Plastic Ultrasonic Welding Machine Manufacturers\" width=\"500\" height=\"281\" src=\"https:\/\/www.youtube.com\/embed\/ntAp1KwSp-k?feature=oembed\" frameborder=\"0\" allow=\"accelerometer; autoplay; clipboard-write; encrypted-media; gyroscope; picture-in-picture; web-share\" referrerpolicy=\"strict-origin-when-cross-origin\" allowfullscreen><\/iframe><\/p>\n<p><iframe loading=\"lazy\" title=\"Ultrasonic Welding Machine\" width=\"500\" height=\"281\" src=\"https:\/\/www.youtube.com\/embed\/uB5-z1eBeCA?feature=oembed\" frameborder=\"0\" allow=\"accelerometer; autoplay; clipboard-write; encrypted-media; gyroscope; picture-in-picture; web-share\" referrerpolicy=\"strict-origin-when-cross-origin\" allowfullscreen><\/iframe><\/p>\n<p><strong>N\u00famero do modelo\uff1aBJSU-15<\/strong><\/p>\n<ul>\n<li>Frequ\u00eancia\uff1a15K<\/li>\n<li>Pot\u00eancia\uff1a2600W<\/li>\n<li>Tens\u00e3o de opera\u00e7\u00e3o\uff1aAC220V\/50Hz<\/li>\n<li>Gama de frequ\u00eancia\uff1a15 Khz<\/li>\n<\/ul>\n<p><strong>N\u00famero do modelo\uff1aBJSU-20<\/strong><\/p>\n<ul>\n<li>Frequ\u00eancia\uff1a20K<\/li>\n<li>Pot\u00eancia\uff1a2000W\/2600W<\/li>\n<li>Tens\u00e3o de opera\u00e7\u00e3o\uff1aAC220V\/50Hz<\/li>\n<li>Gama de frequ\u00eancia\uff1a20Khz<\/li>\n<\/ul>\n","protected":false},"excerpt":{"rendered":"<p data-sourcepos=\"1:1-1:237\">Uma m\u00e1quina de soldagem por ultrassom \u00e9 uma ferramenta especializada que utiliza ondas sonoras de alta frequ\u00eancia para unir materiais termopl\u00e1sticos. \u00c9 uma t\u00e9cnica de soldagem n\u00e3o destrutiva, eficiente e precisa que n\u00e3o requer calor, adesivos ou solventes.<\/p>\n","protected":false},"featured_media":24636,"comment_status":"closed","ping_status":"closed","template":"","meta":[],"product_brand":[],"product_cat":[5623],"product_tag":[],"class_list":{"0":"post-65323","1":"product","2":"type-product","3":"status-publish","4":"has-post-thumbnail","6":"product_cat-ultrasonic-welding-equipment-pt-pt","8":"first","9":"instock","10":"shipping-taxable","11":"product-type-external","12":"prodpage-classic"},"aioseo_notices":[],"_links":{"self":[{"href":"https:\/\/www.bjultrasonic.com\/pt-pt\/wp-json\/wp\/v2\/product\/65323","targetHints":{"allow":["GET"]}}],"collection":[{"href":"https:\/\/www.bjultrasonic.com\/pt-pt\/wp-json\/wp\/v2\/product"}],"about":[{"href":"https:\/\/www.bjultrasonic.com\/pt-pt\/wp-json\/wp\/v2\/types\/product"}],"replies":[{"embeddable":true,"href":"https:\/\/www.bjultrasonic.com\/pt-pt\/wp-json\/wp\/v2\/comments?post=65323"}],"wp:featuredmedia":[{"embeddable":true,"href":"https:\/\/www.bjultrasonic.com\/pt-pt\/wp-json\/wp\/v2\/media\/24636"}],"wp:attachment":[{"href":"https:\/\/www.bjultrasonic.com\/pt-pt\/wp-json\/wp\/v2\/media?parent=65323"}],"wp:term":[{"taxonomy":"product_brand","embeddable":true,"href":"https:\/\/www.bjultrasonic.com\/pt-pt\/wp-json\/wp\/v2\/product_brand?post=65323"},{"taxonomy":"product_cat","embeddable":true,"href":"https:\/\/www.bjultrasonic.com\/pt-pt\/wp-json\/wp\/v2\/product_cat?post=65323"},{"taxonomy":"product_tag","embeddable":true,"href":"https:\/\/www.bjultrasonic.com\/pt-pt\/wp-json\/wp\/v2\/product_tag?post=65323"}],"curies":[{"name":"wp","href":"https:\/\/api.w.org\/{rel}","templated":true}]}}