{"id":65343,"date":"2021-03-22T09:26:39","date_gmt":"2021-03-22T14:26:39","guid":{"rendered":"https:\/\/www.bjultrasonic.com\/shop\/6000ml-ultrasonic-atomizer\/"},"modified":"2026-03-28T20:57:43","modified_gmt":"2026-03-29T01:57:43","slug":"6000ml-ultrasonic-atomizer","status":"publish","type":"product","link":"https:\/\/www.bjultrasonic.com\/pt-pt\/shop\/6000ml-ultrasonic-atomizer\/","title":{"rendered":"6000ML Atomizador Ultrass\u00f4nico"},"content":{"rendered":"<p>&nbsp;<\/p>\n<table class=\"table table-striped table-bordered\">\n<tbody>\n<tr>\n<td width=\"232\">Tipo<\/td>\n<td width=\"418\">BJAR6000<\/td>\n<\/tr>\n<tr>\n<td width=\"232\">Quantidade de Atomiza\u00e7\u00e3o<\/td>\n<td width=\"418\">&gt;6000ML<\/td>\n<\/tr>\n<tr>\n<td width=\"232\">Tamanho<\/td>\n<td width=\"418\">326*68*52 mm (comprimento*largura*altura)<\/td>\n<\/tr>\n<tr>\n<td width=\"232\">Frequ\u00eancia de Trabalho<\/td>\n<td width=\"418\">1700\u00b150(KHZ)<\/td>\n<\/tr>\n<tr>\n<td width=\"232\">Di\u00e2metro da Cer\u00e2mica Piezoel\u00e9trica<\/td>\n<td width=\"418\">20mm<\/td>\n<\/tr>\n<tr>\n<td width=\"232\">Temperatura de Trabalho<\/td>\n<td width=\"418\">5\uff5e45\u2103<\/td>\n<\/tr>\n<tr>\n<td width=\"232\">Prote\u00e7\u00e3o contra Superaquecimento<\/td>\n<td width=\"418\">50\u2103<\/td>\n<\/tr>\n<tr>\n<td width=\"232\">N\u00edvel de \u00c1gua<\/td>\n<td width=\"418\">40mm-80mm<\/p>\n<p>Melhor n\u00edvel: 65mm<\/td>\n<\/tr>\n<tr>\n<td width=\"232\">Tens\u00e3o de Trabalho<\/td>\n<td width=\"418\">48V DC<\/td>\n<\/tr>\n<tr>\n<td width=\"232\">Pot\u00eancia<\/td>\n<td width=\"418\">400W<\/td>\n<\/tr>\n<tr>\n<td width=\"232\">Corrente<\/td>\n<td width=\"418\">7.5A<\/td>\n<\/tr>\n<tr>\n<td width=\"232\">Material<\/td>\n<td width=\"418\">a\u00e7o inoxid\u00e1vel<\/td>\n<\/tr>\n<tr>\n<td width=\"232\">Cabo<\/td>\n<td width=\"418\">Comprimento 5m<\/td>\n<\/tr>\n<tr>\n<td width=\"232\">Tens\u00e3o<\/td>\n<td width=\"418\">220v\/50hz\u00a0\u00a0\u00a0\u00a0\u00a0230v\/50hz<\/p>\n<p>120v\/60hz\u00a0\u00a0\u00a0\u00a0\u00a0\u00a0\u00a0110v\/60hz<\/td>\n<\/tr>\n<\/tbody>\n<\/table>\n<h3>V\u00eddeos de Umidificador Ultrass\u00f4nico<\/h3>\n<p><iframe loading=\"lazy\" title=\"Ultrasonic Humidifier\" width=\"500\" height=\"281\" src=\"https:\/\/www.youtube.com\/embed\/videoseries?list=PLLrjMYkO0_NEpofnqW3MnsGQ-KMwpBJul\" frameborder=\"0\" allow=\"accelerometer; autoplay; clipboard-write; encrypted-media; gyroscope; picture-in-picture; web-share\" referrerpolicy=\"strict-origin-when-cross-origin\" allowfullscreen><\/iframe><\/p>\n","protected":false},"excerpt":{"rendered":"<p><a href=\"https:\/\/www.bjultrasonic.com\/pt-pt\/category\/ultrasonic-atomizer-pt-pt\/\">Umidificador ultrass\u00f4nico<\/a> utiliza energia ultrass\u00f4nica para transformar l\u00edquidos em part\u00edculas semelhantes a nuvens. Umidificador ultrass\u00f4nico tamb\u00e9m \u00e9 conhecido como atomizador ultrass\u00f4nico, <a href=\"https:\/\/www.bjultrasonic.com\/pt-pt\/shop\/ultrasonic-atomizing-transducer\/\">gerador de n\u00e9voa ultrass\u00f4nico<\/a>, nebulizador ultrass\u00f4nico.<\/p>\n","protected":false},"featured_media":42223,"comment_status":"open","ping_status":"closed","template":"","meta":[],"product_brand":[],"product_cat":[6205],"product_tag":[],"class_list":{"0":"post-65343","1":"product","2":"type-product","3":"status-publish","4":"has-post-thumbnail","6":"product_cat-ultrasonic-atomizer-pt-pt","8":"first","9":"instock","10":"shipping-taxable","11":"purchasable","12":"product-type-simple","13":"prodpage-classic"},"aioseo_notices":[],"_links":{"self":[{"href":"https:\/\/www.bjultrasonic.com\/pt-pt\/wp-json\/wp\/v2\/product\/65343","targetHints":{"allow":["GET"]}}],"collection":[{"href":"https:\/\/www.bjultrasonic.com\/pt-pt\/wp-json\/wp\/v2\/product"}],"about":[{"href":"https:\/\/www.bjultrasonic.com\/pt-pt\/wp-json\/wp\/v2\/types\/product"}],"replies":[{"embeddable":true,"href":"https:\/\/www.bjultrasonic.com\/pt-pt\/wp-json\/wp\/v2\/comments?post=65343"}],"wp:featuredmedia":[{"embeddable":true,"href":"https:\/\/www.bjultrasonic.com\/pt-pt\/wp-json\/wp\/v2\/media\/42223"}],"wp:attachment":[{"href":"https:\/\/www.bjultrasonic.com\/pt-pt\/wp-json\/wp\/v2\/media?parent=65343"}],"wp:term":[{"taxonomy":"product_brand","embeddable":true,"href":"https:\/\/www.bjultrasonic.com\/pt-pt\/wp-json\/wp\/v2\/product_brand?post=65343"},{"taxonomy":"product_cat","embeddable":true,"href":"https:\/\/www.bjultrasonic.com\/pt-pt\/wp-json\/wp\/v2\/product_cat?post=65343"},{"taxonomy":"product_tag","embeddable":true,"href":"https:\/\/www.bjultrasonic.com\/pt-pt\/wp-json\/wp\/v2\/product_tag?post=65343"}],"curies":[{"name":"wp","href":"https:\/\/api.w.org\/{rel}","templated":true}]}}