{"id":65403,"date":"2021-03-22T09:02:21","date_gmt":"2021-03-22T14:02:21","guid":{"rendered":"https:\/\/www.bjultrasonic.com\/shop\/700ml-ultrasonic-humidifier\/"},"modified":"2026-03-28T20:57:18","modified_gmt":"2026-03-29T01:57:18","slug":"700ml-ultrasonic-humidifier","status":"publish","type":"product","link":"https:\/\/www.bjultrasonic.com\/pt-pt\/shop\/700ml-ultrasonic-humidifier\/","title":{"rendered":"Umidificador Ultrass\u00f4nico de 700ML"},"content":{"rendered":"<table class=\"table table-striped table-bordered\">\n<tbody>\n<tr>\n<td width=\"343\">Tipo<\/td>\n<td width=\"343\">BJA700<\/td>\n<\/tr>\n<tr>\n<td width=\"343\">Quantidade de Atomiza\u00e7\u00e3o<\/td>\n<td width=\"343\">&gt;700ML<\/td>\n<\/tr>\n<tr>\n<td width=\"343\">Tamanho<\/td>\n<td width=\"343\">115*44*51mm L*A*H<\/td>\n<\/tr>\n<tr>\n<td width=\"343\">Frequ\u00eancia de Trabalho<\/td>\n<td width=\"343\">1700\u00b150(KHZ)<\/td>\n<\/tr>\n<tr>\n<td width=\"343\">Di\u00e2metro da Cer\u00e2mica Piezoel\u00e9trica<\/td>\n<td width=\"343\">20mm<\/td>\n<\/tr>\n<tr>\n<td width=\"343\">Temperatura de Trabalho<\/td>\n<td width=\"343\">5\uff5e45\u2103<\/td>\n<\/tr>\n<tr>\n<td width=\"343\">N\u00edvel de \u00c1gua<\/td>\n<td width=\"343\">Acima de 40mm-60mm do fundo do tanque<\/td>\n<\/tr>\n<tr>\n<td width=\"343\">Tens\u00e3o de Trabalho<\/td>\n<td width=\"343\">DC 36V<\/td>\n<\/tr>\n<tr>\n<td width=\"343\">Pot\u00eancia:<\/td>\n<td width=\"343\">80W<\/td>\n<\/tr>\n<tr>\n<td width=\"343\">Material<\/td>\n<td width=\"343\">A\u00e7o Inoxid\u00e1vel 304<\/td>\n<\/tr>\n<tr>\n<td width=\"343\">Cabo<\/td>\n<td width=\"343\">1,5M ou 3M<\/td>\n<\/tr>\n<\/tbody>\n<\/table>\n<p>&nbsp;<\/p>\n<h3>V\u00eddeos de Umidificador Ultrass\u00f4nico<\/h3>\n<p><iframe loading=\"lazy\" title=\"Ultrasonic Humidifier\" width=\"500\" height=\"281\" src=\"https:\/\/www.youtube.com\/embed\/videoseries?list=PLLrjMYkO0_NEpofnqW3MnsGQ-KMwpBJul\" frameborder=\"0\" allow=\"accelerometer; autoplay; clipboard-write; encrypted-media; gyroscope; picture-in-picture; web-share\" referrerpolicy=\"strict-origin-when-cross-origin\" allowfullscreen><\/iframe><\/p>\n","protected":false},"excerpt":{"rendered":"<p><a href=\"https:\/\/www.bjultrasonic.com\/pt-pt\/category\/ultrasonic-atomizer-pt-pt\/\">Umidificador ultrass\u00f4nico<\/a> usa energia ultrass\u00f4nica para transformar l\u00edquidos em part\u00edculas semelhantes a nuvens. Umidificador ultrass\u00f4nico tamb\u00e9m chamado de atomizador ultrass\u00f4nico, <a href=\"https:\/\/www.bjultrasonic.com\/pt-pt\/shop\/ultrasonic-atomizing-transducer\/\">gerador de n\u00e9voa ultrass\u00f4nico<\/a>, nebulizador ultrass\u00f4nico.<\/p>\n","protected":false},"featured_media":23789,"comment_status":"open","ping_status":"closed","template":"","meta":[],"product_brand":[],"product_cat":[6205],"product_tag":[],"class_list":{"0":"post-65403","1":"product","2":"type-product","3":"status-publish","4":"has-post-thumbnail","6":"product_cat-ultrasonic-atomizer-pt-pt","8":"first","9":"instock","10":"shipping-taxable","11":"purchasable","12":"product-type-simple","13":"prodpage-classic"},"aioseo_notices":[],"_links":{"self":[{"href":"https:\/\/www.bjultrasonic.com\/pt-pt\/wp-json\/wp\/v2\/product\/65403","targetHints":{"allow":["GET"]}}],"collection":[{"href":"https:\/\/www.bjultrasonic.com\/pt-pt\/wp-json\/wp\/v2\/product"}],"about":[{"href":"https:\/\/www.bjultrasonic.com\/pt-pt\/wp-json\/wp\/v2\/types\/product"}],"replies":[{"embeddable":true,"href":"https:\/\/www.bjultrasonic.com\/pt-pt\/wp-json\/wp\/v2\/comments?post=65403"}],"wp:featuredmedia":[{"embeddable":true,"href":"https:\/\/www.bjultrasonic.com\/pt-pt\/wp-json\/wp\/v2\/media\/23789"}],"wp:attachment":[{"href":"https:\/\/www.bjultrasonic.com\/pt-pt\/wp-json\/wp\/v2\/media?parent=65403"}],"wp:term":[{"taxonomy":"product_brand","embeddable":true,"href":"https:\/\/www.bjultrasonic.com\/pt-pt\/wp-json\/wp\/v2\/product_brand?post=65403"},{"taxonomy":"product_cat","embeddable":true,"href":"https:\/\/www.bjultrasonic.com\/pt-pt\/wp-json\/wp\/v2\/product_cat?post=65403"},{"taxonomy":"product_tag","embeddable":true,"href":"https:\/\/www.bjultrasonic.com\/pt-pt\/wp-json\/wp\/v2\/product_tag?post=65403"}],"curies":[{"name":"wp","href":"https:\/\/api.w.org\/{rel}","templated":true}]}}