{"id":65483,"date":"2021-03-17T10:23:32","date_gmt":"2021-03-17T15:23:32","guid":{"rendered":"https:\/\/www.bjultrasonic.com\/shop\/200khz-30w-ultrasonic-transducer-pzt-4\/"},"modified":"2026-03-28T20:56:25","modified_gmt":"2026-03-29T01:56:25","slug":"200khz-30w-ultrasonic-transducer-pzt-4","status":"publish","type":"product","link":"https:\/\/www.bjultrasonic.com\/pt-pt\/shop\/200khz-30w-ultrasonic-transducer-pzt-4\/","title":{"rendered":"Transdutor Ultrass\u00f4nico de 200KHz 30W (PZT-4)"},"content":{"rendered":"<h2>Especifica\u00e7\u00f5es do Transdutor Ultrass\u00f4nico de 200KHz 30W (PZT-4)<\/h2>\n<table class=\"table table-striped table-bordered\">\n<tbody>\n<tr>\n<td width=\"220\">Tipo<\/td>\n<td width=\"346\">BJC-20030T- 31HN PZT-4<\/td>\n<\/tr>\n<tr>\n<td width=\"220\">Frequ\u00eancia<\/td>\n<td width=\"346\">200KHz +\/- 1KHz<\/td>\n<\/tr>\n<tr>\n<td width=\"220\">Pot\u00eancia<\/td>\n<td width=\"346\">30w<\/td>\n<\/tr>\n<tr>\n<td width=\"220\">Capacit\u00e2ncia<\/td>\n<td width=\"346\">3200pf\u00b110%<\/td>\n<\/tr>\n<tr>\n<td width=\"220\">Superf\u00edcie de Radia\u00e7\u00e3o<\/td>\n<td width=\"346\">31mm<\/td>\n<\/tr>\n<tr>\n<td width=\"220\">Resist\u00eancia de Resson\u00e2ncia<\/td>\n<td width=\"346\">10-20\u03a9\u00a0 &lt;50<\/td>\n<\/tr>\n<tr>\n<td width=\"220\">Comprimento<\/td>\n<td width=\"346\">42mm<\/td>\n<\/tr>\n<tr>\n<td width=\"220\">Fonte de Alimenta\u00e7\u00e3o<\/td>\n<td width=\"346\">100V~130V ou 220V~240V AC<\/td>\n<\/tr>\n<tr>\n<td width=\"220\">Peso<\/td>\n<td width=\"346\">150g\/p\u00e7<\/td>\n<\/tr>\n<tr>\n<td width=\"220\">Tipo<\/td>\n<td width=\"346\">Tipo Corneta<\/td>\n<\/tr>\n<\/tbody>\n<\/table>\n<h2><a href=\"https:\/\/drive.google.com\/file\/d\/1pXEpP5HbetTukpQtZKV4hyTdlMm0aYkt\/view\" target=\"_blank\" rel=\"noopener\">Baixar<\/a> Especifica\u00e7\u00f5es e or\u00e7amento de Todos os Transdutores de Limpeza Ultrass\u00f4nica.<\/h2>\n<h3>M\u00e9todos de Nomenclatura do Transdutor de Limpeza Ultrass\u00f4nica<\/h3>\n<p><a href=\"https:\/\/www.bjultrasonic.com\/wp-content\/uploads\/2012\/10\/Naming-Methods-of-Ultrasonic-Cleaning-Transducer.jpg\" data-lightbox=\"image\"><img loading=\"lazy\" decoding=\"async\" title=\"M\u00e9todos de Nomenclatura do Transdutor de Limpeza Ultrass\u00f4nica\" src=\"\/\/www.bjultrasonic.com\/wp-content\/uploads\/2012\/10\/Naming-Methods-of-Ultrasonic-Cleaning-Transducer.jpg\" alt=\"M\u00e9todos de Nomenclatura do Transdutor de Limpeza Ultrass\u00f4nica\" width=\"442\" height=\"399\" \/><\/a><\/p>\n<h3>Estrutura do Transdutor de Limpeza Ultrass\u00f4nica<\/h3>\n<p><a href=\"https:\/\/www.bjultrasonic.com\/wp-content\/uploads\/2012\/03\/2012319111.jpg\" data-lightbox=\"image\"><img loading=\"lazy\" decoding=\"async\" title=\"Estrutura do Transdutor de Limpeza Ultrass\u00f4nica\" src=\"\/\/www.bjultrasonic.com\/wp-content\/uploads\/2012\/10\/Ultrasonic-Cleaning-Transducer-Structure.jpg\" alt=\"Estrutura do Transdutor de Limpeza Ultrass\u00f4nica\" width=\"546\" height=\"203\" \/><\/a><\/p>\n<h3>Principais Caracter\u00edsticas<\/h3>\n<ul>\n<li>Alta efici\u00eancia: alto par\u00e2metro mec\u00e2nico Q, efici\u00eancia de transdu\u00e7\u00e3o entre eletricidade e som acima de 95%.<\/li>\n<li>Alta amplitude: a resist\u00eancia do transdutor \u00e9 melhorada fixando o vibrador de alta velocidade diretamente na base do tanque de lavagem com parafuso. Comparado com um vibrador de expans\u00e3o magn\u00e9tica, sua amplitude pode ser aumentada em mais de 50%.<\/li>\n<li>Boa resist\u00eancia ao calor: ampla faixa de temperatura de trabalho, baixa imped\u00e2ncia de resson\u00e2ncia e baixa produ\u00e7\u00e3o de calor.<\/li>\n<li>Boa constru\u00e7\u00e3o: fixado por parafuso, f\u00e1cil de montar, alta confiabilidade.<\/li>\n<\/ul>\n<h3>Lista de Reprodu\u00e7\u00e3o de V\u00eddeo: Transdutores Ultrass\u00f4nicos<\/h3>\n<p><iframe loading=\"lazy\" title=\"Dual-frequency Piezoelectric Ultrasonic Transducer for Ultrasonic Cleaner\" width=\"500\" height=\"281\" src=\"https:\/\/www.youtube.com\/embed\/3zVdE1GihAE?list=PL2F5F3AB3579FB4A9\" frameborder=\"0\" allow=\"accelerometer; autoplay; clipboard-write; encrypted-media; gyroscope; picture-in-picture; web-share\" referrerpolicy=\"strict-origin-when-cross-origin\" allowfullscreen><\/iframe><\/p>\n<h3>Transdutor Ultrass\u00f4nico de Alta Pot\u00eancia<\/h3>\n<p><iframe loading=\"lazy\" title=\"High Power Piezoelectric Ultrasonic Transducer - Beijing Ultrasonic\" width=\"500\" height=\"281\" src=\"https:\/\/www.youtube.com\/embed\/TBLGTvZgOw4?feature=oembed\" frameborder=\"0\" allow=\"accelerometer; autoplay; clipboard-write; encrypted-media; gyroscope; picture-in-picture; web-share\" referrerpolicy=\"strict-origin-when-cross-origin\" allowfullscreen><\/iframe><\/p>\n<h3>Pagamento<\/h3>\n<p>Aceitamos paypal, T\/T e Western Union agora.<\/p>\n<h3>Envio<\/h3>\n<p>As mercadorias ser\u00e3o enviadas em at\u00e9 48 horas ap\u00f3s o recebimento do pagamento integral.<\/p>\n<ul>\n<li>Enviamos as mercadorias para o endere\u00e7o fornecido no pagamento do PayPal. Certifique-se de que o endere\u00e7o no PayPal est\u00e1 correto.<\/li>\n<li>Forneceremos o n\u00famero de rastreamento ap\u00f3s o envio das mercadorias; geralmente, voc\u00ea receber\u00e1 as mercadorias em at\u00e9 cinco dias.<\/li>\n<li>Se tiver alguma d\u00favida, por favor, entre em contato conosco por e-mail (nosso endere\u00e7o de e-mail \u00e9 <a href=\"mailto:support@bjultrasonic.com\">support@bjultrasonic.com<\/a>)<\/li>\n<\/ul>\n<h3 align=\"left\">Garantia do Produto<\/h3>\n<p>O per\u00edodo de garantia do produto \u00e9 de um ano. Durante o per\u00edodo de garantia, os produtos adquiridos podem desfrutar de manuten\u00e7\u00e3o gratuita ou troca.<\/p>\n","protected":false},"excerpt":{"rendered":"<p><a href=\"https:\/\/www.bjultrasonic.com\/pt-pt\/category\/ultrasonic-transducer-pt-pt\/\">Transdutor piezoel\u00e9trico<\/a> para limpeza ultrass\u00f4nica \u00e9 uma parte importante de um <a href=\"https:\/\/www.bjultrasonic.com\/pt-pt\/category\/ultrasonic-cleaning-system-pt-pt\/\">limpador ultrass\u00f4nico<\/a>, o transdutor ultrass\u00f4nico converte energia el\u00e9trica do <a href=\"https:\/\/www.bjultrasonic.com\/pt-pt\/category\/ultrasonic-generator-pt-pt\/\">gerador ultrass\u00f4nico<\/a> em <a href=\"https:\/\/www.bjultrasonic.com\/pt-pt\/uses-of-ultrasonic-waves\/\">ondas ultrass\u00f4nicas<\/a>.<\/p>\n","protected":false},"featured_media":23742,"comment_status":"open","ping_status":"closed","template":"","meta":[],"product_brand":[],"product_cat":[6316],"product_tag":[],"class_list":{"0":"post-65483","1":"product","2":"type-product","3":"status-publish","4":"has-post-thumbnail","6":"product_cat-ultrasonic-transducer-pt-pt","8":"first","9":"instock","10":"shipping-taxable","11":"purchasable","12":"product-type-simple","13":"prodpage-classic"},"aioseo_notices":[],"_links":{"self":[{"href":"https:\/\/www.bjultrasonic.com\/pt-pt\/wp-json\/wp\/v2\/product\/65483","targetHints":{"allow":["GET"]}}],"collection":[{"href":"https:\/\/www.bjultrasonic.com\/pt-pt\/wp-json\/wp\/v2\/product"}],"about":[{"href":"https:\/\/www.bjultrasonic.com\/pt-pt\/wp-json\/wp\/v2\/types\/product"}],"replies":[{"embeddable":true,"href":"https:\/\/www.bjultrasonic.com\/pt-pt\/wp-json\/wp\/v2\/comments?post=65483"}],"wp:featuredmedia":[{"embeddable":true,"href":"https:\/\/www.bjultrasonic.com\/pt-pt\/wp-json\/wp\/v2\/media\/23742"}],"wp:attachment":[{"href":"https:\/\/www.bjultrasonic.com\/pt-pt\/wp-json\/wp\/v2\/media?parent=65483"}],"wp:term":[{"taxonomy":"product_brand","embeddable":true,"href":"https:\/\/www.bjultrasonic.com\/pt-pt\/wp-json\/wp\/v2\/product_brand?post=65483"},{"taxonomy":"product_cat","embeddable":true,"href":"https:\/\/www.bjultrasonic.com\/pt-pt\/wp-json\/wp\/v2\/product_cat?post=65483"},{"taxonomy":"product_tag","embeddable":true,"href":"https:\/\/www.bjultrasonic.com\/pt-pt\/wp-json\/wp\/v2\/product_tag?post=65483"}],"curies":[{"name":"wp","href":"https:\/\/api.w.org\/{rel}","templated":true}]}}