{"id":65603,"date":"2021-03-16T02:44:45","date_gmt":"2021-03-16T07:44:45","guid":{"rendered":"https:\/\/www.bjultrasonic.com\/shop\/two-tanks-industrial-ultrasonic-cleaners\/"},"modified":"2026-03-28T20:55:31","modified_gmt":"2026-03-29T01:55:31","slug":"two-tanks-industrial-ultrasonic-cleaners","status":"publish","type":"product","link":"https:\/\/www.bjultrasonic.com\/pt-pt\/shop\/two-tanks-industrial-ultrasonic-cleaners\/","title":{"rendered":"Dois Tanques de Limpeza Ultrass\u00f4nica Industrial"},"content":{"rendered":"<h3>Especifica\u00e7\u00f5es (Podemos personalizar qualquer tamanho conforme necess\u00e1rio)<\/h3>\n<table class=\"table table-striped table-bordered\">\n<tbody>\n<tr>\n<td> Tipo<\/td>\n<td>Frequ\u00eancia<\/p>\n<p>(KHz)<\/td>\n<td>Transdutor ultrass\u00f4nico<\/p>\n<p>(PCS)<\/td>\n<td>Volume<\/p>\n<p>(L)<\/td>\n<td>Pot\u00eancia Ultrass\u00f4nica<\/p>\n<p>(W)<\/td>\n<td>Tamanho do Tanque<\/p>\n<p>(L*W*H MM)<\/td>\n<td>Pot\u00eancia de Aquecimento<\/p>\n<p>(W)<\/td>\n<td>Temporizador<\/p>\n<p>(MIN)<\/td>\n<td>Secagem<\/td>\n<td>Filtro<\/td>\n<\/tr>\n<tr>\n<td>BJCDE38<\/td>\n<td>28 ou 40k ou outro<\/td>\n<td>12<\/td>\n<td>38<\/td>\n<td>600<\/td>\n<td>500*300*250<\/td>\n<td>1500<\/td>\n<td>1~99 (h)<\/td>\n<td>SIM<\/td>\n<td> SIM<\/td>\n<\/tr>\n<tr>\n<td>BJCDE53<\/td>\n<td>28 ou 40k ou outro<\/td>\n<td>18<\/td>\n<td>53<\/td>\n<td>900<\/td>\n<td>500*350*300<\/td>\n<td>1500<\/td>\n<td>1~99 (h)<\/td>\n<td>SIM<\/td>\n<td> SIM<\/td>\n<\/tr>\n<tr>\n<td>BJCDE78<\/td>\n<td>28 ou 40k ou outro<\/td>\n<td>24<\/td>\n<td>78<\/td>\n<td>1200<\/td>\n<td>550*400*350<\/td>\n<td>3000<\/td>\n<td>1~99 (h)<\/td>\n<td>SIM<\/td>\n<td> SIM<\/td>\n<\/tr>\n<tr>\n<td>BJCDE88<\/td>\n<td>28 ou 40k ou outro<\/td>\n<td>24<\/td>\n<td>88<\/td>\n<td>1200<\/td>\n<td>550*400*400<\/td>\n<td>3000<\/td>\n<td>1~99 (h)<\/td>\n<td>SIM<\/td>\n<td> SIM<\/td>\n<\/tr>\n<tr>\n<td>BJCDE99<\/td>\n<td>28 ou 40k ou outro<\/td>\n<td>30<\/td>\n<td>99<\/td>\n<td>1500<\/td>\n<td>550*450*400<\/td>\n<td>3000<\/td>\n<td>1~99 (h)<\/td>\n<td>SIM<\/td>\n<td> SIM<\/td>\n<\/tr>\n<tr>\n<td>BJCDE135<\/td>\n<td>28 ou 40k ou outro<\/td>\n<td>36<\/td>\n<td>135<\/td>\n<td>1800<\/td>\n<td>600*500*450<\/td>\n<td>4500<\/td>\n<td>1~99 (h)<\/td>\n<td>SIM<\/td>\n<td> SIM<\/td>\n<\/tr>\n<tr>\n<td>BJCDE175<\/td>\n<td>28 ou 40k ou outro<\/td>\n<td>48<\/td>\n<td>175<\/td>\n<td>2400<\/td>\n<td>700*500*550<\/td>\n<td>6000<\/td>\n<td>1~99 (h)<\/td>\n<td>SIM<\/td>\n<td> SIM<\/td>\n<\/tr>\n<tr>\n<td>BJCDE264<\/td>\n<td>28 ou 40k ou outro<\/td>\n<td>60<\/td>\n<td>264<\/td>\n<td>3000<\/td>\n<td>800*600*550<\/td>\n<td>9000<\/td>\n<td>1~99 (h)<\/td>\n<td>SIM<\/td>\n<td> SIM<\/td>\n<\/tr>\n<tr>\n<td>BJCDE360<\/td>\n<td>28 ou 40k ou outro<\/td>\n<td>72<\/td>\n<td>360<\/td>\n<td>3600<\/td>\n<td>1000*600*600<\/td>\n<td>12000<\/td>\n<td>1~99 (h)<\/td>\n<td>SIM<\/td>\n<td> SIM<\/td>\n<\/tr>\n<tr>\n<td>BJCDE540<\/td>\n<td>28 ou 40k ou outro<\/td>\n<td>108<\/td>\n<td>540<\/td>\n<td>5400<\/td>\n<td>1000*900*600<\/td>\n<td>18000<\/td>\n<td>1~99 (h)<\/td>\n<td>SIM<\/td>\n<td> SIM<\/td>\n<\/tr>\n<tr>\n<td>BJCDE960<\/td>\n<td>28 ou 40k ou outro<\/td>\n<td>144<\/td>\n<td>960<\/td>\n<td>7200<\/td>\n<td>1200*1000*800<\/td>\n<td>27000<\/td>\n<td>1~99 (h)<\/td>\n<td>SIM<\/td>\n<td> SIM<\/td>\n<\/tr>\n<\/tbody>\n<\/table>\n<p>Utiliza adesivo ep\u00f3xi de alta qualidade. N\u00e3o se solta facilmente.<br \/>\nColagem do transdutor ultrass\u00f4nico por estampagem. Jateamento de areia. Lavagem e secagem. Processo de rosca.<\/p>\n<p><img loading=\"lazy\" decoding=\"async\" class=\"alignnone size-full wp-image-23706\" src=\"https:\/\/www.bjultrasonic.com\/wp-content\/uploads\/2021\/03\/Bond-ultrasonic-transducer-by-using-stamping.jpg\" alt=\"Colagem do transdutor ultrass\u00f4nico por estampagem\" width=\"700\" height=\"398\" \/><\/p>\n","protected":false},"excerpt":{"rendered":"<h3>Limpeza Ultrass\u00f4nica + Secagem<\/h3>\n<ol>\n<li>Material do Tanque: Tanque de a\u00e7o inoxid\u00e1vel 304. Conforma\u00e7\u00e3o por estampagem de matriz aberta sem soldas.<\/li>\n<li>Espessura do Tanque: 3mm, Vida Longa<\/li>\n<li>Tempo de Trabalho: Ajust\u00e1vel de 0 a 90 minutos<\/li>\n<li>Controle de Temperatura: 0 a 80 Graus<\/li>\n<li>Pot\u00eancia: Ajust\u00e1vel<\/li>\n<li>Frequ\u00eancia: Conforme necess\u00e1rio (Cabo)<\/li>\n<li>Padr\u00e3o industrial, cabo de alimenta\u00e7\u00e3o robusto, resistente ao calor, resistente ao amolecimento<\/li>\n<li>Alta precis\u00e3o: Como a energia ultrass\u00f4nica pode atravessar pequenas fendas e orif\u00edcios, pode ser aplicada na limpeza de qualquer pe\u00e7a ou conjunto de pe\u00e7as. Para pe\u00e7as de precis\u00e3o ou conjuntos a serem limpos, a limpeza ultrass\u00f4nica geralmente se torna o \u00fanico m\u00e9todo de limpeza capaz de atender aos requisitos t\u00e9cnicos especiais;<\/li>\n<li>R\u00e1pida: A limpeza ultrass\u00f4nica \u00e9 muito mais r\u00e1pida do que os m\u00e9todos de limpeza regulares em termos de remo\u00e7\u00e3o de poeira e incrusta\u00e7\u00f5es da pe\u00e7a. N\u00e3o \u00e9 necess\u00e1rio desmontar o conjunto para realizar a limpeza. A vantagem da limpeza ultrass\u00f4nica em economizar m\u00e3o de obra tende a torn\u00e1-la a forma mais econ\u00f4mica de limpeza;<\/li>\n<li>Consist\u00eancia: Independentemente da pe\u00e7a a ser limpa ser grande ou pequena, simples ou complexa, \u00fanica ou em lote, ou em uma linha de montagem autom\u00e1tica, o uso da limpeza ultrass\u00f4nica pode proporcionar uma uniformidade de limpeza incompar\u00e1vel \u00e0 limpeza manual.<\/li>\n<li>Design: O produto tem design bonito e f\u00e1cil, a carca\u00e7a \u00e9 feita de a\u00e7o inoxid\u00e1vel de alta qualidade com relevo. A performance anti-ferrugem \u00e9 boa; O tanque de limpeza \u00e9 feito de a\u00e7o inoxid\u00e1vel SUS304 de alta qualidade por estampagem, sem solda, a performance \u00e0 prova d&#8217;\u00e1gua \u00e9 boa.<\/li>\n<li>Circuito: O circuito de alimenta\u00e7\u00e3o utiliza os novos osciladores OS, com controle preciso da frequ\u00eancia de vibra\u00e7\u00e3o e fun\u00e7\u00e3o de coleta de feedback, tornando a sa\u00edda ultrass\u00f4nica mais est\u00e1vel e confi\u00e1vel.<\/li>\n<li>Transdutor Ultrass\u00f4nico: O transdutor ultrass\u00f4nico adota uma estrutura de alum\u00ednio integral com maior vida \u00fatil, reduzindo o aquecimento e proporcionando uma sa\u00edda est\u00e1vel.<\/li>\n<\/ol>\n","protected":false},"featured_media":23711,"comment_status":"closed","ping_status":"closed","template":"","meta":[],"product_brand":[],"product_cat":[5963],"product_tag":[],"class_list":{"0":"post-65603","1":"product","2":"type-product","3":"status-publish","4":"has-post-thumbnail","6":"product_cat-big-ultrasonic-cleaning-machine-pt-pt","8":"first","9":"instock","10":"shipping-taxable","11":"product-type-external","12":"prodpage-classic"},"aioseo_notices":[],"_links":{"self":[{"href":"https:\/\/www.bjultrasonic.com\/pt-pt\/wp-json\/wp\/v2\/product\/65603","targetHints":{"allow":["GET"]}}],"collection":[{"href":"https:\/\/www.bjultrasonic.com\/pt-pt\/wp-json\/wp\/v2\/product"}],"about":[{"href":"https:\/\/www.bjultrasonic.com\/pt-pt\/wp-json\/wp\/v2\/types\/product"}],"replies":[{"embeddable":true,"href":"https:\/\/www.bjultrasonic.com\/pt-pt\/wp-json\/wp\/v2\/comments?post=65603"}],"wp:featuredmedia":[{"embeddable":true,"href":"https:\/\/www.bjultrasonic.com\/pt-pt\/wp-json\/wp\/v2\/media\/23711"}],"wp:attachment":[{"href":"https:\/\/www.bjultrasonic.com\/pt-pt\/wp-json\/wp\/v2\/media?parent=65603"}],"wp:term":[{"taxonomy":"product_brand","embeddable":true,"href":"https:\/\/www.bjultrasonic.com\/pt-pt\/wp-json\/wp\/v2\/product_brand?post=65603"},{"taxonomy":"product_cat","embeddable":true,"href":"https:\/\/www.bjultrasonic.com\/pt-pt\/wp-json\/wp\/v2\/product_cat?post=65603"},{"taxonomy":"product_tag","embeddable":true,"href":"https:\/\/www.bjultrasonic.com\/pt-pt\/wp-json\/wp\/v2\/product_tag?post=65603"}],"curies":[{"name":"wp","href":"https:\/\/api.w.org\/{rel}","templated":true}]}}