{"id":65623,"date":"2021-03-16T02:36:21","date_gmt":"2021-03-16T07:36:21","guid":{"rendered":"https:\/\/www.bjultrasonic.com\/shop\/single-tank-industrial-ultrasonic-cleaners\/"},"modified":"2026-03-28T20:55:03","modified_gmt":"2026-03-29T01:55:03","slug":"single-tank-industrial-ultrasonic-cleaners","status":"publish","type":"product","link":"https:\/\/www.bjultrasonic.com\/pt-pt\/shop\/single-tank-industrial-ultrasonic-cleaners\/","title":{"rendered":"Ultrass\u00f4nicos Industriais de Tanque \u00danico"},"content":{"rendered":"<h3>Especifica\u00e7\u00f5es (Podemos personalizar qualquer tamanho conforme necess\u00e1rio)<\/h3>\n<table class=\"table table-striped table-bordered\">\n<tbody>\n<tr>\n<td> Tipo<\/td>\n<td>Frequ\u00eancia<\/p>\n<p>(KHz)<\/td>\n<td>Transdutor ultrass\u00f4nico<\/p>\n<p>(PCS)<\/td>\n<td>Volume<\/p>\n<p>(L)<\/td>\n<td>Pot\u00eancia Ultrass\u00f4nica<\/p>\n<p>(W)<\/td>\n<td>Tamanho do Tanque<\/p>\n<p>(L*A*H MM)<\/td>\n<td>Tamanho da M\u00e1quina<\/p>\n<p>(L*A*H MM)<\/td>\n<td>Pot\u00eancia de Aquecimento<\/p>\n<p>(W)<\/td>\n<td>Temporizador<\/p>\n<p>(MIN)<\/td>\n<td>Temperatura<\/p>\n<p>(\u2103)<\/td>\n<\/tr>\n<tr>\n<td>BJCE2400<\/td>\n<td>28K 40K Ou outro<\/td>\n<td>48<\/td>\n<td>175<\/td>\n<td>2400<\/td>\n<td>700*500*500<\/td>\n<td>880*680*750<\/td>\n<td>4500<\/td>\n<td>0~99\uff08h\uff09<\/td>\n<td>20~95<\/td>\n<\/tr>\n<tr>\n<td>BJCE3000<\/td>\n<td><\/td>\n<td>60<\/td>\n<td>264<\/td>\n<td>3000<\/td>\n<td>800*600*550<\/td>\n<td>980*780*800<\/td>\n<td>6000<\/td>\n<td>0~99\uff08h\uff09<\/td>\n<td>20~95<\/td>\n<\/tr>\n<tr>\n<td>BJCE3600<\/td>\n<td><\/td>\n<td>72<\/td>\n<td>330<\/td>\n<td>3600<\/td>\n<td>1000*600*550<\/td>\n<td>1180*780*800<\/td>\n<td>6000<\/td>\n<td>0~99\uff08h\uff09<\/td>\n<td>20~95<\/td>\n<\/tr>\n<tr>\n<td>BJCE4200<\/td>\n<td><\/td>\n<td>84<\/td>\n<td>385<\/td>\n<td>0-4200<\/td>\n<td>1000*700*550<\/td>\n<td>1180*880*800<\/td>\n<td>9000<\/td>\n<td>0~99\uff08h\uff09<\/td>\n<td>20~95<\/td>\n<\/tr>\n<tr>\n<td>BJCE4800<\/td>\n<td><\/td>\n<td>96<\/td>\n<td>450<\/td>\n<td>0-4800<\/td>\n<td>1000*750*600<\/td>\n<td>1180*930*850<\/td>\n<td>9000<\/td>\n<td>0~99\uff08h\uff09<\/td>\n<td>20~95<\/td>\n<\/tr>\n<tr>\n<td>BJCE5400<\/td>\n<td><\/td>\n<td>108<\/td>\n<td>540<\/td>\n<td>0-5400<\/td>\n<td>1000*900*600<\/td>\n<td>1180*1080*850<\/td>\n<td>10500<\/td>\n<td>0~99\uff08h\uff09<\/td>\n<td>20~95<\/td>\n<\/tr>\n<tr>\n<td>BJCE6000<\/td>\n<td><\/td>\n<td>120<\/td>\n<td>570<\/td>\n<td>0-6000<\/td>\n<td>1000*950*600<\/td>\n<td>1180*1130*850<\/td>\n<td>10500<\/td>\n<td>0~99\uff08h\uff09<\/td>\n<td>20~95<\/td>\n<\/tr>\n<tr>\n<td>BJCE6600<\/td>\n<td><\/td>\n<td>132<\/td>\n<td>650<\/td>\n<td>0-6600<\/td>\n<td>1000*1000*650<\/td>\n<td>1180*1180*900<\/td>\n<td>12000<\/td>\n<td>0~99\uff08h\uff09<\/td>\n<td>20~95<\/td>\n<\/tr>\n<tr>\n<td>BJCE7200<\/td>\n<td><\/td>\n<td>144<\/td>\n<td>715<\/td>\n<td>0-7200<\/td>\n<td>1100*1000*650<\/td>\n<td>1280*1180*900<\/td>\n<td>12000<\/td>\n<td>0~99\uff08h\uff09<\/td>\n<td>20~95<\/td>\n<\/tr>\n<tr>\n<td colspan=\"2\">BJCE10800<\/td>\n<td>216<\/td>\n<td>975<\/td>\n<td>0-10800<\/td>\n<td>1500*1000*650<\/td>\n<td>1680*1180*900<\/td>\n<td>12000<\/td>\n<td>0~99\uff08h\uff09<\/td>\n<td>20~95<\/td>\n<\/tr>\n<\/tbody>\n<\/table>\n<p>Utiliza adesivo ep\u00f3xi de alta qualidade. N\u00e3o descola facilmente.<br \/>\nColagem do transdutor ultrass\u00f4nico por estampagem. Jateamento de areia. Lavagem e secagem. Processo de rosca<\/p>\n<p><img loading=\"lazy\" decoding=\"async\" class=\"alignnone size-full wp-image-23706\" src=\"https:\/\/www.bjultrasonic.com\/wp-content\/uploads\/2021\/03\/Bond-ultrasonic-transducer-by-using-stamping.jpg\" alt=\"Colagem do transdutor ultrass\u00f4nico por estampagem\" width=\"700\" height=\"398\" \/><\/p>\n","protected":false},"excerpt":{"rendered":"<p>Podemos personalizar tanques de limpeza de diferentes tamanhos conforme necess\u00e1rio.<\/p>\n<ol>\n<li>Material do Tanque: Tanque em a\u00e7o inoxid\u00e1vel 304. Conformado por estampagem em matriz aberta sem soldas.<\/li>\n<li>Espessura do Tanque: 3mm, vida longa<\/li>\n<li>Tempo de Trabalho: Ajust\u00e1vel de 0 a 90 minutos<\/li>\n<li>Controle de Temperatura: 0 a 80 Graus<\/li>\n<li>Pot\u00eancia: Ajust\u00e1vel<\/li>\n<li>Frequ\u00eancia: Conforme necess\u00e1rio. Cabo<\/li>\n<li>Padr\u00e3o industrial, cabo de alimenta\u00e7\u00e3o robusto, resistente ao calor, resistente ao amolecimento<\/li>\n<li>Alta precis\u00e3o: Como a energia ultrass\u00f4nica pode passar por pequenas fissuras e orif\u00edcios, pode ser aplicada na limpeza de qualquer pe\u00e7a ou conjunto de pe\u00e7as. Para pe\u00e7as ou conjuntos de pe\u00e7as de precis\u00e3o que necessitam de limpeza, a limpeza ultrass\u00f4nica frequentemente se torna o \u00fanico m\u00e9todo de limpeza capaz de atender aos requisitos t\u00e9cnicos especiais;<\/li>\n<li>Rapidez: A limpeza ultrass\u00f4nica \u00e9 muito mais r\u00e1pida do que os m\u00e9todos de limpeza regulares em termos de remo\u00e7\u00e3o de poeira e incrusta\u00e7\u00f5es da pe\u00e7a. N\u00e3o \u00e9 necess\u00e1rio desmontar o conjunto para realizar a limpeza. A vantagem da limpeza ultrass\u00f4nica de economizar m\u00e3o de obra tende a torn\u00e1-la a forma mais econ\u00f4mica de limpeza;<\/li>\n<li>Consist\u00eancia: Independentemente de a pe\u00e7a a ser limpa ser grande ou pequena, simples ou complexa, \u00fanica ou em lote, ou em uma linha de montagem autom\u00e1tica, o uso da limpeza ultrass\u00f4nica pode proporcionar uma uniformidade de limpeza incompar\u00e1vel \u00e0 limpeza manual.<\/li>\n<li>Design: O produto possui design bonito e f\u00e1cil, a carca\u00e7a \u00e9 feita de a\u00e7o inoxid\u00e1vel de alta qualidade com relevo. A performance anti-ferrugem \u00e9 boa; O tanque de limpeza \u00e9 feito de a\u00e7o inoxid\u00e1vel SUS304 de alta qualidade por estampagem, sem solda, a performance \u00e0 prova d&#8217;\u00e1gua \u00e9 boa.<\/li>\n<li>Circuito: O circuito de alimenta\u00e7\u00e3o utiliza novos osciladores OS, controle preciso da frequ\u00eancia de vibra\u00e7\u00e3o e possui fun\u00e7\u00e3o de coleta de feedback, tornando a sa\u00edda ultrass\u00f4nica mais est\u00e1vel e confi\u00e1vel.<\/li>\n<li>Transdutor Ultrass\u00f4nico: O transdutor ultrass\u00f4nico adota uma estrutura inteira em alum\u00ednio de maior vida \u00fatil, reduzindo o aquecimento e garantindo uma sa\u00edda est\u00e1vel.<\/li>\n<\/ol>\n","protected":false},"featured_media":23715,"comment_status":"closed","ping_status":"closed","template":"","meta":[],"product_brand":[],"product_cat":[5963],"product_tag":[],"class_list":{"0":"post-65623","1":"product","2":"type-product","3":"status-publish","4":"has-post-thumbnail","6":"product_cat-big-ultrasonic-cleaning-machine-pt-pt","8":"first","9":"instock","10":"shipping-taxable","11":"product-type-external","12":"prodpage-classic"},"aioseo_notices":[],"_links":{"self":[{"href":"https:\/\/www.bjultrasonic.com\/pt-pt\/wp-json\/wp\/v2\/product\/65623","targetHints":{"allow":["GET"]}}],"collection":[{"href":"https:\/\/www.bjultrasonic.com\/pt-pt\/wp-json\/wp\/v2\/product"}],"about":[{"href":"https:\/\/www.bjultrasonic.com\/pt-pt\/wp-json\/wp\/v2\/types\/product"}],"replies":[{"embeddable":true,"href":"https:\/\/www.bjultrasonic.com\/pt-pt\/wp-json\/wp\/v2\/comments?post=65623"}],"wp:featuredmedia":[{"embeddable":true,"href":"https:\/\/www.bjultrasonic.com\/pt-pt\/wp-json\/wp\/v2\/media\/23715"}],"wp:attachment":[{"href":"https:\/\/www.bjultrasonic.com\/pt-pt\/wp-json\/wp\/v2\/media?parent=65623"}],"wp:term":[{"taxonomy":"product_brand","embeddable":true,"href":"https:\/\/www.bjultrasonic.com\/pt-pt\/wp-json\/wp\/v2\/product_brand?post=65623"},{"taxonomy":"product_cat","embeddable":true,"href":"https:\/\/www.bjultrasonic.com\/pt-pt\/wp-json\/wp\/v2\/product_cat?post=65623"},{"taxonomy":"product_tag","embeddable":true,"href":"https:\/\/www.bjultrasonic.com\/pt-pt\/wp-json\/wp\/v2\/product_tag?post=65623"}],"curies":[{"name":"wp","href":"https:\/\/api.w.org\/{rel}","templated":true}]}}