{"id":65863,"date":"2018-12-17T06:10:58","date_gmt":"2018-12-17T11:10:58","guid":{"rendered":"https:\/\/www.bjultrasonic.com\/shop\/6l-mechanical-ultrasonic-cleaner-with-time-control\/"},"modified":"2026-03-28T20:53:17","modified_gmt":"2026-03-29T01:53:17","slug":"6l-mechanical-ultrasonic-cleaner-with-time-control","status":"publish","type":"product","link":"https:\/\/www.bjultrasonic.com\/pt-pt\/shop\/6l-mechanical-ultrasonic-cleaner-with-time-control\/","title":{"rendered":"6L Limpador Ultrass\u00f4nico Mec\u00e2nico Com Controle de Tempo"},"content":{"rendered":"<table class=\"table table-striped table-bordered\">\n<tbody>\n<tr>\n<td width=\"284\">\n<p>Tipo<\/p>\n<\/td>\n<td width=\"284\">\n<p>BJUCMT6<\/p>\n<\/td>\n<\/tr>\n<tr>\n<td width=\"284\">\n<p>Capacidade do Tanque<\/p>\n<\/td>\n<td width=\"284\">\n<p>6L<\/p>\n<\/td>\n<\/tr>\n<tr>\n<td width=\"284\">\n<p>Pot\u00eancia Ultrass\u00f4nica<\/p>\n<\/td>\n<td width=\"284\">\n<p>180W<\/p>\n<\/td>\n<\/tr>\n<tr>\n<td width=\"284\">\n<p>Frequ\u00eancia<\/p>\n<\/td>\n<td width=\"284\">\n<p>40KHZ<\/p>\n<\/td>\n<\/tr>\n<tr>\n<td width=\"284\">\n<p>Temporizador<\/p>\n<\/td>\n<td width=\"284\">\n<p>0-30 min<\/p>\n<\/td>\n<\/tr>\n<tr>\n<td width=\"284\">\n<p>Tamanho do Tanque<\/p>\n<\/td>\n<td width=\"284\">\n<p>300*150*150 mm C*L*A<\/p>\n<\/td>\n<\/tr>\n<tr>\n<td width=\"284\">\n<p>Tamanho da M\u00e1quina<\/p>\n<\/td>\n<td width=\"284\">\n<p>330*180*270 mm C*L*A<\/p>\n<\/td>\n<\/tr>\n<tr>\n<td width=\"284\">\n<p>Dreno<\/p>\n<\/td>\n<td width=\"284\">\n<p>Sim<\/p>\n<\/td>\n<\/tr>\n<tr>\n<td width=\"284\">\n<p>Tampa<\/p>\n<\/td>\n<td width=\"284\">\n<p>Sim<\/p>\n<\/td>\n<\/tr>\n<tr>\n<td width=\"284\">\n<p>Peso da Unidade<\/p>\n<\/td>\n<td width=\"284\">\n<p>6kg<\/p>\n<\/td>\n<\/tr>\n<\/tbody>\n<\/table>\n<h3>Fun\u00e7\u00f5es<\/h3>\n<ul>\n<li>Temporizador: Ajust\u00e1vel de 1 a 30 min.<\/li>\n<li>Material: Tanque e m\u00e1quina em a\u00e7o inoxid\u00e1vel.<\/li>\n<li>Vantagens do produto: Tanque de limpeza por estampagem, solda impec\u00e1vel.<\/li>\n<li>Qualidade dos componentes: Utiliza <a href=\"https:\/\/www.bjultrasonic.com\/pt-pt\/category\/ultrasonic-transducer-pt-pt\/\">transdutor ultrass\u00f4nico<\/a> de alta qualidade. Pot\u00eancia forte.<\/li>\n<li>Alta qualidade no processo de ades\u00e3o. O transdutor ultrass\u00f4nico \u00e9 fixado com cola ep\u00f3xi.<\/li>\n<li>Sistema de drenagem: Modelos de 6L e acima s\u00e3o equipados com v\u00e1lvula de esfera de drenagem.<\/li>\n<li>Sistema de refrigera\u00e7\u00e3o: Modelos de 10L ou mais s\u00e3o equipados com ventilador de arrefecimento de alta efici\u00eancia.<\/li>\n<\/ul>\n<p><img loading=\"lazy\" decoding=\"async\" src=\"https:\/\/www.bjultrasonic.com\/wp-content\/uploads\/2018\/12\/Mechanical-Ultrasonic-Cleaner-With-Time-Control-Package-2.jpg\" alt=\"Limpeza Ultrass\u00f4nica Mec\u00e2nica com Pacote de Controle de Tempo\" width=\"742\" height=\"318\" \/><\/p>\n","protected":false},"excerpt":{"rendered":"<p><a href=\"https:\/\/www.bjultrasonic.com\/pt-pt\/category\/ultrasonic-cleaning-system-pt-pt\/mechanical-ultrasonic-cleaner-pt-pt\/\">Limpeza por ultrassom mec\u00e2nica<\/a> fabricada pela Beijing Ultrasonic. Utilizando transdutor ultrass\u00f4nico de alta qualidade. Pot\u00eancia forte.<\/p>\n","protected":false},"featured_media":20047,"comment_status":"open","ping_status":"closed","template":"","meta":[],"product_brand":[],"product_cat":[5986],"product_tag":[],"class_list":{"0":"post-65863","1":"product","2":"type-product","3":"status-publish","4":"has-post-thumbnail","6":"product_cat-mechanical-ultrasonic-cleaner-pt-pt","8":"first","9":"instock","10":"shipping-taxable","11":"purchasable","12":"product-type-simple","13":"prodpage-classic"},"aioseo_notices":[],"_links":{"self":[{"href":"https:\/\/www.bjultrasonic.com\/pt-pt\/wp-json\/wp\/v2\/product\/65863","targetHints":{"allow":["GET"]}}],"collection":[{"href":"https:\/\/www.bjultrasonic.com\/pt-pt\/wp-json\/wp\/v2\/product"}],"about":[{"href":"https:\/\/www.bjultrasonic.com\/pt-pt\/wp-json\/wp\/v2\/types\/product"}],"replies":[{"embeddable":true,"href":"https:\/\/www.bjultrasonic.com\/pt-pt\/wp-json\/wp\/v2\/comments?post=65863"}],"wp:featuredmedia":[{"embeddable":true,"href":"https:\/\/www.bjultrasonic.com\/pt-pt\/wp-json\/wp\/v2\/media\/20047"}],"wp:attachment":[{"href":"https:\/\/www.bjultrasonic.com\/pt-pt\/wp-json\/wp\/v2\/media?parent=65863"}],"wp:term":[{"taxonomy":"product_brand","embeddable":true,"href":"https:\/\/www.bjultrasonic.com\/pt-pt\/wp-json\/wp\/v2\/product_brand?post=65863"},{"taxonomy":"product_cat","embeddable":true,"href":"https:\/\/www.bjultrasonic.com\/pt-pt\/wp-json\/wp\/v2\/product_cat?post=65863"},{"taxonomy":"product_tag","embeddable":true,"href":"https:\/\/www.bjultrasonic.com\/pt-pt\/wp-json\/wp\/v2\/product_tag?post=65863"}],"curies":[{"name":"wp","href":"https:\/\/api.w.org\/{rel}","templated":true}]}}