{"id":66043,"date":"2018-12-17T04:12:01","date_gmt":"2018-12-17T09:12:01","guid":{"rendered":"https:\/\/www.bjultrasonic.com\/shop\/30l-40khz-ultrasonic-cleaner\/"},"modified":"2026-03-28T20:51:30","modified_gmt":"2026-03-29T01:51:30","slug":"30l-40khz-ultrasonic-cleaner","status":"publish","type":"product","link":"https:\/\/www.bjultrasonic.com\/pt-pt\/shop\/30l-40khz-ultrasonic-cleaner\/","title":{"rendered":"Limpeza Ultrass\u00f4nica Digital de 30L 40kHz com Controle de Tempo e Temperatura"},"content":{"rendered":"<table class=\"table table-striped table-bordered\">\n<tbody>\n<tr>\n<td width=\"284\">\n<p>Tipo<\/p>\n<\/td>\n<td width=\"284\">\n<p>BJUCDTH30<\/p>\n<\/td>\n<\/tr>\n<tr>\n<td width=\"284\">\n<p>Capacidade do Tanque<\/p>\n<\/td>\n<td width=\"284\">\n<p>30L<\/p>\n<\/td>\n<\/tr>\n<tr>\n<td width=\"284\">\n<p>Pot\u00eancia Ultrass\u00f4nica<\/p>\n<\/td>\n<td width=\"284\">\n<p>600W<\/p>\n<\/td>\n<\/tr>\n<tr>\n<td width=\"284\">\n<p>Pot\u00eancia de Aquecimento<\/p>\n<\/td>\n<td width=\"284\">\n<p>800W<\/p>\n<\/td>\n<\/tr>\n<tr>\n<td width=\"284\">\n<p>Frequ\u00eancia<\/p>\n<\/td>\n<td width=\"284\">\n<p>40KHZ<\/p>\n<\/td>\n<\/tr>\n<tr>\n<td width=\"284\">\n<p>Temporizador<\/p>\n<\/td>\n<td width=\"284\">\n<p>0-30 mins<\/p>\n<\/td>\n<\/tr>\n<tr>\n<td width=\"284\">\n<p>Temperatura<\/p>\n<\/td>\n<td width=\"284\">\n<p>&lt; 80 Graus C<\/p>\n<\/td>\n<\/tr>\n<tr>\n<td width=\"284\">\n<p>Tamanho do Tanque<\/p>\n<\/td>\n<td width=\"284\">\n<p>500*300*200 mm C*L*A<\/p>\n<\/td>\n<\/tr>\n<tr>\n<td width=\"284\">\n<p>Tamanho da M\u00e1quina<\/p>\n<\/td>\n<td width=\"284\">\n<p>550*330*320 mm C*L*A<\/p>\n<\/td>\n<\/tr>\n<tr>\n<td width=\"284\">\n<p>Dreno<\/p>\n<\/td>\n<td width=\"284\">\n<p>Sim<\/p>\n<\/td>\n<\/tr>\n<tr>\n<td width=\"284\">\n<p>Tampa<\/p>\n<\/td>\n<td width=\"284\">\n<p>Sim<\/p>\n<\/td>\n<\/tr>\n<tr>\n<td width=\"284\">\n<p>Peso Unit\u00e1rio<\/p>\n<\/td>\n<td width=\"284\">\n<p>18kg<\/p>\n<\/td>\n<\/tr>\n<\/tbody>\n<\/table>\n<h3>Funcionalidades<\/h3>\n<ul>\n<li>Temporizador: Ajust\u00e1vel de 1-30 minutos.<\/li>\n<li>Temperatura: Ajust\u00e1vel de 20-80\u2103;<\/li>\n<li>Painel de Exibi\u00e7\u00e3o: Exibe o tempo de trabalho e a temperatura.<\/li>\n<li>Material: Tanque e m\u00e1quina s\u00e3o de a\u00e7o inoxid\u00e1vel.<\/li>\n<li>Vantagens do produto: Tanque de limpeza por estampagem, solda perfeita.<\/li>\n<li>Qualidade dos componentes: Utiliza <a href=\"https:\/\/www.bjultrasonic.com\/pt-pt\/category\/ultrasonic-transducer-pt-pt\/\">transdutor ultrass\u00f4nico<\/a> de alta qualidade. Pot\u00eancia forte.<\/li>\n<li>Alta qualidade do processo de colagem. O transdutor ultrass\u00f4nico \u00e9 fixado usando cola ep\u00f3xi.<\/li>\n<li>Sistema de drenagem: Modelos de 6L e acima s\u00e3o equipados com v\u00e1lvula de esfera de drenagem.<\/li>\n<li>Sistema de refrigera\u00e7\u00e3o: Modelos de 10L ou mais s\u00e3o equipados com ventilador de refrigera\u00e7\u00e3o de alta efici\u00eancia.<\/li>\n<\/ul>\n<p> <img loading=\"lazy\" decoding=\"async\" src=\"https:\/\/www.bjultrasonic.com\/wp-content\/uploads\/2018\/12\/40kHz-Digital-Ultrasonic-Cleaner-Package-1.jpg\" alt=\"Pacote do Limpador Ultrass\u00f4nico Digital 40kHz\" width=\"742\" height=\"309\" \/><\/p>\n","protected":false},"excerpt":{"rendered":"<p><a href=\"https:\/\/www.bjultrasonic.com\/pt-pt\/category\/ultrasonic-cleaning-system-pt-pt\/digital-ultrasonic-cleaner-pt-pt\/\">Limpeza ultrass\u00f3nica digital de 40 kHz<\/a> com controlo de tempo e temperatura.<\/p>\n","protected":false},"featured_media":19994,"comment_status":"open","ping_status":"closed","template":"","meta":[],"product_brand":[],"product_cat":[5833],"product_tag":[],"class_list":{"0":"post-66043","1":"product","2":"type-product","3":"status-publish","4":"has-post-thumbnail","6":"product_cat-digital-ultrasonic-cleaner-pt-pt","8":"first","9":"instock","10":"shipping-taxable","11":"purchasable","12":"product-type-simple","13":"prodpage-classic"},"aioseo_notices":[],"_links":{"self":[{"href":"https:\/\/www.bjultrasonic.com\/pt-pt\/wp-json\/wp\/v2\/product\/66043","targetHints":{"allow":["GET"]}}],"collection":[{"href":"https:\/\/www.bjultrasonic.com\/pt-pt\/wp-json\/wp\/v2\/product"}],"about":[{"href":"https:\/\/www.bjultrasonic.com\/pt-pt\/wp-json\/wp\/v2\/types\/product"}],"replies":[{"embeddable":true,"href":"https:\/\/www.bjultrasonic.com\/pt-pt\/wp-json\/wp\/v2\/comments?post=66043"}],"wp:featuredmedia":[{"embeddable":true,"href":"https:\/\/www.bjultrasonic.com\/pt-pt\/wp-json\/wp\/v2\/media\/19994"}],"wp:attachment":[{"href":"https:\/\/www.bjultrasonic.com\/pt-pt\/wp-json\/wp\/v2\/media?parent=66043"}],"wp:term":[{"taxonomy":"product_brand","embeddable":true,"href":"https:\/\/www.bjultrasonic.com\/pt-pt\/wp-json\/wp\/v2\/product_brand?post=66043"},{"taxonomy":"product_cat","embeddable":true,"href":"https:\/\/www.bjultrasonic.com\/pt-pt\/wp-json\/wp\/v2\/product_cat?post=66043"},{"taxonomy":"product_tag","embeddable":true,"href":"https:\/\/www.bjultrasonic.com\/pt-pt\/wp-json\/wp\/v2\/product_tag?post=66043"}],"curies":[{"name":"wp","href":"https:\/\/api.w.org\/{rel}","templated":true}]}}