{"id":66223,"date":"2018-12-17T04:11:37","date_gmt":"2018-12-17T09:11:37","guid":{"rendered":"https:\/\/www.bjultrasonic.com\/shop\/1-3l-40khz-ultrasonic-cleaner\/"},"modified":"2026-03-28T20:49:41","modified_gmt":"2026-03-29T01:49:41","slug":"1-3l-40khz-ultrasonic-cleaner","status":"publish","type":"product","link":"https:\/\/www.bjultrasonic.com\/pt-pt\/shop\/1-3l-40khz-ultrasonic-cleaner\/","title":{"rendered":"Limpador ultrass\u00f3nico digital de 1,3L 40kHz com controle de tempo e temperatura"},"content":{"rendered":"<table class=\"table table-striped table-bordered\">\n<tbody>\n<tr>\n<td width=\"293\">Tipo<\/td>\n<td width=\"356\">BJUCDTH1.3<\/td>\n<\/tr>\n<tr>\n<td width=\"293\">Capacidade do tanque<\/td>\n<td width=\"356\">1.3L<\/td>\n<\/tr>\n<tr>\n<td width=\"293\">Pot\u00eancia ultrass\u00f4nica<\/td>\n<td width=\"356\">60W<\/td>\n<\/tr>\n<tr>\n<td width=\"293\">Frequ\u00eancia<\/td>\n<td width=\"356\">40KHz<\/td>\n<\/tr>\n<tr>\n<td width=\"293\">Pot\u00eancia de aquecimento<\/td>\n<td width=\"356\">50w<\/td>\n<\/tr>\n<tr>\n<td width=\"293\">Dimens\u00f5es do tanque (mm)<\/td>\n<td width=\"356\">150*140*65 (C*L*A)<\/td>\n<\/tr>\n<tr>\n<td width=\"293\">Dimens\u00f5es da m\u00e1quina (mm)<\/td>\n<td width=\"356\">180*170*140 (C*L*A)<\/td>\n<\/tr>\n<tr>\n<td width=\"293\">Tens\u00e3o<\/td>\n<td width=\"356\">110VAC\u2014240VAC<\/td>\n<\/tr>\n<tr>\n<td width=\"293\">Temporizador<\/td>\n<td width=\"356\">0-30min<\/td>\n<\/tr>\n<tr>\n<td width=\"293\">Temperatura<\/td>\n<td width=\"356\">&lt; 80 graus C<\/td>\n<\/tr>\n<tr>\n<td width=\"293\">Tampa<\/td>\n<td width=\"356\">Sim<\/td>\n<\/tr>\n<tr>\n<td width=\"293\">Dreno<\/td>\n<td width=\"356\">N\u00c3O<\/td>\n<\/tr>\n<tr>\n<td width=\"293\">Peso unit\u00e1rio<\/td>\n<td width=\"356\">2.5kg<\/td>\n<\/tr>\n<\/tbody>\n<\/table>\n<h3>Funcionalidade<\/h3>\n<ul>\n<li>Temporizador: Ajust\u00e1vel de 1 a 30 minutos.<\/li>\n<li>Temperatura: Ajust\u00e1vel de 20 a 80\u2103;<\/li>\n<li>Painel de exibi\u00e7\u00e3o: Exibe o tempo de trabalho e a temperatura.<\/li>\n<li>Material: Tanque e m\u00e1quina s\u00e3o em a\u00e7o inoxid\u00e1vel.<\/li>\n<li>Vantagens do produto: Tanque de limpeza por estampagem, solda sem defeitos.<\/li>\n<li>Qualidade dos componentes: Utiliza <a href=\"https:\/\/www.bjultrasonic.com\/pt-pt\/category\/ultrasonic-transducer-pt-pt\/\">transdutor ultrass\u00f4nico<\/a> de alta qualidade. Pot\u00eancia forte.<\/li>\n<li>Alta qualidade do processo de colagem. O transdutor ultrass\u00f4nico \u00e9 colado usando cola ep\u00f3xi.<\/li>\n<li>Sistema de drenagem: Modelos de 6L e acima s\u00e3o equipados com v\u00e1lvula de esfera de drenagem.<\/li>\n<li>Sistema de refrigera\u00e7\u00e3o: Modelos de 10L ou mais s\u00e3o equipados com ventilador de refrigera\u00e7\u00e3o de alta efici\u00eancia.<\/li>\n<\/ul>\n<p><img loading=\"lazy\" decoding=\"async\" src=\"https:\/\/www.bjultrasonic.com\/wp-content\/uploads\/2018\/12\/40kHz-Digital-Ultrasonic-Cleaner-Package-2.jpg\" alt=\"Pacote do Limpador Ultrass\u00f4nico Digital 40kHz\" width=\"742\" height=\"315\" \/><\/p>\n","protected":false},"excerpt":{"rendered":"<p><a href=\"https:\/\/www.bjultrasonic.com\/pt-pt\/category\/ultrasonic-cleaning-system-pt-pt\/digital-ultrasonic-cleaner-pt-pt\/\">Limpeza ultrass\u00f4nica digital de 40 kHz<\/a> com controle de tempo e temperatura.<\/p>\n","protected":false},"featured_media":19946,"comment_status":"open","ping_status":"closed","template":"","meta":[],"product_brand":[],"product_cat":[5833],"product_tag":[],"class_list":{"0":"post-66223","1":"product","2":"type-product","3":"status-publish","4":"has-post-thumbnail","6":"product_cat-digital-ultrasonic-cleaner-pt-pt","8":"first","9":"instock","10":"shipping-taxable","11":"purchasable","12":"product-type-simple","13":"prodpage-classic"},"aioseo_notices":[],"_links":{"self":[{"href":"https:\/\/www.bjultrasonic.com\/pt-pt\/wp-json\/wp\/v2\/product\/66223","targetHints":{"allow":["GET"]}}],"collection":[{"href":"https:\/\/www.bjultrasonic.com\/pt-pt\/wp-json\/wp\/v2\/product"}],"about":[{"href":"https:\/\/www.bjultrasonic.com\/pt-pt\/wp-json\/wp\/v2\/types\/product"}],"replies":[{"embeddable":true,"href":"https:\/\/www.bjultrasonic.com\/pt-pt\/wp-json\/wp\/v2\/comments?post=66223"}],"wp:featuredmedia":[{"embeddable":true,"href":"https:\/\/www.bjultrasonic.com\/pt-pt\/wp-json\/wp\/v2\/media\/19946"}],"wp:attachment":[{"href":"https:\/\/www.bjultrasonic.com\/pt-pt\/wp-json\/wp\/v2\/media?parent=66223"}],"wp:term":[{"taxonomy":"product_brand","embeddable":true,"href":"https:\/\/www.bjultrasonic.com\/pt-pt\/wp-json\/wp\/v2\/product_brand?post=66223"},{"taxonomy":"product_cat","embeddable":true,"href":"https:\/\/www.bjultrasonic.com\/pt-pt\/wp-json\/wp\/v2\/product_cat?post=66223"},{"taxonomy":"product_tag","embeddable":true,"href":"https:\/\/www.bjultrasonic.com\/pt-pt\/wp-json\/wp\/v2\/product_tag?post=66223"}],"curies":[{"name":"wp","href":"https:\/\/api.w.org\/{rel}","templated":true}]}}